{"id":43813,"date":"2022-07-12T21:44:44","date_gmt":"2022-07-12T19:44:44","guid":{"rendered":"https:\/\/www.specialscentshop.com\/drinkfood-raumduefte\/"},"modified":"2026-04-09T09:16:31","modified_gmt":"2026-04-09T07:16:31","slug":"drinkfood-raumduefte","status":"publish","type":"page","link":"https:\/\/www.specialscentshop.com\/de\/drinkfood-raumduefte\/","title":{"rendered":"Drink&amp;Food Raumd\u00fcfte"},"content":{"rendered":"<div class=\"wpb-content-wrapper\"><p>[vc_row][vc_column][vc_basic_grid post_type=&#8221;product&#8221; max_items=&#8221;&#8221; element_width=&#8221;3&#8243; gap=&#8221;20&#8243; item=&#8221;39137&#8243; initial_loading_animation=&#8221;none&#8221; grid_id=&#8221;vc_gid:1775718944710-a0ffe9396eda0dd490ccfafdbece1af0-6&#8243; taxonomies=&#8221;88&#8243;][vc_empty_space][\/vc_column][\/vc_row][vc_row full_width=&#8221;stretch_row_content&#8221; equal_height=&#8221;yes&#8221; content_placement=&#8221;middle&#8221; css=&#8221;.vc_custom_1662718101664{margin-top: -120px !important;}&#8221;][vc_column css=&#8221;.vc_custom_1659388168579{padding-right: 10% !important;padding-left: 10% !important;background-position: center !important;background-repeat: no-repeat !important;background-size: cover !important;}&#8221;][vc_custom_heading text=&#8221;Professionelle Raumparfums&#8221; font_container=&#8221;tag:h2|font_size:50px|text_align:center|color:%23efefef|line_height:120px&#8221; google_fonts=&#8221;font_family:Oswald%3A300%2Cregular%2C700|font_style:700%20bold%20regular%3A700%3Anormal&#8221;][vc_custom_heading text=&#8221;Aromen f\u00fcr sensorisches Marketing&#8221; font_container=&#8221;tag:h4|font_size:44px|text_align:center|color:%239e29b5|line_height:34px&#8221; google_fonts=&#8221;font_family:Dosis%3A200%2C300%2Cregular%2C500%2C600%2C700%2C800|font_style:400%20regular%3A400%3Anormal&#8221; css=&#8221;.vc_custom_1720692788963{margin-top: -40px !important;margin-bottom: 30px !important;padding-top: 5px !important;padding-bottom: 5px !important;}&#8221;][vc_empty_space height=&#8221;40px&#8221;][vc_column_text]<\/p>\n<h3 style=\"text-align: center;\"><em>D\u00fcfte f\u00fcr professionelle Umgebungen: Restaurants, Bars, B\u00e4ckereien, Konditoreien, Pizzerien, Weinstuben.<\/em><\/h3>\n<p style=\"text-align: left;\"><strong>Aromen f\u00fcr das sensorische <\/strong> Marketing von Lebensmitteln, die mit der Welt der Gastronomie und dem Lebensmitteleinzelhandel verbunden sind, sind eine wichtige S\u00e4ule in der Welt des Geruchsmarketings.<\/p>\n<p>Special <strong>Scent <\/strong>vertreibt <strong>Raumd\u00fcfte<\/strong> <strong>, professionelle<\/strong> <strong>Raumd\u00fcfte<\/strong>, die mit der Welt der Speisen und Getr\u00e4nke in Verbindung stehen und mit Parf\u00fcmzerst\u00e4ubern und Beduftungssystemen f\u00fcr den Au\u00dfenbereich verteilt werden, um den Kunden zu stimulieren (wir empfehlen Ihnen die Lekt\u00fcre der Seiten \u00fcber <a href=\"https:\/\/www.specialscentshop.com\/de\/olfaktorisches-marketing\/\">olfaktorisches Marketing.<\/a> Aus diesem Grund hat Special Scent eine Reihe von <strong>Parf\u00fcms f\u00fcr professionelle Umgebungen <\/strong>entwickelt, um eine thematische<strong>Duftatmosph\u00e4re <\/strong>zu schaffen.[\/vc_column_text][\/vc_column][\/vc_row][vc_row full_width=&#8221;stretch_row_content&#8221; equal_height=&#8221;yes&#8221; content_placement=&#8221;middle&#8221;][vc_column css=&#8221;.vc_custom_1659387610670{background-image: url(https:\/\/www.specialscentshop.com\/wp-content\/uploads\/2022\/08\/foto-fianco-testo.jpeg?id=34214) !important;background-position: center !important;background-repeat: no-repeat !important;background-size: cover !important;}&#8221; offset=&#8221;vc_col-lg-6 vc_col-md-6&#8243;][vc_empty_space height=&#8221;500px&#8221;][\/vc_column][vc_column css=&#8221;.vc_custom_1485266194533{padding-right: 10% !important;padding-left: 10% !important;background-color: #f3f3f3 !important;}&#8221; offset=&#8221;vc_col-lg-6 vc_col-md-6&#8243;][vc_empty_space height=&#8221;40px&#8221;][vc_single_image image=&#8221;43209&#8243; css=&#8221;.vc_custom_1659947114218{margin-top: -50px !important;margin-bottom: -40px !important;}&#8221;][vc_custom_heading text=&#8221;BESONDERER DANK&#8221; font_container=&#8221;tag:h2|font_size:50px|text_align:left|color:%23ffffff|line_height:120px&#8221; google_fonts=&#8221;font_family:Oswald%3A300%2Cregular%2C700|font_style:700%20bold%20regular%3A700%3Anormal&#8221;][vc_custom_heading text=&#8221;PROFESSIONELLE RAUMD\u00dcFTE&#8221; font_container=&#8221;tag:h4|font_size:34px|text_align:left|color:%239e29b5|line_height:34px&#8221; google_fonts=&#8221;font_family:Dosis%3A200%2C300%2Cregular%2C500%2C600%2C700%2C800|font_style:400%20regular%3A400%3Anormal&#8221; css=&#8221;.vc_custom_1725909950492{margin-top: -40px !important;margin-bottom: 30px !important;padding-top: 5px !important;padding-bottom: 5px !important;background-color: #f3f3f3 !important;}&#8221;][vc_column_text]Unsere <strong>D\u00fcfte f\u00fcr den Innen- und Au\u00dfenbereich<\/strong> werden ausschlie\u00dflich in Italien hergestellt und verf\u00fcgen \u00fcber alle von den europ\u00e4ischen Normen geforderten Zertifizierungen. Jede einzelne Essenz ist IFRA-zertifiziert und wird von einem Produktsicherheitsdatenblatt begleitet. So k\u00f6nnen wir D\u00fcfte mit den h\u00f6chsten Sicherheitsstandards anbieten. Special Scent bietet professionelle<strong>Duft-<\/strong> und <strong>Parf\u00fcml\u00f6sungen<\/strong> f\u00fcr den Getr\u00e4nke- und Lebensmittelsektor an, um den Absatz am Point of Sale zu steigern und gegebenenfalls <strong>unangenehme Ger\u00fcche zu \u00fcberdecken<\/strong>. Special Scent pr\u00e4sentiert einen Duftkatalog f\u00fcr Olfaktorisches Marketing, der den Geruchssinn Ihrer Kunden anregt und so den Konsum Ihrer Getr\u00e4nke- und Lebensmittelprodukte f\u00f6rdert. Oft greifen wir dort ein, wo die R\u00e4ume in den K\u00fcchen Ihrer Restaurants sehr klein sind oder die Dunstabzugshauben nicht besonders leistungsf\u00e4hig sind. Hier l\u00f6sen wir den <a href=\"https:\/\/www.ilsole24ore.com\/art\/cassazione-puzza-ristorante-e-reato-AEna9neC\" target=\"_blank\" rel=\"noopener\">schlechten Geruch<\/a>, der in den Speisesaal dringt. Wir stehen zu Ihrer Verf\u00fcgung, um Ihr gro\u00dfes Problem dauerhaft zu l\u00f6sen, kontaktieren Sie uns f\u00fcr weitere Informationen.[\/vc_column_text][vc_empty_space height=&#8221;80px&#8221;][\/vc_column][vc_column][\/vc_column][\/vc_row][vc_row][vc_column][vc_column_text]<\/p>\n<h2 class=\"shortcode_title\" style=\"text-align: center;\">WO SIE PARF\u00dcMS UND DUFTSTOFFE F\u00dcR GETR\u00c4NKE UND LEBENSMITTEL VERWENDEN K\u00d6NNEN<\/h2>\n<p>[\/vc_column_text][vc_empty_space height=&#8221;20px&#8221;][\/vc_column][\/vc_row][vc_row][vc_column width=&#8221;1\/3&#8243;]<div id=\"gambit-hero-box-1\" class=\"hero-box hero-box-effect-sarah\" style=\"background-color: #000000; border-color:#000000; height: ;\"><figure class=\"hero-box-wrapper\"><div class=\"hero-box-img\" style=\"background-image: url(https:\/\/www.specialscentshop.com\/wp-content\/uploads\/2022\/07\/Progetto-senza-titolo-37-1024x683.jpg);\"><\/div><figcaption><div class=\"hero-box-text\"><h3 class=\"hero-box-title\" style=\"\">KURORTE - WELLNESSZENTREN - HEILB\u00c4DER - FITNESSSTUDIOS<\/h3><\/div><a href=\"https:\/\/www.specialscentshop.com\/de\/raumparfuem\/#Wellness\">View more<\/a><\/figcaption><\/figure><\/div>[vc_empty_space height=&#8221;10px&#8221;][vc_empty_space height=&#8221;10px&#8221;][\/vc_column][vc_column width=&#8221;1\/3&#8243;]<div id=\"gambit-hero-box-2\" class=\"hero-box hero-box-effect-sarah\" style=\"background-color: #000000; border-color:#000000; height: ;\"><figure class=\"hero-box-wrapper\"><div class=\"hero-box-img\" style=\"background-image: url(https:\/\/www.specialscentshop.com\/wp-content\/uploads\/2022\/07\/Progetto-senza-titolo-33-1024x683.jpg);\"><\/div><figcaption><div class=\"hero-box-text\"><h3 class=\"hero-box-title\" style=\"\">B&amp;B - HOTELS<\/h3><\/div><a href=\"https:\/\/www.specialscentshop.com\/de\/raumparfuem\/#Hotel\">View more<\/a><\/figcaption><\/figure><\/div>[vc_empty_space height=&#8221;10px&#8221;][vc_empty_space height=&#8221;10px&#8221;][\/vc_column][vc_column width=&#8221;1\/3&#8243;]<div id=\"gambit-hero-box-3\" class=\"hero-box hero-box-effect-sarah\" style=\"background-color: #000000; border-color:#000000; height: ;\"><figure class=\"hero-box-wrapper\"><div class=\"hero-box-img\" style=\"background-image: url(https:\/\/www.specialscentshop.com\/wp-content\/uploads\/2022\/08\/immagini-varie-1920x1280-2-1024x683.jpg);\"><\/div><figcaption><div class=\"hero-box-text\"><h3 class=\"hero-box-title\" style=\"\">BARS - B\u00c4CKEREIEN - KONDITOREIEN - PIZZERIEN - WEINHANDLUNGEN<\/h3><\/div><a href=\"https:\/\/www.specialscentshop.com\/de\/raumparfuem\/#Bar\">View more<\/a><\/figcaption><\/figure><\/div>[vc_empty_space height=&#8221;10px&#8221;][vc_empty_space height=&#8221;10px&#8221;][\/vc_column][\/vc_row][vc_row][vc_column width=&#8221;1\/3&#8243;]<div id=\"gambit-hero-box-4\" class=\"hero-box hero-box-effect-sarah\" style=\"background-color: #000000; border-color:#000000; height: ;\"><figure class=\"hero-box-wrapper\"><div class=\"hero-box-img\" style=\"background-image: url(https:\/\/www.specialscentshop.com\/wp-content\/uploads\/2022\/07\/Progetto-senza-titolo-29-1024x683.jpg);\"><\/div><figcaption><div class=\"hero-box-text\"><h3 class=\"hero-box-title\" style=\"\">EINKAUFSZENTREN - SHOPPING MALLS - GESCH\u00c4FTE - MESSEN<\/h3><\/div><a href=\"https:\/\/www.specialscentshop.com\/de\/raumparfuem\/#Zentren\">View more<\/a><\/figcaption><\/figure><\/div>[vc_empty_space height=&#8221;10px&#8221;][vc_empty_space height=&#8221;10px&#8221;][\/vc_column][vc_column width=&#8221;1\/3&#8243;]<div id=\"gambit-hero-box-5\" class=\"hero-box hero-box-effect-sarah\" style=\"background-color: #000000; border-color:#000000; height: ;\"><figure class=\"hero-box-wrapper\"><div class=\"hero-box-img\" style=\"background-image: url(https:\/\/www.specialscentshop.com\/wp-content\/uploads\/2022\/08\/immagini-varie-1920x1280-9-1024x683.jpg);\"><\/div><figcaption><div class=\"hero-box-text\"><h3 class=\"hero-box-title\" style=\"\">VERANSTALTUNGEN - TAGUNGEN - KONFERENZS\u00c4LE - FEIERLICHKEITEN<\/h3><\/div><a href=\"https:\/\/www.specialscentshop.com\/de\/raumparfuem\/#Ereignisse\">View more<\/a><\/figcaption><\/figure><\/div>[vc_empty_space height=&#8221;10px&#8221;][vc_empty_space height=&#8221;10px&#8221;][\/vc_column][vc_column width=&#8221;1\/3&#8243;]<div id=\"gambit-hero-box-6\" class=\"hero-box hero-box-effect-sarah\" style=\"background-color: #000000; border-color:#000000; height: ;\"><figure class=\"hero-box-wrapper\"><div class=\"hero-box-img\" style=\"background-image: url(https:\/\/www.specialscentshop.com\/wp-content\/uploads\/2022\/08\/immagini-varie-1920x1280-12-1024x683.jpg);\"><\/div><figcaption><div class=\"hero-box-text\"><h3 class=\"hero-box-title\" style=\"\">ARZTPRAXEN - FACHARZTPRAXEN - APOTHEKEN<\/h3><\/div><a href=\"https:\/\/www.specialscentshop.com\/de\/raumparfuem\/#Studien\">View more<\/a><\/figcaption><\/figure><\/div>[vc_empty_space height=&#8221;10px&#8221;][vc_empty_space height=&#8221;10px&#8221;][\/vc_column][\/vc_row][vc_row][vc_column width=&#8221;1\/3&#8243;]<div id=\"gambit-hero-box-7\" class=\"hero-box hero-box-effect-sarah\" style=\"background-color: #000000; border-color:#000000; height: ;\"><figure class=\"hero-box-wrapper\"><div class=\"hero-box-img\" style=\"background-image: url(https:\/\/www.specialscentshop.com\/wp-content\/uploads\/2022\/07\/Progetto-senza-titolo-40-1024x683.jpg);\"><\/div><figcaption><div class=\"hero-box-text\"><h3 class=\"hero-box-title\" style=\"\">KASINOS - VLT - BINGO - SPIELHALLEN<\/h3><\/div><a href=\"https:\/\/www.specialscentshop.com\/de\/raumparfuem\/#Hallen\">View more<\/a><\/figcaption><\/figure><\/div>[vc_empty_space height=&#8221;10px&#8221;][vc_empty_space height=&#8221;10px&#8221;][\/vc_column][vc_column width=&#8221;1\/3&#8243;]<div id=\"gambit-hero-box-8\" class=\"hero-box hero-box-effect-sarah\" style=\"background-color: #000000; border-color:#000000; height: ;\"><figure class=\"hero-box-wrapper\"><div class=\"hero-box-img\" style=\"background-image: url(https:\/\/www.specialscentshop.com\/wp-content\/uploads\/2022\/08\/immagini-varie-1920x1280-14-1024x683.jpg);\"><\/div><figcaption><div class=\"hero-box-text\"><h3 class=\"hero-box-title\" style=\"\">AUTOS - WOHNWAGEN - SCHIFFE<\/h3><\/div><a href=\"https:\/\/www.specialscentshop.com\/de\/raumparfuem\/#Autos\">View more<\/a><\/figcaption><\/figure><\/div>[vc_empty_space height=&#8221;10px&#8221;][vc_empty_space height=&#8221;10px&#8221;][\/vc_column][vc_column width=&#8221;1\/3&#8243;]<div id=\"gambit-hero-box-9\" class=\"hero-box hero-box-effect-sarah\" style=\"background-color: #000000; border-color:#000000; height: ;\"><figure class=\"hero-box-wrapper\"><div class=\"hero-box-img\" style=\"background-image: url(https:\/\/www.specialscentshop.com\/wp-content\/uploads\/2022\/08\/immagini-varie-1920x1280-13-1024x683.jpg);\"><\/div><figcaption><div class=\"hero-box-text\"><h3 class=\"hero-box-title\" style=\"\">FLATS - LOFTS<\/h3><\/div><a href=\"https:\/\/www.specialscentshop.com\/de\/raumparfuem\/#Wohnungen\">View more<\/a><\/figcaption><\/figure><\/div>[vc_empty_space height=&#8221;10px&#8221;][vc_empty_space height=&#8221;10px&#8221;][\/vc_column][\/vc_row]<\/p>\n<\/div>","protected":false},"excerpt":{"rendered":"<p>[vc_row][vc_column][vc_basic_grid post_type=&#8221;product&#8221; max_items=&#8221;&#8221; element_width=&#8221;3&#8243; gap=&#8221;20&#8243; item=&#8221;39137&#8243; initial_loading_animation=&#8221;none&#8221; grid_id=&#8221;vc_gid:1775718944710-a0ffe9396eda0dd490ccfafdbece1af0-6&#8243; taxonomies=&#8221;88&#8243;][vc_empty_space][\/vc_column][\/vc_row][vc_row full_width=&#8221;stretch_row_content&#8221; equal_height=&#8221;yes&#8221; content_placement=&#8221;middle&#8221; css=&#8221;.vc_custom_1662718101664{margin-top: -120px !important;}&#8221;][vc_column css=&#8221;.vc_custom_1659388168579{padding-right: 10% !important;padding-left: 10% !important;background-position: center !important;background-repeat: no-repeat !important;background-size: cover !important;}&#8221;][vc_custom_heading text=&#8221;Professionelle Raumparfums&#8221; font_container=&#8221;tag:h2|font_size:50px|text_align:center|color:%23efefef|line_height:120px&#8221; google_fonts=&#8221;font_family:Oswald%3A300%2Cregular%2C700|font_style:700%20bold%20regular%3A700%3Anormal&#8221;][vc_custom_heading text=&#8221;Aromen f\u00fcr sensorisches Marketing&#8221; font_container=&#8221;tag:h4|font_size:44px|text_align:center|color:%239e29b5|line_height:34px&#8221; google_fonts=&#8221;font_family:Dosis%3A200%2C300%2Cregular%2C500%2C600%2C700%2C800|font_style:400%20regular%3A400%3Anormal&#8221; css=&#8221;.vc_custom_1720692788963{margin-top: -40px !important;margin-bottom: 30px !important;padding-top: 5px !important;padding-bottom: 5px !important;}&#8221;][vc_empty_space height=&#8221;40px&#8221;][vc_column_text] D\u00fcfte f\u00fcr professionelle Umgebungen: Restaurants, Bars, B\u00e4ckereien, Konditoreien, Pizzerien, [&hellip;]<\/p>\n","protected":false},"author":5,"featured_media":42872,"parent":0,"menu_order":0,"comment_status":"closed","ping_status":"closed","template":"","meta":{"_acf_changed":false,"footnotes":""},"class_list":["post-43813","page","type-page","status-publish","has-post-thumbnail","hentry"],"acf":[],"_links":{"self":[{"href":"https:\/\/www.specialscentshop.com\/de\/wp-json\/wp\/v2\/pages\/43813","targetHints":{"allow":["GET"]}}],"collection":[{"href":"https:\/\/www.specialscentshop.com\/de\/wp-json\/wp\/v2\/pages"}],"about":[{"href":"https:\/\/www.specialscentshop.com\/de\/wp-json\/wp\/v2\/types\/page"}],"author":[{"embeddable":true,"href":"https:\/\/www.specialscentshop.com\/de\/wp-json\/wp\/v2\/users\/5"}],"replies":[{"embeddable":true,"href":"https:\/\/www.specialscentshop.com\/de\/wp-json\/wp\/v2\/comments?post=43813"}],"version-history":[{"count":1,"href":"https:\/\/www.specialscentshop.com\/de\/wp-json\/wp\/v2\/pages\/43813\/revisions"}],"predecessor-version":[{"id":50500,"href":"https:\/\/www.specialscentshop.com\/de\/wp-json\/wp\/v2\/pages\/43813\/revisions\/50500"}],"wp:featuredmedia":[{"embeddable":true,"href":"https:\/\/www.specialscentshop.com\/de\/wp-json\/wp\/v2\/media\/42872"}],"wp:attachment":[{"href":"https:\/\/www.specialscentshop.com\/de\/wp-json\/wp\/v2\/media?parent=43813"}],"curies":[{"name":"wp","href":"https:\/\/api.w.org\/{rel}","templated":true}]}}