{"id":44214,"date":"2022-07-12T21:40:50","date_gmt":"2022-07-12T19:40:50","guid":{"rendered":"https:\/\/www.specialscentshop.com\/raumdiffusoren\/"},"modified":"2026-04-09T09:19:54","modified_gmt":"2026-04-09T07:19:54","slug":"raumdiffusoren","status":"publish","type":"page","link":"https:\/\/www.specialscentshop.com\/de\/raumdiffusoren\/","title":{"rendered":"Raumdiffusoren"},"content":{"rendered":"<div class=\"wpb-content-wrapper\"><p>[vc_row][vc_column][vc_basic_grid post_type=&#8221;product&#8221; max_items=&#8221;&#8221; show_filter=&#8221;yes&#8221; element_width=&#8221;3&#8243; gap=&#8221;20&#8243; orderby=&#8221;menu_order&#8221; order=&#8221;ASC&#8221; filter_default_title=&#8221;tutto&#8221; item=&#8221;39158&#8243; initial_loading_animation=&#8221;none&#8221; grid_id=&#8221;vc_gid:1775719088713-1c6b5cd006ba61f61b43215d07990f8f-6&#8243; filter_source=&#8221;product_tag&#8221; taxonomies=&#8221;75&#8243; exclude_filter=&#8221;562, 563, 566, 567&#8243;][vc_empty_space height=&#8221;5px&#8221;][vc_raw_html]JTNDaDIlMjBjbGFzcyUzRCUyMnNob3J0Y29kZV90aXRsZSUyMiUyMHN0eWxlJTNEJTIydGV4dC1hbGlnbiUzQWNlbnRlciUyMiUzRVJhdW1iZWR1ZnR1bmdzZ2VyJUMzJUE0dGUlM0MlMkZoMg==[\/vc_raw_html][\/vc_column][\/vc_row][vc_row full_width=&#8221;stretch_row_content&#8221; equal_height=&#8221;yes&#8221; content_placement=&#8221;middle&#8221;][vc_column css=&#8221;.vc_custom_1659387610670{background-image: url(https:\/\/www.specialscentshop.com\/wp-content\/uploads\/2022\/08\/foto-fianco-testo.jpeg?id=34214) !important;background-position: center !important;background-repeat: no-repeat !important;background-size: cover !important;}&#8221; offset=&#8221;vc_col-lg-6 vc_col-md-6&#8243;][vc_empty_space height=&#8221;500px&#8221;][\/vc_column][vc_column css=&#8221;.vc_custom_1485266194533{padding-right: 10% !important;padding-left: 10% !important;background-color: #f3f3f3 !important;}&#8221; offset=&#8221;vc_col-lg-6 vc_col-md-6&#8243;][vc_empty_space height=&#8221;80px&#8221;][vc_custom_heading text=&#8221;SPECIAL SCENT&#8221; font_container=&#8221;tag:h2|font_size:50px|text_align:left|color:%23ffffff|line_height:90px&#8221; google_fonts=&#8221;font_family:Oswald%3A300%2Cregular%2C700|font_style:700%20bold%20regular%3A700%3Anormal&#8221;][vc_custom_heading text=&#8221;Raumbeduftungsger\u00e4te&#8221; font_container=&#8221;tag:h4|font_size:34px|text_align:left|color:%239e29b5|line_height:34px&#8221; google_fonts=&#8221;font_family:Dosis%3A200%2C300%2Cregular%2C500%2C600%2C700%2C800|font_style:400%20regular%3A400%3Anormal&#8221; css=&#8221;.vc_custom_1769078657356{margin-bottom: 30px !important;padding-top: 5px !important;padding-bottom: 5px !important;background-color: #f3f3f3 !important;}&#8221;][vc_column_text]Unser Angebot an <strong>Raumbeduftungsger\u00e4te <\/strong>ist das umfangreichste auf dem Markt, um die Beduftungsbed\u00fcrfnisse Ihrer h\u00e4uslichen und gewerblichen R\u00e4ume zu decken, f\u00fcr kleine und gro\u00dfe R\u00e4ume.<\/p>\n<p>Mit verschiedenen Zerst\u00e4ubertechnologien, um maximale Effizienz bei minimalem Duftverbrauch zu gew\u00e4hrleisten. Unser Raumdiffusor <a href=\"https:\/\/www.specialscentshop.com\/de\/produkt\/nebula-raumdiffusor-wiederaufladbar\/\"><strong>Nebula <\/strong><\/a>erm\u00f6glicht Ihnen den ersten Zugang zu den M\u00f6glichkeiten von Raumd\u00fcften und Parf\u00fcms.<\/p>\n<p>Wir bieten professionelle <strong>elektrische Raumbeduftungsger\u00e4te <\/strong>f\u00fcr die Wandmontage oder den Boden f\u00fcr jede Art von L\u00f6sung an, einschlie\u00dflich leistungsf\u00e4higerer Ger\u00e4te f\u00fcr gro\u00dfe R\u00e4ume, die direkt an die Luftkanalsysteme angeschlossen werden.<\/p>\n<p>Unsere <strong>Parf\u00fcmzerst\u00e4uber <\/strong>verwenden eine <a href=\"http:\/\/it.wikipedia.org\/wiki\/Nebulizzazione\" target=\"_blank\" rel=\"noopener\">Mikrozerst\u00e4ubungstechnologie<\/a>, die den Duft leicht macht, so dass er sich gleichm\u00e4\u00dfig im Raum verteilt. Auf diese Weise wird sehr wenig \u00f6liger Duft verbraucht, der Duft bleibt l\u00e4nger im Raum und kostet folglich weniger. Einige kleine<\/p>\n<p>Duftzerst\u00e4uber werden mit Alkalibatterien betrieben und k\u00f6nnen einfach und intuitiv programmiert werden. Sie passen gut in kleinere R\u00e4ume. Special Scent achtet bei all dem peinlich genau darauf, die Umwelt sauber zu halten und verwendet f\u00fcr seine <strong>elektrischen Raumd\u00fcfte<\/strong> zu 80% <a href=\"http:\/\/www.treccani.it\/vocabolario\/riciclabile\/\" target=\"_blank\" rel=\"noopener\">recycelbare<\/a> Materialien.[\/vc_column_text][vc_empty_space height=&#8221;80px&#8221;][\/vc_column][\/vc_row][vc_row][vc_column][vc_empty_space height=&#8221;80px&#8221;][vc_column_text]<\/p>\n<h3 class=\"shortcode_title\" style=\"text-align: center;\">PARF\u00dcMZERST\u00c4UBER<\/h3>\n<p>[\/vc_column_text][vc_empty_space height=&#8221;20px&#8221;][\/vc_column][\/vc_row][vc_row][vc_column width=&#8221;1\/3&#8243;]<div id=\"gambit-hero-box-1\" class=\"hero-box hero-box-effect-sarah\" style=\"background-color: #000000; border-color:#000000; height: ;\"><figure class=\"hero-box-wrapper\"><div class=\"hero-box-img\" style=\"background-image: url(https:\/\/www.specialscentshop.com\/wp-content\/uploads\/2022\/07\/Progetto-senza-titolo-37-1024x683.jpg);\"><\/div><figcaption><div class=\"hero-box-text\"><h3 class=\"hero-box-title\" style=\"\">KURORTE - WELLNESSZENTREN - HEILB\u00c4DER - FITNESSSTUDIOS<\/h3><\/div><a href=\"https:\/\/www.specialscentshop.com\/de\/raumparfuem\/#Wellness\">View more<\/a><\/figcaption><\/figure><\/div>[vc_empty_space height=&#8221;10px&#8221;][vc_empty_space height=&#8221;10px&#8221;][\/vc_column][vc_column width=&#8221;1\/3&#8243;]<div id=\"gambit-hero-box-2\" class=\"hero-box hero-box-effect-sarah\" style=\"background-color: #000000; border-color:#000000; height: ;\"><figure class=\"hero-box-wrapper\"><div class=\"hero-box-img\" style=\"background-image: url(https:\/\/www.specialscentshop.com\/wp-content\/uploads\/2022\/07\/Progetto-senza-titolo-33-1024x683.jpg);\"><\/div><figcaption><div class=\"hero-box-text\"><h3 class=\"hero-box-title\" style=\"\">B&amp;B - HOTELS<\/h3><\/div><a href=\"https:\/\/www.specialscentshop.com\/de\/raumparfuem\/#Hotel\">View more<\/a><\/figcaption><\/figure><\/div>[vc_empty_space height=&#8221;10px&#8221;][vc_empty_space height=&#8221;10px&#8221;][\/vc_column][vc_column width=&#8221;1\/3&#8243;]<div id=\"gambit-hero-box-3\" class=\"hero-box hero-box-effect-sarah\" style=\"background-color: #000000; border-color:#000000; height: ;\"><figure class=\"hero-box-wrapper\"><div class=\"hero-box-img\" style=\"background-image: url(https:\/\/www.specialscentshop.com\/wp-content\/uploads\/2022\/08\/immagini-varie-1920x1280-2-1024x683.jpg);\"><\/div><figcaption><div class=\"hero-box-text\"><h3 class=\"hero-box-title\" style=\"\">BARS - B\u00c4CKEREIEN - KONDITOREIEN - PIZZERIEN - WEINHANDLUNGEN<\/h3><\/div><a href=\"https:\/\/www.specialscentshop.com\/de\/raumparfuem\/#Bar\">View more<\/a><\/figcaption><\/figure><\/div>[vc_empty_space height=&#8221;10px&#8221;][vc_empty_space height=&#8221;10px&#8221;][\/vc_column][\/vc_row][vc_row][vc_column width=&#8221;1\/3&#8243;]<div id=\"gambit-hero-box-4\" class=\"hero-box hero-box-effect-sarah\" style=\"background-color: #000000; border-color:#000000; height: ;\"><figure class=\"hero-box-wrapper\"><div class=\"hero-box-img\" style=\"background-image: url(https:\/\/www.specialscentshop.com\/wp-content\/uploads\/2022\/07\/Progetto-senza-titolo-29-1024x683.jpg);\"><\/div><figcaption><div class=\"hero-box-text\"><h3 class=\"hero-box-title\" style=\"\">EINKAUFSZENTREN - SHOPPING MALLS - GESCH\u00c4FTE - MESSEN<\/h3><\/div><a href=\"https:\/\/www.specialscentshop.com\/de\/raumparfuem\/#Zentren\">View more<\/a><\/figcaption><\/figure><\/div>[vc_empty_space height=&#8221;10px&#8221;][vc_empty_space height=&#8221;10px&#8221;][\/vc_column][vc_column width=&#8221;1\/3&#8243;]<div id=\"gambit-hero-box-5\" class=\"hero-box hero-box-effect-sarah\" style=\"background-color: #000000; border-color:#000000; height: ;\"><figure class=\"hero-box-wrapper\"><div class=\"hero-box-img\" style=\"background-image: url(https:\/\/www.specialscentshop.com\/wp-content\/uploads\/2022\/08\/immagini-varie-1920x1280-9-1024x683.jpg);\"><\/div><figcaption><div class=\"hero-box-text\"><h3 class=\"hero-box-title\" style=\"\">VERANSTALTUNGEN - TAGUNGEN - KONFERENZS\u00c4LE - FEIERLICHKEITEN<\/h3><\/div><a href=\"https:\/\/www.specialscentshop.com\/de\/raumparfuem\/#Ereignisse\">View more<\/a><\/figcaption><\/figure><\/div>[vc_empty_space height=&#8221;10px&#8221;][vc_empty_space height=&#8221;10px&#8221;][\/vc_column][vc_column width=&#8221;1\/3&#8243;]<div id=\"gambit-hero-box-6\" class=\"hero-box hero-box-effect-sarah\" style=\"background-color: #000000; border-color:#000000; height: ;\"><figure class=\"hero-box-wrapper\"><div class=\"hero-box-img\" style=\"background-image: url(https:\/\/www.specialscentshop.com\/wp-content\/uploads\/2022\/08\/immagini-varie-1920x1280-12-1024x683.jpg);\"><\/div><figcaption><div class=\"hero-box-text\"><h3 class=\"hero-box-title\" style=\"\">ARZTPRAXEN - FACHARZTPRAXEN - APOTHEKEN<\/h3><\/div><a href=\"https:\/\/www.specialscentshop.com\/de\/raumparfuem\/#Studien\">View more<\/a><\/figcaption><\/figure><\/div>[vc_empty_space height=&#8221;10px&#8221;][vc_empty_space height=&#8221;10px&#8221;][\/vc_column][\/vc_row][vc_row][vc_column width=&#8221;1\/3&#8243;]<div id=\"gambit-hero-box-7\" class=\"hero-box hero-box-effect-sarah\" style=\"background-color: #000000; border-color:#000000; height: ;\"><figure class=\"hero-box-wrapper\"><div class=\"hero-box-img\" style=\"background-image: url(https:\/\/www.specialscentshop.com\/wp-content\/uploads\/2022\/07\/Progetto-senza-titolo-40-1024x683.jpg);\"><\/div><figcaption><div class=\"hero-box-text\"><h3 class=\"hero-box-title\" style=\"\">KASINOS - VLT - BINGO - SPIELHALLEN<\/h3><\/div><a href=\"https:\/\/www.specialscentshop.com\/de\/raumparfuem\/#Hallen\">View more<\/a><\/figcaption><\/figure><\/div>[vc_empty_space height=&#8221;10px&#8221;][vc_empty_space height=&#8221;10px&#8221;][\/vc_column][vc_column width=&#8221;1\/3&#8243;]<div id=\"gambit-hero-box-8\" class=\"hero-box hero-box-effect-sarah\" style=\"background-color: #000000; border-color:#000000; height: ;\"><figure class=\"hero-box-wrapper\"><div class=\"hero-box-img\" style=\"background-image: url(https:\/\/www.specialscentshop.com\/wp-content\/uploads\/2022\/08\/immagini-varie-1920x1280-14-1024x683.jpg);\"><\/div><figcaption><div class=\"hero-box-text\"><h3 class=\"hero-box-title\" style=\"\">AUTOS - WOHNWAGEN - SCHIFFE<\/h3><\/div><a href=\"https:\/\/www.specialscentshop.com\/de\/raumparfuem\/#Autos\">View more<\/a><\/figcaption><\/figure><\/div>[vc_empty_space height=&#8221;10px&#8221;][vc_empty_space height=&#8221;10px&#8221;][\/vc_column][vc_column width=&#8221;1\/3&#8243;]<div id=\"gambit-hero-box-9\" class=\"hero-box hero-box-effect-sarah\" style=\"background-color: #000000; border-color:#000000; height: ;\"><figure class=\"hero-box-wrapper\"><div class=\"hero-box-img\" style=\"background-image: url(https:\/\/www.specialscentshop.com\/wp-content\/uploads\/2022\/08\/immagini-varie-1920x1280-13-1024x683.jpg);\"><\/div><figcaption><div class=\"hero-box-text\"><h3 class=\"hero-box-title\" style=\"\">FLATS - LOFTS<\/h3><\/div><a href=\"https:\/\/www.specialscentshop.com\/de\/raumparfuem\/#Wohnungen\">View more<\/a><\/figcaption><\/figure><\/div>[vc_empty_space height=&#8221;10px&#8221;][vc_empty_space height=&#8221;10px&#8221;][\/vc_column][\/vc_row][vc_row][vc_column][vc_empty_space height=&#8221;10px&#8221;][vc_empty_space height=&#8221;50px&#8221;][\/vc_column][\/vc_row][vc_row full_width=&#8221;stretch_row&#8221; equal_height=&#8221;yes&#8221; css=&#8221;.vc_custom_1659416441414{background-color: #e6e7f2 !important;}&#8221;][vc_column css=&#8221;.vc_custom_1485890321478{padding-right: 10% !important;}&#8221;][vc_empty_space height=&#8221;80px&#8221;][vc_custom_heading text=&#8221;KONTAKTIEREN SIE UNS F\u00dcR WEITERE INFORMATIONEN&#8221; font_container=&#8221;tag:h6|font_size:40px|text_align:left|color:%23333333|line_height:40px&#8221; use_theme_fonts=&#8221;yes&#8221;][vc_empty_space height=&#8221;30px&#8221;][\/vc_column][\/vc_row][vc_row full_width=&#8221;stretch_row&#8221; equal_height=&#8221;yes&#8221; css=&#8221;.vc_custom_1659416450215{background-color: #e6e7f2 !important;}&#8221;][vc_column width=&#8221;2\/3&#8243; css=&#8221;.vc_custom_1485890321478{padding-right: 10% !important;}&#8221;]\n<div class=\"wpcf7 no-js\" id=\"wpcf7-f176-o1\" lang=\"en-US\" dir=\"ltr\" data-wpcf7-id=\"176\">\n<div class=\"screen-reader-response\"><p role=\"status\" aria-live=\"polite\" aria-atomic=\"true\"><\/p> <ul><\/ul><\/div>\n<form action=\"\/de\/wp-json\/wp\/v2\/pages\/44214#wpcf7-f176-o1\" method=\"post\" class=\"wpcf7-form init\" aria-label=\"Contact form\" novalidate=\"novalidate\" data-status=\"init\">\n<fieldset class=\"hidden-fields-container\"><input type=\"hidden\" name=\"_wpcf7\" value=\"176\" \/><input type=\"hidden\" name=\"_wpcf7_version\" value=\"6.1.5\" \/><input type=\"hidden\" name=\"_wpcf7_locale\" value=\"en_US\" \/><input type=\"hidden\" name=\"_wpcf7_unit_tag\" value=\"wpcf7-f176-o1\" \/><input type=\"hidden\" name=\"_wpcf7_container_post\" value=\"0\" \/><input type=\"hidden\" name=\"_wpcf7_posted_data_hash\" value=\"\" \/><input type=\"hidden\" name=\"_wpcf7_recaptcha_response\" value=\"\" \/>\n<\/fieldset>\n<div class=\"row\">\n\t<div class=\"col-md-4\">\n\t\t<p style=\"margin-bottom: 27px;\"><label>Your Name (required)<\/label><span class=\"wpcf7-form-control-wrap\" data-name=\"your-name\"><input size=\"40\" maxlength=\"400\" class=\"wpcf7-form-control wpcf7-text wpcf7-validates-as-required\" aria-required=\"true\" aria-invalid=\"false\" value=\"\" type=\"text\" name=\"your-name\" \/><\/span>\n\t\t<\/p>\n\t\t<p style=\"margin-bottom: 27px;\"><label>Your Email (required)<\/label><span class=\"wpcf7-form-control-wrap\" data-name=\"your-email\"><input size=\"40\" maxlength=\"400\" class=\"wpcf7-form-control wpcf7-email wpcf7-validates-as-required wpcf7-text wpcf7-validates-as-email\" aria-required=\"true\" aria-invalid=\"false\" value=\"\" type=\"email\" name=\"your-email\" \/><\/span>\n\t\t<\/p>\n\t\t<p style=\"margin-bottom: 27px;\"><label>Subject<\/label><span class=\"wpcf7-form-control-wrap\" data-name=\"your-subject\"><input size=\"40\" maxlength=\"400\" class=\"wpcf7-form-control wpcf7-text\" aria-invalid=\"false\" value=\"\" type=\"text\" name=\"your-subject\" \/><\/span>\n\t\t<\/p>\n\t<\/div>\n\t<div class=\"col-md-8\">\n\t\t<p><label>Your Message<\/label><span class=\"wpcf7-form-control-wrap\" data-name=\"your-message\"><textarea cols=\"40\" rows=\"10\" maxlength=\"2000\" class=\"wpcf7-form-control wpcf7-textarea\" aria-invalid=\"false\" name=\"your-message\"><\/textarea><\/span>\n\t\t<\/p>\n\t<\/div>\n<\/div>\n\n<p><input class=\"wpcf7-form-control wpcf7-submit has-spinner btn btn-color-primary\" type=\"submit\" value=\"SEND A MESSAGE\" \/>\n<\/p><div class=\"wpcf7-response-output\" aria-hidden=\"true\"><\/div>\n<\/form>\n<\/div>\n[vc_empty_space height=&#8221;80px&#8221;][\/vc_column][vc_column width=&#8221;1\/3&#8243; css=&#8221;.vc_custom_1456090660314{padding-right: 15% !important;padding-left: 15% !important;background-color: #f5f5f5 !important;}&#8221;][vc_text_separator title=&#8221;SPECIAL SCENT&#8221; title_align=&#8221;separator_align_left&#8221; align=&#8221;align_left&#8221; color=&#8221;custom&#8221; border_width=&#8221;3&#8243; accent_color=&#8221;#0091c6&#8243; css=&#8221;.vc_custom_1739857149041{margin-bottom: 30px !important;}&#8221;][vc_column_text]Special Scent ist eine Marke der Smart Business Company Kft. Wir sind seit 2014 auf dem Markt der professionellen Parf\u00fcmierung und des Duftmarketings mit mehreren Vertriebsh\u00e4ndlern in verschiedenen Teilen Europas und im Nahen Osten vertreten. Unsere Parf\u00fcmeure verbreiten D\u00fcfte durch ein fortschrittliches Zerst\u00e4ubungssystem, von kleineren R\u00e4umen wie Autos bis hin zu gr\u00f6\u00dferen R\u00e4umen wie Hallen und Firmenb\u00fcros. Unser Unternehmen ist in der Lage, jeden besonderen Duftwunsch zu erf\u00fcllen, um ein angenehmes und einzigartiges Ambiente zu schaffen. Wellness-Zentren, Hotels, Wohnr\u00e4ume, Restaurants, B\u00fcros, Fitnessstudios und viele andere Orte k\u00f6nnen mit unseren D\u00fcften komplett renoviert werden. Alle unsere D\u00fcfte werden <strong>in Italien hergestellt<\/strong> <strong>und sind zertifiziert,<\/strong> ihre Qualit\u00e4t ist un\u00fcbertroffen. Das olfaktorische Erlebnis, das wir Ihnen bieten, ist eine echte Erinnerung, die sich in den K\u00f6pfen derjenigen einpr\u00e4gt, die unsere D\u00fcfte riechen.[\/vc_column_text][\/vc_column][\/vc_row][vc_row full_width=&#8221;stretch_row&#8221; equal_height=&#8221;yes&#8221; css=&#8221;.vc_custom_1659416441414{background-color: #e6e7f2 !important;}&#8221;][vc_column css=&#8221;.vc_custom_1485890321478{padding-right: 10% !important;}&#8221;][vc_empty_space height=&#8221;80px&#8221;][\/vc_column][\/vc_row]<\/p>\n<\/div>","protected":false},"excerpt":{"rendered":"<p>[vc_row][vc_column][vc_basic_grid post_type=&#8221;product&#8221; max_items=&#8221;&#8221; show_filter=&#8221;yes&#8221; element_width=&#8221;3&#8243; gap=&#8221;20&#8243; orderby=&#8221;menu_order&#8221; order=&#8221;ASC&#8221; filter_default_title=&#8221;tutto&#8221; item=&#8221;39158&#8243; initial_loading_animation=&#8221;none&#8221; grid_id=&#8221;vc_gid:1775719088713-1c6b5cd006ba61f61b43215d07990f8f-6&#8243; filter_source=&#8221;product_tag&#8221; taxonomies=&#8221;75&#8243; exclude_filter=&#8221;562, 563, 566, 567&#8243;][vc_empty_space height=&#8221;5px&#8221;][vc_raw_html]JTNDaDIlMjBjbGFzcyUzRCUyMnNob3J0Y29kZV90aXRsZSUyMiUyMHN0eWxlJTNEJTIydGV4dC1hbGlnbiUzQWNlbnRlciUyMiUzRVJhdW1iZWR1ZnR1bmdzZ2VyJUMzJUE0dGUlM0MlMkZoMg==[\/vc_raw_html][\/vc_column][\/vc_row][vc_row full_width=&#8221;stretch_row_content&#8221; equal_height=&#8221;yes&#8221; content_placement=&#8221;middle&#8221;][vc_column css=&#8221;.vc_custom_1659387610670{background-image: url(https:\/\/www.specialscentshop.com\/wp-content\/uploads\/2022\/08\/foto-fianco-testo.jpeg?id=34214) !important;background-position: center !important;background-repeat: no-repeat !important;background-size: cover !important;}&#8221; offset=&#8221;vc_col-lg-6 vc_col-md-6&#8243;][vc_empty_space height=&#8221;500px&#8221;][\/vc_column][vc_column css=&#8221;.vc_custom_1485266194533{padding-right: 10% !important;padding-left: 10% !important;background-color: #f3f3f3 !important;}&#8221; offset=&#8221;vc_col-lg-6 vc_col-md-6&#8243;][vc_empty_space height=&#8221;80px&#8221;][vc_custom_heading text=&#8221;SPECIAL SCENT&#8221; font_container=&#8221;tag:h2|font_size:50px|text_align:left|color:%23ffffff|line_height:90px&#8221; google_fonts=&#8221;font_family:Oswald%3A300%2Cregular%2C700|font_style:700%20bold%20regular%3A700%3Anormal&#8221;][vc_custom_heading text=&#8221;Raumbeduftungsger\u00e4te&#8221; font_container=&#8221;tag:h4|font_size:34px|text_align:left|color:%239e29b5|line_height:34px&#8221; google_fonts=&#8221;font_family:Dosis%3A200%2C300%2Cregular%2C500%2C600%2C700%2C800|font_style:400%20regular%3A400%3Anormal&#8221; css=&#8221;.vc_custom_1769078657356{margin-bottom: 30px !important;padding-top: 5px [&hellip;]<\/p>\n","protected":false},"author":5,"featured_media":42872,"parent":0,"menu_order":0,"comment_status":"closed","ping_status":"closed","template":"","meta":{"_acf_changed":false,"footnotes":""},"class_list":["post-44214","page","type-page","status-publish","has-post-thumbnail","hentry"],"acf":[],"_links":{"self":[{"href":"https:\/\/www.specialscentshop.com\/de\/wp-json\/wp\/v2\/pages\/44214","targetHints":{"allow":["GET"]}}],"collection":[{"href":"https:\/\/www.specialscentshop.com\/de\/wp-json\/wp\/v2\/pages"}],"about":[{"href":"https:\/\/www.specialscentshop.com\/de\/wp-json\/wp\/v2\/types\/page"}],"author":[{"embeddable":true,"href":"https:\/\/www.specialscentshop.com\/de\/wp-json\/wp\/v2\/users\/5"}],"replies":[{"embeddable":true,"href":"https:\/\/www.specialscentshop.com\/de\/wp-json\/wp\/v2\/comments?post=44214"}],"version-history":[{"count":2,"href":"https:\/\/www.specialscentshop.com\/de\/wp-json\/wp\/v2\/pages\/44214\/revisions"}],"predecessor-version":[{"id":50502,"href":"https:\/\/www.specialscentshop.com\/de\/wp-json\/wp\/v2\/pages\/44214\/revisions\/50502"}],"wp:featuredmedia":[{"embeddable":true,"href":"https:\/\/www.specialscentshop.com\/de\/wp-json\/wp\/v2\/media\/42872"}],"wp:attachment":[{"href":"https:\/\/www.specialscentshop.com\/de\/wp-json\/wp\/v2\/media?parent=44214"}],"curies":[{"name":"wp","href":"https:\/\/api.w.org\/{rel}","templated":true}]}}