{"id":44725,"date":"2022-07-12T21:40:37","date_gmt":"2022-07-12T19:40:37","guid":{"rendered":"https:\/\/www.specialscentshop.com\/olfaktorisches-marketing\/"},"modified":"2026-01-20T11:07:13","modified_gmt":"2026-01-20T10:07:13","slug":"olfaktorisches-marketing","status":"publish","type":"page","link":"https:\/\/www.specialscentshop.com\/de\/olfaktorisches-marketing\/","title":{"rendered":"Duftmarketing"},"content":{"rendered":"<div class=\"wpb-content-wrapper\"><p>[vc_row equal_height=&#8221;yes&#8221; content_placement=&#8221;middle&#8221; css=&#8221;.vc_custom_1663841408546{margin-top: -40px !important;}&#8221;][vc_column css=&#8221;.vc_custom_1659379583400{background-position: center !important;background-repeat: no-repeat !important;background-size: cover !important;}&#8221;][vc_custom_heading text=&#8221;SPECIAL SCENT&#8221; font_container=&#8221;tag:h2|font_size:90px|text_align:center|color:rgba(38%2C141%2C193%2C0.19)|line_height:140px&#8221; google_fonts=&#8221;font_family:Oswald%3A300%2Cregular%2C700|font_style:700%20bold%20regular%3A700%3Anormal&#8221; css=&#8221;.vc_custom_1739858988082{margin-top: -40px !important;background-color: #ffffff !important;}&#8221;][vc_custom_heading text=&#8221;Haben Sie schon einmal ein Parf\u00fcm gerochen und es sofort mit einer vergangenen Erfahrung, einem Ort oder einem Moment assoziiert?&#8221; font_container=&#8221;tag:h4|font_size:24px|text_align:center|color:%239e29b5|line_height:30px&#8221; google_fonts=&#8221;font_family:Dosis%3A200%2C300%2Cregular%2C500%2C600%2C700%2C800|font_style:400%20regular%3A400%3Anormal&#8221; css=&#8221;.vc_custom_1691649563788{margin-bottom: 30px !important;padding-top: 5px !important;padding-bottom: 5px !important;}&#8221;][vc_column_text]<\/p>\n<p style=\"text-align: left;\">Jedes Mal, wenn wir einatmen, nehmen wir<strong> Ger\u00fcche<\/strong> auf, die von der Umwelt, von den Gegenst\u00e4nden, die wir anfassen, von den Menschen, denen wir begegnen, freigesetzt werden. Sie werden vom Gehirn wahrgenommen und verarbeitet, das sie identifiziert und mit der Erfahrung, die es gerade macht, in Verbindung bringt. Fast unbewusst verbinden wir uns mit der Au\u00dfenwelt \u00fcber Emotionen,<strong> Ger\u00fcche<\/strong> und<strong> D\u00fcfte<\/strong>, die mit der Zeit zu unserem <strong>olfaktorischen Ged\u00e4chtnis<\/strong> werden. In unserem Fall sprechen wir von <strong>DUFTMARKETING<\/strong><\/p>\n<p>[\/vc_column_text][vc_empty_space height=&#8221;30px&#8221;][vc_raw_html]JTNDaDIlMjBjbGFzcyUzRCUyMnNob3J0Y29kZV90aXRsZSUyMiUyMHN0eWxlJTNEJTIydGV4dC1hbGlnbiUzQWNlbnRlciUyMiUzRWR1ZnRtYXJrZXRpbmclM0MlMkZoMiUzRQ==[\/vc_raw_html][\/vc_column][\/vc_row][vc_row full_width=&#8221;stretch_row_content&#8221; equal_height=&#8221;yes&#8221; content_placement=&#8221;middle&#8221;][vc_column css=&#8221;.vc_custom_1662663723741{background-image: url(https:\/\/www.specialscentshop.com\/wp-content\/uploads\/2022\/08\/ANNUSARE1920x1280-6.jpg?id=34718) !important;background-position: center !important;background-repeat: no-repeat !important;background-size: cover !important;}&#8221; offset=&#8221;vc_col-lg-6 vc_col-md-6&#8243;][vc_empty_space height=&#8221;500px&#8221;][\/vc_column][vc_column css=&#8221;.vc_custom_1485266194533{padding-right: 10% !important;padding-left: 10% !important;background-color: #f3f3f3 !important;}&#8221; offset=&#8221;vc_col-lg-6 vc_col-md-6&#8243;][vc_empty_space height=&#8221;80px&#8221;][vc_column_text]<span style=\"vertical-align: inherit;\"><span style=\"vertical-align: inherit;\">Die <strong>Duft<\/strong><\/span><\/span><strong><span style=\"vertical-align: inherit;\"><span style=\"vertical-align: inherit;\">mark<\/span><\/span><span style=\"vertical-align: inherit;\"><span style=\"vertical-align: inherit;\">eting<\/span><\/span><\/strong><span style=\"vertical-align: inherit;\"><span style=\"vertical-align: inherit;\"> ist f\u00fcr Wissenschaftler und Fachleute aus verschiedenen Bereichen schon immer ein Thema gewesen, um den Geruchssinn besser zu verstehen. Er ist einer der am weitesten entwickelten Sinne des Menschen und beeinflusst zweifellos unsere t\u00e4glichen Entscheidungen und unsere Lebensweise.<\/span><\/span><\/p>\n<p><span style=\"vertical-align: inherit;\"><span style=\"vertical-align: inherit;\">Diese <strong>Geruchserlebnisse<\/strong> k\u00f6nnen reproduziert, verarbeitet und wiederverwendet werden, um nicht nur soziale Interaktionen, das psychophysische Wohlbefinden und andere Aspekte des t\u00e4glichen Lebens zu verbessern, sondern auch um an Orten eingef\u00fchrt zu werden, an denen es wichtig ist, dass sich die Menschen wohlf\u00fchlen, willkommen gehei\u00dfen werden und die Erinnerung an das positive Erlebnis bei ihnen bleibt.<\/span><\/span><\/p>\n<p><span style=\"vertical-align: inherit;\"><span style=\"vertical-align: inherit;\">Special Scent besch\u00e4ftigt sich seit Jahren mit diesem Ph\u00e4nomen und ist dank der gesammelten Erfahrung heute in der Lage, nicht nur eine breite Palette von Essenzen und D\u00fcften anzubieten, sondern auch ma\u00dfgeschneiderte D\u00fcfte f\u00fcr jeden Bedarf oder jede Produktionsrealit\u00e4t zu kreieren, das so genannte<\/span><\/span><strong><span style=\"vertical-align: inherit;\"><span style=\"vertical-align: inherit;\"> Duftmarketing.<\/span><\/span><\/strong> <span style=\"vertical-align: inherit;\"><span style=\"vertical-align: inherit;\">Olfaktorisches <strong>Marketing<\/strong> untersucht und nutzt das enorme Potenzial von D\u00fcften als Kommunikationsmittel und ist Teil jener<strong> ma\u00dfgeschneiderten Parf\u00fcmstrategien f\u00fcr Unternehmen<\/strong><\/span><\/span> die auf das Hervorrufen von Emotionen und positiven Verbrauchererlebnissen setzen.<\/p>\n<p><span style=\"vertical-align: inherit;\"><span style=\"vertical-align: inherit;\">Wenn die Marke eines Unternehmens durch sein Logo definiert wird, also durch eine Reihe von Schriftz\u00fcgen, Farben und Bildern, die es uns erm\u00f6glichen, das Unternehmen in jeder Situation zu identifizieren, so geschieht das Gleiche mit Ger\u00fcchen, die es uns erm\u00f6glichen, sie durch das<\/span><\/span><a href=\"https:\/\/it.wikipedia.org\/wiki\/Branding_sensoriale\" target=\"_blank\" rel=\"noopener\"><strong><span style=\"vertical-align: inherit;\"><span style=\"vertical-align: inherit;\"> Geruchslogo<\/span><\/span><\/strong><\/a><span style=\"vertical-align: inherit;\"><span style=\"vertical-align: inherit;\"> die Marke eines bestimmten Unternehmens zu identifizieren.<\/span><\/span><\/p>\n<p><span style=\"vertical-align: inherit;\"><span style=\"vertical-align: inherit;\">Innovation ist angesagt und es ist notwendig, sich auf neue M\u00f6glichkeiten einzustellen, um auf einem Markt zu bestehen, der vor allem diejenigen belohnt, die es verstehen, ihre Marke einzigartig zu machen. <strong>Sensory Marketing<\/strong> ist der greifbare Beweis daf\u00fcr und wir sind uns dessen dank der zahlreichen Anfragen, die wir erhalten, bewusst. <\/span><\/span><\/p>\n<p><strong>Verwechseln Sie Geruchsmarketing nicht mit Raumbeduftung<\/strong><\/p>\n<p>Es handelt sich um 2 v\u00f6llig unterschiedliche L\u00f6sungen. Die erste hilft Ihnen, den Umsatz zu steigern und Ihr <strong>Logo<\/strong> mit dem Duft <strong>unausl\u00f6schlich<\/strong> zu machen, die zweite hilft Ihnen, psycho-mentales Wohlbefinden in einem kommerziellen Umfeld, in Service-Einrichtungen, zu erreichen und Ihr Wohlbefinden in Ihrer <a href=\"https:\/\/www.specialscentshop.com\/de\/raumparfuem\/\">Umgebung<\/a>, zu Hause, im B\u00fcro, etc. etc.<\/p>\n<p><strong><span style=\"vertical-align: inherit;\"><span style=\"vertical-align: inherit;\">Duftmarketing, was es ist :<\/span><\/span><\/strong><\/p>\n<p><span style=\"vertical-align: inherit;\"><span style=\"vertical-align: inherit;\">Schaffen Sie in einem Kinderbekleidungsgesch\u00e4ft den Duft von sauberer, frischer W\u00e4sche, so wie der Duft von Leinen sein k\u00f6nnte.<\/span><\/span><br \/>\n<span style=\"vertical-align: inherit;\"><span style=\"vertical-align: inherit;\">Lassen Sie in einem Anwaltsb\u00fcro den zarten Duft von Leder oder Lederhaut schweben, der ein Synonym f\u00fcr Professionalit\u00e4t ist.<\/span><\/span><\/p>\n<p><span style=\"vertical-align: inherit;\"><span style=\"vertical-align: inherit;\">Weckt der Duft von warmem Brioche, wenn Sie an einer Bar oder einer Konditorei vorbeigehen, nicht sofort das Verlangen zu essen? Ja!!! Und das ist der eigentliche Zweck!!! <\/span><\/span><\/p>\n<p><strong><span style=\"vertical-align: inherit;\">Beispiele f\u00fcr olfaktorisches Marketing:<\/span><\/strong><\/p>\n<p><span style=\"vertical-align: inherit;\"><span style=\"vertical-align: inherit;\">Viele Fluggesellschaften, wie z.B. Air France, British, verwenden spezielle D\u00fcfte an Bord, um die Luft atembarer, angenehmer und entspannender zu machen, ideal f\u00fcr diejenigen, die Flugangst haben.<\/span><\/span><\/p>\n<p><span style=\"vertical-align: inherit;\"><span style=\"vertical-align: inherit;\">Nicht zu vergessen die ber\u00fchmte kalifornische Ladenkette <\/span><\/span><a href=\"https:\/\/www.specialscentshop.com\/prodotto\/profumi-per-ambienti\/profumo-ambiente-woods\/\"><span style=\"vertical-align: inherit;\"><span style=\"vertical-align: inherit;\">Abercrombie<\/span><\/span><\/a><span style=\"vertical-align: inherit;\"><span style=\"vertical-align: inherit;\">an die sich die meisten von uns wegen des umh\u00fcllenden Dufts erinnern, der alle ihre L\u00e4den auf der ganzen Welt umgibt<\/span><\/span> Victoria&#8217;s Secret verwendet in seinen Gesch\u00e4ften spezielle D\u00fcfte, um eine luxuri\u00f6se und fesselnde Atmosph\u00e4re zu schaffen, die zu seiner Marke passt.[\/vc_column_text][\/vc_column][\/vc_row][vc_row equal_height=&#8221;yes&#8221; content_placement=&#8221;middle&#8221;][vc_column css=&#8221;.vc_custom_1659379583400{background-position: center !important;background-repeat: no-repeat !important;background-size: cover !important;}&#8221;][vc_custom_heading text=&#8221;Die olfaktorische Erinnerung an Ihr Unternehmen, die f\u00fcr Ihre Kunden unausl\u00f6schlich bleibt.&#8221; font_container=&#8221;tag:h4|font_size:24px|text_align:center|color:%239e29b5|line_height:30px&#8221; google_fonts=&#8221;font_family:Dosis%3A200%2C300%2Cregular%2C500%2C600%2C700%2C800|font_style:400%20regular%3A400%3Anormal&#8221; css=&#8221;.vc_custom_1718951120399{margin-bottom: 30px !important;padding-top: 5px !important;padding-bottom: 5px !important;}&#8221;][vc_column_text]<\/p>\n<p style=\"text-align: left;\">Wenden Sie sich an Special Scent f\u00fcr eine ausf\u00fchrliche Beratung \u00fcber Ihre Bed\u00fcrfnisse, denn jeder Produktbereich erfordert eine ma\u00dfgeschneiderte Olfactory Marketing L\u00f6sung.<\/p>\n<p style=\"text-align: left;\">Keine Sorge, egal ob Sie Manager eines Hotels, einer medizinischen Klinik, eines Gesch\u00e4fts, eines Freiberuflers, eines Catering-Unternehmens, einer B\u00e4ckerei, einer Konditorei, eines Spas oder eines Fitnessstudios sind, wir sind bereit, Sie zu Ihrer <strong>olfaktorischen Identit\u00e4t<\/strong> zu f\u00fchren.<\/p>\n<p>Scrollen Sie weiter und lesen Sie, wie viele <strong>Beispiele f\u00fcr\u00a0 DuftMarketing<\/strong> vorschlagen, um zu verstehen, dass wir die L\u00f6sung f\u00fcr Sie finden k\u00f6nnen.[\/vc_column_text][\/vc_column][\/vc_row][vc_row][vc_column][vc_empty_space height=&#8221;80px&#8221;][vc_column_text]<\/p>\n<h3 class=\"shortcode_title\" style=\"text-align: center;\">Beispiele f\u00fcr <span style=\"vertical-align: inherit;\"><strong>Duft<\/strong><\/span><strong><span style=\"vertical-align: inherit;\">mark<\/span><span style=\"vertical-align: inherit;\">eting<\/span><\/strong><\/h3>\n<p>[\/vc_column_text][vc_empty_space height=&#8221;20px&#8221;][\/vc_column][\/vc_row][vc_row][vc_column width=&#8221;1\/3&#8243;]<div id=\"gambit-hero-box-1\" class=\"hero-box hero-box-effect-sarah\" style=\"background-color: #000000; border-color:#000000; height: ;\"><figure class=\"hero-box-wrapper\"><div class=\"hero-box-img\" style=\"background-image: url(https:\/\/www.specialscentshop.com\/wp-content\/uploads\/2022\/08\/flyer-profumato.jpeg);\"><\/div><figcaption><div class=\"hero-box-text\"><h3 class=\"hero-box-title\" style=\"\">Duftende Flugbl\u00e4tter<\/h3><\/div><a href=\"https:\/\/www.specialscentshop.com\/de\/duftende-flugblaetter-und-broschueren\/\">View more<\/a><\/figcaption><\/figure><\/div>[vc_empty_space height=&#8221;10px&#8221;][vc_empty_space height=&#8221;10px&#8221;][\/vc_column][vc_column width=&#8221;1\/3&#8243;]<div id=\"gambit-hero-box-2\" class=\"hero-box hero-box-effect-sarah\" style=\"background-color: #000000; border-color:#000000; height: ;\"><figure class=\"hero-box-wrapper\"><div class=\"hero-box-img\" style=\"background-image: url(https:\/\/www.specialscentshop.com\/wp-content\/uploads\/2022\/08\/profumi-personalizzati.jpeg);\"><\/div><figcaption><div class=\"hero-box-text\"><h3 class=\"hero-box-title\" style=\"\">Ma\u00dfgeschneiderte D\u00fcfte<\/h3><\/div><a href=\"https:\/\/www.specialscentshop.com\/de\/personalisierte-raumduefte\/\">View more<\/a><\/figcaption><\/figure><\/div>[vc_empty_space height=&#8221;10px&#8221;][vc_empty_space height=&#8221;10px&#8221;][\/vc_column][vc_column width=&#8221;1\/3&#8243;]<div id=\"gambit-hero-box-3\" class=\"hero-box hero-box-effect-sarah\" style=\"background-color: #000000; border-color:#000000; height: ;\"><figure class=\"hero-box-wrapper\"><div class=\"hero-box-img\" style=\"background-image: url(https:\/\/www.specialscentshop.com\/wp-content\/uploads\/2022\/08\/Copia-di-immagini-varie-800-\u00d7-600-px-2022-08-19T193951.361.jpg);\"><\/div><figcaption><div class=\"hero-box-text\"><h3 class=\"hero-box-title\" style=\"\">H\u00f6flichkeitslinie<\/h3><\/div><a href=\"https:\/\/www.specialscentshop.com\/de\/personalisierte-hoeflichkeitslinie\/\">View more<\/a><\/figcaption><\/figure><\/div>[vc_empty_space height=&#8221;10px&#8221;][\/vc_column][\/vc_row][vc_row][vc_column width=&#8221;1\/2&#8243;]<div id=\"gambit-hero-box-4\" class=\"hero-box hero-box-effect-sarah\" style=\"background-color: #000000; border-color:#000000; height: ;\"><figure class=\"hero-box-wrapper\"><div class=\"hero-box-img\" style=\"background-image: url(https:\/\/www.specialscentshop.com\/wp-content\/uploads\/2022\/08\/buste-di-carta-profumate.jpeg);\"><\/div><figcaption><div class=\"hero-box-text\"><h3 class=\"hero-box-title\" style=\"\">Personalisierte Papierumschl\u00e4ge und Einkaufstaschen<\/h3><\/div><a href=\"https:\/\/www.specialscentshop.com\/de\/duftende-papierumschlaege-und-einkaufstaschen\/\">View more<\/a><\/figcaption><\/figure><\/div>[vc_empty_space height=&#8221;10px&#8221;][vc_empty_space height=&#8221;10px&#8221;][\/vc_column][vc_column width=&#8221;1\/2&#8243;]<div id=\"gambit-hero-box-5\" class=\"hero-box hero-box-effect-sarah\" style=\"background-color: #000000; border-color:#000000; height: ;\"><figure class=\"hero-box-wrapper\"><div class=\"hero-box-img\" style=\"background-image: url(https:\/\/www.specialscentshop.com\/wp-content\/uploads\/2022\/08\/Copia-di-immagini-varie-800-\u00d7-600-px-2022-08-19T200504.889.jpg);\"><\/div><figcaption><div class=\"hero-box-text\"><h3 class=\"hero-box-title\" style=\"\">Duftende Visitenkarten<\/h3><\/div><a href=\"https:\/\/www.specialscentshop.com\/de\/duftende-visitenkarten\/\">View more<\/a><\/figcaption><\/figure><\/div>[vc_empty_space height=&#8221;10px&#8221;][vc_empty_space height=&#8221;10px&#8221;][\/vc_column][\/vc_row][vc_row full_width=&#8221;stretch_row&#8221; equal_height=&#8221;yes&#8221; css=&#8221;.vc_custom_1659416441414{background-color: #e6e7f2 !important;}&#8221;][vc_column css=&#8221;.vc_custom_1485890321478{padding-right: 10% !important;}&#8221;][vc_empty_space height=&#8221;80px&#8221;][vc_custom_heading text=&#8221;Kontaktieren Sie uns f\u00fcr Informationen&#8221; font_container=&#8221;tag:h6|font_size:40px|text_align:left|color:%23333333|line_height:40px&#8221; use_theme_fonts=&#8221;yes&#8221;][vc_empty_space height=&#8221;30px&#8221;][\/vc_column][\/vc_row][vc_row full_width=&#8221;stretch_row&#8221; equal_height=&#8221;yes&#8221; css=&#8221;.vc_custom_1659416450215{background-color: #e6e7f2 !important;}&#8221;][vc_column width=&#8221;2\/3&#8243; css=&#8221;.vc_custom_1485890321478{padding-right: 10% !important;}&#8221;][vc_custom_heading text=&#8221;KONTAKTE&#8221; font_container=&#8221;tag:h2|font_size:33px|text_align:left|color:%23333333|line_height:40px&#8221; use_theme_fonts=&#8221;yes&#8221;][vc_custom_heading text=&#8221;F\u00dcLLEN SIE DIE ERFORDERLICHEN FELDER AUS&#8221; font_container=&#8221;tag:h4|font_size:26px|text_align:left|color:%23a8e8e2|line_height:30px&#8221; use_theme_fonts=&#8221;yes&#8221; css=&#8221;.vc_custom_1662663487819{margin-top: -10px !important;margin-bottom: 30px !important;}&#8221;]\n<div class=\"wpcf7 no-js\" id=\"wpcf7-f49145-o1\" lang=\"de-DE\" dir=\"ltr\" data-wpcf7-id=\"49145\">\n<div class=\"screen-reader-response\"><p role=\"status\" aria-live=\"polite\" aria-atomic=\"true\"><\/p> <ul><\/ul><\/div>\n<form action=\"\/de\/wp-json\/wp\/v2\/pages\/44725#wpcf7-f49145-o1\" method=\"post\" class=\"wpcf7-form init\" aria-label=\"Kontaktformular\" novalidate=\"novalidate\" data-status=\"init\">\n<fieldset class=\"hidden-fields-container\"><input type=\"hidden\" name=\"_wpcf7\" value=\"49145\" \/><input type=\"hidden\" name=\"_wpcf7_version\" value=\"6.1.5\" \/><input type=\"hidden\" name=\"_wpcf7_locale\" value=\"de_DE\" \/><input type=\"hidden\" name=\"_wpcf7_unit_tag\" value=\"wpcf7-f49145-o1\" \/><input type=\"hidden\" name=\"_wpcf7_container_post\" value=\"0\" \/><input type=\"hidden\" name=\"_wpcf7_posted_data_hash\" value=\"\" \/><input type=\"hidden\" name=\"_wpcf7_recaptcha_response\" value=\"\" \/>\n<\/fieldset>\n<div class=\"row\">\n\t<p><label>Name(obbligatorio)<\/label><span class=\"wpcf7-form-control-wrap\" data-name=\"your-name\"><input size=\"40\" maxlength=\"400\" class=\"wpcf7-form-control wpcf7-text wpcf7-validates-as-required\" aria-required=\"true\" aria-invalid=\"false\" value=\"\" type=\"text\" name=\"your-name\" \/><\/span>\n\t<\/p>\n\t<p><label>Email (obbligatorio)<\/label><span class=\"wpcf7-form-control-wrap\" data-name=\"your-email\"><input size=\"40\" maxlength=\"400\" class=\"wpcf7-form-control wpcf7-email wpcf7-validates-as-required wpcf7-text wpcf7-validates-as-email\" aria-required=\"true\" aria-invalid=\"false\" value=\"\" type=\"email\" name=\"your-email\" \/><\/span>\n\t<\/p>\n\t<p><label>Objekt<\/label><span class=\"wpcf7-form-control-wrap\" data-name=\"your-subject\"><input size=\"40\" maxlength=\"400\" class=\"wpcf7-form-control wpcf7-text\" aria-invalid=\"false\" value=\"\" type=\"text\" name=\"your-subject\" \/><\/span>\n\t<\/p>\n\t<p><label>Nachricht<\/label><span class=\"wpcf7-form-control-wrap\" data-name=\"your-message\"><textarea cols=\"40\" rows=\"10\" maxlength=\"2000\" class=\"wpcf7-form-control wpcf7-textarea\" aria-invalid=\"false\" name=\"your-message\"><\/textarea><\/span>\n\t<\/p>\n\n\t<p><input class=\"wpcf7-form-control wpcf7-submit has-spinner btn btn-color-primary\" type=\"submit\" value=\"NACHRICHT SENDEN\" \/>\n\t<\/p>\n<\/div><div class=\"wpcf7-response-output\" aria-hidden=\"true\"><\/div>\n<\/form>\n<\/div>\n[vc_empty_space height=&#8221;80px&#8221;][\/vc_column][vc_column width=&#8221;1\/3&#8243; css=&#8221;.vc_custom_1456090660314{padding-right: 15% !important;padding-left: 15% !important;background-color: #f5f5f5 !important;}&#8221;][vc_text_separator title=&#8221;BESONDERER DANK&#8221; title_align=&#8221;separator_align_left&#8221; align=&#8221;align_left&#8221; color=&#8221;custom&#8221; border_width=&#8221;3&#8243; accent_color=&#8221;#0091c6&#8243; css=&#8221;.vc_custom_1692717825362{margin-bottom: 30px !important;}&#8221;][vc_column_text]Special scent ist eine Marke der Smart Business Company Kft. Sie ist seit 2014 auf dem Markt der Raumbeduftung und des Duftmarketings pr\u00e4sent und verf\u00fcgt \u00fcber professionelle Vertriebspartner in verschiedenen Teilen Europas und im Nahen Osten. Unsere Parf\u00fcmeure verteilen D\u00fcfte durch ein fortschrittliches Zerst\u00e4ubungssystem, von kleineren R\u00e4umen, wie Autos, bis hin zu gr\u00f6\u00dferen R\u00e4umen, wie Hallen und Firmenb\u00fcros. Unser Unternehmen ist in der Lage, jeden speziellen Duftwunsch zu erf\u00fcllen, um ein angenehmes und einzigartiges Ambiente zu schaffen. Wellness-Zentren, Hotels, Wohnr\u00e4ume, Restaurants, B\u00fcros, Fitnessstudios und viele andere Orte k\u00f6nnen mit unseren D\u00fcften komplett renoviert werden. Alle unsere D\u00fcfte werden <strong>in Italien hergestellt<\/strong> <strong>und sind zertifiziert,<\/strong> ihre Qualit\u00e4t ist un\u00fcbertroffen. Das olfaktorische Erlebnis, das wir Ihnen bieten, ist eine echte Erinnerung, die sich in den K\u00f6pfen derjenigen einpr\u00e4gt, die unsere D\u00fcfte riechen.[\/vc_column_text][\/vc_column][\/vc_row][vc_row full_width=&#8221;stretch_row&#8221; equal_height=&#8221;yes&#8221; css=&#8221;.vc_custom_1670954511018{background-color: #e6e7f2 !important;}&#8221;][vc_column css=&#8221;.vc_custom_1485890321478{padding-right: 10% !important;}&#8221;][vc_empty_space height=&#8221;80px&#8221;][\/vc_column][\/vc_row]<\/p>\n<\/div>","protected":false},"excerpt":{"rendered":"<p>[vc_row equal_height=&#8221;yes&#8221; content_placement=&#8221;middle&#8221; css=&#8221;.vc_custom_1663841408546{margin-top: -40px !important;}&#8221;][vc_column css=&#8221;.vc_custom_1659379583400{background-position: center !important;background-repeat: no-repeat !important;background-size: cover !important;}&#8221;][vc_custom_heading text=&#8221;SPECIAL SCENT&#8221; font_container=&#8221;tag:h2|font_size:90px|text_align:center|color:rgba(38%2C141%2C193%2C0.19)|line_height:140px&#8221; google_fonts=&#8221;font_family:Oswald%3A300%2Cregular%2C700|font_style:700%20bold%20regular%3A700%3Anormal&#8221; css=&#8221;.vc_custom_1739858988082{margin-top: -40px !important;background-color: #ffffff !important;}&#8221;][vc_custom_heading text=&#8221;Haben Sie schon einmal ein Parf\u00fcm gerochen und es sofort mit einer vergangenen Erfahrung, einem Ort oder einem Moment assoziiert?&#8221; font_container=&#8221;tag:h4|font_size:24px|text_align:center|color:%239e29b5|line_height:30px&#8221; google_fonts=&#8221;font_family:Dosis%3A200%2C300%2Cregular%2C500%2C600%2C700%2C800|font_style:400%20regular%3A400%3Anormal&#8221; css=&#8221;.vc_custom_1691649563788{margin-bottom: 30px !important;padding-top: 5px !important;padding-bottom: 5px !important;}&#8221;][vc_column_text] Jedes Mal, wenn wir [&hellip;]<\/p>\n","protected":false},"author":5,"featured_media":0,"parent":0,"menu_order":0,"comment_status":"closed","ping_status":"closed","template":"","meta":{"_acf_changed":false,"footnotes":""},"class_list":["post-44725","page","type-page","status-publish","hentry"],"acf":[],"_links":{"self":[{"href":"https:\/\/www.specialscentshop.com\/de\/wp-json\/wp\/v2\/pages\/44725","targetHints":{"allow":["GET"]}}],"collection":[{"href":"https:\/\/www.specialscentshop.com\/de\/wp-json\/wp\/v2\/pages"}],"about":[{"href":"https:\/\/www.specialscentshop.com\/de\/wp-json\/wp\/v2\/types\/page"}],"author":[{"embeddable":true,"href":"https:\/\/www.specialscentshop.com\/de\/wp-json\/wp\/v2\/users\/5"}],"replies":[{"embeddable":true,"href":"https:\/\/www.specialscentshop.com\/de\/wp-json\/wp\/v2\/comments?post=44725"}],"version-history":[{"count":0,"href":"https:\/\/www.specialscentshop.com\/de\/wp-json\/wp\/v2\/pages\/44725\/revisions"}],"wp:attachment":[{"href":"https:\/\/www.specialscentshop.com\/de\/wp-json\/wp\/v2\/media?parent=44725"}],"curies":[{"name":"wp","href":"https:\/\/api.w.org\/{rel}","templated":true}]}}