{"id":44752,"date":"2022-08-02T08:58:16","date_gmt":"2022-08-02T06:58:16","guid":{"rendered":"https:\/\/www.specialscentshop.com\/personalisierte-hoeflichkeitslinie\/"},"modified":"2026-04-09T09:20:49","modified_gmt":"2026-04-09T07:20:49","slug":"personalisierte-hoeflichkeitslinie","status":"publish","type":"page","link":"https:\/\/www.specialscentshop.com\/de\/personalisierte-hoeflichkeitslinie\/","title":{"rendered":"Personalisierte H\u00f6flichkeitslinie"},"content":{"rendered":"<div class=\"wpb-content-wrapper\"><p>[vc_row full_width=&#8221;stretch_row_content&#8221; equal_height=&#8221;yes&#8221; content_placement=&#8221;middle&#8221;][vc_column css=&#8221;.vc_custom_1754665271800{background-image: url(https:\/\/www.specialscentshop.com\/wp-content\/uploads\/2025\/08\/Linea-cortesia-pensata-per-il-tuo-marketing.jpg?id=47405) !important;background-position: center !important;background-repeat: no-repeat !important;background-size: cover !important;}&#8221; offset=&#8221;vc_col-lg-6 vc_col-md-6 vc_hidden-sm vc_hidden-xs&#8221;][vc_empty_space height=&#8221;500px&#8221;][\/vc_column][vc_column css=&#8221;.vc_custom_1485266194533{padding-right: 10% !important;padding-left: 10% !important;background-color: #f3f3f3 !important;}&#8221; offset=&#8221;vc_col-lg-6 vc_col-md-6&#8243;][vc_empty_space height=&#8221;40px&#8221;][vc_column_text]<\/p>\n<h3>Entwickelt f\u00fcr Sie und Ihre Kunden<\/h3>\n<p>Dank der ma\u00dfgeschneiderten D\u00fcfte, die f\u00fcr jede Art von Umgebung kreiert und entworfen wurden, hat Special Scent, das auf die Bed\u00fcrfnisse seiner Kunden achtet, eine ma\u00dfgeschneiderte H\u00f6flichkeitslinie entwickelt. Produkte, die den Aufenthalt Ihrer G\u00e4ste angenehm und unvergesslich machen sollen. Ein Parf\u00fcm bleibt mehr in Erinnerung als eine Geste. Hochwertige K\u00f6rperpflegeprodukte: <strong>Seifen, Bade- und Duschgels, Shampoos<\/strong>, mit Ihrem pers\u00f6nlichen Lieblingsparf\u00fcm, das dasselbe sein kann wie das von Ihren <strong>Hotelparf\u00fcmzerst\u00e4ubern<\/strong> abgegebene.[\/vc_column_text][vc_empty_space height=&#8221;40px&#8221;][\/vc_column][\/vc_row][vc_row full_width=&#8221;stretch_row_content&#8221; equal_height=&#8221;yes&#8221; content_placement=&#8221;middle&#8221;][vc_column css=&#8221;.vc_custom_1485266194533{padding-right: 10% !important;padding-left: 10% !important;background-color: #f3f3f3 !important;}&#8221; offset=&#8221;vc_col-lg-6 vc_col-md-6&#8243;][vc_empty_space height=&#8221;20px&#8221;][vc_column_text]<\/p>\n<h3>Die neue Marketing-Grenze<\/h3>\n<p>Hotels, Spas und Wellness-Zentren, die etwas auf sich halten, m\u00fcssen den Komfort f\u00fcr ihre Kunden in den Vordergrund stellen und qualitativ hochwertige Produkte anbieten k\u00f6nnen.<br \/>\nJe mehr Aufmerksamkeit Sie den Details widmen, desto besser wird der Aufenthalt Ihrer G\u00e4ste sein. Genau aus diesem Grund wollte Special Scent eine<strong>Courtesy Line<\/strong> kreieren, deren Ziel es ist, mehr als jede Marketingaktion zu \u00fcberraschen, zu faszinieren und Spuren zu hinterlassen. Kundenbindung durch Geruchserinnerung ist definitiv wertvoller als jede andere Strategie.[\/vc_column_text][\/vc_column][vc_column css=&#8221;.vc_custom_1754665341654{padding-top: -40px !important;background-image: url(https:\/\/www.specialscentshop.com\/wp-content\/uploads\/2025\/08\/La-nuova-frontiera-del-Marketing-olfattivo.jpg?id=47372) !important;background-position: center !important;background-repeat: no-repeat !important;background-size: cover !important;}&#8221; offset=&#8221;vc_col-lg-6 vc_col-md-6 vc_hidden-sm vc_hidden-xs&#8221;][vc_empty_space height=&#8221;500px&#8221;][\/vc_column][\/vc_row][vc_row full_width=&#8221;stretch_row_content&#8221; equal_height=&#8221;yes&#8221; content_placement=&#8221;middle&#8221;][vc_column css=&#8221;.vc_custom_1754665404886{background-image: url(https:\/\/www.specialscentshop.com\/wp-content\/uploads\/2025\/08\/Prodotti-personalizzati-per-una-struttura-alberghiera-al-top.jpg?id=47394) !important;background-position: center !important;background-repeat: no-repeat !important;background-size: cover !important;}&#8221; offset=&#8221;vc_col-lg-6 vc_col-md-6 vc_hidden-sm vc_hidden-xs&#8221;][vc_empty_space height=&#8221;500px&#8221;][\/vc_column][vc_column css=&#8221;.vc_custom_1485266194533{padding-right: 10% !important;padding-left: 10% !important;background-color: #f3f3f3 !important;}&#8221; offset=&#8221;vc_col-lg-6 vc_col-md-6&#8243;][vc_empty_space height=&#8221;80px&#8221;][vc_column_text]<\/p>\n<h2>Eine personalisierte H\u00f6flichkeitslinie, die Ihnen das Gef\u00fchl gibt, ganz oben zu sein<\/h2>\n<p>Unser Unternehmen ist in der Lage, jeden speziellen Duftwunsch zu erf\u00fcllen, um ein angenehmes und einzigartiges Ambiente zu schaffen. Nicht nur f\u00fcr Hotels, sondern auch f\u00fcr Ihre Kunden kann unsere <strong>Duftlinie<\/strong> zu einem besonderen Geschenk werden. Ein <strong>personalisiertes<\/strong> Duftset mit Ihrem Duft. Bieten Sie ihnen ein exklusives, in Italien hergestelltes und streng zertifiziertes Produkt von un\u00fcbertroffener Qualit\u00e4t.<br \/>\nD <strong>as Dufterlebnis<\/strong>, das wir anbieten, ist eine echte Erinnerung, die im Ged\u00e4chtnis bleibt und die Sie kaum vergessen werden. Unendliche Anpassungsm\u00f6glichkeiten, um Ihre Courtesy Line einzigartig zu machen[\/vc_column_text][vc_empty_space height=&#8221;80px&#8221;][\/vc_column][\/vc_row][vc_row full_width=&#8221;stretch_row&#8221; equal_height=&#8221;yes&#8221; css=&#8221;.vc_custom_1659416441414{background-color: #e6e7f2 !important;}&#8221;][vc_column css=&#8221;.vc_custom_1485890321478{padding-right: 10% !important;}&#8221;][vc_empty_space height=&#8221;80px&#8221;][vc_custom_heading text=&#8221;Fragen Sie nach Ihrer ma\u00dfgeschneiderten H\u00f6flichkeitslinie&#8221; font_container=&#8221;tag:h2|font_size:40px|text_align:left|color:%23333333|line_height:40px&#8221; use_theme_fonts=&#8221;yes&#8221;][vc_empty_space height=&#8221;30px&#8221;][\/vc_column][\/vc_row][vc_row full_width=&#8221;stretch_row&#8221; equal_height=&#8221;yes&#8221; css=&#8221;.vc_custom_1659416450215{background-color: #e6e7f2 !important;}&#8221;][vc_column width=&#8221;2\/3&#8243; css=&#8221;.vc_custom_1485890321478{padding-right: 10% !important;}&#8221;][vc_custom_heading text=&#8221;KONTAKT US&#8221; font_container=&#8221;tag:h2|font_size:33px|text_align:left|color:%23333333|line_height:40px&#8221; use_theme_fonts=&#8221;yes&#8221;][vc_custom_heading text=&#8221;KONTAKTIEREN SIE UNS&#8221; font_container=&#8221;tag:h4|font_size:26px|text_align:left|color:%23a8e8e2|line_height:30px&#8221; use_theme_fonts=&#8221;yes&#8221; css=&#8221;.vc_custom_1485270348103{margin-top: -10px !important;margin-bottom: 30px !important;}&#8221;]\n<div class=\"wpcf7 no-js\" id=\"wpcf7-f49145-o1\" lang=\"de-DE\" dir=\"ltr\" data-wpcf7-id=\"49145\">\n<div class=\"screen-reader-response\"><p role=\"status\" aria-live=\"polite\" aria-atomic=\"true\"><\/p> <ul><\/ul><\/div>\n<form action=\"\/de\/wp-json\/wp\/v2\/pages\/44752#wpcf7-f49145-o1\" method=\"post\" class=\"wpcf7-form init\" aria-label=\"Kontaktformular\" novalidate=\"novalidate\" data-status=\"init\">\n<fieldset class=\"hidden-fields-container\"><input type=\"hidden\" name=\"_wpcf7\" value=\"49145\" \/><input type=\"hidden\" name=\"_wpcf7_version\" value=\"6.1.5\" \/><input type=\"hidden\" name=\"_wpcf7_locale\" value=\"de_DE\" \/><input type=\"hidden\" name=\"_wpcf7_unit_tag\" value=\"wpcf7-f49145-o1\" \/><input type=\"hidden\" name=\"_wpcf7_container_post\" value=\"0\" \/><input type=\"hidden\" name=\"_wpcf7_posted_data_hash\" value=\"\" \/><input type=\"hidden\" name=\"_wpcf7_recaptcha_response\" value=\"\" \/>\n<\/fieldset>\n<div class=\"row\">\n\t<p><label>Name(obbligatorio)<\/label><span class=\"wpcf7-form-control-wrap\" data-name=\"your-name\"><input size=\"40\" maxlength=\"400\" class=\"wpcf7-form-control wpcf7-text wpcf7-validates-as-required\" aria-required=\"true\" aria-invalid=\"false\" value=\"\" type=\"text\" name=\"your-name\" \/><\/span>\n\t<\/p>\n\t<p><label>Email (obbligatorio)<\/label><span class=\"wpcf7-form-control-wrap\" data-name=\"your-email\"><input size=\"40\" maxlength=\"400\" class=\"wpcf7-form-control wpcf7-email wpcf7-validates-as-required wpcf7-text wpcf7-validates-as-email\" aria-required=\"true\" aria-invalid=\"false\" value=\"\" type=\"email\" name=\"your-email\" \/><\/span>\n\t<\/p>\n\t<p><label>Objekt<\/label><span class=\"wpcf7-form-control-wrap\" data-name=\"your-subject\"><input size=\"40\" maxlength=\"400\" class=\"wpcf7-form-control wpcf7-text\" aria-invalid=\"false\" value=\"\" type=\"text\" name=\"your-subject\" \/><\/span>\n\t<\/p>\n\t<p><label>Nachricht<\/label><span class=\"wpcf7-form-control-wrap\" data-name=\"your-message\"><textarea cols=\"40\" rows=\"10\" maxlength=\"2000\" class=\"wpcf7-form-control wpcf7-textarea\" aria-invalid=\"false\" name=\"your-message\"><\/textarea><\/span>\n\t<\/p>\n\n\t<p><input class=\"wpcf7-form-control wpcf7-submit has-spinner btn btn-color-primary\" type=\"submit\" value=\"NACHRICHT SENDEN\" \/>\n\t<\/p>\n<\/div><div class=\"wpcf7-response-output\" aria-hidden=\"true\"><\/div>\n<\/form>\n<\/div>\n[vc_empty_space height=&#8221;80px&#8221;][\/vc_column][vc_column width=&#8221;1\/3&#8243; css=&#8221;.vc_custom_1456090660314{padding-right: 15% !important;padding-left: 15% !important;background-color: #f5f5f5 !important;}&#8221;][vc_text_separator title=&#8221;SPECIAL SCENT&#8221; title_align=&#8221;separator_align_left&#8221; align=&#8221;align_left&#8221; color=&#8221;custom&#8221; border_width=&#8221;3&#8243; accent_color=&#8221;#0091c6&#8243; css=&#8221;.vc_custom_1744914400104{margin-bottom: 30px !important;}&#8221;][vc_column_text]Special scent ist eine Marke der Smart Business Company Kft mit Sitz und Ausstellungsraum in Budapest, Adresse in der Beschreibung. Wir sind seit 2014 auf dem Markt f\u00fcr Parf\u00fcm und Duftmarketing t\u00e4tig und haben mehrere Vertriebspartner in verschiedenen Teilen Europas und im Nahen Osten. Unsere Parf\u00fcmeure verbreiten D\u00fcfte durch ein fortschrittliches Zerst\u00e4ubungssystem, von kleineren R\u00e4umen wie Autos bis hin zu gr\u00f6\u00dferen R\u00e4umen wie Hallen und Firmenb\u00fcros. Unser Unternehmen ist in der Lage, jeden besonderen Duftwunsch zu erf\u00fcllen, um ein angenehmes und einzigartiges Ambiente zu schaffen. Wellness-Zentren, Hotels, Wohnr\u00e4ume, Restaurants, B\u00fcros, Fitnessstudios und viele andere Orte k\u00f6nnen mit unseren D\u00fcften komplett renoviert werden. Alle unsere D\u00fcfte werden <strong>in Italien hergestellt<\/strong> <strong>und sind zertifiziert,<\/strong> ihre Qualit\u00e4t ist un\u00fcbertroffen. Das Dufterlebnis, das wir Ihnen bieten, ist eine echte Erinnerung, die sich in den K\u00f6pfen derjenigen einpr\u00e4gt, die unsere D\u00fcfte riechen.[\/vc_column_text][\/vc_column][\/vc_row][vc_row full_width=&#8221;stretch_row&#8221; equal_height=&#8221;yes&#8221; css=&#8221;.vc_custom_1659416441414{background-color: #e6e7f2 !important;}&#8221;][vc_column css=&#8221;.vc_custom_1485890321478{padding-right: 10% !important;}&#8221;][vc_empty_space height=&#8221;80px&#8221;][\/vc_column][\/vc_row]<\/p>\n<\/div>","protected":false},"excerpt":{"rendered":"<p>[vc_row full_width=&#8221;stretch_row_content&#8221; equal_height=&#8221;yes&#8221; content_placement=&#8221;middle&#8221;][vc_column css=&#8221;.vc_custom_1754665271800{background-image: url(https:\/\/www.specialscentshop.com\/wp-content\/uploads\/2025\/08\/Linea-cortesia-pensata-per-il-tuo-marketing.jpg?id=47405) !important;background-position: center !important;background-repeat: no-repeat !important;background-size: cover !important;}&#8221; offset=&#8221;vc_col-lg-6 vc_col-md-6 vc_hidden-sm vc_hidden-xs&#8221;][vc_empty_space height=&#8221;500px&#8221;][\/vc_column][vc_column css=&#8221;.vc_custom_1485266194533{padding-right: 10% !important;padding-left: 10% !important;background-color: #f3f3f3 !important;}&#8221; offset=&#8221;vc_col-lg-6 vc_col-md-6&#8243;][vc_empty_space height=&#8221;40px&#8221;][vc_column_text] Entwickelt f\u00fcr Sie und Ihre Kunden Dank der ma\u00dfgeschneiderten D\u00fcfte, die f\u00fcr jede Art von Umgebung kreiert und entworfen wurden, hat Special Scent, das auf die Bed\u00fcrfnisse [&hellip;]<\/p>\n","protected":false},"author":5,"featured_media":42872,"parent":0,"menu_order":0,"comment_status":"closed","ping_status":"closed","template":"","meta":{"_acf_changed":false,"footnotes":""},"class_list":["post-44752","page","type-page","status-publish","has-post-thumbnail","hentry"],"acf":[],"_links":{"self":[{"href":"https:\/\/www.specialscentshop.com\/de\/wp-json\/wp\/v2\/pages\/44752","targetHints":{"allow":["GET"]}}],"collection":[{"href":"https:\/\/www.specialscentshop.com\/de\/wp-json\/wp\/v2\/pages"}],"about":[{"href":"https:\/\/www.specialscentshop.com\/de\/wp-json\/wp\/v2\/types\/page"}],"author":[{"embeddable":true,"href":"https:\/\/www.specialscentshop.com\/de\/wp-json\/wp\/v2\/users\/5"}],"replies":[{"embeddable":true,"href":"https:\/\/www.specialscentshop.com\/de\/wp-json\/wp\/v2\/comments?post=44752"}],"version-history":[{"count":1,"href":"https:\/\/www.specialscentshop.com\/de\/wp-json\/wp\/v2\/pages\/44752\/revisions"}],"predecessor-version":[{"id":50504,"href":"https:\/\/www.specialscentshop.com\/de\/wp-json\/wp\/v2\/pages\/44752\/revisions\/50504"}],"wp:featuredmedia":[{"embeddable":true,"href":"https:\/\/www.specialscentshop.com\/de\/wp-json\/wp\/v2\/media\/42872"}],"wp:attachment":[{"href":"https:\/\/www.specialscentshop.com\/de\/wp-json\/wp\/v2\/media?parent=44752"}],"curies":[{"name":"wp","href":"https:\/\/api.w.org\/{rel}","templated":true}]}}