{"id":44763,"date":"2022-08-02T08:46:29","date_gmt":"2022-08-02T06:46:29","guid":{"rendered":"https:\/\/www.specialscentshop.com\/personalisierte-raumduefte\/"},"modified":"2026-04-09T09:20:47","modified_gmt":"2026-04-09T07:20:47","slug":"personalisierte-raumduefte","status":"publish","type":"page","link":"https:\/\/www.specialscentshop.com\/de\/personalisierte-raumduefte\/","title":{"rendered":"Personalisierte Raumd\u00fcfte"},"content":{"rendered":"<div class=\"wpb-content-wrapper\"><p>[vc_row full_width=&#8221;stretch_row_content&#8221; equal_height=&#8221;yes&#8221; content_placement=&#8221;middle&#8221;][vc_column css=&#8221;.vc_custom_1659422656713{background-image: url(https:\/\/www.specialscentshop.com\/wp-content\/uploads\/2022\/08\/profumi-personalizzati.jpeg?id=34251) !important;background-position: center !important;background-repeat: no-repeat !important;background-size: cover !important;}&#8221; offset=&#8221;vc_col-lg-6 vc_col-md-6&#8243;][vc_empty_space height=&#8221;500px&#8221;][\/vc_column][vc_column css=&#8221;.vc_custom_1485266194533{padding-right: 10% !important;padding-left: 10% !important;background-color: #f3f3f3 !important;}&#8221; offset=&#8221;vc_col-lg-6 vc_col-md-6&#8243;][vc_empty_space height=&#8221;40px&#8221;][vc_column_text]<\/p>\n<h2>Ma\u00dfgeschneiderte Raumd\u00fcfte f\u00fcr Unternehmen<\/h2>\n<p>Wir k\u00f6nnen <a href=\"https:\/\/it.wikipedia.org\/wiki\/Progettista_di_fragranze\" target=\"_blank\" rel=\"noopener\">Ihr pers\u00f6nliches Parf\u00fcm kreieren<\/a>. Dasjenige, das Sie von allen anderen unterscheiden wird. Auf der Grundlage Ihrer Marke, Ihres Standorts und Ihrer Pers\u00f6nlichkeit k\u00f6nnen Sie Ihren Duft in der Luft riechen, tragen oder tragen lassen &#8211; ein einzigartiges Dufterlebnis. Von Ihrem beruflichen Umfeld bis zu Ihrem Zuhause, von Ihrer <a href=\"https:\/\/www.specialscentshop.com\/de\/duftende-papierumschlaege-und-einkaufstaschen\/\">pers\u00f6nlichen Tasche<\/a> bis zu Ihrem Auto, von Ihrer <a href=\"https:\/\/www.specialscentshop.com\/de\/duftende-visitenkarten\/\">Visitenkarte<\/a> bis zu Ihrem Gadget &#8211; Sie werden \u00fcberall und in jeder Situation erkennbar sein. Mit uns k\u00f6nnen Sie jedes <strong>Parf\u00fcm<\/strong> kreieren, das Sie w\u00fcnschen. Sie k\u00f6nnen im Laufe der Zeit die Gr\u00f6\u00dfe \u00e4ndern, aber Ihr Stil wird immer unverwechselbar sein.<br \/>\nUmfangreiche Studien haben best\u00e4tigt, wie wichtig D\u00fcfte heute f\u00fcr eine gute Kommunikation sind. Jedes Produkt ist ausschlie\u00dflich MADE IN ITALY<\/p>\n<p><strong>Unsere Experten stehen Ihnen zur Verf\u00fcgung, um den Duft auszuw\u00e4hlen, der Sie am besten repr\u00e4sentiert.<\/strong>[\/vc_column_text][vc_empty_space height=&#8221;40px&#8221;][\/vc_column][\/vc_row][vc_row full_width=&#8221;stretch_row_content&#8221; equal_height=&#8221;yes&#8221; content_placement=&#8221;middle&#8221;][vc_column css=&#8221;.vc_custom_1485266194533{padding-right: 10% !important;padding-left: 10% !important;background-color: #f3f3f3 !important;}&#8221; offset=&#8221;vc_col-lg-6 vc_col-md-6&#8243;][vc_empty_space height=&#8221;80px&#8221;][vc_column_text]<\/p>\n<h3>Ein personalisierter Duft<\/h3>\n<p>ist nicht nur f\u00fcr Ihr Unternehmen und Ihr berufliches Image geeignet, sondern kann Sie auch im Alltag begleiten. Ein perfektes Geschenk f\u00fcr einen Freund, ein Gala-Abend in Ihrem Lieblingshaus oder an Ihrem Lieblingsort, eine Familienfeier. Der Mechanismus des <strong>olfaktorischen Ged\u00e4chtnisses<\/strong> gilt als einer der pr\u00e4gnantesten, der mit den 5 Sinnen zusammenh\u00e4ngt. <strong>D\u00fcfte und Ger\u00fcche<\/strong>, die uns in die Kindheit oder zu einem Gef\u00fchl zur\u00fcckf\u00fchren. D\u00fcfte, die Erinnerungen ausl\u00f6sen. Der Vorteil? Das olfaktorische Ged\u00e4chtnis verblasst nie. Seine St\u00e4rke und Intensit\u00e4t in der Erinnerung h\u00e4ngt nat\u00fcrlich davon ab, wie viel Einfluss und Bedeutung es in Ihrem Leben hatte.[\/vc_column_text][vc_empty_space height=&#8221;80px&#8221;][\/vc_column][vc_column css=&#8221;.vc_custom_1659713083254{background-image: url(https:\/\/www.specialscentshop.com\/wp-content\/uploads\/2022\/08\/immagini-varie-1920&#215;1280-15.jpg?id=34794) !important;background-position: center !important;background-repeat: no-repeat !important;background-size: cover !important;}&#8221; offset=&#8221;vc_col-lg-6 vc_col-md-6&#8243;][vc_empty_space height=&#8221;500px&#8221;][\/vc_column][\/vc_row][vc_row full_width=&#8221;stretch_row_content&#8221; equal_height=&#8221;yes&#8221; content_placement=&#8221;middle&#8221;][vc_column css=&#8221;.vc_custom_1660044123340{background-image: url(https:\/\/www.specialscentshop.com\/wp-content\/uploads\/2022\/08\/immagini-varie-4.jpg?id=34688) !important;background-position: center !important;background-repeat: no-repeat !important;background-size: cover !important;}&#8221; offset=&#8221;vc_col-lg-6 vc_col-md-6&#8243;][vc_empty_space height=&#8221;500px&#8221;][\/vc_column][vc_column css=&#8221;.vc_custom_1485266194533{padding-right: 10% !important;padding-left: 10% !important;background-color: #f3f3f3 !important;}&#8221; offset=&#8221;vc_col-lg-6 vc_col-md-6&#8243;][vc_empty_space height=&#8221;40px&#8221;][vc_column_text]<\/p>\n<h1>Personalisierte Raumd\u00fcfte<\/h1>\n<p>Special Scent bietet Ihnen die M\u00f6glichkeit, das Beste daraus zu machen, indem Sie die Erinnerung in den K\u00f6pfen und Herzen Ihrer Kunden unausl\u00f6schlich machen.<br \/>\nEine entspannende Massage im SPA, ein angenehmer Aufenthalt im Hotel, ein verf\u00fchrerisches Abendessen, das in Ihr typisches Aroma getaucht ist &#8211; was k\u00f6nnte einzigartiger sein? Das<strong>olfaktorische Ged\u00e4chtnis<\/strong> steht im Mittelpunkt der heutigen <a href=\"https:\/\/www.specialscentshop.com\/de\/olfaktorisches-marketing\/\">Marketingstrategie f\u00fcr D\u00fcfte<\/a>.<\/p>\n<p>Ziel: Ihr <strong>pers\u00f6nlicher Duft<\/strong> wird mit Ihnen und niemandem sonst in Verbindung gebracht Innovative Marketingstrategie Bleiben Sie in der Erinnerung von Kunden und Freunden Erneuertes Ambiente mit einem neuen Duft Drehen Sie Ihr Leben, Ihre Marke und Ihr Unternehmen um[\/vc_column_text][vc_empty_space height=&#8221;40px&#8221;][\/vc_column][\/vc_row][vc_row full_width=&#8221;stretch_row&#8221; equal_height=&#8221;yes&#8221; css=&#8221;.vc_custom_1659416441414{background-color: #e6e7f2 !important;}&#8221;][vc_column css=&#8221;.vc_custom_1485890321478{padding-right: 10% !important;}&#8221;][vc_empty_space height=&#8221;80px&#8221;][vc_custom_heading text=&#8221;Kontaktieren Sie uns, unser Personal steht Ihnen zur Verf\u00fcgung&#8221; font_container=&#8221;tag:h2|font_size:40px|text_align:left|color:%23333333|line_height:40px&#8221; use_theme_fonts=&#8221;yes&#8221;][vc_empty_space height=&#8221;30px&#8221;][\/vc_column][\/vc_row][vc_row full_width=&#8221;stretch_row&#8221; equal_height=&#8221;yes&#8221; css=&#8221;.vc_custom_1659416450215{background-color: #e6e7f2 !important;}&#8221;][vc_column width=&#8221;2\/3&#8243; css=&#8221;.vc_custom_1485890321478{padding-right: 10% !important;}&#8221;][vc_custom_heading text=&#8221;KONTAKT US&#8221; font_container=&#8221;tag:h2|font_size:33px|text_align:left|color:%23333333|line_height:40px&#8221; use_theme_fonts=&#8221;yes&#8221;][vc_custom_heading text=&#8221;KONTAKTIEREN SIE UNS&#8221; font_container=&#8221;tag:h4|font_size:26px|text_align:left|color:%23a8e8e2|line_height:30px&#8221; use_theme_fonts=&#8221;yes&#8221; css=&#8221;.vc_custom_1485270348103{margin-top: -10px !important;margin-bottom: 30px !important;}&#8221;]\n<div class=\"wpcf7 no-js\" id=\"wpcf7-f49145-o1\" lang=\"de-DE\" dir=\"ltr\" data-wpcf7-id=\"49145\">\n<div class=\"screen-reader-response\"><p role=\"status\" aria-live=\"polite\" aria-atomic=\"true\"><\/p> <ul><\/ul><\/div>\n<form action=\"\/de\/wp-json\/wp\/v2\/pages\/44763#wpcf7-f49145-o1\" method=\"post\" class=\"wpcf7-form init\" aria-label=\"Kontaktformular\" novalidate=\"novalidate\" data-status=\"init\">\n<fieldset class=\"hidden-fields-container\"><input type=\"hidden\" name=\"_wpcf7\" value=\"49145\" \/><input type=\"hidden\" name=\"_wpcf7_version\" value=\"6.1.5\" \/><input type=\"hidden\" name=\"_wpcf7_locale\" value=\"de_DE\" \/><input type=\"hidden\" name=\"_wpcf7_unit_tag\" value=\"wpcf7-f49145-o1\" \/><input type=\"hidden\" name=\"_wpcf7_container_post\" value=\"0\" \/><input type=\"hidden\" name=\"_wpcf7_posted_data_hash\" value=\"\" \/><input type=\"hidden\" name=\"_wpcf7_recaptcha_response\" value=\"\" \/>\n<\/fieldset>\n<div class=\"row\">\n\t<p><label>Name(obbligatorio)<\/label><span class=\"wpcf7-form-control-wrap\" data-name=\"your-name\"><input size=\"40\" maxlength=\"400\" class=\"wpcf7-form-control wpcf7-text wpcf7-validates-as-required\" aria-required=\"true\" aria-invalid=\"false\" value=\"\" type=\"text\" name=\"your-name\" \/><\/span>\n\t<\/p>\n\t<p><label>Email (obbligatorio)<\/label><span class=\"wpcf7-form-control-wrap\" data-name=\"your-email\"><input size=\"40\" maxlength=\"400\" class=\"wpcf7-form-control wpcf7-email wpcf7-validates-as-required wpcf7-text wpcf7-validates-as-email\" aria-required=\"true\" aria-invalid=\"false\" value=\"\" type=\"email\" name=\"your-email\" \/><\/span>\n\t<\/p>\n\t<p><label>Objekt<\/label><span class=\"wpcf7-form-control-wrap\" data-name=\"your-subject\"><input size=\"40\" maxlength=\"400\" class=\"wpcf7-form-control wpcf7-text\" aria-invalid=\"false\" value=\"\" type=\"text\" name=\"your-subject\" \/><\/span>\n\t<\/p>\n\t<p><label>Nachricht<\/label><span class=\"wpcf7-form-control-wrap\" data-name=\"your-message\"><textarea cols=\"40\" rows=\"10\" maxlength=\"2000\" class=\"wpcf7-form-control wpcf7-textarea\" aria-invalid=\"false\" name=\"your-message\"><\/textarea><\/span>\n\t<\/p>\n\n\t<p><input class=\"wpcf7-form-control wpcf7-submit has-spinner btn btn-color-primary\" type=\"submit\" value=\"NACHRICHT SENDEN\" \/>\n\t<\/p>\n<\/div><div class=\"wpcf7-response-output\" aria-hidden=\"true\"><\/div>\n<\/form>\n<\/div>\n[vc_empty_space height=&#8221;80px&#8221;][\/vc_column][vc_column width=&#8221;1\/3&#8243; css=&#8221;.vc_custom_1456090660314{padding-right: 15% !important;padding-left: 15% !important;background-color: #f5f5f5 !important;}&#8221;][vc_text_separator title=&#8221;BESONDERER DANK&#8221; title_align=&#8221;separator_align_left&#8221; align=&#8221;align_left&#8221; color=&#8221;custom&#8221; border_width=&#8221;3&#8243; accent_color=&#8221;#0091c6&#8243; css=&#8221;.vc_custom_1691823499845{margin-bottom: 30px !important;}&#8221;][vc_column_text]Special Scent ist eine Marke der Smart Business Company Kft. Sie ist seit 2014 auf dem Markt f\u00fcr Parf\u00fcm und Duftmarketing pr\u00e4sent und hat mehrere Vertriebspartner in verschiedenen Teilen Europas und im Nahen Osten. Unsere Parf\u00fcmeure verbreiten D\u00fcfte durch ein fortschrittliches Zerst\u00e4ubungssystem, von kleineren R\u00e4umen wie Autos bis hin zu gr\u00f6\u00dferen R\u00e4umen wie Hallen und Firmenb\u00fcros. Unser Unternehmen ist in der Lage, jeden besonderen Duftwunsch zu erf\u00fcllen, um ein angenehmes und einzigartiges Ambiente zu schaffen. Wellness-Zentren, Hotels, Wohnr\u00e4ume, Restaurants, B\u00fcros, Fitnessstudios und viele andere Orte k\u00f6nnen mit unseren D\u00fcften komplett renoviert werden. Alle unsere D\u00fcfte werden <strong>in Italien hergestellt<\/strong> <strong>und sind zertifiziert,<\/strong> ihre Qualit\u00e4t ist un\u00fcbertroffen. Das Dufterlebnis, das wir Ihnen bieten, ist eine echte Erinnerung, die sich in den K\u00f6pfen derjenigen einpr\u00e4gt, die unsere D\u00fcfte riechen.[\/vc_column_text][\/vc_column][\/vc_row][vc_row full_width=&#8221;stretch_row&#8221; equal_height=&#8221;yes&#8221; css=&#8221;.vc_custom_1659416441414{background-color: #e6e7f2 !important;}&#8221;][vc_column css=&#8221;.vc_custom_1485890321478{padding-right: 10% !important;}&#8221;][vc_empty_space height=&#8221;80px&#8221;][\/vc_column][\/vc_row]<\/p>\n<\/div>","protected":false},"excerpt":{"rendered":"<p>[vc_row full_width=&#8221;stretch_row_content&#8221; equal_height=&#8221;yes&#8221; content_placement=&#8221;middle&#8221;][vc_column css=&#8221;.vc_custom_1659422656713{background-image: url(https:\/\/www.specialscentshop.com\/wp-content\/uploads\/2022\/08\/profumi-personalizzati.jpeg?id=34251) !important;background-position: center !important;background-repeat: no-repeat !important;background-size: cover !important;}&#8221; offset=&#8221;vc_col-lg-6 vc_col-md-6&#8243;][vc_empty_space height=&#8221;500px&#8221;][\/vc_column][vc_column css=&#8221;.vc_custom_1485266194533{padding-right: 10% !important;padding-left: 10% !important;background-color: #f3f3f3 !important;}&#8221; offset=&#8221;vc_col-lg-6 vc_col-md-6&#8243;][vc_empty_space height=&#8221;40px&#8221;][vc_column_text] Ma\u00dfgeschneiderte Raumd\u00fcfte f\u00fcr Unternehmen Wir k\u00f6nnen Ihr pers\u00f6nliches Parf\u00fcm kreieren. Dasjenige, das Sie von allen anderen unterscheiden wird. Auf der Grundlage Ihrer Marke, Ihres Standorts und Ihrer Pers\u00f6nlichkeit k\u00f6nnen [&hellip;]<\/p>\n","protected":false},"author":5,"featured_media":42872,"parent":0,"menu_order":0,"comment_status":"closed","ping_status":"closed","template":"","meta":{"_acf_changed":false,"footnotes":""},"class_list":["post-44763","page","type-page","status-publish","has-post-thumbnail","hentry"],"acf":[],"_links":{"self":[{"href":"https:\/\/www.specialscentshop.com\/de\/wp-json\/wp\/v2\/pages\/44763","targetHints":{"allow":["GET"]}}],"collection":[{"href":"https:\/\/www.specialscentshop.com\/de\/wp-json\/wp\/v2\/pages"}],"about":[{"href":"https:\/\/www.specialscentshop.com\/de\/wp-json\/wp\/v2\/types\/page"}],"author":[{"embeddable":true,"href":"https:\/\/www.specialscentshop.com\/de\/wp-json\/wp\/v2\/users\/5"}],"replies":[{"embeddable":true,"href":"https:\/\/www.specialscentshop.com\/de\/wp-json\/wp\/v2\/comments?post=44763"}],"version-history":[{"count":1,"href":"https:\/\/www.specialscentshop.com\/de\/wp-json\/wp\/v2\/pages\/44763\/revisions"}],"predecessor-version":[{"id":50503,"href":"https:\/\/www.specialscentshop.com\/de\/wp-json\/wp\/v2\/pages\/44763\/revisions\/50503"}],"wp:featuredmedia":[{"embeddable":true,"href":"https:\/\/www.specialscentshop.com\/de\/wp-json\/wp\/v2\/media\/42872"}],"wp:attachment":[{"href":"https:\/\/www.specialscentshop.com\/de\/wp-json\/wp\/v2\/media?parent=44763"}],"curies":[{"name":"wp","href":"https:\/\/api.w.org\/{rel}","templated":true}]}}