{"id":44771,"date":"2022-08-02T08:31:51","date_gmt":"2022-08-02T06:31:51","guid":{"rendered":"https:\/\/www.specialscentshop.com\/duftende-flugblaetter-und-broschueren\/"},"modified":"2026-04-09T09:23:51","modified_gmt":"2026-04-09T07:23:51","slug":"duftende-flugblaetter-und-broschueren","status":"publish","type":"page","link":"https:\/\/www.specialscentshop.com\/de\/duftende-flugblaetter-und-broschueren\/","title":{"rendered":"Duftende Flugbl\u00e4tter und Brosch\u00fcren"},"content":{"rendered":"<div class=\"wpb-content-wrapper\"><p>[vc_row full_width=&#8221;stretch_row_content&#8221; equal_height=&#8221;yes&#8221; content_placement=&#8221;middle&#8221;][vc_column css=&#8221;.vc_custom_1660037843262{background-image: url(https:\/\/www.specialscentshop.com\/wp-content\/uploads\/2022\/08\/Copia-di-immagini-varie-800-\u00d7-600-px-31.jpg) !important;background-position: center !important;background-repeat: no-repeat !important;background-size: cover !important;}&#8221; offset=&#8221;vc_col-lg-6 vc_col-md-6&#8243;][vc_empty_space height=&#8221;500px&#8221;][\/vc_column][vc_column css=&#8221;.vc_custom_1485266194533{padding-right: 10% !important;padding-left: 10% !important;background-color: #f3f3f3 !important;}&#8221; offset=&#8221;vc_col-lg-6 vc_col-md-6&#8243;][vc_column_text]<strong>Neue Marketingstrategien <\/strong><\/p>\n<h3>Duftende Flugbl\u00e4tter und Brosch\u00fcren<\/h3>\n<p>Auch heute noch gilt der Flyer als hervorragendes Marketinginstrument, vor allem wenn es darum geht, ein Produkt bei einer Pr\u00e4sentation vorzustellen, eine Veranstaltung zu bewerben oder f\u00fcr Sonderangebote und Rabatte zu werben und zu informieren.<br \/>\nWenn Sie den Flyer attraktiv gestalten, k\u00f6nnen Sie gegen\u00fcber Ihren Mitbewerbern punkten, und dabei geht es nicht nur um Farben und guten Geschmack bei der Gestaltung, sondern vor allem um den Duft. Wenn Sie einen angenehm duftenden Flyer in den H\u00e4nden halten, wird er nicht sofort weggeworfen.<br \/>\nEr wird zu einer ausgezeichneten Erinnerung und wenn Ihre Kunden die Schublade \u00f6ffnen, in der sie ihn liegen gelassen haben, oder die Tasche, in der er unachtsam verstaut war, wird sein Duft sie an die Rabattaktion erinnern, die sie nutzen wollten, oder an die Veranstaltung, an der sie teilnahmen und die abzulaufen drohte, aber vor allem werden sie sich an Ihre Marke erinnern. Eine ausgesprochen wirksame, angenehme und einzigartige Werbung. Viel mehr als nur eine Botschaft, eine Erinnerung, die man beh\u00e4lt. Jedes Mal, wenn der Duft dieses Papiers aufsteigt, wird es unm\u00f6glich sein, sich nicht an Sie zu erinnern. Das<strong>Geruchslogo<\/strong> spielt heutzutage eine herausragende Rolle im Marketing[\/vc_column_text][\/vc_column][\/vc_row][vc_row full_width=&#8221;stretch_row_content&#8221; equal_height=&#8221;yes&#8221; content_placement=&#8221;middle&#8221;][vc_column css=&#8221;.vc_custom_1485266194533{padding-right: 10% !important;padding-left: 10% !important;background-color: #f3f3f3 !important;}&#8221; offset=&#8221;vc_col-lg-6 vc_col-md-6&#8243;][vc_empty_space height=&#8221;40px&#8221;][vc_column_text]<\/p>\n<h3>Sagen Sie mir, wie Sie sprechen, und ich sage Ihnen, welches Parf\u00fcm Sie sind<\/h3>\n<p>Durch die Untersuchung Ihrer Marke k\u00f6nnen wir Sie am besten beraten und gemeinsam nicht nur den Duft ausw\u00e4hlen, der Sie am besten repr\u00e4sentiert, sondern auch die Farben vorschlagen, die zu Ihrem Slogan passen. Das olfaktorische Logo muss Sie repr\u00e4sentieren und pr\u00e4sentieren, noch bevor wir Sie kennenlernen.<\/p>\n<p><strong>Jedes Produkt ist MADE IN ITALY<\/strong><\/p>\n<p>Special Scent bietet Ihnen die M\u00f6glichkeit, ein ebenso flexibles wie effektives Instrument zu schaffen, das Raum f\u00fcr Ihre Kreativit\u00e4t bietet und auf Ihre Kunden zugeschnitten ist.<br \/>\nAuf diese Weise k\u00f6nnen Sie eine gro\u00dfe Anzahl von Menschen erreichen. Heute ist das<a href=\"https:\/\/www.specialscentshop.com\/de\/olfaktorisches-marketing\/\"><strong>Geruchsmarketing<\/strong><\/a> als die neue Kommunikationsstrategie. Diejenigen, die diese Kommunikationsmethode bereits ausprobiert haben, haben gro\u00dfen Nutzen daraus gezogen und nutzen sie auch weiterhin f\u00fcr neue Initiativen.<\/p>\n<p><strong>Vertrauen Sie unseren Experten!<\/strong><\/p>\n<p>Zun\u00e4chst helfen wir Ihnen, Ihre <strong>Duftmarke<\/strong> aufzubauen, um ein Duftmarketing f\u00fcr Ihr Unternehmen zu entwickeln, das Bestand hat.[\/vc_column_text][vc_empty_space height=&#8221;80px&#8221;][\/vc_column][vc_column css=&#8221;.vc_custom_1660038265615{background-image: url(https:\/\/www.specialscentshop.com\/wp-content\/uploads\/2022\/08\/Copia-di-immagini-varie-800-\u00d7-600-px-32.jpg?id=35025) !important;background-position: center !important;background-repeat: no-repeat !important;background-size: cover !important;}&#8221; offset=&#8221;vc_col-lg-6 vc_col-md-6&#8243;][vc_empty_space height=&#8221;500px&#8221;][\/vc_column][\/vc_row][vc_row full_width=&#8221;stretch_row_content&#8221; equal_height=&#8221;yes&#8221; content_placement=&#8221;middle&#8221;][vc_column css=&#8221;.vc_custom_1660393734364{background-image: url(https:\/\/www.specialscentshop.com\/wp-content\/uploads\/2022\/08\/Copia-di-immagini-varie-800-\u00d7-600-px-2022-08-13T142603.189.jpg?id=35367) !important;background-position: center !important;background-repeat: no-repeat !important;background-size: cover !important;}&#8221; offset=&#8221;vc_col-lg-6 vc_col-md-6&#8243;][vc_empty_space height=&#8221;500px&#8221;][\/vc_column][vc_column css=&#8221;.vc_custom_1485266194533{padding-right: 10% !important;padding-left: 10% !important;background-color: #f3f3f3 !important;}&#8221; offset=&#8221;vc_col-lg-6 vc_col-md-6&#8243;][vc_empty_space height=&#8221;80px&#8221;][vc_column_text]<\/p>\n<h3><strong>Mit der Zeit gehen<\/strong><\/h3>\n<p><strong>D\u00fcfte ziehen an<\/strong>, wecken Emotionen und rufen unvergessliche Momente hervor. Warum also nicht auch Ihre Marke einzigartig und unvergesslich machen? An diesem Punkt ist es leicht zu verstehen, welchen strategischen Wert ein Duftlogo auf dem Markt haben kann. Viele Studien haben best\u00e4tigt, dass sich ein Duft viel st\u00e4rker in den K\u00f6pfen der Menschen einpr\u00e4gt als ein Bild. Special Scent ist stolz darauf, seine innovativen Produkte auf einem st\u00e4ndig wachsenden Markt anbieten zu k\u00f6nnen, die eine f\u00fcr klassische Produkte unerreichbare Leistung garantieren. Bei der Kreation Ihrer Produkte werden Sie Schritt f\u00fcr Schritt von Experten auf diesem Gebiet begleitet.<\/p>\n<p><strong>Arbeiten Sie mit uns zusammen, um Ihr eigenes duftendes Flugblatt zu erstellen, wir warten auf Sie!<\/strong><\/p>\n<p>Wir realisieren ma\u00dfgeschneiderte Olfactory Marketing-Projekte, ganz gleich f\u00fcr welches Unternehmen.[\/vc_column_text][vc_empty_space height=&#8221;80px&#8221;][\/vc_column][\/vc_row][vc_row full_width=&#8221;stretch_row&#8221; equal_height=&#8221;yes&#8221; css=&#8221;.vc_custom_1659416441414{background-color: #e6e7f2 !important;}&#8221;][vc_column css=&#8221;.vc_custom_1485890321478{padding-right: 10% !important;}&#8221;][vc_empty_space height=&#8221;80px&#8221;][vc_custom_heading text=&#8221;KONTAKTIEREN SIE UNS &#8211; Wir stehen Ihnen f\u00fcr jede Information zur Verf\u00fcgung&#8221; font_container=&#8221;tag:h2|font_size:40px|text_align:left|color:%23333333|line_height:40px&#8221; use_theme_fonts=&#8221;yes&#8221;][vc_empty_space height=&#8221;30px&#8221;][\/vc_column][\/vc_row][vc_row full_width=&#8221;stretch_row&#8221; equal_height=&#8221;yes&#8221; css=&#8221;.vc_custom_1659416450215{background-color: #e6e7f2 !important;}&#8221;][vc_column width=&#8221;2\/3&#8243; css=&#8221;.vc_custom_1485890321478{padding-right: 10% !important;}&#8221;][vc_custom_heading text=&#8221;KONTAKT US&#8221; font_container=&#8221;tag:h2|font_size:33px|text_align:left|color:%23333333|line_height:40px&#8221; use_theme_fonts=&#8221;yes&#8221;][vc_custom_heading text=&#8221;KONTAKTIEREN SIE UNS&#8221; font_container=&#8221;tag:h4|font_size:26px|text_align:left|color:%23a8e8e2|line_height:30px&#8221; use_theme_fonts=&#8221;yes&#8221; css=&#8221;.vc_custom_1485270348103{margin-top: -10px !important;margin-bottom: 30px !important;}&#8221;]<p class=\"wpcf7-contact-form-not-found\"><strong>Fehler:<\/strong> Kontaktformular wurde nicht gefunden.<\/p>[vc_empty_space height=&#8221;80px&#8221;][\/vc_column][vc_column width=&#8221;1\/3&#8243; css=&#8221;.vc_custom_1456090660314{padding-right: 15% !important;padding-left: 15% !important;background-color: #f5f5f5 !important;}&#8221;][vc_text_separator title=&#8221;SPECIALSCENT&#8221; title_align=&#8221;separator_align_left&#8221; align=&#8221;align_left&#8221; color=&#8221;custom&#8221; border_width=&#8221;3&#8243; accent_color=&#8221;#0091c6&#8243; css=&#8221;.vc_custom_1659416788406{margin-bottom: 30px !important;}&#8221;][vc_column_text]Special Scent ist eine Marke der Smart Business Company Kft. Wir sind seit 2014 auf dem Markt der Raumbeduftung und des Duftmarketings mit mehreren Vertriebspartnern in verschiedenen Teilen Europas und im Nahen Osten vertreten. Unsere Parf\u00fcmeure verbreiten den Duft durch ein fortschrittliches Zerst\u00e4ubungssystem, von kleineren R\u00e4umen wie Autos bis hin zu gr\u00f6\u00dferen R\u00e4umen wie Hallen und Firmenb\u00fcros. Unser Unternehmen ist in der Lage, jeden besonderen Duftwunsch zu erf\u00fcllen, um ein angenehmes und einzigartiges Ambiente zu schaffen. Wellness-Zentren, Hotels, Wohnr\u00e4ume, Restaurants, B\u00fcros, Fitnessstudios und viele andere Orte k\u00f6nnen mit unseren D\u00fcften komplett renoviert werden. Alle unsere D\u00fcfte werden <strong>in Italien hergestellt<\/strong> <strong>und sind zertifiziert,<\/strong> ihre Qualit\u00e4t ist un\u00fcbertroffen. Das Dufterlebnis, das wir Ihnen bieten, ist eine echte Erinnerung, die sich in den K\u00f6pfen derjenigen einpr\u00e4gt, die unsere D\u00fcfte riechen.[\/vc_column_text][\/vc_column][\/vc_row][vc_row full_width=&#8221;stretch_row&#8221; equal_height=&#8221;yes&#8221; css=&#8221;.vc_custom_1659416441414{background-color: #e6e7f2 !important;}&#8221;][vc_column css=&#8221;.vc_custom_1485890321478{padding-right: 10% !important;}&#8221;][vc_empty_space height=&#8221;80px&#8221;][\/vc_column][\/vc_row]<\/p>\n<\/div>","protected":false},"excerpt":{"rendered":"<p>[vc_row full_width=&#8221;stretch_row_content&#8221; equal_height=&#8221;yes&#8221; content_placement=&#8221;middle&#8221;][vc_column css=&#8221;.vc_custom_1660037843262{background-image: url(https:\/\/www.specialscentshop.com\/wp-content\/uploads\/2022\/08\/Copia-di-immagini-varie-800-\u00d7-600-px-31.jpg) !important;background-position: center !important;background-repeat: no-repeat !important;background-size: cover !important;}&#8221; offset=&#8221;vc_col-lg-6 vc_col-md-6&#8243;][vc_empty_space height=&#8221;500px&#8221;][\/vc_column][vc_column css=&#8221;.vc_custom_1485266194533{padding-right: 10% !important;padding-left: 10% !important;background-color: #f3f3f3 !important;}&#8221; offset=&#8221;vc_col-lg-6 vc_col-md-6&#8243;][vc_column_text]Neue Marketingstrategien Duftende Flugbl\u00e4tter und Brosch\u00fcren Auch heute noch gilt der Flyer als hervorragendes Marketinginstrument, vor allem wenn es darum geht, ein Produkt bei einer Pr\u00e4sentation vorzustellen, eine Veranstaltung zu bewerben [&hellip;]<\/p>\n","protected":false},"author":5,"featured_media":42872,"parent":0,"menu_order":0,"comment_status":"closed","ping_status":"closed","template":"","meta":{"_acf_changed":false,"footnotes":""},"class_list":["post-44771","page","type-page","status-publish","has-post-thumbnail","hentry"],"acf":[],"_links":{"self":[{"href":"https:\/\/www.specialscentshop.com\/de\/wp-json\/wp\/v2\/pages\/44771","targetHints":{"allow":["GET"]}}],"collection":[{"href":"https:\/\/www.specialscentshop.com\/de\/wp-json\/wp\/v2\/pages"}],"about":[{"href":"https:\/\/www.specialscentshop.com\/de\/wp-json\/wp\/v2\/types\/page"}],"author":[{"embeddable":true,"href":"https:\/\/www.specialscentshop.com\/de\/wp-json\/wp\/v2\/users\/5"}],"replies":[{"embeddable":true,"href":"https:\/\/www.specialscentshop.com\/de\/wp-json\/wp\/v2\/comments?post=44771"}],"version-history":[{"count":1,"href":"https:\/\/www.specialscentshop.com\/de\/wp-json\/wp\/v2\/pages\/44771\/revisions"}],"predecessor-version":[{"id":50509,"href":"https:\/\/www.specialscentshop.com\/de\/wp-json\/wp\/v2\/pages\/44771\/revisions\/50509"}],"wp:featuredmedia":[{"embeddable":true,"href":"https:\/\/www.specialscentshop.com\/de\/wp-json\/wp\/v2\/media\/42872"}],"wp:attachment":[{"href":"https:\/\/www.specialscentshop.com\/de\/wp-json\/wp\/v2\/media?parent=44771"}],"curies":[{"name":"wp","href":"https:\/\/api.w.org\/{rel}","templated":true}]}}