{"id":45182,"date":"2022-12-13T20:13:01","date_gmt":"2022-12-13T19:13:01","guid":{"rendered":"https:\/\/www.specialscentshop.com\/duefte-fuer-bars-baeckereien-konditoreien-pizzerien-weinstuben\/"},"modified":"2026-04-09T09:24:23","modified_gmt":"2026-04-09T07:24:23","slug":"duefte-fuer-bars-baeckereien-konditoreien-pizzerien-weinstuben","status":"publish","type":"page","link":"https:\/\/www.specialscentshop.com\/de\/duefte-fuer-bars-baeckereien-konditoreien-pizzerien-weinstuben\/","title":{"rendered":"D\u00fcfte f\u00fcr Bars B\u00e4ckereien Konditoreien Pizzerien Weinstuben"},"content":{"rendered":"<div class=\"wpb-content-wrapper\"><p>[vc_row full_width=&#8221;stretch_row_content&#8221; equal_height=&#8221;yes&#8221; rtl_reverse=&#8221;yes&#8221; content_placement=&#8221;middle&#8221;][vc_column css=&#8221;.vc_custom_1661955641580{padding-right: 10% !important;padding-left: 10% !important;background-color: #d6d6d6 !important;}&#8221; offset=&#8221;vc_col-lg-6 vc_col-md-6 vc_hidden-sm vc_hidden-xs&#8221;][vc_empty_space height=&#8221;80px&#8221;][vc_custom_heading text=&#8221;BESONDERER DANK&#8221; font_container=&#8221;tag:h2|font_size:40px|text_align:left|color:%23ededed|line_height:90px&#8221; google_fonts=&#8221;font_family:Oswald%3A300%2Cregular%2C700|font_style:700%20bold%20regular%3A700%3Anormal&#8221;][vc_custom_heading text=&#8221;D\u00fcfte f\u00fcr Bars, B\u00e4ckereien, Konditoreien, Pizzerien, Weinstuben&#8221; font_container=&#8221;tag:h2|font_size:30px|text_align:left|color:%23ffffff|line_height:34px&#8221; google_fonts=&#8221;font_family:Dosis%3A200%2C300%2Cregular%2C500%2C600%2C700%2C800|font_style:400%20regular%3A400%3Anormal&#8221; css=&#8221;.vc_custom_1725547892239{margin-top: -40px !important;margin-bottom: 30px !important;padding-top: 5px !important;padding-bottom: 5px !important;background-color: #d6d6d6 !important;}&#8221;][vc_column_text]Gestalten Sie Ihre Bar, Ihre Konditorei, Ihre B\u00e4ckerei, in der die Kunden den <strong>Duft<\/strong> von frisch gebackenen <strong>Brioches<\/strong>, das Aroma von <strong>warmem Brot<\/strong> oder den zarten<strong>Duft von Vanille<\/strong> wiederentdecken k\u00f6nnen. Eine neue Art, Kunden zu binden, indem Sie ein warmes und einladendes Ambiente schaffen. Hei\u00dfen Sie Ihre Kunden mit dem <strong>Kaffeeduft<\/strong> willkommen, indem Sie den Verkauf von Kaffee und Brioche mit unseren Diffusoren ankurbeln. Machen Sie Ihre Umgebung einzigartig und heben Sie sich von Ihren Mitbewerbern ab. Es ist ein einzigartiges Gef\u00fchl, eine B\u00e4ckerei zu betreten und die D\u00fcfte der Tradition wiederzuentdecken, die heute nur noch schwer zu finden sind. Olfaktorisches Marketing ist heute die neue Verkaufsstrategie. Entfesseln Sie Ihren Lieblingsduft au\u00dferhalb und innerhalb Ihres Gesch\u00e4fts.[\/vc_column_text][vc_btn title=&#8221;ENTDECKEN SIE UNSERE D\u00dcFTE&#8221; link=&#8221;url:https%3A%2F%2Fwww.specialscentshop.com%2Fde%2Fdrinkfood-raumduefte%2F|title:Raumd%C3%BCfte%20f%C3%BCr%20Getr%C3%A4nke%20und%20Speisen|&#8221;][vc_empty_space height=&#8221;80px&#8221;][\/vc_column][vc_column css=&#8221;.vc_custom_1670958773744{background: #d6d6d6 url(https:\/\/www.specialscentshop.com\/wp-content\/uploads\/2022\/12\/panifici-ambienti-profumi-fragranze.jpg?id=38745) !important;background-position: center !important;background-repeat: no-repeat !important;background-size: cover !important;}&#8221; offset=&#8221;vc_col-lg-6 vc_col-md-6 vc_hidden-sm vc_hidden-xs&#8221;][vc_empty_space height=&#8221;500px&#8221;][\/vc_column][\/vc_row][vc_row full_width=&#8221;stretch_row&#8221; equal_height=&#8221;yes&#8221; css=&#8221;.vc_custom_1659416441414{background-color: #e6e7f2 !important;}&#8221;][vc_column css=&#8221;.vc_custom_1485890321478{padding-right: 10% !important;}&#8221;][vc_empty_space height=&#8221;80px&#8221;][vc_custom_heading text=&#8221;INFORMATIONEN ANFORDERN&#8221; font_container=&#8221;tag:h2|font_size:40px|text_align:left|color:%23333333|line_height:40px&#8221; use_theme_fonts=&#8221;yes&#8221;][vc_empty_space height=&#8221;30px&#8221;][\/vc_column][\/vc_row][vc_row full_width=&#8221;stretch_row&#8221; equal_height=&#8221;yes&#8221; css=&#8221;.vc_custom_1659416450215{background-color: #e6e7f2 !important;}&#8221;][vc_column width=&#8221;2\/3&#8243; css=&#8221;.vc_custom_1485890321478{padding-right: 10% !important;}&#8221;][vc_custom_heading text=&#8221;KONTAKTE&#8221; font_container=&#8221;tag:h2|font_size:33px|text_align:left|color:%23333333|line_height:40px&#8221; use_theme_fonts=&#8221;yes&#8221;][vc_custom_heading text=&#8221;F\u00dcLLEN SIE DIE ERFORDERLICHEN FELDER AUS&#8221; font_container=&#8221;tag:h4|font_size:26px|text_align:left|color:%23a8e8e2|line_height:30px&#8221; use_theme_fonts=&#8221;yes&#8221; css=&#8221;.vc_custom_1662663487819{margin-top: -10px !important;margin-bottom: 30px !important;}&#8221;]\n<div class=\"wpcf7 no-js\" id=\"wpcf7-f49145-o1\" lang=\"de-DE\" dir=\"ltr\" data-wpcf7-id=\"49145\">\n<div class=\"screen-reader-response\"><p role=\"status\" aria-live=\"polite\" aria-atomic=\"true\"><\/p> <ul><\/ul><\/div>\n<form action=\"\/de\/wp-json\/wp\/v2\/pages\/45182#wpcf7-f49145-o1\" method=\"post\" class=\"wpcf7-form init\" aria-label=\"Kontaktformular\" novalidate=\"novalidate\" data-status=\"init\">\n<fieldset class=\"hidden-fields-container\"><input type=\"hidden\" name=\"_wpcf7\" value=\"49145\" \/><input type=\"hidden\" name=\"_wpcf7_version\" value=\"6.1.5\" \/><input type=\"hidden\" name=\"_wpcf7_locale\" value=\"de_DE\" \/><input type=\"hidden\" name=\"_wpcf7_unit_tag\" value=\"wpcf7-f49145-o1\" \/><input type=\"hidden\" name=\"_wpcf7_container_post\" value=\"0\" \/><input type=\"hidden\" name=\"_wpcf7_posted_data_hash\" value=\"\" \/><input type=\"hidden\" name=\"_wpcf7_recaptcha_response\" value=\"\" \/>\n<\/fieldset>\n<div class=\"row\">\n\t<p><label>Name(obbligatorio)<\/label><span class=\"wpcf7-form-control-wrap\" data-name=\"your-name\"><input size=\"40\" maxlength=\"400\" class=\"wpcf7-form-control wpcf7-text wpcf7-validates-as-required\" aria-required=\"true\" aria-invalid=\"false\" value=\"\" type=\"text\" name=\"your-name\" \/><\/span>\n\t<\/p>\n\t<p><label>Email (obbligatorio)<\/label><span class=\"wpcf7-form-control-wrap\" data-name=\"your-email\"><input size=\"40\" maxlength=\"400\" class=\"wpcf7-form-control wpcf7-email wpcf7-validates-as-required wpcf7-text wpcf7-validates-as-email\" aria-required=\"true\" aria-invalid=\"false\" value=\"\" type=\"email\" name=\"your-email\" \/><\/span>\n\t<\/p>\n\t<p><label>Objekt<\/label><span class=\"wpcf7-form-control-wrap\" data-name=\"your-subject\"><input size=\"40\" maxlength=\"400\" class=\"wpcf7-form-control wpcf7-text\" aria-invalid=\"false\" value=\"\" type=\"text\" name=\"your-subject\" \/><\/span>\n\t<\/p>\n\t<p><label>Nachricht<\/label><span class=\"wpcf7-form-control-wrap\" data-name=\"your-message\"><textarea cols=\"40\" rows=\"10\" maxlength=\"2000\" class=\"wpcf7-form-control wpcf7-textarea\" aria-invalid=\"false\" name=\"your-message\"><\/textarea><\/span>\n\t<\/p>\n\n\t<p><input class=\"wpcf7-form-control wpcf7-submit has-spinner btn btn-color-primary\" type=\"submit\" value=\"NACHRICHT SENDEN\" \/>\n\t<\/p>\n<\/div><div class=\"wpcf7-response-output\" aria-hidden=\"true\"><\/div>\n<\/form>\n<\/div>\n[vc_empty_space height=&#8221;80px&#8221;][\/vc_column][vc_column width=&#8221;1\/3&#8243; css=&#8221;.vc_custom_1456090660314{padding-right: 15% !important;padding-left: 15% !important;background-color: #f5f5f5 !important;}&#8221;][vc_text_separator title=&#8221;SPECIALSCENT&#8221; title_align=&#8221;separator_align_left&#8221; align=&#8221;align_left&#8221; color=&#8221;custom&#8221; border_width=&#8221;3&#8243; accent_color=&#8221;#0091c6&#8243; css=&#8221;.vc_custom_1659416788406{margin-bottom: 30px !important;}&#8221;][vc_column_text]Special Scent ist eine Marke der Smart Business Company Kft. Sie ist seit 2014 auf dem Markt f\u00fcr Parf\u00fcm und Duftmarketing pr\u00e4sent und hat mehrere Vertriebspartner in verschiedenen Teilen Europas und im Nahen Osten. Unsere Parf\u00fcmeure verbreiten D\u00fcfte durch ein fortschrittliches Zerst\u00e4ubungssystem, von kleineren R\u00e4umen wie Autos bis hin zu gr\u00f6\u00dferen R\u00e4umen wie Hallen und Firmenb\u00fcros. Unser Unternehmen ist in der Lage, jeden besonderen Duftwunsch zu erf\u00fcllen, um ein angenehmes und einzigartiges Ambiente zu schaffen. Wellness-Zentren, Hotels, Wohnr\u00e4ume, Restaurants, B\u00fcros, Fitnessstudios und viele andere Orte k\u00f6nnen mit unseren D\u00fcften komplett renoviert werden. Alle unsere D\u00fcfte werden <strong>in Italien hergestellt<\/strong> <strong>und sind zertifiziert,<\/strong> ihre Qualit\u00e4t ist un\u00fcbertroffen. Das Dufterlebnis, das wir Ihnen bieten, ist eine echte Erinnerung, die sich in den K\u00f6pfen derjenigen einpr\u00e4gt, die unsere D\u00fcfte riechen.[\/vc_column_text][\/vc_column][\/vc_row][vc_row full_width=&#8221;stretch_row&#8221; equal_height=&#8221;yes&#8221; css=&#8221;.vc_custom_1659416441414{background-color: #e6e7f2 !important;}&#8221;][vc_column css=&#8221;.vc_custom_1485890321478{padding-right: 10% !important;}&#8221;][vc_empty_space height=&#8221;80px&#8221;][\/vc_column][\/vc_row]<\/p>\n<\/div>","protected":false},"excerpt":{"rendered":"<p>[vc_row full_width=&#8221;stretch_row_content&#8221; equal_height=&#8221;yes&#8221; rtl_reverse=&#8221;yes&#8221; content_placement=&#8221;middle&#8221;][vc_column css=&#8221;.vc_custom_1661955641580{padding-right: 10% !important;padding-left: 10% !important;background-color: #d6d6d6 !important;}&#8221; offset=&#8221;vc_col-lg-6 vc_col-md-6 vc_hidden-sm vc_hidden-xs&#8221;][vc_empty_space height=&#8221;80px&#8221;][vc_custom_heading text=&#8221;BESONDERER DANK&#8221; font_container=&#8221;tag:h2|font_size:40px|text_align:left|color:%23ededed|line_height:90px&#8221; google_fonts=&#8221;font_family:Oswald%3A300%2Cregular%2C700|font_style:700%20bold%20regular%3A700%3Anormal&#8221;][vc_custom_heading text=&#8221;D\u00fcfte f\u00fcr Bars, B\u00e4ckereien, Konditoreien, Pizzerien, Weinstuben&#8221; font_container=&#8221;tag:h2|font_size:30px|text_align:left|color:%23ffffff|line_height:34px&#8221; google_fonts=&#8221;font_family:Dosis%3A200%2C300%2Cregular%2C500%2C600%2C700%2C800|font_style:400%20regular%3A400%3Anormal&#8221; css=&#8221;.vc_custom_1725547892239{margin-top: -40px !important;margin-bottom: 30px !important;padding-top: 5px !important;padding-bottom: 5px !important;background-color: #d6d6d6 !important;}&#8221;][vc_column_text]Gestalten Sie Ihre Bar, Ihre Konditorei, Ihre B\u00e4ckerei, in der die Kunden den Duft von [&hellip;]<\/p>\n","protected":false},"author":5,"featured_media":0,"parent":0,"menu_order":0,"comment_status":"closed","ping_status":"closed","template":"","meta":{"_acf_changed":false,"footnotes":""},"class_list":["post-45182","page","type-page","status-publish","hentry"],"acf":[],"_links":{"self":[{"href":"https:\/\/www.specialscentshop.com\/de\/wp-json\/wp\/v2\/pages\/45182","targetHints":{"allow":["GET"]}}],"collection":[{"href":"https:\/\/www.specialscentshop.com\/de\/wp-json\/wp\/v2\/pages"}],"about":[{"href":"https:\/\/www.specialscentshop.com\/de\/wp-json\/wp\/v2\/types\/page"}],"author":[{"embeddable":true,"href":"https:\/\/www.specialscentshop.com\/de\/wp-json\/wp\/v2\/users\/5"}],"replies":[{"embeddable":true,"href":"https:\/\/www.specialscentshop.com\/de\/wp-json\/wp\/v2\/comments?post=45182"}],"version-history":[{"count":1,"href":"https:\/\/www.specialscentshop.com\/de\/wp-json\/wp\/v2\/pages\/45182\/revisions"}],"predecessor-version":[{"id":50510,"href":"https:\/\/www.specialscentshop.com\/de\/wp-json\/wp\/v2\/pages\/45182\/revisions\/50510"}],"wp:attachment":[{"href":"https:\/\/www.specialscentshop.com\/de\/wp-json\/wp\/v2\/media?parent=45182"}],"curies":[{"name":"wp","href":"https:\/\/api.w.org\/{rel}","templated":true}]}}