{"id":45196,"date":"2022-12-13T19:34:35","date_gmt":"2022-12-13T18:34:35","guid":{"rendered":"https:\/\/www.specialscentshop.com\/hotel-duefte\/"},"modified":"2026-04-09T09:22:14","modified_gmt":"2026-04-09T07:22:14","slug":"hotel-duefte","status":"publish","type":"page","link":"https:\/\/www.specialscentshop.com\/de\/hotel-duefte\/","title":{"rendered":"Hotel D\u00fcfte"},"content":{"rendered":"<div class=\"wpb-content-wrapper\"><p>[vc_row full_width=&#8221;stretch_row_content&#8221; equal_height=&#8221;yes&#8221; rtl_reverse=&#8221;yes&#8221; content_placement=&#8221;middle&#8221;][vc_column css=&#8221;.vc_custom_1661955641580{padding-right: 10% !important;padding-left: 10% !important;background-color: #d6d6d6 !important;}&#8221; offset=&#8221;vc_col-lg-6 vc_col-md-6 vc_hidden-sm vc_hidden-xs&#8221;][vc_empty_space height=&#8221;80px&#8221;][vc_custom_heading text=&#8221;BESONDERER DANK&#8221; font_container=&#8221;tag:h2|font_size:40px|text_align:left|color:%23ededed|line_height:90px&#8221; google_fonts=&#8221;font_family:Oswald%3A300%2Cregular%2C700|font_style:700%20bold%20regular%3A700%3Anormal&#8221;][vc_custom_heading text=&#8221;Hotel D\u00fcfte&#8221; font_container=&#8221;tag:h2|font_size:30px|text_align:left|color:%23ffffff|line_height:34px&#8221; google_fonts=&#8221;font_family:Dosis%3A200%2C300%2Cregular%2C500%2C600%2C700%2C800|font_style:400%20regular%3A400%3Anormal&#8221; css=&#8221;.vc_custom_1724954976312{margin-top: -40px !important;margin-bottom: 30px !important;padding-top: 5px !important;padding-bottom: 5px !important;background-color: #d6d6d6 !important;}&#8221;][vc_column_text]Die Verwendung von <strong>Hotel d\u00fcft<\/strong>\u00a0kann einen direkten Einfluss darauf haben, wie Ihr Hotel wahrgenommen wird und in Erinnerung bleibt. Special Scent empfiehlt dank seiner jahrzehntelangen Erfahrung im Bereich der <strong>Raumbeduftung f\u00fcr Gastgewerbeeinrichtungen<\/strong> das Beste f\u00fcr die Struktur und findet die ideale Anwendung von <strong>Hoteld\u00fcften<\/strong> f\u00fcr jeden Ihrer R\u00e4ume, mit den innovativsten Technologien auf dem Markt. Exklusive <strong>Hoteldiffusoren <\/strong>mit <strong>Wi-Fi-<\/strong> und Bluetooth-Fernbedienung, die es Ihnen erm\u00f6glichen, den Verbrauch von Raumd\u00fcften sorgf\u00e4ltig zu steuern, um keine duft\u00fcberflutete Umgebung zu schaffen und Ihren G\u00e4sten maximalen Komfort und Entspannung zu bieten. Wenn Sie dabei sind, eine Klimaanlage zu entwerfen oder eine bestehende zu renovieren, beraten wir Ihren Installateur, Ihren Wartungstechniker, welche <strong>Duftdiffusionssysteme<\/strong> Sie f\u00fcr eine homogene Parf\u00fcmierung Ihrer Einrichtung verwenden sollten. Mit den verschiedenen verf\u00fcgbaren <strong>Duftdiffusionssystemen<\/strong>, darunter<a href=\"https:\/\/www.specialscentshop.com\/de\/raumbeduftungsanlage-ueber-rohrleitungen\/\"> eigenst\u00e4ndige<\/a>und an die <a href=\"https:\/\/www.lg.com\/it\/magazine\/hvac-significato-come-funzionano-impianti\/\" target=\"_blank\" rel=\"noopener\">Klimaanlage<\/a> angeschlossene<a href=\"https:\/\/www.specialscentshop.com\/de\/raumbeduftungsanlage-ueber-rohrleitungen\/\"> Ger\u00e4te<\/a>, war es noch nie so einfach, Ihr Hotel mit Duft zu versorgen. Eliminieren Sie die <strong>Glasdiffusoren<\/strong> mit ihrer begrenzten Reichweite und ihren ungerechtfertigten Kosten aus Ihren R\u00e4umen. Fordern Sie unsere kostenlose Beratung an, wir sind sicher, dass wir Ihnen eine perfekte L\u00f6sung f\u00fcr Ihre Kunden anbieten k\u00f6nnen. Gastgewerbe auf der ganzen Welt und dieses hier; sie nutzen <strong>D\u00fcfte zu ihrem Vorteil<\/strong>, denn sie wissen, dass ein unverwechselbarer Duft einen wirklich bleibenden Eindruck bei den G\u00e4sten hinterl\u00e4sst, der noch lange nach ihrem Aufenthalt lebendig bleibt.[\/vc_column_text][vc_btn title=&#8221;HOTEL-LAUTSPRECHER ENTDECKEN&#8221; link=&#8221;url:https%3A%2F%2Fwww.specialscentshop.com%2Fde%2Fraumdiffusoren%2F|title:Parf%C3%BCmzerst%C3%A4uber|&#8221;][vc_empty_space height=&#8221;80px&#8221;][\/vc_column][vc_column css=&#8221;.vc_custom_1671012788359{background: #d6d6d6 url(https:\/\/www.specialscentshop.com\/wp-content\/uploads\/2022\/12\/hotel-hall-profumi-profumazione-albergo.jpg?id=38723) !important;background-position: center !important;background-repeat: no-repeat !important;background-size: cover !important;}&#8221; offset=&#8221;vc_col-lg-6 vc_col-md-6 vc_hidden-sm vc_hidden-xs&#8221;][vc_empty_space height=&#8221;500px&#8221;][vc_raw_html]PGgyIGNsYXNzPSJzaG9ydGNvZGVfdGl0bGUiIHN0eWxlPSJ0ZXh0LWFsaWduOmNlbnRlciI+SG90ZWwgRMO8ZnRlPC9oMj4=[\/vc_raw_html][\/vc_column][\/vc_row][vc_row full_width=&#8221;stretch_row_content&#8221; equal_height=&#8221;yes&#8221; rtl_reverse=&#8221;yes&#8221; content_placement=&#8221;middle&#8221;][vc_column css=&#8221;.vc_custom_1670956981060{background: #d6d6d6 url(https:\/\/www.specialscentshop.com\/wp-content\/uploads\/2022\/12\/profumi-fragranze-per-hotel.jpg?id=38726) !important;background-position: center !important;background-repeat: no-repeat !important;background-size: cover !important;}&#8221; offset=&#8221;vc_col-lg-6 vc_col-md-6 vc_hidden-sm vc_hidden-xs&#8221;][vc_empty_space height=&#8221;500px&#8221;][\/vc_column][vc_column css=&#8221;.vc_custom_1670953674390{padding-right: 10% !important;padding-left: 10% !important;}&#8221; offset=&#8221;vc_col-lg-6 vc_col-md-6 vc_hidden-sm vc_hidden-xs&#8221;][vc_empty_space height=&#8221;80px&#8221;][vc_custom_heading text=&#8221;Special Scent&#8221; font_container=&#8221;tag:h2|font_size:40px|text_align:left|color:%23ededed|line_height:90px&#8221; google_fonts=&#8221;font_family:Oswald%3A300%2Cregular%2C700|font_style:700%20bold%20regular%3A700%3Anormal&#8221;][vc_custom_heading text=&#8221;Parf\u00fcms f\u00fcr Hotels&#8221; font_container=&#8221;tag:h4|font_size:30px|text_align:left|color:%23bfbfbf|line_height:34px&#8221; google_fonts=&#8221;font_family:Dosis%3A200%2C300%2Cregular%2C500%2C600%2C700%2C800|font_style:400%20regular%3A400%3Anormal&#8221; css=&#8221;.vc_custom_1756150584433{margin-top: -40px !important;margin-bottom: 30px !important;padding-top: 5px !important;padding-bottom: 5px !important;}&#8221;][vc_column_text]Einzigartige G\u00e4steerlebnisse zu schaffen ist ein wichtiger Trend f\u00fcr <strong>Luxushotels<\/strong>,<strong> Resorts<\/strong> und <strong>Ferienwohnungen<\/strong>. Von dem Moment an, in dem die G\u00e4ste ankommen, m\u00f6chten sie das Gef\u00fchl haben, dass ihr Erlebnis etwas Besonderes ist. Mit einem <strong>exklusiven<\/strong>, ma\u00dfgeschneiderten <strong>Duft<\/strong> k\u00f6nnen Sie die perfekte Atmosph\u00e4re schaffen und einen starken Eindruck bei den G\u00e4sten hinterlassen. Ihr Hotel, Resort oder Ihre Residenz kann durch die Verwendung eines <strong>unverwechselbaren Duftes<\/strong> in \u00f6ffentlichen Bereichen wie Lobbys, Lounges, Tagungsr\u00e4umen, Spas, Fitnesszentren und mehr aufgewertet werden. Da unser <strong>Geruchssinn<\/strong> direkt mit dem Teil des Gehirns verbunden ist, der f\u00fcr Erinnerungen und Emotionen zust\u00e4ndig ist, spielen die <strong>D\u00fcfte in Hotelzimmern <\/strong>eine entscheidende Rolle dabei, wie wir uns an Dinge erinnern und sie erleben. Der <strong>richtige Duft <\/strong>hat die Macht, Ihre Markenbotschaft zu verst\u00e4rken und mit Ihren G\u00e4sten auf einer einzigartigen Ebene in Verbindung zu treten. Daten zeigen, dass die Macht der D\u00fcfte die Loyalit\u00e4t Ihrer G\u00e4ste st\u00e4rkt und sie wieder in Ihr Haus zur\u00fcckkehren werden. Kluge Hoteliers wissen um die Macht eines<strong> unvergesslichen Duftes<\/strong>. Special Scent hat <strong>exklusive Hoteld\u00fcfte<\/strong> f\u00fcr f\u00fchrende Luxusmarken der Hotellerie entwickelt.[\/vc_column_text][vc_empty_space height=&#8221;20px&#8221;][vc_btn title=&#8221;HOTELD\u00dcFTE ENTDECKEN&#8221; link=&#8221;url:https%3A%2F%2Fwww.specialscentshop.com%2Fde%2Fparfuems-und-duefte%2F|title:Parf%C3%BCms%20Parf%C3%BCms|&#8221;][vc_empty_space height=&#8221;80px&#8221;][\/vc_column][\/vc_row][vc_row full_width=&#8221;stretch_row&#8221; equal_height=&#8221;yes&#8221; css=&#8221;.vc_custom_1659416441414{background-color: #e6e7f2 !important;}&#8221;][vc_column css=&#8221;.vc_custom_1485890321478{padding-right: 10% !important;}&#8221;][vc_empty_space height=&#8221;80px&#8221;][vc_custom_heading text=&#8221;EINE BERATUNG ANFORDERN&#8221; font_container=&#8221;tag:h2|font_size:40px|text_align:left|color:%23333333|line_height:40px&#8221; use_theme_fonts=&#8221;yes&#8221;][vc_empty_space height=&#8221;30px&#8221;][\/vc_column][\/vc_row][vc_row full_width=&#8221;stretch_row&#8221; equal_height=&#8221;yes&#8221; css=&#8221;.vc_custom_1659416450215{background-color: #e6e7f2 !important;}&#8221;][vc_column width=&#8221;2\/3&#8243; css=&#8221;.vc_custom_1485890321478{padding-right: 10% !important;}&#8221;][vc_custom_heading text=&#8221;KONTAKTE&#8221; font_container=&#8221;tag:h2|font_size:33px|text_align:left|color:%23333333|line_height:40px&#8221; use_theme_fonts=&#8221;yes&#8221;][vc_custom_heading text=&#8221;F\u00dcLLEN SIE DIE ERFORDERLICHEN FELDER AUS&#8221; font_container=&#8221;tag:h4|font_size:26px|text_align:left|color:%23a8e8e2|line_height:30px&#8221; use_theme_fonts=&#8221;yes&#8221; css=&#8221;.vc_custom_1671027723732{margin-top: -10px !important;margin-bottom: 30px !important;}&#8221;]<p class=\"wpcf7-contact-form-not-found\"><strong>Fehler:<\/strong> Kontaktformular wurde nicht gefunden.<\/p>[vc_empty_space height=&#8221;80px&#8221;][\/vc_column][vc_column width=&#8221;1\/3&#8243; css=&#8221;.vc_custom_1456090660314{padding-right: 15% !important;padding-left: 15% !important;background-color: #f5f5f5 !important;}&#8221;][vc_text_separator title=&#8221;BESONDERER DANK&#8221; title_align=&#8221;separator_align_left&#8221; align=&#8221;align_left&#8221; color=&#8221;custom&#8221; border_width=&#8221;3&#8243; accent_color=&#8221;#0091c6&#8243; css=&#8221;.vc_custom_1691560658304{margin-bottom: 30px !important;}&#8221;][vc_column_text]Unsere Professionalit\u00e4t erm\u00f6glicht es uns, ein ideales <strong>Duftprojekt<\/strong> f\u00fcr Ihr Hotel, Resort oder B&amp;B zu entwickeln, angefangen mit der <strong>Parf\u00fcmierung Ihrer Rezeption<\/strong>, dem ersten Schritt zum Aufbau Ihres <strong>Duftimages<\/strong>. Mit unseren <strong>Hotelzimmerd\u00fcften und Parf\u00fcms<\/strong> sind wir in der Lage, jeden speziellen Wunsch nach Hoteld\u00fcften zu erf\u00fcllen, um ein angenehmes und einzigartiges Ambiente zu schaffen. Wellness-Zentren, Hotels, B&amp;Bs, Wellness, Spas, Fitnessstudios und viele andere Hotelstandorte k\u00f6nnen mit unseren<strong> ma\u00dfgeschneiderten Duftl\u00f6sungen<\/strong> komplett renoviert werden. Anschlie\u00dfend k\u00f6nnen wir uns um Ihre Korridore, Aufz\u00fcge und Gemeinschaftsb\u00e4der k\u00fcmmern. Um Ihre Kunden zu \u00fcberraschen, k\u00f6nnen wir Ihre personalisierte <a href=\"https:\/\/www.specialscentshop.com\/de\/personalisierte-hoeflichkeitslinie\/\">H\u00f6flichkeitslinie<\/a> anpassen, indem wir Ihre Produkte mit der in Ihrem Hotel verteilten Duftnote personalisieren und so Ihre G\u00e4ste auf einzigartige Weise beeindrucken. Buchen Sie ein kostenloses Beratungsgespr\u00e4ch, sagen Sie uns, wie Sie Ihre G\u00e4ste verw\u00f6hnen wollen, und wir werden Sie bei Ihrem Projekt begleiten. Special Scent ist seit 2014 auf dem Markt der <strong>Raumbeduftung f\u00fcr Hotels, <\/strong> <strong>Hotel Olfactory Marketing,<\/strong> vertreten und verf\u00fcgt \u00fcber Vertriebspartner an verschiedenen Standorten in Europa und dem Nahen Osten. Unsere Duftsysteme verbreiten den Duft durch ein fortschrittliches Zerst\u00e4ubungssystem, von kleineren R\u00e4umen wie Autos bis hin zu gr\u00f6\u00dferen R\u00e4umen wie Hallen und Firmenb\u00fcros. Alle unsere Raumd\u00fcfte sind <strong> zertifiziert<\/strong> <strong>Made in Italy<\/strong> <strong> und<\/strong> ihre Qualit\u00e4t ist un\u00fcbertroffen. Das Dufterlebnis, das wir Ihnen bieten, ist eine echte Erinnerung, die sich in den K\u00f6pfen derjenigen einpr\u00e4gt, die unsere D\u00fcfte riechen.[\/vc_column_text][\/vc_column][\/vc_row][vc_row full_width=&#8221;stretch_row&#8221; equal_height=&#8221;yes&#8221; css=&#8221;.vc_custom_1659416441414{background-color: #e6e7f2 !important;}&#8221;][vc_column css=&#8221;.vc_custom_1485890321478{padding-right: 10% !important;}&#8221;][vc_empty_space height=&#8221;80px&#8221;][\/vc_column][\/vc_row]<\/p>\n<\/div>","protected":false},"excerpt":{"rendered":"<p>[vc_row full_width=&#8221;stretch_row_content&#8221; equal_height=&#8221;yes&#8221; rtl_reverse=&#8221;yes&#8221; content_placement=&#8221;middle&#8221;][vc_column css=&#8221;.vc_custom_1661955641580{padding-right: 10% !important;padding-left: 10% !important;background-color: #d6d6d6 !important;}&#8221; offset=&#8221;vc_col-lg-6 vc_col-md-6 vc_hidden-sm vc_hidden-xs&#8221;][vc_empty_space height=&#8221;80px&#8221;][vc_custom_heading text=&#8221;BESONDERER DANK&#8221; font_container=&#8221;tag:h2|font_size:40px|text_align:left|color:%23ededed|line_height:90px&#8221; google_fonts=&#8221;font_family:Oswald%3A300%2Cregular%2C700|font_style:700%20bold%20regular%3A700%3Anormal&#8221;][vc_custom_heading text=&#8221;Hotel D\u00fcfte&#8221; font_container=&#8221;tag:h2|font_size:30px|text_align:left|color:%23ffffff|line_height:34px&#8221; google_fonts=&#8221;font_family:Dosis%3A200%2C300%2Cregular%2C500%2C600%2C700%2C800|font_style:400%20regular%3A400%3Anormal&#8221; css=&#8221;.vc_custom_1724954976312{margin-top: -40px !important;margin-bottom: 30px !important;padding-top: 5px !important;padding-bottom: 5px !important;background-color: #d6d6d6 !important;}&#8221;][vc_column_text]Die Verwendung von Hotel d\u00fcft\u00a0kann einen direkten Einfluss darauf haben, wie Ihr Hotel wahrgenommen wird und in Erinnerung bleibt. Special [&hellip;]<\/p>\n","protected":false},"author":5,"featured_media":0,"parent":0,"menu_order":0,"comment_status":"closed","ping_status":"closed","template":"","meta":{"_acf_changed":false,"footnotes":""},"class_list":["post-45196","page","type-page","status-publish","hentry"],"acf":[],"_links":{"self":[{"href":"https:\/\/www.specialscentshop.com\/de\/wp-json\/wp\/v2\/pages\/45196","targetHints":{"allow":["GET"]}}],"collection":[{"href":"https:\/\/www.specialscentshop.com\/de\/wp-json\/wp\/v2\/pages"}],"about":[{"href":"https:\/\/www.specialscentshop.com\/de\/wp-json\/wp\/v2\/types\/page"}],"author":[{"embeddable":true,"href":"https:\/\/www.specialscentshop.com\/de\/wp-json\/wp\/v2\/users\/5"}],"replies":[{"embeddable":true,"href":"https:\/\/www.specialscentshop.com\/de\/wp-json\/wp\/v2\/comments?post=45196"}],"version-history":[{"count":1,"href":"https:\/\/www.specialscentshop.com\/de\/wp-json\/wp\/v2\/pages\/45196\/revisions"}],"predecessor-version":[{"id":50506,"href":"https:\/\/www.specialscentshop.com\/de\/wp-json\/wp\/v2\/pages\/45196\/revisions\/50506"}],"wp:attachment":[{"href":"https:\/\/www.specialscentshop.com\/de\/wp-json\/wp\/v2\/media?parent=45196"}],"curies":[{"name":"wp","href":"https:\/\/api.w.org\/{rel}","templated":true}]}}