{"id":45204,"date":"2022-12-13T20:26:25","date_gmt":"2022-12-13T19:26:25","guid":{"rendered":"https:\/\/www.specialscentshop.com\/raumparfuem-fuer-veranstaltungen-messen-kongresse-und-zeremonien\/"},"modified":"2026-04-09T09:19:02","modified_gmt":"2026-04-09T07:19:02","slug":"raumparfuem-fuer-veranstaltungen-messen-kongresse-und-zeremonien","status":"publish","type":"page","link":"https:\/\/www.specialscentshop.com\/de\/raumparfuem-fuer-veranstaltungen-messen-kongresse-und-zeremonien\/","title":{"rendered":"Raumparf\u00fcm f\u00fcr Veranstaltungen, Messen, Kongresse und Zeremonien"},"content":{"rendered":"<div class=\"wpb-content-wrapper\"><p>[vc_row full_width=&#8221;stretch_row_content&#8221; equal_height=&#8221;yes&#8221; rtl_reverse=&#8221;yes&#8221; content_placement=&#8221;middle&#8221;][vc_column css=&#8221;.vc_custom_1661955641580{padding-right: 10% !important;padding-left: 10% !important;background-color: #d6d6d6 !important;}&#8221; offset=&#8221;vc_col-lg-6 vc_col-md-6 vc_hidden-sm vc_hidden-xs&#8221;][vc_empty_space height=&#8221;80px&#8221;][vc_custom_heading text=&#8221;BESONDERER DANK&#8221; font_container=&#8221;tag:h2|font_size:40px|text_align:left|color:%23ededed|line_height:90px&#8221; google_fonts=&#8221;font_family:Oswald%3A300%2Cregular%2C700|font_style:700%20bold%20regular%3A700%3Anormal&#8221;][vc_custom_heading text=&#8221;Raumparf\u00fcm f\u00fcr Veranstaltungen, Messen, Kongresse und Zeremonien&#8221; font_container=&#8221;tag:h4|font_size:30px|text_align:left|color:%23ffffff|line_height:34px&#8221; google_fonts=&#8221;font_family:Dosis%3A200%2C300%2Cregular%2C500%2C600%2C700%2C800|font_style:400%20regular%3A400%3Anormal&#8221; css=&#8221;.vc_custom_1670959006978{margin-top: -40px !important;margin-bottom: 30px !important;padding-top: 5px !important;padding-bottom: 5px !important;background-color: #d6d6d6 !important;}&#8221;][vc_column_text]Ein duftender <a href=\"https:\/\/www.meetingbooking.it\/c1844_sale-meeting-milano\" target=\"_blank\" rel=\"noopener\">Konferenzraum<\/a>, der mit unseren professionellen <a href=\"https:\/\/www.specialscentshop.com\/de\/parfuems-und-duefte\/\">D\u00fcften<\/a> individuell gestaltet werden kann, um Ihren Kunden einen einzigartigen Service zu bieten, der auf das Thema der Pr\u00e4sentation abgestimmt ist, die gehalten wird. Unsere Diffusoren zusammen mit unseren Essenzen werden Ihren Saal einzigartig machen. Der sch\u00f6nste Tag in Ihrem Leben wird unvergesslich werden. Die Kirche, der Empfang, Ihre Hochzeitsfeier werden zu einer unausl\u00f6schlichen Erinnerung, vor allem mit Hilfe unserer professionellen Parfums. Ein Parf\u00fcm f\u00fcr jeden Ort, von der Kirche bis zum Empfangssaal. Machen Sie sich auch auf diese Weise bemerkbar und bleiben Sie in Erinnerung. Pr\u00e4sentieren Sie sich auf der Messe anders! Ihr duftendes Logo macht den Unterschied. Um Ihre Kunden anzuziehen, braucht man heutzutage mehr als nur einen sch\u00f6nen Katalog und einen sch\u00f6nen Standauftritt! Sie brauchen eine andere Art der Erinnerung an Ihr Unternehmen, eine Duftsignatur, an die man sich lange Zeit erinnert.[\/vc_column_text][vc_btn title=&#8221;ENTDECKEN SIE UNSERE D\u00dcFTE&#8221; link=&#8221;url:https%3A%2F%2Fwww.specialscentshop.com%2Fde%2Fparfuems-und-duefte%2F|title:Parf%C3%BCms%20Parf%C3%BCms|&#8221;][vc_empty_space height=&#8221;80px&#8221;][\/vc_column][vc_column css=&#8221;.vc_custom_1670959553512{background: #d6d6d6 url(https:\/\/www.specialscentshop.com\/wp-content\/uploads\/2022\/12\/profumi-fragranze-diffusori-fiere-convegni-eventi.jpg?id=38749) !important;background-position: center !important;background-repeat: no-repeat !important;background-size: cover !important;}&#8221; offset=&#8221;vc_col-lg-6 vc_col-md-6 vc_hidden-sm vc_hidden-xs&#8221;][vc_empty_space height=&#8221;500px&#8221;][\/vc_column][\/vc_row][vc_row full_width=&#8221;stretch_row&#8221; equal_height=&#8221;yes&#8221; css=&#8221;.vc_custom_1659416441414{background-color: #e6e7f2 !important;}&#8221;][vc_column css=&#8221;.vc_custom_1485890321478{padding-right: 10% !important;}&#8221;][vc_empty_space height=&#8221;80px&#8221;][vc_custom_heading text=&#8221;EINE BERATUNG ANFORDERN&#8221; font_container=&#8221;tag:h2|font_size:40px|text_align:left|color:%23333333|line_height:40px&#8221; use_theme_fonts=&#8221;yes&#8221;][vc_empty_space height=&#8221;30px&#8221;][\/vc_column][\/vc_row][vc_row full_width=&#8221;stretch_row&#8221; equal_height=&#8221;yes&#8221; css=&#8221;.vc_custom_1659416450215{background-color: #e6e7f2 !important;}&#8221;][vc_column width=&#8221;2\/3&#8243; css=&#8221;.vc_custom_1485890321478{padding-right: 10% !important;}&#8221;][vc_custom_heading text=&#8221;KONTAKTE&#8221; font_container=&#8221;tag:h2|font_size:33px|text_align:left|color:%23333333|line_height:40px&#8221; use_theme_fonts=&#8221;yes&#8221;][vc_custom_heading text=&#8221;F\u00dcLLEN SIE DIE ERFORDERLICHEN FELDER AUS&#8221; font_container=&#8221;tag:h4|font_size:26px|text_align:left|color:%23a8e8e2|line_height:30px&#8221; use_theme_fonts=&#8221;yes&#8221; css=&#8221;.vc_custom_1662663487819{margin-top: -10px !important;margin-bottom: 30px !important;}&#8221;]<p class=\"wpcf7-contact-form-not-found\"><strong>Fehler:<\/strong> Kontaktformular wurde nicht gefunden.<\/p>[vc_empty_space height=&#8221;80px&#8221;][\/vc_column][vc_column width=&#8221;1\/3&#8243; css=&#8221;.vc_custom_1456090660314{padding-right: 15% !important;padding-left: 15% !important;background-color: #f5f5f5 !important;}&#8221;][vc_text_separator title=&#8221;SPECIAL SCENT&#8221; title_align=&#8221;separator_align_left&#8221; align=&#8221;align_left&#8221; color=&#8221;custom&#8221; border_width=&#8221;3&#8243; accent_color=&#8221;#0091c6&#8243; css=&#8221;.vc_custom_1740169030296{margin-bottom: 30px !important;}&#8221;][vc_column_text]Special Scent ist eine Marke der Smart Business Company Kft mit Sitz und Ausstellungsraum in Budapest, Adresse in der Beschreibung. Wir sind seit 2014 auf dem Markt f\u00fcr Parf\u00fcm und Duftmarketing t\u00e4tig und haben mehrere Vertriebspartner in verschiedenen Teilen Europas und im Nahen Osten. Unsere Parf\u00fcmeure verbreiten D\u00fcfte durch ein fortschrittliches Zerst\u00e4ubungssystem, von kleineren R\u00e4umen wie Autos bis hin zu gr\u00f6\u00dferen R\u00e4umen wie Hallen und Firmenb\u00fcros. Unser Unternehmen ist in der Lage, jeden besonderen Duftwunsch zu erf\u00fcllen, um ein angenehmes und einzigartiges Ambiente zu schaffen. Wellness-Zentren, Hotels, Wohnr\u00e4ume, Restaurants, B\u00fcros, Fitnessstudios und viele andere Orte k\u00f6nnen mit unseren D\u00fcften komplett renoviert werden. Alle unsere D\u00fcfte werden <strong>in Italien hergestellt<\/strong> <strong>und sind zertifiziert,<\/strong> ihre Qualit\u00e4t ist un\u00fcbertroffen. Das olfaktorische Erlebnis, das wir Ihnen bieten, ist eine echte Erinnerung, die sich in den K\u00f6pfen derjenigen einpr\u00e4gt, die unsere D\u00fcfte riechen.[\/vc_column_text][\/vc_column][\/vc_row][vc_row full_width=&#8221;stretch_row&#8221; equal_height=&#8221;yes&#8221; css=&#8221;.vc_custom_1659416441414{background-color: #e6e7f2 !important;}&#8221;][vc_column css=&#8221;.vc_custom_1485890321478{padding-right: 10% !important;}&#8221;][vc_empty_space height=&#8221;80px&#8221;][\/vc_column][\/vc_row]<\/p>\n<\/div>","protected":false},"excerpt":{"rendered":"<p>[vc_row full_width=&#8221;stretch_row_content&#8221; equal_height=&#8221;yes&#8221; rtl_reverse=&#8221;yes&#8221; content_placement=&#8221;middle&#8221;][vc_column css=&#8221;.vc_custom_1661955641580{padding-right: 10% !important;padding-left: 10% !important;background-color: #d6d6d6 !important;}&#8221; offset=&#8221;vc_col-lg-6 vc_col-md-6 vc_hidden-sm vc_hidden-xs&#8221;][vc_empty_space height=&#8221;80px&#8221;][vc_custom_heading text=&#8221;BESONDERER DANK&#8221; font_container=&#8221;tag:h2|font_size:40px|text_align:left|color:%23ededed|line_height:90px&#8221; google_fonts=&#8221;font_family:Oswald%3A300%2Cregular%2C700|font_style:700%20bold%20regular%3A700%3Anormal&#8221;][vc_custom_heading text=&#8221;Raumparf\u00fcm f\u00fcr Veranstaltungen, Messen, Kongresse und Zeremonien&#8221; font_container=&#8221;tag:h4|font_size:30px|text_align:left|color:%23ffffff|line_height:34px&#8221; google_fonts=&#8221;font_family:Dosis%3A200%2C300%2Cregular%2C500%2C600%2C700%2C800|font_style:400%20regular%3A400%3Anormal&#8221; css=&#8221;.vc_custom_1670959006978{margin-top: -40px !important;margin-bottom: 30px !important;padding-top: 5px !important;padding-bottom: 5px !important;background-color: #d6d6d6 !important;}&#8221;][vc_column_text]Ein duftender Konferenzraum, der mit unseren professionellen D\u00fcften individuell gestaltet werden kann, um Ihren Kunden [&hellip;]<\/p>\n","protected":false},"author":5,"featured_media":0,"parent":0,"menu_order":0,"comment_status":"closed","ping_status":"closed","template":"","meta":{"_acf_changed":false,"footnotes":""},"class_list":["post-45204","page","type-page","status-publish","hentry"],"acf":[],"_links":{"self":[{"href":"https:\/\/www.specialscentshop.com\/de\/wp-json\/wp\/v2\/pages\/45204","targetHints":{"allow":["GET"]}}],"collection":[{"href":"https:\/\/www.specialscentshop.com\/de\/wp-json\/wp\/v2\/pages"}],"about":[{"href":"https:\/\/www.specialscentshop.com\/de\/wp-json\/wp\/v2\/types\/page"}],"author":[{"embeddable":true,"href":"https:\/\/www.specialscentshop.com\/de\/wp-json\/wp\/v2\/users\/5"}],"replies":[{"embeddable":true,"href":"https:\/\/www.specialscentshop.com\/de\/wp-json\/wp\/v2\/comments?post=45204"}],"version-history":[{"count":1,"href":"https:\/\/www.specialscentshop.com\/de\/wp-json\/wp\/v2\/pages\/45204\/revisions"}],"predecessor-version":[{"id":50501,"href":"https:\/\/www.specialscentshop.com\/de\/wp-json\/wp\/v2\/pages\/45204\/revisions\/50501"}],"wp:attachment":[{"href":"https:\/\/www.specialscentshop.com\/de\/wp-json\/wp\/v2\/media?parent=45204"}],"curies":[{"name":"wp","href":"https:\/\/api.w.org\/{rel}","templated":true}]}}