{"id":45740,"date":"2022-12-13T18:35:49","date_gmt":"2022-12-13T17:35:49","guid":{"rendered":"https:\/\/www.specialscentshop.com\/parfuem-und-duftstoffdiffusoren-fuer-mehrfamilienhaeuser\/"},"modified":"2025-01-15T10:26:53","modified_gmt":"2025-01-15T09:26:53","slug":"parfuem-und-duftstoffdiffusoren-fuer-mehrfamilienhaeuser","status":"publish","type":"page","link":"https:\/\/www.specialscentshop.com\/de\/parfuem-und-duftstoffdiffusoren-fuer-mehrfamilienhaeuser\/","title":{"rendered":"Parf\u00fcm- und Duftstoffdiffusoren f\u00fcr Mehrfamilienh\u00e4user"},"content":{"rendered":"<div class=\"wpb-content-wrapper\"><p>[vc_row full_width=&#8221;stretch_row_content&#8221; equal_height=&#8221;yes&#8221; rtl_reverse=&#8221;yes&#8221; content_placement=&#8221;middle&#8221;][vc_column css=&#8221;.vc_custom_1661955641580{padding-right: 10% !important;padding-left: 10% !important;background-color: #d6d6d6 !important;}&#8221; offset=&#8221;vc_col-lg-6 vc_col-md-6 vc_hidden-sm vc_hidden-xs&#8221;][vc_empty_space height=&#8221;80px&#8221;][vc_custom_heading text=&#8221;BESONDERER DANK&#8221; font_container=&#8221;tag:h2|font_size:40px|text_align:left|color:%23ededed|line_height:90px&#8221; google_fonts=&#8221;font_family:Oswald%3A300%2Cregular%2C700|font_style:700%20bold%20regular%3A700%3Anormal&#8221;][vc_custom_heading text=&#8221;Duftzerst\u00e4uber f\u00fcr Mehrfamilienh\u00e4user&#8221; font_container=&#8221;tag:h4|font_size:30px|text_align:left|color:%23ffffff|line_height:34px&#8221; google_fonts=&#8221;font_family:Dosis%3A200%2C300%2Cregular%2C500%2C600%2C700%2C800|font_style:400%20regular%3A400%3Anormal&#8221; css=&#8221;.vc_custom_1686747171191{margin-top: -40px !important;margin-bottom: 30px !important;padding-top: 5px !important;padding-bottom: 5px !important;background-color: #d6d6d6 !important;}&#8221;][vc_column_text]Mehr als Sehen, H\u00f6ren, Tasten und Schmecken ist der Geruchssinn sicherlich der Sinn, der am meisten mit Gef\u00fchlen und Erinnerungen verbunden ist. Unsere Duftdiffusoren, unsere D\u00fcfte, garantieren ein positives Erlebnis f\u00fcr diejenigen, die in einem Mehrfamilienhaus leben oder f\u00fcr diejenigen, die eine Wohnung kaufen und bewohnen m\u00fcssen, hat eine wichtige Bedeutung. Den perfekten Duft zu verbreiten ist ein Synonym f\u00fcr Zuhause. Schaffen Sie eine einzigartige Atmosph\u00e4re in Ihrem Apartmenthaus und den Wohnungen, die Sie verwalten.<\/p>\n<p>[\/vc_column_text][vc_btn title=&#8221;ENTDECKEN SIE UNSERE REFERENTEN&#8221; link=&#8221;url:https%3A%2F%2Fwww.specialscentshop.com%2Fde%2Fraumdiffusoren%2F|title:Raumbeduftung|&#8221;][vc_empty_space height=&#8221;30px&#8221;][vc_empty_space height=&#8221;30px&#8221;][vc_custom_heading text=&#8221;Parf\u00fcms f\u00fcr Eigentumswohnungen&#8221; font_container=&#8221;tag:h4|font_size:30px|text_align:left|color:%23ffffff|line_height:34px&#8221; google_fonts=&#8221;font_family:Dosis%3A200%2C300%2Cregular%2C500%2C600%2C700%2C800|font_style:400%20regular%3A400%3Anormal&#8221; css=&#8221;.vc_custom_1670953033839{margin-top: -40px !important;margin-bottom: 30px !important;padding-top: 5px !important;padding-bottom: 5px !important;background-color: #d6d6d6 !important;}&#8221;][vc_column_text]Begr\u00fc\u00dfen Sie Ihre Mieter mit einem luxuri\u00f6sen Duft in der Lobby von luxuri\u00f6sen Hochh\u00e4usern und Mehrfamilienh\u00e4usern. Schaffen Sie einen starken Eindruck bei potenziellen Bewohnern durch den Einsatz von D\u00fcften in Mietb\u00fcros und Wohnungen, um die Kundenwahrnehmung zu verbessern Der erste Eindruck, wenn er positiv ist, wird Bewohner und potenzielle K\u00e4ufer definitiv beeinflussen.[\/vc_column_text][vc_btn title=&#8221;ENTDECKEN SIE UNSERE D\u00dcFTE&#8221; link=&#8221;url:https%3A%2F%2Fwww.specialscentshop.com%2Fprofumazione-ambienti%2F|title:Raumbeduftung|&#8221;][vc_empty_space height=&#8221;80px&#8221;][\/vc_column][vc_column css=&#8221;.vc_custom_1670953357393{background: #d6d6d6 url(https:\/\/www.specialscentshop.com\/wp-content\/uploads\/2022\/12\/scale-condominio-profumazione-diffusori.jpg?id=38699) !important;background-position: center !important;background-repeat: no-repeat !important;background-size: cover !important;}&#8221; offset=&#8221;vc_col-lg-6 vc_col-md-6 vc_hidden-sm vc_hidden-xs&#8221;][vc_empty_space height=&#8221;500px&#8221;][\/vc_column][\/vc_row][vc_row full_width=&#8221;stretch_row_content&#8221; equal_height=&#8221;yes&#8221; rtl_reverse=&#8221;yes&#8221; content_placement=&#8221;middle&#8221;][vc_column css=&#8221;.vc_custom_1670953663326{background: #d6d6d6 url(https:\/\/www.specialscentshop.com\/wp-content\/uploads\/2022\/12\/atrio-condominio-aromi-fragranze-profumi.jpg?id=38704) !important;background-position: center !important;background-repeat: no-repeat !important;background-size: cover !important;}&#8221; offset=&#8221;vc_col-lg-6 vc_col-md-6 vc_hidden-sm vc_hidden-xs&#8221;][vc_empty_space height=&#8221;500px&#8221;][\/vc_column][vc_column css=&#8221;.vc_custom_1670953674390{padding-right: 10% !important;padding-left: 10% !important;}&#8221; offset=&#8221;vc_col-lg-6 vc_col-md-6 vc_hidden-sm vc_hidden-xs&#8221;][vc_empty_space height=&#8221;80px&#8221;][vc_custom_heading text=&#8221;BESONDERER DANK&#8221; font_container=&#8221;tag:h2|font_size:40px|text_align:left|color:%23ededed|line_height:90px&#8221; google_fonts=&#8221;font_family:Oswald%3A300%2Cregular%2C700|font_style:700%20bold%20regular%3A700%3Anormal&#8221;][vc_custom_heading text=&#8221;Parf\u00fcmzerst\u00e4uber f\u00fcr Wohnungen und Eigentumswohnungen&#8221; font_container=&#8221;tag:h4|font_size:30px|text_align:left|color:%23bfbfbf|line_height:34px&#8221; google_fonts=&#8221;font_family:Dosis%3A200%2C300%2Cregular%2C500%2C600%2C700%2C800|font_style:400%20regular%3A400%3Anormal&#8221; css=&#8221;.vc_custom_1670953847302{margin-top: -40px !important;margin-bottom: 30px !important;padding-top: 5px !important;padding-bottom: 5px !important;}&#8221;][vc_column_text]Ganz gleich, ob Sie eine <a href=\"https:\/\/www.condominioweb.com\/\" target=\"_blank\" rel=\"noopener\">Eigentumswohnung<\/a> oder eine Wohngemeinschaft verwalten, bauen oder entwickeln, der Einsatz von D\u00fcften kann au\u00dfergew\u00f6hnliche Erlebnisse schaffen und eine bereichernde Atmosph\u00e4re f\u00fcr die Bewohner schaffen. Von einem einladenden Duft am Eingang der Lobby bis hin zu frischen D\u00fcften in Gemeinschaftsr\u00e4umen, Aufz\u00fcgen und Fluren &#8211; die Duftmaschinen von Special Scent sorgen f\u00fcr maximale Zufriedenheit. Special Scent verf\u00fcgt \u00fcber mehrere Methoden der Duftabgabe. Wir k\u00f6nnen die Beduftung \u00fcber Ihr HLK-System f\u00fcr eine diskrete und vollst\u00e4ndige <strong>Raumbeduftung<\/strong> oder mit tragbaren Ger\u00e4ten f\u00fcr <a href=\"https:\/\/www.specialscentshop.com\/de\/parfuemierungssystem-fuer-villen-und-herrenhaeuser\/\">lokalisierte Duftbereiche<\/a> realisieren.[\/vc_column_text][vc_empty_space height=&#8221;20px&#8221;][vc_btn title=&#8221;ENTDECKEN SIE UNSERE REFERENTEN&#8221; link=&#8221;url:https%3A%2F%2Fwww.specialscentshop.com%2Fde%2Fraumdiffusoren%2F|title:Raumbeduftung|&#8221;][vc_empty_space height=&#8221;80px&#8221;][\/vc_column][\/vc_row][vc_row full_width=&#8221;stretch_row&#8221; equal_height=&#8221;yes&#8221; css=&#8221;.vc_custom_1659416441414{background-color: #e6e7f2 !important;}&#8221;][vc_column css=&#8221;.vc_custom_1485890321478{padding-right: 10% !important;}&#8221;][vc_empty_space height=&#8221;80px&#8221;][vc_custom_heading text=&#8221;KONTAKTIEREN SIE UNS F\u00dcR INFORMATIONEN&#8221; font_container=&#8221;tag:h1|font_size:40px|text_align:left|color:%23333333|line_height:40px&#8221; use_theme_fonts=&#8221;yes&#8221;][vc_empty_space height=&#8221;30px&#8221;][\/vc_column][\/vc_row][vc_row full_width=&#8221;stretch_row&#8221; equal_height=&#8221;yes&#8221; css=&#8221;.vc_custom_1659416450215{background-color: #e6e7f2 !important;}&#8221;][vc_column width=&#8221;2\/3&#8243; css=&#8221;.vc_custom_1485890321478{padding-right: 10% !important;}&#8221;][vc_custom_heading text=&#8221;KONTAKTE&#8221; font_container=&#8221;tag:h2|font_size:33px|text_align:left|color:%23333333|line_height:40px&#8221; use_theme_fonts=&#8221;yes&#8221;][vc_custom_heading text=&#8221;F\u00dcLLEN SIE DIE ERFORDERLICHEN FELDER AUS&#8221; font_container=&#8221;tag:h4|font_size:26px|text_align:left|color:%23a8e8e2|line_height:30px&#8221; use_theme_fonts=&#8221;yes&#8221; css=&#8221;.vc_custom_1662663487819{margin-top: -10px !important;margin-bottom: 30px !important;}&#8221;]<p class=\"wpcf7-contact-form-not-found\"><strong>Fehler:<\/strong> Kontaktformular wurde nicht gefunden.<\/p>[vc_empty_space height=&#8221;80px&#8221;][\/vc_column][vc_column width=&#8221;1\/3&#8243; css=&#8221;.vc_custom_1456090660314{padding-right: 15% !important;padding-left: 15% !important;background-color: #f5f5f5 !important;}&#8221;][vc_text_separator title=&#8221;BESONDERER DANK&#8221; title_align=&#8221;separator_align_left&#8221; align=&#8221;align_left&#8221; color=&#8221;custom&#8221; border_width=&#8221;3&#8243; accent_color=&#8221;#0091c6&#8243; css=&#8221;.vc_custom_1688028740632{margin-bottom: 30px !important;}&#8221;][vc_column_text]Special Scent ist eine Marke der Smart Business Company Kft. Wir sind seit 2014 auf dem Markt f\u00fcr Parf\u00fcm und Duftmarketing vertreten und haben mehrere Vertriebspartner in verschiedenen Teilen Europas und im Nahen Osten. Unsere Parf\u00fcmeure verbreiten D\u00fcfte durch ein fortschrittliches Zerst\u00e4ubungssystem, von kleineren R\u00e4umen wie Autos bis hin zu gr\u00f6\u00dferen R\u00e4umen wie Hallen und Firmenb\u00fcros. Unser Unternehmen ist in der Lage, jeden speziellen Duftwunsch zu erf\u00fcllen, um ein angenehmes und einzigartiges Ambiente zu schaffen. Wellness-Zentren, Hotels, Wohnr\u00e4ume, Restaurants, B\u00fcros, Fitnessstudios und viele andere Orte k\u00f6nnen mit unseren D\u00fcften komplett renoviert werden. Alle unsere D\u00fcfte werden <strong>in Italien hergestellt<\/strong> <strong>und sind zertifiziert,<\/strong> ihre Qualit\u00e4t ist un\u00fcbertroffen. Das olfaktorische Erlebnis, das wir Ihnen bieten, ist eine echte Erinnerung, die sich in den K\u00f6pfen derjenigen einpr\u00e4gt, die unsere D\u00fcfte riechen.[\/vc_column_text][\/vc_column][\/vc_row][vc_row full_width=&#8221;stretch_row&#8221; equal_height=&#8221;yes&#8221; css=&#8221;.vc_custom_1659416441414{background-color: #e6e7f2 !important;}&#8221;][vc_column css=&#8221;.vc_custom_1485890321478{padding-right: 10% !important;}&#8221;][vc_empty_space height=&#8221;80px&#8221;][\/vc_column][\/vc_row]<\/p>\n<\/div>","protected":false},"excerpt":{"rendered":"<p>[vc_row full_width=&#8221;stretch_row_content&#8221; equal_height=&#8221;yes&#8221; rtl_reverse=&#8221;yes&#8221; content_placement=&#8221;middle&#8221;][vc_column css=&#8221;.vc_custom_1661955641580{padding-right: 10% !important;padding-left: 10% !important;background-color: #d6d6d6 !important;}&#8221; offset=&#8221;vc_col-lg-6 vc_col-md-6 vc_hidden-sm vc_hidden-xs&#8221;][vc_empty_space height=&#8221;80px&#8221;][vc_custom_heading text=&#8221;BESONDERER DANK&#8221; font_container=&#8221;tag:h2|font_size:40px|text_align:left|color:%23ededed|line_height:90px&#8221; google_fonts=&#8221;font_family:Oswald%3A300%2Cregular%2C700|font_style:700%20bold%20regular%3A700%3Anormal&#8221;][vc_custom_heading text=&#8221;Duftzerst\u00e4uber f\u00fcr Mehrfamilienh\u00e4user&#8221; font_container=&#8221;tag:h4|font_size:30px|text_align:left|color:%23ffffff|line_height:34px&#8221; google_fonts=&#8221;font_family:Dosis%3A200%2C300%2Cregular%2C500%2C600%2C700%2C800|font_style:400%20regular%3A400%3Anormal&#8221; css=&#8221;.vc_custom_1686747171191{margin-top: -40px !important;margin-bottom: 30px !important;padding-top: 5px !important;padding-bottom: 5px !important;background-color: #d6d6d6 !important;}&#8221;][vc_column_text]Mehr als Sehen, H\u00f6ren, Tasten und Schmecken ist der Geruchssinn sicherlich der Sinn, der am meisten mit Gef\u00fchlen und [&hellip;]<\/p>\n","protected":false},"author":5,"featured_media":0,"parent":0,"menu_order":0,"comment_status":"closed","ping_status":"closed","template":"","meta":{"_acf_changed":false,"footnotes":""},"class_list":["post-45740","page","type-page","status-publish","hentry"],"acf":[],"_links":{"self":[{"href":"https:\/\/www.specialscentshop.com\/de\/wp-json\/wp\/v2\/pages\/45740","targetHints":{"allow":["GET"]}}],"collection":[{"href":"https:\/\/www.specialscentshop.com\/de\/wp-json\/wp\/v2\/pages"}],"about":[{"href":"https:\/\/www.specialscentshop.com\/de\/wp-json\/wp\/v2\/types\/page"}],"author":[{"embeddable":true,"href":"https:\/\/www.specialscentshop.com\/de\/wp-json\/wp\/v2\/users\/5"}],"replies":[{"embeddable":true,"href":"https:\/\/www.specialscentshop.com\/de\/wp-json\/wp\/v2\/comments?post=45740"}],"version-history":[{"count":0,"href":"https:\/\/www.specialscentshop.com\/de\/wp-json\/wp\/v2\/pages\/45740\/revisions"}],"wp:attachment":[{"href":"https:\/\/www.specialscentshop.com\/de\/wp-json\/wp\/v2\/media?parent=45740"}],"curies":[{"name":"wp","href":"https:\/\/api.w.org\/{rel}","templated":true}]}}