{"id":45763,"date":"2023-01-18T11:47:12","date_gmt":"2023-01-18T10:47:12","guid":{"rendered":"https:\/\/www.specialscentshop.com\/messen-veranstaltungen\/"},"modified":"2026-04-09T09:21:12","modified_gmt":"2026-04-09T07:21:12","slug":"messen-veranstaltungen","status":"publish","type":"page","link":"https:\/\/www.specialscentshop.com\/de\/messen-veranstaltungen\/","title":{"rendered":"Messen &amp; Veranstaltungen"},"content":{"rendered":"<div class=\"wpb-content-wrapper\"><p>[vc_row full_width=&#8221;stretch_row_content&#8221; equal_height=&#8221;yes&#8221; content_placement=&#8221;middle&#8221;][vc_column css=&#8221;.vc_custom_1674040517436{background-image: url(https:\/\/www.specialscentshop.com\/wp-content\/uploads\/2023\/01\/Progetto-senza-titolo-2023-01-18T121454.867.jpg?id=38908) !important;background-position: center !important;background-repeat: no-repeat !important;background-size: cover !important;}&#8221; offset=&#8221;vc_col-lg-6 vc_col-md-6&#8243;][vc_empty_space height=&#8221;500px&#8221;][\/vc_column][vc_column css=&#8221;.vc_custom_1485266194533{padding-right: 10% !important;padding-left: 10% !important;background-color: #f3f3f3 !important;}&#8221; offset=&#8221;vc_col-lg-6 vc_col-md-6&#8243;][vc_empty_space height=&#8221;80px&#8221;][vc_custom_heading text=&#8221;AROMEN UND D\u00dcFTE F\u00dcR VERANSTALTUNGEN&#8221; font_container=&#8221;tag:h2|font_size:90px|text_align:left|color:%23ffffff|line_height:90px&#8221; google_fonts=&#8221;font_family:Oswald%3A300%2Cregular%2C700|font_style:700%20bold%20regular%3A700%3Anormal&#8221;][vc_custom_heading text=&#8221;MESSE-EVENTS&#8221; font_container=&#8221;tag:h4|font_size:34px|text_align:left|color:%23000000|line_height:34px&#8221; google_fonts=&#8221;font_family:Dosis%3A200%2C300%2Cregular%2C500%2C600%2C700%2C800|font_style:400%20regular%3A400%3Anormal&#8221; css=&#8221;.vc_custom_1687113552066{margin-top: -40px !important;margin-bottom: 30px !important;padding-top: 5px !important;padding-bottom: 5px !important;background-color: #f3f3f3 !important;}&#8221;][vc_column_text]<\/p>\n<p style=\"font-size: 20px;\">D\u00fcfte sind ein <strong>wichtiges Element<\/strong>, um eine<strong>geeignete Atmosph\u00e4re f\u00fcr Messen und <a href=\"https:\/\/www.treccani.it\/vocabolario\/evento\/\" target=\"_blank\" rel=\"noopener\">Veranstaltungen<\/a><\/strong> zu schaffen. Der richtige Duft kann einen bleibenden und positiven Eindruck bei den Besuchern hinterlassen und dazu beitragen, ein<strong>eindringliches<\/strong> und <strong>fesselndes<\/strong><strong>Erlebnis zu<\/strong> schaffen.<\/p>\n<p style=\"font-size: 20px;\">Dar\u00fcber hinaus k\u00f6nnen D\u00fcfte verwendet werden, um <strong>bestimmte Bereiche zu kennzeichnen<\/strong> oder um eine bestimmte Atmosph\u00e4re f\u00fcr ein Unternehmen oder ein Produkt zu schaffen. Ein Hautpflegeunternehmen k\u00f6nnte zum Beispiel einen frischen, blumigen Duft in seinem Ausstellungsbereich verbreiten, um eine entspannende und ansprechende Atmosph\u00e4re zu schaffen.<\/p>\n<p style=\"font-size: 20px;\">D\u00fcfte und Parf\u00fcms sind auch auf <strong>Lebensmittelmessen<\/strong> wichtig, weil sie <strong>die sensorische Erfahrung<\/strong> der Besucher <strong>erheblich beeinflussen<\/strong> und dazu beitragen k\u00f6nnen, eine angenehme und einladende Atmosph\u00e4re zu schaffen. Dar\u00fcber hinaus k\u00f6nnen D\u00fcfte und Parf\u00fcms auch dazu beitragen, die ausgestellten Lebensmittel zu bewerben und zu differenzieren und die Aufmerksamkeit der Besucher auf bestimmte St\u00e4nde zu lenken. Dar\u00fcber hinaus k\u00f6nnen <strong>D\u00fcfte<\/strong> und <strong>Parf\u00fcms<\/strong> auch die <strong>Geschmackswahrnehmung von Lebensmitteln<\/strong> beeinflussen, sie attraktiver machen und die Wahrscheinlichkeit erh\u00f6hen, dass Besucher sie kaufen.<\/p>\n<p style=\"font-size: 20px;\">Dar\u00fcber hinaus k\u00f6nnen D\u00fcfte dazu beitragen, unangenehme Ger\u00fcche zu \u00fcberdecken, z. B. von bestimmten Lebensmitteln oder Menschen, und so eine angenehmere Umgebung f\u00fcr Besucher schaffen.<\/p>\n<p>[\/vc_column_text][vc_empty_space height=&#8221;30px&#8221;][\/vc_column][\/vc_row][vc_row full_width=&#8221;stretch_row_content&#8221; equal_height=&#8221;yes&#8221; content_placement=&#8221;middle&#8221;][vc_column css=&#8221;.vc_custom_1485266194533{padding-right: 10% !important;padding-left: 10% !important;background-color: #f3f3f3 !important;}&#8221; offset=&#8221;vc_col-lg-6 vc_col-md-6&#8243;][vc_empty_space height=&#8221;80px&#8221;][vc_custom_heading text=&#8221;UMGEBUNGSDUFT&#8221; font_container=&#8221;tag:h1|font_size:90px|text_align:left|color:%23ffffff|line_height:90px&#8221; google_fonts=&#8221;font_family:Oswald%3A300%2Cregular%2C700|font_style:700%20bold%20regular%3A700%3Anormal&#8221;][vc_custom_heading text=&#8221;KONGRESS&#8221; font_container=&#8221;tag:h4|font_size:34px|text_align:left|color:%23000000|line_height:34px&#8221; google_fonts=&#8221;font_family:Dosis%3A200%2C300%2Cregular%2C500%2C600%2C700%2C800|font_style:400%20regular%3A400%3Anormal&#8221; css=&#8221;.vc_custom_1674975489567{margin-top: -40px !important;margin-bottom: 30px !important;padding-top: 5px !important;padding-bottom: 5px !important;background-color: #f3f3f3 !important;}&#8221;][vc_column_text]<strong>D\u00fcfte und Parf\u00fcms<\/strong> sind Schl\u00fcsselelemente bei der Gestaltung eines Kongresses, da sie die F\u00e4higkeit haben, die sensorische Erfahrung der Teilnehmer zu beeinflussen und eine angenehme und einladende Atmosph\u00e4re zu schaffen. In erster Linie k\u00f6nnen D\u00fcfte und Parf\u00fcms dazu beitragen, ein abgestimmtes Image f\u00fcr die Veranstaltung zu schaffen. So k\u00f6nnen Sie eine spezifische Identit\u00e4t f\u00fcr den Kongress schaffen und ihn von anderen Veranstaltungen unterscheiden. Au\u00dferdem k\u00f6nnen sie eingesetzt werden, um eine bestimmte Atmosph\u00e4re f\u00fcr einen Bereich des Kongresses zu schaffen, wie z.B. einen Ausstellungsbereich oder einen Entspannungsbereich. Dar\u00fcber hinaus k\u00f6nnen D\u00fcfte und Parf\u00fcms auch die sensorische Erfahrung der Teilnehmer beeinflussen, die Veranstaltung angenehmer machen und ihre Zufriedenheit erh\u00f6hen. So kann zum Beispiel die Verwendung frischer und entspannender D\u00fcfte dazu beitragen, eine entspannende und angenehme Atmosph\u00e4re zu schaffen, w\u00e4hrend die Verwendung w\u00fcrziger und intensiver D\u00fcfte eine anregende und stimulierende Atmosph\u00e4re schaffen kann. Dar\u00fcber hinaus kann der Einsatz von <a href=\"https:\/\/www.specialscentshop.com\/de\/parfuems-und-duefte\/\">D\u00fcften und Parf\u00fcms<\/a> auch das gastronomische Erlebnis der Teilnehmer verbessern, indem er die Schmackhaftigkeit der w\u00e4hrend der Veranstaltung angebotenen Speisen erh\u00f6ht. Zusammenfassend l\u00e4sst sich sagen, dass der Einsatz von D\u00fcften in Konferenzumgebungen dazu beitragen kann, ein angenehmes und unvergessliches Erlebnis f\u00fcr die Teilnehmer zu schaffen, das koordinierte Image der Veranstaltung zu verbessern und die sensorischen und gastronomischen Erfahrungen der Teilnehmer zu beeinflussen.[\/vc_column_text][vc_empty_space height=&#8221;30px&#8221;][\/vc_column][vc_column css=&#8221;.vc_custom_1675022382325{background-image: url(https:\/\/www.specialscentshop.com\/wp-content\/uploads\/2023\/01\/congressi-fragranze-profumi.jpg?id=39163) !important;background-position: center !important;background-repeat: no-repeat !important;background-size: cover !important;}&#8221; offset=&#8221;vc_col-lg-6 vc_col-md-6&#8243;][vc_empty_space height=&#8221;500px&#8221;][\/vc_column][\/vc_row][vc_row][vc_column][vc_raw_html]PGgyIGNsYXNzPSJzaG9ydGNvZGVfdGl0bGUiIHN0eWxlPSJ0ZXh0LWFsaWduOmNlbnRlciI+RU5UREVDS0VOIFNJRSBESUUgUEFTU0VOREVOIFJFRE5FUiBGw5xSIE1FU1NFTiBVTkQgS09OR1JFU1NFPC9oMj4=[\/vc_raw_html][vc_basic_grid post_type=&#8221;product&#8221; max_items=&#8221;&#8221; element_width=&#8221;3&#8243; gap=&#8221;20&#8243; item=&#8221;39137&#8243; initial_loading_animation=&#8221;none&#8221; grid_id=&#8221;vc_gid:1775719060252-2e55d568fd08b6e548e771e9afd01b72-1&#8243; taxonomies=&#8221;562&#8243;][\/vc_column][\/vc_row][vc_row][vc_column][vc_raw_html]PGgyIGNsYXNzPSJzaG9ydGNvZGVfdGl0bGUiIHN0eWxlPSJ0ZXh0LWFsaWduOmNlbnRlciI+RU5UREVDS0VOIFNJRSBESUUgUEFTU0VOREVOIETDnEZURSBGw5xSIE1FU1NFTiBVTkQgS09OR1JFU1NFPC9oMj4=[\/vc_raw_html][vc_basic_grid post_type=&#8221;product&#8221; max_items=&#8221;&#8221; element_width=&#8221;3&#8243; gap=&#8221;20&#8243; item=&#8221;39137&#8243; initial_loading_animation=&#8221;none&#8221; grid_id=&#8221;vc_gid:1775719060370-a0e2c69d7e4172dd0468a7092a5a1d43-4&#8243; taxonomies=&#8221;561&#8243;][\/vc_column][\/vc_row][vc_row full_width=&#8221;stretch_row&#8221; equal_height=&#8221;yes&#8221; css=&#8221;.vc_custom_1659416441414{background-color: #e6e7f2 !important;}&#8221;][vc_column css=&#8221;.vc_custom_1485890321478{padding-right: 10% !important;}&#8221;][vc_empty_space height=&#8221;80px&#8221;][vc_custom_heading text=&#8221;KONTAKTIEREN SIE UNS F\u00dcR INFORMATIONEN&#8221; font_container=&#8221;tag:h2|font_size:40px|text_align:left|color:%23333333|line_height:40px&#8221; use_theme_fonts=&#8221;yes&#8221;][vc_empty_space height=&#8221;30px&#8221;][\/vc_column][\/vc_row][vc_row full_width=&#8221;stretch_row&#8221; equal_height=&#8221;yes&#8221; css=&#8221;.vc_custom_1659416450215{background-color: #e6e7f2 !important;}&#8221;][vc_column width=&#8221;2\/3&#8243; css=&#8221;.vc_custom_1485890321478{padding-right: 10% !important;}&#8221;][vc_custom_heading text=&#8221;KONTAKTE&#8221; font_container=&#8221;tag:h2|font_size:33px|text_align:left|color:%23333333|line_height:40px&#8221; use_theme_fonts=&#8221;yes&#8221;][vc_custom_heading text=&#8221;F\u00dcLLEN SIE DIE ERFORDERLICHEN FELDER AUS&#8221; font_container=&#8221;tag:h4|font_size:26px|text_align:left|color:%23a8e8e2|line_height:30px&#8221; use_theme_fonts=&#8221;yes&#8221; css=&#8221;.vc_custom_1662663487819{margin-top: -10px !important;margin-bottom: 30px !important;}&#8221;]<p class=\"wpcf7-contact-form-not-found\"><strong>Fehler:<\/strong> Kontaktformular wurde nicht gefunden.<\/p>[vc_empty_space height=&#8221;80px&#8221;][\/vc_column][vc_column width=&#8221;1\/3&#8243; css=&#8221;.vc_custom_1456090660314{padding-right: 15% !important;padding-left: 15% !important;background-color: #f5f5f5 !important;}&#8221;][vc_text_separator title=&#8221;SPECIAL SCENT&#8221; title_align=&#8221;separator_align_left&#8221; align=&#8221;align_left&#8221; color=&#8221;custom&#8221; border_width=&#8221;3&#8243; accent_color=&#8221;#0091c6&#8243; css=&#8221;.vc_custom_1740244923131{margin-bottom: 30px !important;}&#8221;][vc_column_text]Special Scent ist eine Marke der Smart Business Company Kft mit Sitz und Ausstellungsraum in Budapest, Adresse in der Beschreibung. Wir sind seit 2014 auf dem Markt f\u00fcr Parf\u00fcm und Duftmarketing t\u00e4tig und haben mehrere Vertriebspartner in verschiedenen Teilen Europas und im Nahen Osten. Unsere Parf\u00fcmeure verbreiten D\u00fcfte durch ein fortschrittliches Zerst\u00e4ubungssystem, von kleineren R\u00e4umen wie Autos bis hin zu gr\u00f6\u00dferen R\u00e4umen wie Hallen und Firmenb\u00fcros. Unser Unternehmen ist in der Lage, jeden besonderen Duftwunsch zu erf\u00fcllen, um ein angenehmes und einzigartiges Ambiente zu schaffen. Wellness-Zentren, Hotels, Wohnr\u00e4ume, Restaurants, B\u00fcros, Fitnessstudios und viele andere Orte k\u00f6nnen mit unseren D\u00fcften komplett renoviert werden. Alle unsere D\u00fcfte werden <strong>in Italien hergestellt<\/strong> <strong>und sind zertifiziert,<\/strong> ihre Qualit\u00e4t ist un\u00fcbertroffen. Das olfaktorische Erlebnis, das wir Ihnen bieten, ist eine echte Erinnerung, die sich in den K\u00f6pfen derjenigen einpr\u00e4gt, die unsere D\u00fcfte riechen.[\/vc_column_text][\/vc_column][\/vc_row][vc_row full_width=&#8221;stretch_row&#8221; equal_height=&#8221;yes&#8221; css=&#8221;.vc_custom_1659416441414{background-color: #e6e7f2 !important;}&#8221;][vc_column css=&#8221;.vc_custom_1485890321478{padding-right: 10% !important;}&#8221;][vc_empty_space height=&#8221;80px&#8221;][\/vc_column][\/vc_row]<\/p>\n<\/div>","protected":false},"excerpt":{"rendered":"<p>[vc_row full_width=&#8221;stretch_row_content&#8221; equal_height=&#8221;yes&#8221; content_placement=&#8221;middle&#8221;][vc_column css=&#8221;.vc_custom_1674040517436{background-image: url(https:\/\/www.specialscentshop.com\/wp-content\/uploads\/2023\/01\/Progetto-senza-titolo-2023-01-18T121454.867.jpg?id=38908) !important;background-position: center !important;background-repeat: no-repeat !important;background-size: cover !important;}&#8221; offset=&#8221;vc_col-lg-6 vc_col-md-6&#8243;][vc_empty_space height=&#8221;500px&#8221;][\/vc_column][vc_column css=&#8221;.vc_custom_1485266194533{padding-right: 10% !important;padding-left: 10% !important;background-color: #f3f3f3 !important;}&#8221; offset=&#8221;vc_col-lg-6 vc_col-md-6&#8243;][vc_empty_space height=&#8221;80px&#8221;][vc_custom_heading text=&#8221;AROMEN UND D\u00dcFTE F\u00dcR VERANSTALTUNGEN&#8221; font_container=&#8221;tag:h2|font_size:90px|text_align:left|color:%23ffffff|line_height:90px&#8221; google_fonts=&#8221;font_family:Oswald%3A300%2Cregular%2C700|font_style:700%20bold%20regular%3A700%3Anormal&#8221;][vc_custom_heading text=&#8221;MESSE-EVENTS&#8221; font_container=&#8221;tag:h4|font_size:34px|text_align:left|color:%23000000|line_height:34px&#8221; google_fonts=&#8221;font_family:Dosis%3A200%2C300%2Cregular%2C500%2C600%2C700%2C800|font_style:400%20regular%3A400%3Anormal&#8221; css=&#8221;.vc_custom_1687113552066{margin-top: -40px !important;margin-bottom: 30px !important;padding-top: 5px !important;padding-bottom: 5px !important;background-color: #f3f3f3 !important;}&#8221;][vc_column_text] D\u00fcfte sind ein wichtiges Element, um einegeeignete Atmosph\u00e4re [&hellip;]<\/p>\n","protected":false},"author":5,"featured_media":0,"parent":0,"menu_order":0,"comment_status":"closed","ping_status":"closed","template":"","meta":{"_acf_changed":false,"footnotes":""},"class_list":["post-45763","page","type-page","status-publish","hentry"],"acf":[],"_links":{"self":[{"href":"https:\/\/www.specialscentshop.com\/de\/wp-json\/wp\/v2\/pages\/45763","targetHints":{"allow":["GET"]}}],"collection":[{"href":"https:\/\/www.specialscentshop.com\/de\/wp-json\/wp\/v2\/pages"}],"about":[{"href":"https:\/\/www.specialscentshop.com\/de\/wp-json\/wp\/v2\/types\/page"}],"author":[{"embeddable":true,"href":"https:\/\/www.specialscentshop.com\/de\/wp-json\/wp\/v2\/users\/5"}],"replies":[{"embeddable":true,"href":"https:\/\/www.specialscentshop.com\/de\/wp-json\/wp\/v2\/comments?post=45763"}],"version-history":[{"count":1,"href":"https:\/\/www.specialscentshop.com\/de\/wp-json\/wp\/v2\/pages\/45763\/revisions"}],"predecessor-version":[{"id":50505,"href":"https:\/\/www.specialscentshop.com\/de\/wp-json\/wp\/v2\/pages\/45763\/revisions\/50505"}],"wp:attachment":[{"href":"https:\/\/www.specialscentshop.com\/de\/wp-json\/wp\/v2\/media?parent=45763"}],"curies":[{"name":"wp","href":"https:\/\/api.w.org\/{rel}","templated":true}]}}