{"id":45795,"date":"2023-10-26T22:42:18","date_gmt":"2023-10-26T20:42:18","guid":{"rendered":"https:\/\/www.specialscentshop.com\/rueckgabe-und-erstattungsbedingungen\/"},"modified":"2025-01-15T11:48:34","modified_gmt":"2025-01-15T10:48:34","slug":"rueckgabe-und-erstattungsbedingungen","status":"publish","type":"page","link":"https:\/\/www.specialscentshop.com\/de\/rueckgabe-und-erstattungsbedingungen\/","title":{"rendered":"R\u00fcckgabe- und Erstattungsbedingungen"},"content":{"rendered":"<div class=\"wpb-content-wrapper\"><p>[vc_row][vc_column][vc_column_text]Der KUNDE hat das Recht, den Kauf ohne Angabe von Gr\u00fcnden innerhalb von 14 Tagen nach Erhalt des Produkts zu widerrufen. Falls mehrere Artikel nicht gleichzeitig geliefert werden, wird der zuletzt erhaltene Artikel ber\u00fccksichtigt<a href=\"http:\/\/gonextlevel.site\" target=\"_blank\" rel=\"noopener\">.<\/a> Um das Widerrufsrecht auszu\u00fcben, muss der KUNDE Specialscent \u00fcber seine Entscheidung informieren, indem er eine offizielle Erkl\u00e4rung absendet.<br \/>\nF\u00fcr die \u00dcbermittlung der Erkl\u00e4rung verwenden Sie das in Anhang I(B) der Richtlinie 2011\/83\/EU angegebene Widerrufsformular. Um die Frist einzuhalten, reicht es aus, die Erkl\u00e4rung vor Ablauf der Widerrufsfrist an die E-Mail-Adresse info@specialscent.it zu<a href=\"https:\/\/www.specialscentshop.com\">senden<\/a>. Falls der Antrag auf Widerruf g\u00fcltig ist, wird dem KUNDEN die Zahlung (mit Ausnahme der zus\u00e4tzlichen Kosten, die entstehen k\u00f6nnen, wenn der KUNDE eine teurere Versandart als die angebotene w\u00e4hlt) innerhalb von 14 Tagen nach Erhalt der Widerrufserkl\u00e4rung oder der Artikel zur\u00fcckerstattet. Diese R\u00fcckerstattung erfolgt per Bank\u00fcberweisung.<br \/>\nDer KUNDE muss die Artikel unbesch\u00e4digt und in der Originalverpackung zusammen mit dem Verpackungsmaterial an Specialscent: Smart Business Company kft, 1033 Budapest, Szentendrei \u00fat. 89-93 zur\u00fccksenden. <\/p>\n<p>F\u00fcr weitere Informationen \u00fcber den Versand Ihrer R\u00fccksendung schreiben Sie bitte an info@specialscent.it.<\/p>\n<p>Die R\u00fcckerstattung erfolgt erst nach Erhalt und Pr\u00fcfung der Artikel: Die Artikel m\u00fcssen unbenutzt sein, die Verpackung muss s\u00e4mtliches Zubeh\u00f6r enthalten und die D\u00fcfte m\u00fcssen das Garantiesiegel intakt und nicht manipuliert haben. Die R\u00fcckerstattung erfolgt innerhalb von 14 Tagen nach Genehmigung durch Specialscent. Der KUNDE muss die Versandkosten f\u00fcr die Abholung \u00fcbernehmen.[\/vc_column_text][\/vc_column][\/vc_row]<\/p>\n<\/div>","protected":false},"excerpt":{"rendered":"<p>[vc_row][vc_column][vc_column_text]Der KUNDE hat das Recht, den Kauf ohne Angabe von Gr\u00fcnden innerhalb von 14 Tagen nach Erhalt des Produkts zu widerrufen. Falls mehrere Artikel nicht gleichzeitig geliefert werden, wird der zuletzt erhaltene Artikel ber\u00fccksichtigt. Um das Widerrufsrecht auszu\u00fcben, muss der KUNDE Specialscent \u00fcber seine Entscheidung informieren, indem er eine offizielle Erkl\u00e4rung absendet. F\u00fcr die \u00dcbermittlung [&hellip;]<\/p>\n","protected":false},"author":5,"featured_media":0,"parent":0,"menu_order":0,"comment_status":"closed","ping_status":"closed","template":"","meta":{"_acf_changed":false,"footnotes":""},"class_list":["post-45795","page","type-page","status-publish","hentry"],"acf":[],"_links":{"self":[{"href":"https:\/\/www.specialscentshop.com\/de\/wp-json\/wp\/v2\/pages\/45795","targetHints":{"allow":["GET"]}}],"collection":[{"href":"https:\/\/www.specialscentshop.com\/de\/wp-json\/wp\/v2\/pages"}],"about":[{"href":"https:\/\/www.specialscentshop.com\/de\/wp-json\/wp\/v2\/types\/page"}],"author":[{"embeddable":true,"href":"https:\/\/www.specialscentshop.com\/de\/wp-json\/wp\/v2\/users\/5"}],"replies":[{"embeddable":true,"href":"https:\/\/www.specialscentshop.com\/de\/wp-json\/wp\/v2\/comments?post=45795"}],"version-history":[{"count":0,"href":"https:\/\/www.specialscentshop.com\/de\/wp-json\/wp\/v2\/pages\/45795\/revisions"}],"wp:attachment":[{"href":"https:\/\/www.specialscentshop.com\/de\/wp-json\/wp\/v2\/media?parent=45795"}],"curies":[{"name":"wp","href":"https:\/\/api.w.org\/{rel}","templated":true}]}}