{"id":45826,"date":"2023-01-29T21:01:15","date_gmt":"2023-01-29T20:01:15","guid":{"rendered":"https:\/\/www.specialscentshop.com\/arztpraxen-und-kliniken\/"},"modified":"2026-04-09T13:33:36","modified_gmt":"2026-04-09T11:33:36","slug":"arztpraxen-und-kliniken","status":"publish","type":"page","link":"https:\/\/www.specialscentshop.com\/de\/arztpraxen-und-kliniken\/","title":{"rendered":"Arztpraxen und Kliniken"},"content":{"rendered":"<div class=\"wpb-content-wrapper\"><p>[vc_row full_width=&#8221;stretch_row_content&#8221; equal_height=&#8221;yes&#8221; content_placement=&#8221;middle&#8221;][vc_column css=&#8221;.vc_custom_1675022906599{background-image: url(https:\/\/www.specialscentshop.com\/wp-content\/uploads\/2023\/01\/studio_medico_profumo-scaled.jpg?id=39180) !important;background-position: center !important;background-repeat: no-repeat !important;background-size: cover !important;}&#8221; offset=&#8221;vc_col-lg-6 vc_col-md-6&#8243;][vc_empty_space height=&#8221;500px&#8221;][\/vc_column][vc_column css=&#8221;.vc_custom_1485266194533{padding-right: 10% !important;padding-left: 10% !important;background-color: #f3f3f3 !important;}&#8221; offset=&#8221;vc_col-lg-6 vc_col-md-6&#8243;][vc_empty_space height=&#8221;80px&#8221;][vc_custom_heading text=&#8221;AROMEN &#038; D\u00dcFTE&#8221; font_container=&#8221;tag:h2|font_size:90px|text_align:left|color:%23ffffff|line_height:90px&#8221; google_fonts=&#8221;font_family:Oswald%3A300%2Cregular%2C700|font_style:700%20bold%20regular%3A700%3Anormal&#8221;][vc_custom_heading text=&#8221;ARZTPRAXEN UND KLINIKEN&#8221; font_container=&#8221;tag:h4|font_size:34px|text_align:left|color:%23000000|line_height:34px&#8221; google_fonts=&#8221;font_family:Dosis%3A200%2C300%2Cregular%2C500%2C600%2C700%2C800|font_style:400%20regular%3A400%3Anormal&#8221; css=&#8221;.vc_custom_1675023621061{margin-top: -40px !important;margin-bottom: 30px !important;padding-top: 5px !important;padding-bottom: 5px !important;background-color: #f3f3f3 !important;}&#8221;][vc_column_text]<\/p>\n<p style=\"font-size: 20px;\">Duftzerst\u00e4uber in Arztpraxen und Kliniken spielen eine wichtige Rolle, die <a href=\"https:\/\/www.specialscentshop.com\/de\/raumparfuem\/\"><strong>Beduftung<\/strong><strong>Umgebung<\/strong><\/a> kann die <strong>Wahrnehmung von Schmerzen<\/strong>, den <strong>Blutdruck<\/strong> und das <strong>psychische Wohlbefinden der <a href=\"https:\/\/www.treccani.it\/vocabolario\/paziente\/\" target=\"_blank\" rel=\"noopener\">Patienten<\/a><\/strong> beeinflussen. Die Verwendung bestimmter D\u00fcfte, wie z.B. \u00e4therisches \u00d6l von <strong>\u00e4therischen Lavendel\u00f6ls<\/strong>kann dazu beitragen, <strong>Stress und \u00c4ngste abzubauen<\/strong> und so die Erfahrung der Patienten bei Arztbesuchen zu verbessern. Dar\u00fcber hinaus kann die Verwendung von angenehmen D\u00fcften dazu beitragen, <strong>unangenehme Ger\u00fcche zu \u00fcberdecken<\/strong> und eine einladende und entspannende Umgebung zu schaffen. Die Verwendung von D\u00fcften und Parf\u00fcms ist ein wichtiges Instrument zur Unterst\u00fctzung der Patientenbetreuung in <strong>Arztpraxen<\/strong>.<\/p>\n<p style=\"font-size: 20px;\">Dar\u00fcber hinaus kann die Verwendung von Duftstoffen auch <strong>das Langzeitged\u00e4chtnis<\/strong> und die <strong>Konzentration<\/strong> <strong>verbessern<\/strong> und so die Wirksamkeit einer medizinischen Behandlung erh\u00f6hen. Studien haben zum Beispiel gezeigt, dass der Kontakt mit w\u00fcrzigen D\u00fcften wie <strong>Zimt<\/strong> <strong>das Ged\u00e4chtnis<\/strong> und die Konzentration <strong>verbessern<\/strong> kann. Dar\u00fcber hinaus kann die Verwendung nat\u00fcrlicher Duftstoffe auch dazu beitragen, die Schadstoffkonzentration in der Luft zu verringern, was wiederum zu einer ges\u00fcnderen Umwelt beitr\u00e4gt.<\/p>\n<p style=\"font-size: 20px;\">Zusammenfassend l\u00e4sst sich sagen, dass die Verwendung von Parf\u00fcms und D\u00fcften in Arztpraxen ein wichtiges Element ist, um eine <strong>angenehme und entspannende Umgebung<\/strong> f\u00fcr Patienten zu schaffen, die deren Erfahrung und psychische Gesundheit w\u00e4hrend des Arztbesuchs verbessern kann.<\/p>\n<p>[\/vc_column_text][vc_empty_space height=&#8221;30px&#8221;][\/vc_column][\/vc_row][vc_row][vc_column][vc_raw_html]PGgyIGNsYXNzPSJzaG9ydGNvZGVfdGl0bGUiIHN0eWxlPSJ0ZXh0LWFsaWduOmNlbnRlciI+RU5UREVDS0VOIFNJRSBESUUgQU0gQkVTVEVOIEdFRUlHTkVURU4gRElGRlVTT1JFTiBGw5xSIE1FRElaSU5JU0NIRSBaRU5UUkVOPC9oMj4=[\/vc_raw_html][vc_basic_grid post_type=&#8221;product&#8221; max_items=&#8221;&#8221; element_width=&#8221;3&#8243; gap=&#8221;20&#8243; item=&#8221;39137&#8243; initial_loading_animation=&#8221;none&#8221; grid_id=&#8221;vc_gid:1775734331664-20696a98d650ac47401f989a2e1136b1-3&#8243; taxonomies=&#8221;564&#8243;][\/vc_column][\/vc_row][vc_row][vc_column][vc_raw_html]PGgyIGNsYXNzPSJzaG9ydGNvZGVfdGl0bGUiIHN0eWxlPSJ0ZXh0LWFsaWduOmNlbnRlciI+RU5UREVDS0VOIFNJRSBESUUgQU0gQkVTVEVOIEdFRUlHTkVURU4gRMOcRlRFIEbDnFIgTUVESVpJTklTQ0hFIEtMSU5JS0VOPC9oMj4=[\/vc_raw_html][vc_basic_grid post_type=&#8221;product&#8221; max_items=&#8221;&#8221; element_width=&#8221;3&#8243; gap=&#8221;20&#8243; item=&#8221;39137&#8243; initial_loading_animation=&#8221;none&#8221; grid_id=&#8221;vc_gid:1775734331718-02df7c9bdf30f648cb7c9a66ddb8fbc7-4&#8243; taxonomies=&#8221;565&#8243;][\/vc_column][\/vc_row][vc_row full_width=&#8221;stretch_row&#8221; equal_height=&#8221;yes&#8221; css=&#8221;.vc_custom_1659416441414{background-color: #e6e7f2 !important;}&#8221;][vc_column css=&#8221;.vc_custom_1485890321478{padding-right: 10% !important;}&#8221;][vc_empty_space height=&#8221;80px&#8221;][vc_custom_heading text=&#8221;KONTAKTIEREN SIE UNS F\u00dcR INFORMATIONEN&#8221; font_container=&#8221;tag:h2|font_size:40px|text_align:left|color:%23333333|line_height:40px&#8221; use_theme_fonts=&#8221;yes&#8221;][vc_empty_space height=&#8221;30px&#8221;][\/vc_column][\/vc_row][vc_row full_width=&#8221;stretch_row&#8221; equal_height=&#8221;yes&#8221; css=&#8221;.vc_custom_1659416450215{background-color: #e6e7f2 !important;}&#8221;][vc_column width=&#8221;2\/3&#8243; css=&#8221;.vc_custom_1485890321478{padding-right: 10% !important;}&#8221;][vc_custom_heading text=&#8221;KONTAKTE&#8221; font_container=&#8221;tag:h2|font_size:33px|text_align:left|color:%23333333|line_height:40px&#8221; use_theme_fonts=&#8221;yes&#8221;][vc_custom_heading text=&#8221;F\u00dcLLEN SIE DIE ERFORDERLICHEN FELDER AUS&#8221; font_container=&#8221;tag:h4|font_size:26px|text_align:left|color:%23a8e8e2|line_height:30px&#8221; use_theme_fonts=&#8221;yes&#8221; css=&#8221;.vc_custom_1662663487819{margin-top: -10px !important;margin-bottom: 30px !important;}&#8221;]<p class=\"wpcf7-contact-form-not-found\"><strong>Fehler:<\/strong> Kontaktformular wurde nicht gefunden.<\/p>[vc_empty_space height=&#8221;80px&#8221;][\/vc_column][vc_column width=&#8221;1\/3&#8243; css=&#8221;.vc_custom_1456090660314{padding-right: 15% !important;padding-left: 15% !important;background-color: #f5f5f5 !important;}&#8221;][vc_text_separator title=&#8221;SPECIAL SCENT&#8221; title_align=&#8221;separator_align_left&#8221; align=&#8221;align_left&#8221; color=&#8221;custom&#8221; border_width=&#8221;3&#8243; accent_color=&#8221;#0091c6&#8243; css=&#8221;.vc_custom_1740852503870{margin-bottom: 30px !important;}&#8221;][vc_column_text]Special Scent ist eine Marke der Smart Business Company Kft. Wir sind seit 2014 auf dem Markt der Raumbeduftung und des Duftmarketings vertreten und haben Vertriebspartner in verschiedenen Teilen Europas und im Nahen Osten. Unsere Parf\u00fcmeure verbreiten den Duft durch ein fortschrittliches <strong>Kaltzerst\u00e4ubungssystem<\/strong>, das zertifizierte \u00f6lige D\u00fcfte in Mikropartikel umwandelt. Special Scent ist in der Lage, alle speziellen Anforderungen an die Beduftung und Desinfektion in ambulanten, medizinischen und station\u00e4ren Einrichtungen zu erf\u00fcllen. Ambulante Kliniken, medizinische Zentren, Privatkliniken, Zahnarztpraxen k\u00f6nnen dank unserer D\u00fcfte und Parf\u00fcms komplett erneuert werden. Ohne die <a href=\"https:\/\/www.specialscentshop.com\/de\/desinfektionsmittel\/\">Desinfektion<\/a> in den Einrichtungen selbst zu vernachl\u00e4ssigen, bietet Special Scent verschiedene L\u00f6sungen an, um Ihre Arbeitsbereiche im Gesundheitswesen sicher und komfortabel zu gestalten. Alle unsere Produkte werden von Zertifizierungen und technischen Datenbl\u00e4ttern begleitet, um Ihre Sicherheit und die Ihrer Patienten zu gew\u00e4hrleisten.[\/vc_column_text][\/vc_column][\/vc_row][vc_row full_width=&#8221;stretch_row&#8221; equal_height=&#8221;yes&#8221; css=&#8221;.vc_custom_1659416441414{background-color: #e6e7f2 !important;}&#8221;][vc_column css=&#8221;.vc_custom_1485890321478{padding-right: 10% !important;}&#8221;][vc_empty_space height=&#8221;80px&#8221;][\/vc_column][\/vc_row]<\/p>\n<\/div>","protected":false},"excerpt":{"rendered":"<p>[vc_row full_width=&#8221;stretch_row_content&#8221; equal_height=&#8221;yes&#8221; content_placement=&#8221;middle&#8221;][vc_column css=&#8221;.vc_custom_1675022906599{background-image: url(https:\/\/www.specialscentshop.com\/wp-content\/uploads\/2023\/01\/studio_medico_profumo-scaled.jpg?id=39180) !important;background-position: center !important;background-repeat: no-repeat !important;background-size: cover !important;}&#8221; offset=&#8221;vc_col-lg-6 vc_col-md-6&#8243;][vc_empty_space height=&#8221;500px&#8221;][\/vc_column][vc_column css=&#8221;.vc_custom_1485266194533{padding-right: 10% !important;padding-left: 10% !important;background-color: #f3f3f3 !important;}&#8221; offset=&#8221;vc_col-lg-6 vc_col-md-6&#8243;][vc_empty_space height=&#8221;80px&#8221;][vc_custom_heading text=&#8221;AROMEN &#038; D\u00dcFTE&#8221; font_container=&#8221;tag:h2|font_size:90px|text_align:left|color:%23ffffff|line_height:90px&#8221; google_fonts=&#8221;font_family:Oswald%3A300%2Cregular%2C700|font_style:700%20bold%20regular%3A700%3Anormal&#8221;][vc_custom_heading text=&#8221;ARZTPRAXEN UND KLINIKEN&#8221; font_container=&#8221;tag:h4|font_size:34px|text_align:left|color:%23000000|line_height:34px&#8221; google_fonts=&#8221;font_family:Dosis%3A200%2C300%2Cregular%2C500%2C600%2C700%2C800|font_style:400%20regular%3A400%3Anormal&#8221; css=&#8221;.vc_custom_1675023621061{margin-top: -40px !important;margin-bottom: 30px !important;padding-top: 5px !important;padding-bottom: 5px !important;background-color: #f3f3f3 !important;}&#8221;][vc_column_text] Duftzerst\u00e4uber in Arztpraxen und Kliniken spielen eine wichtige [&hellip;]<\/p>\n","protected":false},"author":5,"featured_media":0,"parent":0,"menu_order":0,"comment_status":"closed","ping_status":"closed","template":"","meta":{"_acf_changed":false,"footnotes":""},"class_list":["post-45826","page","type-page","status-publish","hentry"],"acf":[],"_links":{"self":[{"href":"https:\/\/www.specialscentshop.com\/de\/wp-json\/wp\/v2\/pages\/45826","targetHints":{"allow":["GET"]}}],"collection":[{"href":"https:\/\/www.specialscentshop.com\/de\/wp-json\/wp\/v2\/pages"}],"about":[{"href":"https:\/\/www.specialscentshop.com\/de\/wp-json\/wp\/v2\/types\/page"}],"author":[{"embeddable":true,"href":"https:\/\/www.specialscentshop.com\/de\/wp-json\/wp\/v2\/users\/5"}],"replies":[{"embeddable":true,"href":"https:\/\/www.specialscentshop.com\/de\/wp-json\/wp\/v2\/comments?post=45826"}],"version-history":[{"count":2,"href":"https:\/\/www.specialscentshop.com\/de\/wp-json\/wp\/v2\/pages\/45826\/revisions"}],"predecessor-version":[{"id":50536,"href":"https:\/\/www.specialscentshop.com\/de\/wp-json\/wp\/v2\/pages\/45826\/revisions\/50536"}],"wp:attachment":[{"href":"https:\/\/www.specialscentshop.com\/de\/wp-json\/wp\/v2\/media?parent=45826"}],"curies":[{"name":"wp","href":"https:\/\/api.w.org\/{rel}","templated":true}]}}