{"id":42682,"date":"2020-09-23T00:02:00","date_gmt":"2020-09-22T22:02:00","guid":{"rendered":"https:\/\/www.specialscentshop.com\/product\/parfuemzerstaeuber-s333\/"},"modified":"2025-02-07T12:50:45","modified_gmt":"2025-02-07T11:50:45","slug":"parfuemzerstaeuber-s333","status":"publish","type":"product","link":"https:\/\/www.specialscentshop.com\/de\/produkt\/parfuemzerstaeuber-s333\/","title":{"rendered":"Parf\u00fcmzerst\u00e4uber s333"},"content":{"rendered":"<h2><strong>Wo verwenden Sie den elektrischen Parf\u00fcmzerst\u00e4uber S333?<\/strong><\/h2>\n<p>Sein elegantes Design erlaubt es Ihnen, ihn \u00fcberall und f\u00fcr jedes Projekt aufzustellen. Einzigartig, denn Sie k\u00f6nnen 3 verschiedene D\u00fcfte abgeben und die Vernebelung \u00fcber die Bluetooth-Anwendung programmieren<br \/>\nAu\u00dfergew\u00f6hnlich f\u00fcr das Duftmarketing: Morgens kann ein Brioche-Duft abgegeben werden, mittags ein Brot und nachmittags eine Pina Colada. Ideal f\u00fcr Gesch\u00e4fte, Empf\u00e4nge, Konditoreien, Bars, B\u00fcros, Restaurants und nat\u00fcrlich f\u00fcr die Parf\u00fcmierung eines gro\u00dfen Hauses<br \/>\nT\u00e4gliche und w\u00f6chentliche Programmierung des Raumdiffusors und des S333, mit Steuerung der Duftintensit\u00e4t.<\/p>\n<h2><strong>Technische Merkmale Elektrischer Parf\u00fcmzerst\u00e4uber S333<\/strong><\/h2>\n<p>Abmessungen: 247 x 119 x 231mm Nettogewicht: 2260g Material: PP + Metall Tankinhalt: 3 x 120ml Farbe: Wei\u00df + Rose Gold Verbrauch: 0.06-0.88ml\/Stunde Stromversorgung: 220\/12V Transformator Programmierung: Bluetooth-Anwendung<\/p>\n<h2><strong>Reichweite des Duftes in einer offenen Umgebung 300 M3<\/strong><\/h2>\n<p>Welches Parf\u00fcm verwenden Sie bei Special Scent Home Fragrances? Special Scent verf\u00fcgt \u00fcber ein breites Angebot an zertifizierten und registrierten \u00f6ligen Raumd\u00fcften, mit denen Sie jede Umgebung parf\u00fcmieren und mit Hilfe der Technik des Olfaktorischen Marketings eine attraktive Wirkung beim Kunden erzielen k\u00f6nnen. Special Scent verpflichtet Sie nicht zum Kauf von Duftstoffen, empfiehlt aber, keine wasserl\u00f6slichen \u00d6le und keine \u00d6le in Stabdiffusoren zu verwenden. Special Scent ist Ihr idealer Partner f\u00fcr die Parf\u00fcmierung Ihrer R\u00e4ume. Auf unserer Website finden Sie die beste L\u00f6sung f\u00fcr Ihre Umgebung, von D\u00fcften bis zu Parf\u00fcmzerst\u00e4ubern.<\/p>\n<p><em><strong>Erfahren Sie mehr: <a href=\"https:\/\/www.specialscentshop.com\/de\/produkt\/duft-302-diffusor\/\">S 302 Diffusor<\/a><\/strong><\/em><\/p>\n","protected":false},"excerpt":{"rendered":"<p><strong>Sie k\u00f6nnen den Duft finden, der am besten zu Ihnen passt, indem Sie unseren Katalog unter\u00a0<a href=\"https:\/\/www.specialscentshop.com\/de\/parfuems-und-duefte\/\">DIESEM Link<\/a>\u00a0konsultieren<\/strong><br \/>\n<a href=\"https:\/\/www.specialscentshop.com\/de\/drinkfood-raumduefte\/\"><strong>oder finden Sie Drink&amp;Food Raumd\u00fcfte unter DIESEM Link<\/strong><\/a><\/p>\n","protected":false},"featured_media":42683,"template":"","meta":{"_acf_changed":false},"product_brand":[],"product_cat":[765],"product_tag":[766,767,768,769,770],"class_list":{"0":"post-42682","1":"product","2":"type-product","3":"status-publish","4":"has-post-thumbnail","6":"product_cat-duft-diffusor-raumlufterfrischer","7":"product_tag-zuhause","8":"product_tag-buro","9":"product_tag-hotel-bb-de","10":"product_tag-geschafte-einkaufen","11":"product_tag-restaurants-bars-de","13":"first","14":"instock","15":"featured","16":"taxable","17":"shipping-taxable","18":"purchasable","19":"product-type-simple"},"acf":[],"_links":{"self":[{"href":"https:\/\/www.specialscentshop.com\/de\/wp-json\/wp\/v2\/product\/42682","targetHints":{"allow":["GET"]}}],"collection":[{"href":"https:\/\/www.specialscentshop.com\/de\/wp-json\/wp\/v2\/product"}],"about":[{"href":"https:\/\/www.specialscentshop.com\/de\/wp-json\/wp\/v2\/types\/product"}],"wp:featuredmedia":[{"embeddable":true,"href":"https:\/\/www.specialscentshop.com\/de\/wp-json\/wp\/v2\/media\/42683"}],"wp:attachment":[{"href":"https:\/\/www.specialscentshop.com\/de\/wp-json\/wp\/v2\/media?parent=42682"}],"wp:term":[{"taxonomy":"product_brand","embeddable":true,"href":"https:\/\/www.specialscentshop.com\/de\/wp-json\/wp\/v2\/product_brand?post=42682"},{"taxonomy":"product_cat","embeddable":true,"href":"https:\/\/www.specialscentshop.com\/de\/wp-json\/wp\/v2\/product_cat?post=42682"},{"taxonomy":"product_tag","embeddable":true,"href":"https:\/\/www.specialscentshop.com\/de\/wp-json\/wp\/v2\/product_tag?post=42682"}],"curies":[{"name":"wp","href":"https:\/\/api.w.org\/{rel}","templated":true}]}}