{"id":42911,"date":"2024-05-23T03:13:36","date_gmt":"2024-05-23T01:13:36","guid":{"rendered":"https:\/\/www.specialscentshop.com\/product\/zagara\/"},"modified":"2025-02-13T13:07:39","modified_gmt":"2025-02-13T12:07:39","slug":"zagara","status":"publish","type":"product","link":"https:\/\/www.specialscentshop.com\/de\/produkt\/zagara\/","title":{"rendered":"Zagara"},"content":{"rendered":"<div id=\"m_7485848585602631820replybody1\">\n<p>&nbsp;<\/p>\n<h2><strong>Wirkung in der Umwelt<\/strong><\/h2>\n<p>Der <strong>Raumduft<\/strong> Zagara eignet sich f\u00fcr einen <strong>n\u00fcchternen<\/strong>, aber w\u00fcrzigen <strong>Duft<\/strong>, speziell f\u00fcr koloniale Einrichtungen und typisch sommerliche Umgebungen.<strong><br \/>\n<\/strong><\/p>\n<p>Ein <strong>besonderes Parf\u00fcm<\/strong>, das Ihre G\u00e4ste mit seinen D\u00fcften und Farben in das Herz des Mittelmeers eintauchen l\u00e4sst. Sein <strong>Zitrusduft<\/strong> kann Ihrem Ambiente eine besondere Note verleihen, und mit unseren professionellen Parf\u00fcmzerst\u00e4ubern k\u00f6nnen Sie ihn gleichm\u00e4\u00dfig und homogen in Ihren R\u00e4umen verteilen.<\/p>\n<h2><strong>Eigenschaften Zagara Raumduft<\/strong><\/h2>\n<p>Special Scent hat seine <strong>Zagara-Parf\u00fcmwelten<\/strong> entwickelt, indem es die sch\u00f6ne <a href=\"https:\/\/www.comune.siracusa.it\/vivere-il-comune\/luoghi\/anfiteatro-romano-copy-2\" target=\"_blank\" rel=\"noopener\">Insel Ortigia<\/a> von der Morgend\u00e4mmerung bis zur Abendd\u00e4mmerung beobachtet und gerochen hat, vom angenehmen Fr\u00fchling bis zum intensiven Sommer, und dabei die Schritte der alten G\u00f6tter mit dem Geruchssinn nachvollzogen hat.<\/p>\n<h2><strong>Geruchsfamilie: Blumig, Zitrus.<\/strong><\/h2>\n<div>\n<ul>\n<li><strong>Kopfnoten<\/strong>: Orange, Bergamotte, Zitrone.<\/li>\n<li><strong>Herznote<\/strong>: <strong>Zagara<\/strong>, Jasmin, Rose.<\/li>\n<li><strong>Basisnoten<\/strong>: Wei\u00dfer Moschus, Sandelholz.<\/li>\n<\/ul>\n<\/div>\n<p>Die olfaktorischen Noten dieses Duftes begleiten Sie in Europas gr\u00f6\u00dftes Becken, das Mittelmeer<\/p>\n<h2><strong>Besonders geeignet f\u00fcr:<\/strong><\/h2>\n<ul>\n<li>Schlafzimmer<\/li>\n<li>Bleibt<\/li>\n<li>Gartenzimmer oder Au\u00dfenterrassen<\/li>\n<li>B\u00fcros oder Besprechungsr\u00e4ume mit einer k\u00fchlen, entspannenden Atmosph\u00e4re<\/li>\n<li>Entspannungs- oder Leser\u00e4ume<\/li>\n<li>Yoga- oder Meditationsraum<\/li>\n<li>Parks oder Naturg\u00e4rten<\/li>\n<li>Hotels<\/li>\n<li>B&amp;b<\/li>\n<li>Bauernh\u00e4user<\/li>\n<\/ul>\n<p>Dank seiner anregenden und erfrischenden Eigenschaften kann <strong>Zagara<\/strong> die Stimmung verbessern. Sein s\u00fc\u00dfer, zitrusartiger Duft hebt die Stimmung und macht ihn zu einem ausgezeichneten Verb\u00fcndeten in Zeiten von Traurigkeit oder geistiger Ersch\u00f6pfung.<\/p>\n<p><em><strong>Mehr lesen: <a href=\"https:\/\/www.specialscentshop.com\/de\/produkt\/gemischtes-zitrus-raumparfuem\/\">gemischtes-zitrus-raumparfuem<\/a><\/strong><\/em><\/p>\n<\/div>\n","protected":false},"excerpt":{"rendered":"<h3>Raumduft f\u00fcr exklusive Umgebungen<\/h3>\n<p>Lassen Sie sich von diesem Duft mit <strong>Zitrusnoten<\/strong> und holzigen Ankl\u00e4ngen \u00fcberzeugen, der Sie in das Herz des Mittelmeers entf\u00fchrt und mit seinen frischen und angenehmen D\u00fcften Ihre Sommertage begleitet.<\/p>\n","protected":false},"featured_media":48341,"template":"","meta":{"_acf_changed":false},"product_brand":[],"product_cat":[812],"product_tag":[],"class_list":{"0":"post-42911","1":"product","2":"type-product","3":"status-publish","4":"has-post-thumbnail","6":"product_cat-raumdufte","8":"first","9":"instock","10":"taxable","11":"shipping-taxable","12":"purchasable","13":"product-type-variable"},"acf":[],"_links":{"self":[{"href":"https:\/\/www.specialscentshop.com\/de\/wp-json\/wp\/v2\/product\/42911","targetHints":{"allow":["GET"]}}],"collection":[{"href":"https:\/\/www.specialscentshop.com\/de\/wp-json\/wp\/v2\/product"}],"about":[{"href":"https:\/\/www.specialscentshop.com\/de\/wp-json\/wp\/v2\/types\/product"}],"wp:featuredmedia":[{"embeddable":true,"href":"https:\/\/www.specialscentshop.com\/de\/wp-json\/wp\/v2\/media\/48341"}],"wp:attachment":[{"href":"https:\/\/www.specialscentshop.com\/de\/wp-json\/wp\/v2\/media?parent=42911"}],"wp:term":[{"taxonomy":"product_brand","embeddable":true,"href":"https:\/\/www.specialscentshop.com\/de\/wp-json\/wp\/v2\/product_brand?post=42911"},{"taxonomy":"product_cat","embeddable":true,"href":"https:\/\/www.specialscentshop.com\/de\/wp-json\/wp\/v2\/product_cat?post=42911"},{"taxonomy":"product_tag","embeddable":true,"href":"https:\/\/www.specialscentshop.com\/de\/wp-json\/wp\/v2\/product_tag?post=42911"}],"curies":[{"name":"wp","href":"https:\/\/api.w.org\/{rel}","templated":true}]}}