{"id":43004,"date":"2020-09-24T00:00:00","date_gmt":"2020-09-23T22:00:00","guid":{"rendered":"https:\/\/www.specialscentshop.com\/product\/duftzerstaeuber-s-301\/"},"modified":"2025-02-07T12:47:11","modified_gmt":"2025-02-07T11:47:11","slug":"duftzerstaeuber-s-301","status":"publish","type":"product","link":"https:\/\/www.specialscentshop.com\/de\/produkt\/duftzerstaeuber-s-301\/","title":{"rendered":"Elektrischer Raumduft S 301"},"content":{"rendered":"<h2><strong>Wo verwenden Sie den Elektrischer Raumduft S301 ?<\/strong><\/h2>\n<ul>\n<li>Elektrischer Raumparf\u00fcmierer mit integriertem Innenventilator zur Erzeugung eines homogenen <strong>Raumduftes<\/strong>.<\/li>\n<li>Wird in mittelgro\u00dfen Gesch\u00e4ften, in der Wohnung, an der Wand oder \u00fcber einem Schrank in einer maximalen H\u00f6he von 200 cm angebracht.<\/li>\n<li>Empfohlen f\u00fcr Parf\u00fcmerien, Einkaufszentren, Autobahnrastst\u00e4tten, Arztpraxen, Wartezimmer.<\/li>\n<li>Ab begrenztem Verbrauch 2,6 g Duftstoff pro 1 Stunde Arbeit<\/li>\n<li>T\u00e4gliche oder w\u00f6chentliche Programmierung mit Intensit\u00e4tsanpassung f\u00fcr eine stets angemessene Beduftung.<\/li>\n<li>Fernsteuerungsmanagement \u00fcber Wi-Fi oder Bluetooth-Anwendung. Alles im Preis inbegriffen.<\/li>\n<li>Optional: Verwaltung der Duftprogrammierung von der Special Scent-Zentraleinheit aus (ideal f\u00fcr die Verwaltung mehrerer Verkaufsstellen).<\/li>\n<\/ul>\n<h3><\/h3>\n<h2><strong>Technische Merkmale: Elektrischer Raumduft S301<\/strong><\/h2>\n<ul>\n<li>Material: Kunststoff<\/li>\n<li>Abmessungen: H\u00f6he = 212 mm | L\u00e4nge = 176 mm | Tiefe = 85 mm<\/li>\n<li>Farbe: erh\u00e4ltlich in Schwarz oder Wei\u00df<\/li>\n<li>Stromversorgung: 220\/12 Volt Transformator<\/li>\n<li>Leistung: 7 Watt<\/li>\n<li>L\u00e4rm: weniger als 40 Dezibel<\/li>\n<li>Fassungsverm\u00f6gen des Beh\u00e4lters: 450 Gr<\/li>\n<li>Maximaler Verbrauch von Oily Fragrance: 2,6 g\/Stunde<\/li>\n<li>Interner L\u00fcfter<\/li>\n<li>Maximale Abdeckung: 800 m\u00b3<\/li>\n<li>Gewicht: 1 kg<\/li>\n<li>Wandmontage<\/li>\n<\/ul>\n<h2><strong>Welches Parf\u00fcm verwenden Sie f\u00fcr Special Scent Raumd\u00fcfte?<\/strong><\/h2>\n<ul>\n<li>Special Scent verf\u00fcgt \u00fcber ein breites Sortiment an zertifizierten und registrierten \u00f6ligen <a href=\"https:\/\/www.specialscentshop.com\/de\/parfuems-und-duefte\/\">Raumd\u00fcften<\/a>, mit denen Sie jede Umgebung parf\u00fcmieren und mit Hilfe der Olfactory Marketing-Technik eine attraktive Kundenwirkung erzielen k\u00f6nnen.<\/li>\n<li>Special Scent verpflichtet Sie nicht zum Kauf von Duftstoffen, <strong>empfiehlt<\/strong> aber <strong>, keine wasserl\u00f6slichen \u00d6le und keine \u00d6le in Holzdiffusoren zu verwenden<\/strong>.<\/li>\n<li>Special Scent ist Ihr idealer Partner f\u00fcr die Parf\u00fcmierung Ihrer R\u00e4ume. Auf unserer Website finden Sie die beste L\u00f6sung f\u00fcr Ihre Umgebung, von D\u00fcften bis zu elektrischen Parf\u00fcmierern.<\/li>\n<\/ul>\n<p><em><strong>Mehr lesen: <a href=\"https:\/\/www.specialscentshop.com\/de\/produkt\/duftdiffusor\/\">S300 Parf\u00fcmzerst\u00e4uber<\/a><\/strong><\/em><\/p>\n","protected":false},"excerpt":{"rendered":"<h4>Der ideale elektrische Raumdiffusor f\u00fcr Ihr Unternehmen.<\/h4>\n<p><a href=\"https:\/\/www.specialscentshop.com\/de\/parfuems-und-duefte\/\"><strong>Sie k\u00f6nnen den f\u00fcr Sie am besten geeigneten Duft finden, indem Sie unseren Katalog unter DIESEM Link konsultieren<\/strong><\/a><br \/>\n<a href=\"https:\/\/www.specialscentshop.com\/de\/drinkfood-raumduefte\/\"><strong>oder finden Sie Drink&amp;Food Raumd\u00fcfte unter DIESEM Link<\/strong><\/a><\/p>\n","protected":false},"featured_media":43005,"template":"","meta":{"_acf_changed":false},"product_brand":[],"product_cat":[765],"product_tag":[863,864,766,767,768,770,862],"class_list":{"0":"post-43004","1":"product","2":"type-product","3":"status-publish","4":"has-post-thumbnail","6":"product_cat-duft-diffusor-raumlufterfrischer","7":"product_tag-fitnessstudios-sport","8":"product_tag-arztpraxen-kliniken","9":"product_tag-zuhause","10":"product_tag-buro","11":"product_tag-hotel-bb-de","12":"product_tag-restaurants-bars-de","13":"product_tag-spielzimmer","15":"first","16":"instock","17":"taxable","18":"shipping-taxable","19":"purchasable","20":"product-type-variable"},"acf":[],"_links":{"self":[{"href":"https:\/\/www.specialscentshop.com\/de\/wp-json\/wp\/v2\/product\/43004","targetHints":{"allow":["GET"]}}],"collection":[{"href":"https:\/\/www.specialscentshop.com\/de\/wp-json\/wp\/v2\/product"}],"about":[{"href":"https:\/\/www.specialscentshop.com\/de\/wp-json\/wp\/v2\/types\/product"}],"wp:featuredmedia":[{"embeddable":true,"href":"https:\/\/www.specialscentshop.com\/de\/wp-json\/wp\/v2\/media\/43005"}],"wp:attachment":[{"href":"https:\/\/www.specialscentshop.com\/de\/wp-json\/wp\/v2\/media?parent=43004"}],"wp:term":[{"taxonomy":"product_brand","embeddable":true,"href":"https:\/\/www.specialscentshop.com\/de\/wp-json\/wp\/v2\/product_brand?post=43004"},{"taxonomy":"product_cat","embeddable":true,"href":"https:\/\/www.specialscentshop.com\/de\/wp-json\/wp\/v2\/product_cat?post=43004"},{"taxonomy":"product_tag","embeddable":true,"href":"https:\/\/www.specialscentshop.com\/de\/wp-json\/wp\/v2\/product_tag?post=43004"}],"curies":[{"name":"wp","href":"https:\/\/api.w.org\/{rel}","templated":true}]}}