{"id":43138,"date":"2024-10-21T20:40:23","date_gmt":"2024-10-21T18:40:23","guid":{"rendered":"https:\/\/www.specialscentshop.com\/product\/scent-music-diffusor\/"},"modified":"2025-02-21T22:35:28","modified_gmt":"2025-02-21T21:35:28","slug":"scent-music-diffusor","status":"publish","type":"product","link":"https:\/\/www.specialscentshop.com\/de\/produkt\/scent-music-diffusor\/","title":{"rendered":"Scent Music Diffusor"},"content":{"rendered":"<div class=\"av-special-heading av-drko6-42ff0d6c6e3c309a5fe20296b171c5b3 av-special-heading-h3 custom-color-heading blockquote modern-quote avia-builder-el-22 el_before_av_textblock avia-builder-el-first av-inherit-size \">\n<h2>Merkmale des Scent Muisic Diffusor<\/h2>\n<ul>\n<li>Special Scent bringt den ersten Duftzerst\u00e4uber auf den Markt, der<strong> Musik abspielt<\/strong> und Ihr Handy dank seiner induktiven Technologie kabellos aufl\u00e4dt<\/li>\n<li>Duftzerst\u00e4uber, der mit einem 12\/220-V-Transformator betrieben wird und auf Arbeitsfl\u00e4chen, Regalen, B\u00fccherregalen und \u00fcber jedem M\u00f6belst\u00fcck platziert werden kann<\/li>\n<li>Der Duftzerst\u00e4uber ist perfekt f\u00fcr <strong>private und gesch\u00e4ftliche Umgebungen.<\/strong> Sein elegantes Design mit den sanften Winkeln verleiht dem Duftzerst\u00e4uber einen modernen Look, der perfekt in jeden Raum passt.<\/li>\n<li>Perfekt f\u00fcr B\u00fcros, Gesch\u00e4fte, Sch\u00f6nheitssalons, Wohnungen, Messest\u00e4nde, kleine Lounges, Caf\u00e9s, B\u00e4ckereien und Eisdielen<\/li>\n<li>Erfrischt die Umgebung mit <strong>intelligenter Diffusionstechnologie<\/strong>, gesteuert durch die Bluetooth-App, die auf Ihrem Handy installiert werden kann<\/li>\n<li><strong>T\u00e4gliche und w\u00f6chentliche Programmierung <\/strong>des Scent Music Diffusors und Steuerung der Dufterzeugung \u00fcber die dazugeh\u00f6rige App<\/li>\n<li>Der Scent Music Diffuser setzt Ihren Duft <strong>leise<\/strong> frei und mit seiner begrenzten Verbrauchskontrolle wird das Parf\u00fcm nicht verschwendet<\/li>\n<\/ul>\n<p>Der von Ihnen gew\u00e4hlte Duft wird die Luft mit angenehmen Aromen und einem unerwarteten Vergn\u00fcgen erf\u00fcllen, das nur Special Scent bieten kann!<\/p>\n<h2>Technische Merkmale des Scent Music Diffusor<\/h2>\n<section class=\"av_textblock_section \">\n<div class=\"avia_textblock \">\n<ul>\n<li>Material: Stahl<\/li>\n<li>Produktgr\u00f6\u00dfe: H\u00f6he: 130,5 mm | L\u00e4nge: 255 mm | Breite: 140 mm<\/li>\n<li>Leistung: 5W \/ 15W (kabellose Ladeversion)<\/li>\n<li>Stromversorgung: 12\/ 220 V Transformator<\/li>\n<li>\u00d6lverbrauch: 1ml\/h<\/li>\n<li>Ger\u00e4uschpegel: &lt;45 DBA<\/li>\n<li>Fassungsverm\u00f6gen Parf\u00fcm\u00f6l: 80ml<\/li>\n<li>Installationsmethode: freistehend<\/li>\n<li>Geeignete Abdeckung: 250 m3<\/li>\n<li>Mobile intelligente Fernbedienung: Bluetooth, App<\/li>\n<li>Nettogewicht: 1,35 kg<\/li>\n<li>Farbe: Schwarz<\/li>\n<\/ul>\n<\/div>\n<\/section>\n<\/div>\n<section id=\"prezzodiffusore\" class=\"av_textblock_section \">\n<div class=\"avia_textblock \">\n<p>&nbsp;<\/p>\n<h2>Welche D\u00fcfte k\u00f6nnen Sie mit Special Scent Diffusoren verwenden?<\/h2>\n<ul>\n<li>Special scent bietet eine gro\u00dfe Auswahl an zertifizierten und registrierten <a href=\"https:\/\/www.specialscentshop.com\/de\/parfuems-und-duefte\/\">Duft\u00f6len<\/a>, um jede Art von Umgebung zu beduften und dank des Duftmarketings Ihre G\u00e4ste zu beeindrucken.<\/li>\n<li>Der besondere Duft zwingt nicht zum Kauf seiner D\u00fcfte, aber wir empfehlen, <strong>keine wasserl\u00f6slichen \u00d6le und \u00d6le, die in Stabdiffusoren verwendet werden, zu verwenden.<\/strong><\/li>\n<li>Special Scent ist Ihr idealer Partner f\u00fcr die Lufterfrischung. Auf unserer Website finden Sie die perfekte L\u00f6sung f\u00fcr Ihre R\u00e4umlichkeiten, von Parf\u00fcms bis hin zu Duftverteilern.<\/li>\n<\/ul>\n<p><em><strong>Erfahren Sie mehr: <a href=\"https:\/\/www.specialscentshop.com\/de\/produkt\/s700-parfuemzerstaeuber\/\">S 700<\/a><\/strong><\/em><\/p>\n<h3><\/h3>\n<\/div>\n<\/section>\n","protected":false},"excerpt":{"rendered":"<p><strong>Scent Music Diffuser <\/strong>ist der perfekte Lufterfrischer f\u00fcr kleine Veranstaltungsorte und Lounges, damit Sie und Ihre Gastgeber sich bei Musik entspannen k\u00f6nnen. Das minimalistische Design eignet sich perfekt f\u00fcr Theken bei Empf\u00e4ngen, und mit der bluetooh App (erh\u00e4ltlich f\u00fcr Android und IoS) l\u00e4sst er sich in jeder Situation einfach steuern.<\/p>\n<p><strong>Sie k\u00f6nnen den perfekten Lufterfrischer f\u00fcr Sie finden, indem Sie unseren Katalog unter <a href=\"https:\/\/www.specialscentshop.com\/de\/raumdiffusoren\/\">diesem Link <\/a> konsultieren <\/strong><\/p>\n<p>&nbsp;<\/p>\n","protected":false},"featured_media":42518,"template":"","meta":{"_acf_changed":false},"product_brand":[],"product_cat":[765],"product_tag":[],"class_list":{"0":"post-43138","1":"product","2":"type-product","3":"status-publish","4":"has-post-thumbnail","6":"product_cat-duft-diffusor-raumlufterfrischer","8":"first","9":"instock","10":"taxable","11":"shipping-taxable","12":"purchasable","13":"product-type-simple"},"acf":[],"_links":{"self":[{"href":"https:\/\/www.specialscentshop.com\/de\/wp-json\/wp\/v2\/product\/43138","targetHints":{"allow":["GET"]}}],"collection":[{"href":"https:\/\/www.specialscentshop.com\/de\/wp-json\/wp\/v2\/product"}],"about":[{"href":"https:\/\/www.specialscentshop.com\/de\/wp-json\/wp\/v2\/types\/product"}],"wp:featuredmedia":[{"embeddable":true,"href":"https:\/\/www.specialscentshop.com\/de\/wp-json\/wp\/v2\/media\/42518"}],"wp:attachment":[{"href":"https:\/\/www.specialscentshop.com\/de\/wp-json\/wp\/v2\/media?parent=43138"}],"wp:term":[{"taxonomy":"product_brand","embeddable":true,"href":"https:\/\/www.specialscentshop.com\/de\/wp-json\/wp\/v2\/product_brand?post=43138"},{"taxonomy":"product_cat","embeddable":true,"href":"https:\/\/www.specialscentshop.com\/de\/wp-json\/wp\/v2\/product_cat?post=43138"},{"taxonomy":"product_tag","embeddable":true,"href":"https:\/\/www.specialscentshop.com\/de\/wp-json\/wp\/v2\/product_tag?post=43138"}],"curies":[{"name":"wp","href":"https:\/\/api.w.org\/{rel}","templated":true}]}}