{"id":43234,"date":"2024-01-25T10:42:06","date_gmt":"2024-01-25T09:42:06","guid":{"rendered":"https:\/\/www.specialscentshop.com\/product\/tabak-kaschmir\/"},"modified":"2025-07-19T14:12:44","modified_gmt":"2025-07-19T12:12:44","slug":"tabak-kaschmir","status":"publish","type":"product","link":"https:\/\/www.specialscentshop.com\/de\/produkt\/tabak-kaschmir\/","title":{"rendered":"Tabak und Kaschmir"},"content":{"rendered":"<h2><strong>Wirkung in der Umwelt<\/strong><\/h2>\n<p><strong>Tabak und Kaschmir <\/strong>, ein zarter, aber nicht aufdringlicher Duft mit einer leichten balsamischen Note, macht Ihre Umgebung angenehm, einzigartig und unvergesslich. Sein Einsatz wird in<strong> Bekleidungsgesch\u00e4ften<\/strong>, <strong>professionellen Studios<\/strong>, <strong>Tabakl\u00e4den<\/strong>, <strong>Autoh\u00e4usern<\/strong> empfohlen, aber er ist auch f\u00fcr <strong>h\u00e4usliche Umgebungen<\/strong> geeignet.<\/p>\n<h2><strong>Eigenschaften<\/strong><\/h2>\n<p>Der Raumduft<strong> Tabak und Kaschmir<\/strong>\u00a0hat einzigartige Eigenschaften.<br \/>\nEin eleganter und samtiger Duft, weich und umh\u00fcllend, in der Lage zu tr\u00f6sten wie in einem Moment der Verw\u00f6hnung und Entspannung, der uns mit dem verw\u00f6hnt, was wir am liebsten m\u00f6gen.<\/p>\n<p><strong><em>Wir haben eine gro\u00dfe Auswahl an <a href=\"https:\/\/www.specialscentshop.com\/de\/raumdiffusoren\/\">Raumdiffusoren<\/a>, darunter unser brandneues Handspray <a href=\"https:\/\/www.specialscentshop.com\/de\/produkt\/nebula-raumdiffusor-wiederaufladbar\/\">Nebula<\/a>, das mit der gleichen Zerst\u00e4ubungstechnik arbeitet wie unsere Diffusoren. Eine perfekte und kosteng\u00fcnstige L\u00f6sung f\u00fcr alle, die unsere Produkte testen m\u00f6chten, bevor sie eine gr\u00f6\u00dfere Menge an Duftstoffen oder einen Spender kaufen. Das Nebula-Format besteht aus Aluminium, ist nachf\u00fcllbar und vor allem umweltfreundlich. <\/em><\/strong><\/p>\n<p><strong><em>Beim Kauf eines 0,250 g Duftes Ihrer Wahl erhalten Sie Nebula gratis dazu. Ideal f\u00fcr kleine Mengen. <\/em><\/strong><\/p>\n<p><em><strong>mehr lesen: <a href=\"https:\/\/www.specialscentshop.com\/de\/produkt\/cognac-und-schokoladenorange\/\">Cognac und Schokolade-Orange<\/a><\/strong><\/em><\/p>\n","protected":false},"excerpt":{"rendered":"<h3>Tabak und Kaschmir Ambience Parf\u00fcm: Geruchsnoten<\/h3>\n<p>O<strong>lfaktorische Familie<\/strong>: Balsamisch S\u00fc\u00df Facette: Tabak Ein zarter Hauch von Orangenschale trifft auf einen<strong>s\u00fc\u00df-w\u00fcrzigen Duft<\/strong> von Zimt und umarmt dann ein weiches Herz aus karamellisierten Pflaumen mit braunem Zucker. Gleichzeitig ebnen Nuancen von Nelken den Weg f\u00fcr das Tabakaroma, berauschend, tief und s\u00fc\u00df wie Melasse. Im letzten Teil der Komposition trifft der Tabak auf eine Umarmung aus Amberh\u00f6lzern, einh\u00fcllend und weich wie eine Kaschmirdecke.<br \/>\nK <strong>opfnoten<\/strong> Orangenschalen, Zimt.<br \/>\nH <strong>erznote<\/strong> Karamellisierte Pflaumen, Rohrzucker, Gew\u00fcrznelken, Tabak.<br \/>\nB <strong>asisnoten<\/strong> Tabak, Amberholz.<\/p>\n","protected":false},"featured_media":48426,"template":"","meta":{"_acf_changed":false},"product_brand":[],"product_cat":[812],"product_tag":[],"class_list":{"0":"post-43234","1":"product","2":"type-product","3":"status-publish","4":"has-post-thumbnail","6":"product_cat-raumdufte","8":"first","9":"instock","10":"taxable","11":"shipping-taxable","12":"purchasable","13":"product-type-variable"},"acf":[],"_links":{"self":[{"href":"https:\/\/www.specialscentshop.com\/de\/wp-json\/wp\/v2\/product\/43234","targetHints":{"allow":["GET"]}}],"collection":[{"href":"https:\/\/www.specialscentshop.com\/de\/wp-json\/wp\/v2\/product"}],"about":[{"href":"https:\/\/www.specialscentshop.com\/de\/wp-json\/wp\/v2\/types\/product"}],"wp:featuredmedia":[{"embeddable":true,"href":"https:\/\/www.specialscentshop.com\/de\/wp-json\/wp\/v2\/media\/48426"}],"wp:attachment":[{"href":"https:\/\/www.specialscentshop.com\/de\/wp-json\/wp\/v2\/media?parent=43234"}],"wp:term":[{"taxonomy":"product_brand","embeddable":true,"href":"https:\/\/www.specialscentshop.com\/de\/wp-json\/wp\/v2\/product_brand?post=43234"},{"taxonomy":"product_cat","embeddable":true,"href":"https:\/\/www.specialscentshop.com\/de\/wp-json\/wp\/v2\/product_cat?post=43234"},{"taxonomy":"product_tag","embeddable":true,"href":"https:\/\/www.specialscentshop.com\/de\/wp-json\/wp\/v2\/product_tag?post=43234"}],"curies":[{"name":"wp","href":"https:\/\/api.w.org\/{rel}","templated":true}]}}