{"id":43241,"date":"2022-08-01T13:44:07","date_gmt":"2022-08-01T11:44:07","guid":{"rendered":"https:\/\/www.specialscentshop.com\/product\/tuberosa-suave\/"},"modified":"2026-02-19T21:28:09","modified_gmt":"2026-02-19T20:28:09","slug":"tuberosa-suave","status":"publish","type":"product","link":"https:\/\/www.specialscentshop.com\/de\/produkt\/tuberosa-suave\/","title":{"rendered":"Tuberosa"},"content":{"rendered":"<h2><strong>Wirkung in der Umwelt<\/strong><\/h2>\n<p>Diese Duftmischung, die immer als Nischenduft galt, wird f\u00fcr gem\u00fctliche Umgebungen empfohlen, in denen Sie besondere, intime Atmosph\u00e4ren schaffen k\u00f6nnen. Wo auch immer Sie sich entscheiden, diesen Duft zu verwenden, Sie werden bald feststellen, wie sehr er die Luft ver\u00e4ndern kann. Definitiv der <strong>Raumduft<\/strong>, der Sie an Ihrem wichtigsten Tag, <a href=\"https:\/\/www.enzomiccio.com\/\" target=\"_blank\" rel=\"noopener\">Ihrem Hochzeitstag<\/a>, begleitet.<\/p>\n<h2><strong>Eigenschaften\u00a0<\/strong><\/h2>\n<p>Der ist eine der faszinierendsten Duftnoten in der Welt der Parfums und enth\u00e4lt eine Mischung von D\u00fcften, bei der die \u00fcberw\u00e4ltigende und intensive Intensit\u00e4t der <strong>Tuberose<\/strong> durch die anderen D\u00fcfte gemildert wird.<\/p>\n<p><em>Wir haben eine gro\u00dfe Auswahl an Raumdiffusoren, darunter unser brandneues Handspray <a href=\"https:\/\/www.specialscentshop.com\/de\/produkt\/nebula-raumdiffusor-wiederaufladbar\/\">Nebula<\/a>, das mit der gleichen Zerst\u00e4ubungstechnik arbeitet wie unsere Diffusoren. Eine perfekte und kosteng\u00fcnstige L\u00f6sung f\u00fcr alle, die unsere Produkte testen m\u00f6chten, bevor sie eine gr\u00f6\u00dfere Menge an Duftstoffen oder einen Spender kaufen. Das Nebula-Format besteht aus Aluminium, ist nachf\u00fcllbar und vor allem umweltfreundlich. Beim Kauf eines 0,250 g Duftes Ihrer Wahl erhalten Sie Nebula kostenlos. Ideal f\u00fcr kleine Mengen. <\/em><\/p>\n<h2><strong>Besonders geeignet f\u00fcr :<\/strong><\/h2>\n<ul>\n<li>Schlafzimmer:\u00a0 hat entspannende und verf\u00fchrerische Eigenschaften, die zu einer romantischen und angenehmen Schlafatmosph\u00e4re beitragen k\u00f6nnen.<\/li>\n<li>Badezimmer: hat entspannende und reinigende Eigenschaften, die dazu beitragen k\u00f6nnen, eine beruhigende und friedliche Atmosph\u00e4re f\u00fcr ein entspannendes Bad zu schaffen.<\/li>\n<li>Wohnzimmer: hat entspannende und verf\u00fchrerische Eigenschaften, die dazu beitragen k\u00f6nnen, eine gem\u00fctliche und komfortable Atmosph\u00e4re zur Entspannung zu schaffen.<\/li>\n<li>Studium:\u00a0 hat anregende und verf\u00fchrerische Eigenschaften, die dazu beitragen k\u00f6nnen, eine ruhige und konzentrierte Atmosph\u00e4re zum Arbeiten oder Studieren zu schaffen.<\/li>\n<li>Meditations- oder Yogaraum: hat entspannende und reinigende Eigenschaften, die dazu beitragen k\u00f6nnen, eine friedliche und entspannte Atmosph\u00e4re f\u00fcr Meditation oder Yoga zu schaffen.<\/li>\n<li>Ballsaal:\u00a0 hat verf\u00fchrerische und anregende Eigenschaften, die dazu beitragen k\u00f6nnen, eine romantische und sinnliche Atmosph\u00e4re f\u00fcr einen Abend mit Tanz zu schaffen.<\/li>\n<li>Empfangsr\u00e4ume:\u00a0 hat verf\u00fchrerische und anregende Eigenschaften, die dazu beitragen k\u00f6nnen, eine elegante und gem\u00fctliche Atmosph\u00e4re f\u00fcr einen Empfang zu schaffen.<\/li>\n<li>Gesellschaftliche Anl\u00e4sse:\u00a0 hat verf\u00fchrerische und anregende Eigenschaften, die dazu beitragen k\u00f6nnen, eine elegante und fesselnde Atmosph\u00e4re f\u00fcr gesellschaftliche Anl\u00e4sse zu schaffen.<\/li>\n<\/ul>\n<p><em><strong>Mehr lesen: <a href=\"https:\/\/www.specialscentshop.com\/de\/produkt\/parfuem-umwelt-femme-salient\/\">Femme Saliente<\/a><\/strong><\/em><\/p>\n","protected":false},"excerpt":{"rendered":"<h3><strong>Parf\u00fcm und Raumduft Tuberosa suave:<\/strong><\/h3>\n<h4><strong>Duftnoten: Herznoten &#8211; Kopfnoten &#8211; Basisnoten<\/strong><\/h4>\n<p>Der faszinierende und verf\u00fchrerische Raumduft\u00a0 enth\u00e4lt eine<strong> Mischung von<\/strong> D\u00fcften mit besonders angenehmen olfaktorischen Noten, vielleicht einer der besten in der Welt der Raumd\u00fcfte. \u00dcberw\u00e4ltigend, einladend und gleichzeitig zart und s\u00fc\u00df, eine unverwechselbare Mischung, die eine einzigartige olfaktorische Erinnerung ausl\u00f6st, vor allem wenn sie an eine faszinierende Begegnung erinnert. Kopfnoten:Tuberose, Maigl\u00f6ckchen, Orchidee, Pfirsich. Mittelnote:Traube, Kokosnuss, Amber Basisnote: Moschus und Patchouli<\/p>\n","protected":false},"featured_media":48401,"template":"","meta":{"_acf_changed":false},"product_brand":[],"product_cat":[812],"product_tag":[],"class_list":{"0":"post-43241","1":"product","2":"type-product","3":"status-publish","4":"has-post-thumbnail","6":"product_cat-raumdufte","8":"first","9":"instock","10":"taxable","11":"shipping-taxable","12":"purchasable","13":"product-type-variable"},"acf":[],"_links":{"self":[{"href":"https:\/\/www.specialscentshop.com\/de\/wp-json\/wp\/v2\/product\/43241","targetHints":{"allow":["GET"]}}],"collection":[{"href":"https:\/\/www.specialscentshop.com\/de\/wp-json\/wp\/v2\/product"}],"about":[{"href":"https:\/\/www.specialscentshop.com\/de\/wp-json\/wp\/v2\/types\/product"}],"wp:featuredmedia":[{"embeddable":true,"href":"https:\/\/www.specialscentshop.com\/de\/wp-json\/wp\/v2\/media\/48401"}],"wp:attachment":[{"href":"https:\/\/www.specialscentshop.com\/de\/wp-json\/wp\/v2\/media?parent=43241"}],"wp:term":[{"taxonomy":"product_brand","embeddable":true,"href":"https:\/\/www.specialscentshop.com\/de\/wp-json\/wp\/v2\/product_brand?post=43241"},{"taxonomy":"product_cat","embeddable":true,"href":"https:\/\/www.specialscentshop.com\/de\/wp-json\/wp\/v2\/product_cat?post=43241"},{"taxonomy":"product_tag","embeddable":true,"href":"https:\/\/www.specialscentshop.com\/de\/wp-json\/wp\/v2\/product_tag?post=43241"}],"curies":[{"name":"wp","href":"https:\/\/api.w.org\/{rel}","templated":true}]}}