{"id":43261,"date":"2020-06-11T13:56:47","date_gmt":"2020-06-11T11:56:47","guid":{"rendered":"https:\/\/www.specialscentshop.com\/product\/ingwer-raumparfuem\/"},"modified":"2025-07-19T18:41:02","modified_gmt":"2025-07-19T16:41:02","slug":"ingwer-raumparfuem","status":"publish","type":"product","link":"https:\/\/www.specialscentshop.com\/de\/produkt\/ingwer-raumparfuem\/","title":{"rendered":"Ingwer Raumparf\u00fcm"},"content":{"rendered":"<h2><strong>Wirkung in der Umwelt<\/strong><\/h2>\n<p>Dank seines exotischen Duftes ist der <strong>Duft in der Lage,<\/strong> Ihrer Umgebung eine besondere Note zu verleihen und sie einzigartig zu machen.<br \/>\nDas Aroma ist stark, st\u00f6rt aber nicht den Geruchssinn und verteilt sich gleichm\u00e4\u00dfig. Ein Duft wie dieser ist sehr n\u00fctzlich, um z.B. K\u00fcchenger\u00fcche in einem Restaurant zu \u00fcberdecken und gleichzeitig von all seinen Eigenschaften zu profitieren. Immer mehr Einrichtungen entscheiden sich f\u00fcr diesen Duft aufgrund seiner Vielseitigkeit. Verpassen Sie nicht die Gelegenheit, Ihren Raum zu erneuern. Sie k\u00f6nnen Ihrem Lokal eine besondere Note verleihen und von Ihren Kunden gesch\u00e4tzt werden.<\/p>\n<h2><strong>Eigenschaften Ingwer Raumparf\u00fcm<\/strong><\/h2>\n<p>Dank seiner Kopfnoten ist es ein starker und entscheidender Duft.<\/p>\n<p>Liebhaber starker Aromen werden diese Essenz, die gleichzeitig zarte Noten aufweist, sicherlich lieben. Schaffen Sie ein neues olfaktorisches Erlebnis. Dieser Duft wird Ihr Verb\u00fcndeter sein, nicht nur um weniger angenehme Ger\u00fcche zu \u00fcberdecken, sondern auch um Ihre Umgebung mit einer ungew\u00f6hnlichen Essenz zu parf\u00fcmieren. Denken Sie auch daran, dass die Aufrechterhaltung einer duftenden Umgebung angenehm f\u00fcr die Kunden ist, die Ihr Etablissement besuchen, aber auch f\u00fcr Ihre Mitarbeiter, eine Harmonie der Elemente, die zu \u00fcberraschenden Ergebnissen f\u00fchren wird<\/p>\n<p><em>Wir haben eine gro\u00dfe Auswahl an Raumdiffusoren, darunter unser brandneues Handspray <a href=\"https:\/\/www.specialscentshop.com\/de\/produkt\/nebula-raumdiffusor-wiederaufladbar\/\">Nebula<\/a>, das mit der gleichen Zerst\u00e4ubungstechnik arbeitet wie unsere Diffusoren. Eine perfekte und kosteng\u00fcnstige L\u00f6sung f\u00fcr alle, die unsere Produkte testen m\u00f6chten, bevor sie eine gr\u00f6\u00dfere Menge an Duftstoffen oder einen Spender kaufen. Das Nebula-Format besteht aus Aluminium, ist nachf\u00fcllbar und vor allem umweltfreundlich. Beim Kauf eines 0,250 g Duftes Ihrer Wahl erhalten Sie Nebula kostenlos. Ideal f\u00fcr kleine Mengen. Beim Kauf eines 0,250 g Duftes Ihrer Wahl erhalten Sie Nebula gratis dazu. Ideal f\u00fcr kleine Mengen. <\/em><\/p>\n<h2 class=\"p1\"><b>Besonders geeignet f\u00fcr:<\/b><\/h2>\n<ul>\n<li>K\u00fcchen<\/li>\n<li>B\u00e4der<\/li>\n<li>Schlafzimmer<\/li>\n<li>Wohnr\u00e4ume mit modernen M\u00f6beln<\/li>\n<li>Speises\u00e4le mit elegantem Ambiente<\/li>\n<li>Gartenzimmer oder Au\u00dfenterrassen<\/li>\n<li>B\u00fcros oder Besprechungsr\u00e4ume mit einer k\u00fchlen, entspannenden Atmosph\u00e4r<\/li>\n<li>Yoga- oder Meditationsraum<\/li>\n<li>Parks oder Naturg\u00e4rten<\/li>\n<li>Weihnachten Umgebungen<\/li>\n<\/ul>\n<p>Das frische und w\u00fcrzige Aroma von Ingwer kann dazu beitragen, eine k\u00fchle und erfrischende Atmosph\u00e4re zu schaffen und die Konzentration und Produktivit\u00e4t zu verbessern. Beachten Sie, dass dies nur Vorschl\u00e4ge sind und die Eignung des Duftes stark von den pers\u00f6nlichen Vorlieben abh\u00e4ngt.<\/p>\n<p><em><strong>weiterlesen: <a href=\"https:\/\/www.specialscentshop.com\/de\/produkt\/zitrone\/\">Raumeduft Zitrone<\/a><\/strong><\/em><\/p>\n","protected":false},"excerpt":{"rendered":"<h2><strong>Olfaktorische Noten: Kopfnoten<\/strong><\/h2>\n<p>Sie wird aus der Wurzel der Pflanze gewonnen und duftet \u00e4hnlich wie Zitronenschalen, jedoch mit einem exotischeren Aroma. Seine Geruchsnoten sind daher sch\u00e4rfer als die der Zitrone, aber auch aromatischer und durchsetzungsf\u00e4higer.<\/p>\n<p><strong>UFI-CODE: 5C00-H0H4-D00T-GUJY<\/strong><\/p>\n","protected":false},"featured_media":48496,"template":"","meta":{"_acf_changed":false},"product_brand":[],"product_cat":[812],"product_tag":[862,908,766,909,768,912,770],"class_list":{"0":"post-43261","1":"product","2":"type-product","3":"status-publish","4":"has-post-thumbnail","6":"product_cat-raumdufte","7":"product_tag-spielzimmer","8":"product_tag-eigentumswohnungen","9":"product_tag-zuhause","10":"product_tag-umgebungen-im-freien","11":"product_tag-hotel-bb-de","12":"product_tag-hochzeiten","13":"product_tag-restaurants-bars-de","15":"first","16":"instock","17":"taxable","18":"shipping-taxable","19":"purchasable","20":"product-type-variable"},"acf":[],"_links":{"self":[{"href":"https:\/\/www.specialscentshop.com\/de\/wp-json\/wp\/v2\/product\/43261","targetHints":{"allow":["GET"]}}],"collection":[{"href":"https:\/\/www.specialscentshop.com\/de\/wp-json\/wp\/v2\/product"}],"about":[{"href":"https:\/\/www.specialscentshop.com\/de\/wp-json\/wp\/v2\/types\/product"}],"wp:featuredmedia":[{"embeddable":true,"href":"https:\/\/www.specialscentshop.com\/de\/wp-json\/wp\/v2\/media\/48496"}],"wp:attachment":[{"href":"https:\/\/www.specialscentshop.com\/de\/wp-json\/wp\/v2\/media?parent=43261"}],"wp:term":[{"taxonomy":"product_brand","embeddable":true,"href":"https:\/\/www.specialscentshop.com\/de\/wp-json\/wp\/v2\/product_brand?post=43261"},{"taxonomy":"product_cat","embeddable":true,"href":"https:\/\/www.specialscentshop.com\/de\/wp-json\/wp\/v2\/product_cat?post=43261"},{"taxonomy":"product_tag","embeddable":true,"href":"https:\/\/www.specialscentshop.com\/de\/wp-json\/wp\/v2\/product_tag?post=43261"}],"curies":[{"name":"wp","href":"https:\/\/api.w.org\/{rel}","templated":true}]}}