{"id":43279,"date":"2020-02-26T14:16:28","date_gmt":"2020-02-26T13:16:28","guid":{"rendered":"https:\/\/www.specialscentshop.com\/product\/duft-umwelt-theater\/"},"modified":"2026-04-15T14:40:49","modified_gmt":"2026-04-15T12:40:49","slug":"duft-umwelt-theater","status":"publish","type":"product","link":"https:\/\/www.specialscentshop.com\/de\/produkt\/duft-umwelt-theater\/","title":{"rendered":"Duft Umwelt Theater"},"content":{"rendered":"<h2><strong>Wirkung in der Umwelt<\/strong><\/h2>\n<p>Um die Wirkung dieses Duftes auf die Umgebung und sein Aroma zu verstehen, muss man sich vorstellen, wie es ist, ins Theater zu gehen.<br \/>\nEine warme und einladende Umgebung, in der sich die Menschen wohlf\u00fchlen, w\u00e4hrend sie die Freude an einer Oper genie\u00dfen. Wir empfehlen diesen Duft f\u00fcr ruhige Umgebungen, Kinos, Spas.<\/p>\n<h2><strong>Eigenschaften Duft Umwelt Theater<\/strong><\/h2>\n<p>Die Erfahrung des Spectacle wird Sie dank seiner Duftnoten in das wahre Konzept der Oper versetzen. Ein Duft, der die Essenz eines einzigartigen Ambientes verk\u00f6rpert.<br \/>\nDie sanfte Beleuchtung, der Geruch von Holz, das Rot der Vorh\u00e4nge und Sitze schaffen nicht nur die perfekte Atmosph\u00e4re, sondern haben auch einen Duft, den jeder, der einmal im Theater war, nicht vergessen kann. Wo auch immer Sie sich entscheiden, diesen Duft zu verwenden, lassen Sie sich diese innovative Mischung nicht entgehen.<\/p>\n<p><em>Wir haben eine gro\u00dfe Auswahl an Raumdiffusoren, darunter unser brandneues Handspray <a href=\"https:\/\/www.specialscentshop.com\/de\/produkt\/nebula-raumdiffusor-wiederaufladbar\/\">Nebula<\/a>, das mit der gleichen Zerst\u00e4ubungstechnik arbeitet wie unsere Diffusoren. Eine perfekte und kosteng\u00fcnstige L\u00f6sung f\u00fcr alle, die unsere Produkte testen m\u00f6chten, bevor sie eine gr\u00f6\u00dfere Menge an Duftstoffen oder einen Spender kaufen. Das Nebula-Format besteht aus Aluminium, ist nachf\u00fcllbar und vor allem umweltfreundlich. Beim Kauf eines 0,250 g Duftes Ihrer Wahl erhalten Sie Nebula kostenlos. Ideal f\u00fcr kleine Mengen. <\/em><\/p>\n<h2 class=\"p1\"><b>Besonders geeignet f\u00fcr:<\/b><\/h2>\n<ul>\n<li>Auff\u00fchrungss\u00e4le und Theater<\/li>\n<li>Projektionsr\u00e4ume und Kinos\u00e4le<\/li>\n<li>S\u00e4le f\u00fcr Konzerte und Live-Musik<\/li>\n<li>Konferenz- und Pr\u00e4sentationsr\u00e4ume<\/li>\n<li>Kunsthallen und Museen<\/li>\n<li>S\u00e4le f\u00fcr Empf\u00e4nge und besondere Veranstaltungen<\/li>\n<li>Hallen f\u00fcr Ausstellungen und Messen<\/li>\n<li>Tagungs- und Konferenzr\u00e4ume f\u00fcr Unternehmen<\/li>\n<\/ul>\n<p><em><strong>mehr lesen: <a href=\"https:\/\/www.specialscentshop.com\/de\/produkt\/leder-und-lederzimmer-parfuem\/\">Leder und Lederzimmer Parf\u00fcm<\/a><\/strong><\/em><\/p>\n","protected":false},"excerpt":{"rendered":"<h2><strong>Olfaktorische Noten: Herznoten<\/strong><\/h2>\n<p>Um diesen Duft zu w\u00fcrdigen, muss man sich gedanklich in die Zeit der 1960er und 1970er Jahre zur\u00fcckversetzen, in die langen roten Vorh\u00e4nge, die undurchsichtigen Samtsessel und die h\u00f6lzernen Dekorationen, in denen fr\u00fcher die sanft leuchtenden Lampen standen.<br \/>\nEin Ambiente, das so unvergesslich ist wie seine Ger\u00fcche. Ein einzigartiges Ambiente mit einem unverwechselbaren Duft und dieser Duft gibt dieses unglaubliche Aroma getreu wieder.<\/p>\n<p><strong><a href=\"https:\/\/www.specialscentshop.com\/de\/olfaktorisches-marketing\/\">Olfaktorisches Marketing<\/a> f\u00fcr alle, die Retro-Umgebungen lieben<\/strong><\/p>\n","protected":false},"featured_media":48546,"template":"","meta":{"_acf_changed":false},"product_brand":[],"product_cat":[812],"product_tag":[862,910,766,913,767,768],"class_list":{"0":"post-43279","1":"product","2":"type-product","3":"status-publish","4":"has-post-thumbnail","6":"product_cat-raumdufte","7":"product_tag-spielzimmer","8":"product_tag-messen-und-veranstaltungen","9":"product_tag-zuhause","10":"product_tag-parfums-fur-messen","11":"product_tag-buro","12":"product_tag-hotel-bb-de","14":"first","15":"instock","16":"taxable","17":"shipping-taxable","18":"purchasable","19":"product-type-variable"},"acf":[],"_links":{"self":[{"href":"https:\/\/www.specialscentshop.com\/de\/wp-json\/wp\/v2\/product\/43279","targetHints":{"allow":["GET"]}}],"collection":[{"href":"https:\/\/www.specialscentshop.com\/de\/wp-json\/wp\/v2\/product"}],"about":[{"href":"https:\/\/www.specialscentshop.com\/de\/wp-json\/wp\/v2\/types\/product"}],"wp:featuredmedia":[{"embeddable":true,"href":"https:\/\/www.specialscentshop.com\/de\/wp-json\/wp\/v2\/media\/48546"}],"wp:attachment":[{"href":"https:\/\/www.specialscentshop.com\/de\/wp-json\/wp\/v2\/media?parent=43279"}],"wp:term":[{"taxonomy":"product_brand","embeddable":true,"href":"https:\/\/www.specialscentshop.com\/de\/wp-json\/wp\/v2\/product_brand?post=43279"},{"taxonomy":"product_cat","embeddable":true,"href":"https:\/\/www.specialscentshop.com\/de\/wp-json\/wp\/v2\/product_cat?post=43279"},{"taxonomy":"product_tag","embeddable":true,"href":"https:\/\/www.specialscentshop.com\/de\/wp-json\/wp\/v2\/product_tag?post=43279"}],"curies":[{"name":"wp","href":"https:\/\/api.w.org\/{rel}","templated":true}]}}