{"id":43297,"date":"2020-06-11T14:57:43","date_gmt":"2020-06-11T12:57:43","guid":{"rendered":"https:\/\/www.specialscentshop.com\/product\/parfuem-umwelt-hoelzer\/"},"modified":"2025-07-20T19:48:28","modified_gmt":"2025-07-20T17:48:28","slug":"parfuem-umwelt-hoelzer","status":"publish","type":"product","link":"https:\/\/www.specialscentshop.com\/de\/produkt\/parfuem-umwelt-hoelzer\/","title":{"rendered":"Woods"},"content":{"rendered":"<h2><strong>Wirkung in der Umwelt<\/strong><\/h2>\n<p>Holz ist das Sinnbild f\u00fcr St\u00e4rke und sein Duft eignet sich besonders f\u00fcr Orte in den Bergen wie Hotels, B&amp;Bs und Bergh\u00fctten, wird aber auch von Stadtbewohnern nicht verschm\u00e4ht, wo wir urige Clubs, Wellnesszentren und Spas finden. Der Raumduft Woods ist in der Lage, Sie im Handumdrehen in vollen Kontakt mit der Natur zu bringen.<\/p>\n<h2><strong>Eigenschaften<\/strong><\/h2>\n<p><strong><mark>Parf\u00fcm Umwelt H\u00f6lzer<\/mark><\/strong>\u00a0 eine gem\u00fctliche und entspannende Atmosph\u00e4re. Seine Minznote reinigt die Luft und macht sie balsamisch.<br \/>\nWer die Berge kennt und von langen Spazierg\u00e4ngen auf Waldwegen profitiert hat, wei\u00df um die gesundheitsf\u00f6rdernde Wirkung unber\u00fchrter, frischer Luft. Schafft ein neues Dufterlebnis f\u00fcr alle<\/p>\n<p><em>Wir haben eine gro\u00dfe Auswahl an Raumdiffusoren, darunter unser brandneues Handspray <a href=\"https:\/\/www.specialscentshop.com\/de\/produkt\/nebula-raumdiffusor-wiederaufladbar\/\">Nebula<\/a>, das mit der gleichen Zerst\u00e4ubungstechnik arbeitet wie unsere Diffusoren. Eine perfekte und kosteng\u00fcnstige L\u00f6sung f\u00fcr alle, die unsere Produkte testen m\u00f6chten, bevor sie eine gr\u00f6\u00dfere Menge an Duftstoffen oder einen Spender kaufen. Das Nebula-Format besteht aus Aluminium, ist nachf\u00fcllbar und vor allem umweltfreundlich. Beim Kauf eines 0,250 g Duftes Ihrer Wahl erhalten Sie Nebula kostenlos. Ideal f\u00fcr kleine Mengen. <\/em><\/p>\n<h2 class=\"p1\"><b>Besonders geeignet f\u00fcr:<\/b><\/h2>\n<ul>\n<li>Bergh\u00e4user oder Holzchalets<\/li>\n<li>B\u00e4der<\/li>\n<li>Schlafzimmer<\/li>\n<li>Wohnr\u00e4ume mit Holzm\u00f6beln und nat\u00fcrlichen Stoffen<\/li>\n<li>Speises\u00e4le mit rustikalem Ambiente<\/li>\n<li>Gartenzimmer oder Au\u00dfenterrassen<\/li>\n<li>B\u00fcros oder Besprechungsr\u00e4ume mit einer k\u00fchlen, entspannenden Atmosph\u00e4re<\/li>\n<li>Entspannungs- oder Leser\u00e4ume<\/li>\n<li>Yoga- oder Meditationsraum<\/li>\n<li>Parks oder Naturg\u00e4rten<\/li>\n<\/ul>\n<p>Das frische, holzige Aroma von Holzduft kann dazu beitragen, eine entspannende und frische Atmosph\u00e4re zu schaffen, die an Natur und Entspannung erinnert. Beachten Sie, dass dies nur Vorschl\u00e4ge sind und die Eignung des Duftes sehr stark von den pers\u00f6nlichen Vorlieben abh\u00e4ngt.<\/p>\n<p><em><strong>Mehr lesen: Lavendel<\/strong><\/em><\/p>\n","protected":false},"excerpt":{"rendered":"<h2>Olfaktorische Noten: Basisnoten<strong><br \/>\n<\/strong><\/h2>\n<p>Der Raumduft Woods besteht aus holzigen Geruchsnoten, die gleichzeitig durch das Minzaroma an Frische gewinnen. Dank dieser besonders starken Mischung, die normalerweise in Herrend\u00fcften verwendet wird, eignet sich der Duft besonders f\u00fcr R\u00e4ume mit starken Charakteristika.<\/p>\n<p><strong>Ideal f\u00fcr <a href=\"https:\/\/www.specialscentshop.com\/de\/olfaktorisches-marketing\/\">Geruchsmarketing<\/a><\/strong><\/p>\n<p><strong>UFI-Code: H800-00TR-300A-UGYW<\/strong><\/p>\n","protected":false},"featured_media":48521,"template":"","meta":{"_acf_changed":false},"product_brand":[],"product_cat":[812],"product_tag":[862,910,766,913,768,769],"class_list":{"0":"post-43297","1":"product","2":"type-product","3":"status-publish","4":"has-post-thumbnail","6":"product_cat-raumdufte","7":"product_tag-spielzimmer","8":"product_tag-messen-und-veranstaltungen","9":"product_tag-zuhause","10":"product_tag-parfums-fur-messen","11":"product_tag-hotel-bb-de","12":"product_tag-geschafte-einkaufen","14":"first","15":"instock","16":"taxable","17":"shipping-taxable","18":"purchasable","19":"product-type-variable"},"acf":[],"_links":{"self":[{"href":"https:\/\/www.specialscentshop.com\/de\/wp-json\/wp\/v2\/product\/43297","targetHints":{"allow":["GET"]}}],"collection":[{"href":"https:\/\/www.specialscentshop.com\/de\/wp-json\/wp\/v2\/product"}],"about":[{"href":"https:\/\/www.specialscentshop.com\/de\/wp-json\/wp\/v2\/types\/product"}],"wp:featuredmedia":[{"embeddable":true,"href":"https:\/\/www.specialscentshop.com\/de\/wp-json\/wp\/v2\/media\/48521"}],"wp:attachment":[{"href":"https:\/\/www.specialscentshop.com\/de\/wp-json\/wp\/v2\/media?parent=43297"}],"wp:term":[{"taxonomy":"product_brand","embeddable":true,"href":"https:\/\/www.specialscentshop.com\/de\/wp-json\/wp\/v2\/product_brand?post=43297"},{"taxonomy":"product_cat","embeddable":true,"href":"https:\/\/www.specialscentshop.com\/de\/wp-json\/wp\/v2\/product_cat?post=43297"},{"taxonomy":"product_tag","embeddable":true,"href":"https:\/\/www.specialscentshop.com\/de\/wp-json\/wp\/v2\/product_tag?post=43297"}],"curies":[{"name":"wp","href":"https:\/\/api.w.org\/{rel}","templated":true}]}}