{"id":43324,"date":"2020-06-11T13:53:06","date_gmt":"2020-06-11T11:53:06","guid":{"rendered":"https:\/\/www.specialscentshop.com\/product\/raumduft-duefte-des-orients\/"},"modified":"2025-07-21T21:21:45","modified_gmt":"2025-07-21T19:21:45","slug":"raumduft-duefte-des-orients","status":"publish","type":"product","link":"https:\/\/www.specialscentshop.com\/de\/produkt\/raumduft-duefte-des-orients\/","title":{"rendered":"Raumduft D\u00fcfte des Orients"},"content":{"rendered":"<h2><strong>Wirkung in der Umwelt<\/strong><\/h2>\n<p>Wir empfehlen den <strong>Raumduft D\u00fcfte des Orients<\/strong> an allen Orten, an denen Sie sich entspannen k\u00f6nnen, an warmen und einladenden Orten. Dieser Duft macht Ihr Wellness-Center, Spa, Restaurant, Massagezentrum dank seines unverwechselbaren exotischen Aromas unvergesslich.<\/p>\n<h2><strong>Eigenschaften Raumduft D\u00fcfte des Orients<\/strong><\/h2>\n<p>Nicht jeder kann einen qualitativ hochwertigen, zertifizierten Duft wie diesen garantieren. Tats\u00e4chlich werden alle unsere D\u00fcfte von Experten auf diesem Gebiet getestet. Diese Essenz parf\u00fcmiert nicht nur die Umgebung um Sie herum, sie ist viel mehr als eine Neuheit, sie ist die Chance, die Sie Ihrem Unternehmen geben k\u00f6nnen, um Ihren Kundenstamm zu vergr\u00f6\u00dfern. Sie baut eine Erinnerung im olfaktorischen Ged\u00e4chtnis Ihrer G\u00e4ste auf. Sie werden bald merken, wie dieser Duft die Stimmung Ihrer Mitarbeiter und Ihrer Kunden ver\u00e4ndern kann.<\/p>\n<p><em>Wir haben eine gro\u00dfe Auswahl an Raumdiffusoren, darunter unser brandneues <strong>Handspray <a href=\"https:\/\/www.specialscentshop.com\/de\/produkt\/nebula-raumdiffusor-wiederaufladbar\/\">Nebula<\/a><\/strong>, das mit der gleichen Zerst\u00e4ubungstechnik wie unsere Diffusoren arbeitet. Eine perfekte und kosteng\u00fcnstige L\u00f6sung f\u00fcr alle, die unsere Produkte testen m\u00f6chten, bevor sie eine gr\u00f6\u00dfere Menge an Duftstoffen oder einen Spender kaufen. Das Nebula-Format besteht aus Aluminium, ist nachf\u00fcllbar und vor allem umweltfreundlich. Beim Kauf eines 0,250 g Duftes Ihrer Wahl erhalten Sie Nebula kostenlos. Ideal f\u00fcr kleine Mengen. <\/em><\/p>\n<h2 class=\"p1\"><b>Besonders geeignet f\u00fcr:<\/b><\/h2>\n<ul>\n<li>Speises\u00e4le mit elegantem Ambiente<\/li>\n<li>Gartenzimmer oder Au\u00dfenterrassen<\/li>\n<li>B\u00fcros oder Tagungsr\u00e4ume mit gehobener Atmosph\u00e4re<\/li>\n<li>Entspannungs- oder Leser\u00e4ume<\/li>\n<li>Yoga- oder Meditationsraum<\/li>\n<li>Parks oder G\u00e4rten mit einer eleganten Atmosph\u00e4re<\/li>\n<li>In Veranstaltungss\u00e4len oder Empfangsr\u00e4umen k\u00f6nnen die raffinierten und raffinierten D\u00fcfte aus dem Orient dazu beitragen, eine elegante und gem\u00fctliche Atmosph\u00e4re zu schaffen.<\/li>\n<li>Badezimmer und Schlafzimmer, um eine entspannende und komfortable Atmosph\u00e4re zu schaffen<\/li>\n<li>In Spa-Umgebungen oder Wellness-Zentren kann der Duft orientalischer Parf\u00fcms dazu beitragen, eine Atmosph\u00e4re des Wohlbefindens und der Ruhe zu schaffen.<\/li>\n<\/ul>\n<p>Beachten Sie, dass dies nur Vorschl\u00e4ge sind und die Eignung des Parfums stark von Ihren pers\u00f6nlichen Vorlieben abh\u00e4ngt.<\/p>\n<p><em><strong>Weiterlesen: <a href=\"https:\/\/www.specialscentshop.com\/de\/produkt\/ingwer-raumparfuem\/\">Ingwer Raumparf\u00fcm<\/a><\/strong><\/em><\/p>\n","protected":false},"excerpt":{"rendered":"<h2><strong>Raumduft D\u00fcfte des Orients: Noten<\/strong><\/h2>\n<p>Kurkuma, Koriander, Kardamom, Zimt, Ingwer, Paprika sind nur einige der vielen Gew\u00fcrze, die diese Mischung orientalischer D\u00fcfte ausmachen. Viele dieser Gew\u00fcrze sind f\u00fcr ihre kulinarische Verwendung bekannt, ihr Geschmack und ihr Duft sind einzigartig und unverwechselbar. Deshalb hat Special Scent beschlossen, einen Duft vorzuschlagen, der die Vereinigung all dieser Aromen, Gew\u00fcrze und Farben in einem olfaktorischen Schl\u00fcssel darstellt. Auf diese Weise geben wir Ihnen einen &#8216;Vorgeschmack&#8217; auf die Komplexit\u00e4t und Sch\u00f6nheit dieses Duftes.<\/p>\n<p>Die olfaktorischen Noten der orientalischen D\u00fcfte sind w\u00fcrzig, st\u00e4rker und halten l\u00e4nger an. Der Duft setzt einen Duft frei, der f\u00fcr unsere Nasen v\u00f6llig unerwartet ist und mit seinem s\u00fc\u00dfen und w\u00fcrzigen Kontrast eine neue Erfahrung bietet. Wenn Sie wirklich mit einer Essenz beeindrucken wollen, die in Erinnerung bleibt, ist der Duft Profumi d&#8217;Oriente die richtige Wahl!<\/p>\n","protected":false},"featured_media":48616,"template":"","meta":{"_acf_changed":false},"product_brand":[],"product_cat":[812],"product_tag":[910,913,766,768,769],"class_list":{"0":"post-43324","1":"product","2":"type-product","3":"status-publish","4":"has-post-thumbnail","6":"product_cat-raumdufte","7":"product_tag-messen-und-veranstaltungen","8":"product_tag-parfums-fur-messen","9":"product_tag-zuhause","10":"product_tag-hotel-bb-de","11":"product_tag-geschafte-einkaufen","13":"first","14":"instock","15":"taxable","16":"shipping-taxable","17":"purchasable","18":"product-type-variable"},"acf":[],"_links":{"self":[{"href":"https:\/\/www.specialscentshop.com\/de\/wp-json\/wp\/v2\/product\/43324","targetHints":{"allow":["GET"]}}],"collection":[{"href":"https:\/\/www.specialscentshop.com\/de\/wp-json\/wp\/v2\/product"}],"about":[{"href":"https:\/\/www.specialscentshop.com\/de\/wp-json\/wp\/v2\/types\/product"}],"wp:featuredmedia":[{"embeddable":true,"href":"https:\/\/www.specialscentshop.com\/de\/wp-json\/wp\/v2\/media\/48616"}],"wp:attachment":[{"href":"https:\/\/www.specialscentshop.com\/de\/wp-json\/wp\/v2\/media?parent=43324"}],"wp:term":[{"taxonomy":"product_brand","embeddable":true,"href":"https:\/\/www.specialscentshop.com\/de\/wp-json\/wp\/v2\/product_brand?post=43324"},{"taxonomy":"product_cat","embeddable":true,"href":"https:\/\/www.specialscentshop.com\/de\/wp-json\/wp\/v2\/product_cat?post=43324"},{"taxonomy":"product_tag","embeddable":true,"href":"https:\/\/www.specialscentshop.com\/de\/wp-json\/wp\/v2\/product_tag?post=43324"}],"curies":[{"name":"wp","href":"https:\/\/api.w.org\/{rel}","templated":true}]}}