{"id":43370,"date":"2020-06-11T15:23:07","date_gmt":"2020-06-11T13:23:07","guid":{"rendered":"https:\/\/www.specialscentshop.com\/product\/marihuana-umwelt-parfuem\/"},"modified":"2025-07-25T21:47:02","modified_gmt":"2025-07-25T19:47:02","slug":"marihuana-umwelt-parfuem","status":"publish","type":"product","link":"https:\/\/www.specialscentshop.com\/de\/produkt\/marihuana-umwelt-parfuem\/","title":{"rendered":"Marihuana Umwelt Parf\u00fcm"},"content":{"rendered":"<h2><strong>Wirkung in der Umwelt<\/strong><\/h2>\n<p><strong>Der Marjuana-Duf<\/strong>t verbreitet sich schnell in der Umgebung und schafft eine Verbindung mit der Natur. Sein Duft erinnert an orientalische L\u00e4nder. Obwohl das Marihuana-Aroma intensiv ist, ist die Atmosph\u00e4re, die es erzeugt, weich, warm und entspannt K\u00f6rper und Geist. Einmal probiert, werden Sie die entspannende Wirkung, die sie erzeugt, kaum vergessen.<\/p>\n<h2><strong>Eigenschaften Marihuana Umwelt Parf\u00fcm<\/strong><\/h2>\n<p>Diese Art von Duft ist nicht nur eine Modeerscheinung, sondern ein echtes Allheilmittel f\u00fcr K\u00f6rper und Geist. Mehrere Jahre lang wurde der Freizeitkonsum von Marihuana in den Medien und sozialen Netzwerken auf der ganzen Welt stark kritisiert.<br \/>\nIn den letzten Jahren hat sich dieser Trend grundlegend ge\u00e4ndert und damit auch die Produkte, die mit diesen Substanzen erh\u00e4ltlich sind. Die<a href=\"https:\/\/it.wikipedia.org\/wiki\/Note_olfattive\" target=\"_blank\" rel=\"noopener\">Duftnoten<\/a> des Marijuana Ambiance Parfums sind holzig und stark, st\u00f6ren aber den Geruchssinn nicht. Wenn Sie die Augen schlie\u00dfen und tief einatmen, haben Sie das Gef\u00fchl, mitten im Wald zu sein.<\/p>\n<p><strong>Aufgrund seiner gro\u00dfen Vielseitigkeit kann er in verschiedenen Umgebungen verwendet werden und ist f\u00fcr jeden erschwinglich. Ein ausgewogener Duft, der niemals erm\u00fcdet oder nervt.<br \/>\n<\/strong><\/p>\n<p><em>Wir haben eine gro\u00dfe Auswahl an Raumdiffusoren, darunter unser brandneues <strong>Handspray <a href=\"https:\/\/www.specialscentshop.com\/de\/produkt\/nebula-raumdiffusor-wiederaufladbar\/\">Nebula<\/a><\/strong>, das mit der gleichen Zerst\u00e4ubungstechnik arbeitet wie unsere Diffusoren. Eine perfekte und kosteng\u00fcnstige L\u00f6sung f\u00fcr alle, die unsere Produkte testen m\u00f6chten, bevor sie eine gr\u00f6\u00dfere Menge an Duftstoffen oder einen Spender kaufen. Das Nebula-Format besteht aus Aluminium, ist nachf\u00fcllbar und vor allem umweltfreundlich. Beim Kauf eines 0,250 g Duftes Ihrer Wahl erhalten Sie Nebula kostenlos. Ideal f\u00fcr kleine Mengen. <\/em><\/p>\n<h2><strong>Besonders geeignet f\u00fcr:<\/strong><\/h2>\n<ul>\n<li>Schlafzimmer, die eine entspannende und friedliche Atmosph\u00e4re schaffen<\/li>\n<li>Warter\u00e4ume f\u00fcr Kliniken, Arztpraxen, Zahn\u00e4rzte.<\/li>\n<li>Entspannungsr\u00e4ume oder Lese- und Yogar\u00e4ume, um eine entspannte und angenehme Atmosph\u00e4re zu schaffen<\/li>\n<li>Gartenzimmer oder Au\u00dfenterrassen, um eine k\u00fchle, entspannende Atmosph\u00e4re zu schaffen<\/li>\n<li>Wohnr\u00e4ume f\u00fcr eine komfortable und gem\u00fctliche Atmosph\u00e4re<\/li>\n<li>B\u00fcros oder Konferenzr\u00e4ume f\u00fcr eine entspannte und produktive Atmosph\u00e4re<\/li>\n<li>Gesch\u00e4fte oder R\u00e4umlichkeiten<\/li>\n<\/ul>\n<p><em><strong>mehr lesen: <a href=\"https:\/\/www.specialscentshop.com\/de\/produkt\/cannabis-ambiance-parfuem\/\">Duftumgebung Cannabis<\/a><\/strong><\/em><\/p>\n","protected":false},"excerpt":{"rendered":"<section class=\"av_textblock_section \">\n<div class=\"avia_textblock \">\n<h2><strong>Geruchsnoten Marihuana Umwelt Parf\u00fcm: Kopfnoten\u00a0<\/strong><\/h2>\n<p><strong>Marijuana Ambient Scent<\/strong> ist ein Duft mit starken Noten, der sich f\u00fcr Arbeitspl\u00e4tze, Bekleidungsgesch\u00e4fte, Fitnessstudios, Wellness-Zentren und alle Orte eignet, an denen sich Ruhe ausbreiten und eine Oase des Friedens schaffen soll. Der Duft hat holzige Noten, die den K\u00f6rper anregen, ohne die Geruchsrezeptoren zu reizen.<\/p>\n<\/div>\n<\/section>\n","protected":false},"featured_media":43371,"template":"","meta":{"_acf_changed":false},"product_brand":[],"product_cat":[812],"product_tag":[862,864,766,909,769,910,770,912,913,916],"class_list":{"0":"post-43370","1":"product","2":"type-product","3":"status-publish","4":"has-post-thumbnail","6":"product_cat-raumdufte","7":"product_tag-spielzimmer","8":"product_tag-arztpraxen-kliniken","9":"product_tag-zuhause","10":"product_tag-umgebungen-im-freien","11":"product_tag-geschafte-einkaufen","12":"product_tag-messen-und-veranstaltungen","13":"product_tag-restaurants-bars-de","14":"product_tag-hochzeiten","15":"product_tag-parfums-fur-messen","16":"product_tag-dufte-fur-arztpraxen-kliniken","18":"first","19":"instock","20":"taxable","21":"shipping-taxable","22":"purchasable","23":"product-type-variable"},"acf":[],"_links":{"self":[{"href":"https:\/\/www.specialscentshop.com\/de\/wp-json\/wp\/v2\/product\/43370","targetHints":{"allow":["GET"]}}],"collection":[{"href":"https:\/\/www.specialscentshop.com\/de\/wp-json\/wp\/v2\/product"}],"about":[{"href":"https:\/\/www.specialscentshop.com\/de\/wp-json\/wp\/v2\/types\/product"}],"wp:featuredmedia":[{"embeddable":true,"href":"https:\/\/www.specialscentshop.com\/de\/wp-json\/wp\/v2\/media\/43371"}],"wp:attachment":[{"href":"https:\/\/www.specialscentshop.com\/de\/wp-json\/wp\/v2\/media?parent=43370"}],"wp:term":[{"taxonomy":"product_brand","embeddable":true,"href":"https:\/\/www.specialscentshop.com\/de\/wp-json\/wp\/v2\/product_brand?post=43370"},{"taxonomy":"product_cat","embeddable":true,"href":"https:\/\/www.specialscentshop.com\/de\/wp-json\/wp\/v2\/product_cat?post=43370"},{"taxonomy":"product_tag","embeddable":true,"href":"https:\/\/www.specialscentshop.com\/de\/wp-json\/wp\/v2\/product_tag?post=43370"}],"curies":[{"name":"wp","href":"https:\/\/api.w.org\/{rel}","templated":true}]}}