{"id":43379,"date":"2020-06-09T15:20:31","date_gmt":"2020-06-09T13:20:31","guid":{"rendered":"https:\/\/www.specialscentshop.com\/product\/weisser-moschus-raumduft\/"},"modified":"2025-07-25T21:27:55","modified_gmt":"2025-07-25T19:27:55","slug":"weisser-moschus-raumduft","status":"publish","type":"product","link":"https:\/\/www.specialscentshop.com\/de\/produkt\/weisser-moschus-raumduft\/","title":{"rendered":"Wei\u00dfer Moschus"},"content":{"rendered":"<h2><strong>Wirkung in der Umwelt<\/strong><\/h2>\n<p>Parf\u00fcmerien auf der ganzen Welt verwenden diesen Duft als Basis f\u00fcr Herrenparf\u00fcms. Er durchdringt schnell Ihre Umgebung und macht sie frischer und einladender.<\/p>\n<p>Seine fast holzigen, aber dennoch frischen Noten ergeben9 eine ideale Kombination, um Ihre G\u00e4ste aufzuheitern. Wir empfehlen diesen Duft f\u00fcr Umgebungen wie Hotels\u00e4le, SPAs, Wellness-Zentren oder Bergclubs. Der<strong>Duft von wei\u00dfem Moschus<\/strong> vermittelt alle Emotionen der Natur, die Sie leicht wahrnehmen k\u00f6nnen, wenn Sie diesen wunderbaren Duft tief einatmen.<br \/>\nWir haben eine gro\u00dfe Auswahl an Raumdiffusoren, darunter unser brandneues &#8216;Nebel&#8217;-Spray, das mit der gleichen Zerst\u00e4ubungstechnik arbeitet wie unsere Diffusoren, eine perfekte und kosteng\u00fcnstige L\u00f6sung f\u00fcr diejenigen, die unsere Produkte vor dem Kauf eines Ger\u00e4ts testen m\u00f6chten. Das Nebula-Format ist aus Aluminium, nachf\u00fcllbar und vor allem umweltfreundlich. Ideal f\u00fcr kleine Mengen des Produkts.<\/p>\n<h2><strong>Eigenschaften Wei\u00dfer Moschus Raumduft<\/strong><\/h2>\n<p>Der Duft von White Musk hat uralte Urspr\u00fcnge. Er wurde aus den Dr\u00fcsen einer bestimmten Moschushirschart gewonnen, daher auch der Name des Duftes, um eine medizinische Salbe herzustellen.<br \/>\nSp\u00e4ter gelang es Gelehrten und Forschern, dieses angenehme Aroma mit verschiedenen Kr\u00e4utern originalgetreu zu reproduzieren, so dass es heute als einzigartiger Duft angesehen werden kann. Specialscent ist stolz darauf, D\u00fcfte anbieten zu k\u00f6nnen, die vielen Unternehmen helfen, ihr Gesch\u00e4ft zu steigern und gleichzeitig ihre Umgebung f\u00fcr Mitarbeiter, die lange in Gesch\u00e4ften und B\u00fcros arbeiten, einladend zu gestalten.<\/p>\n<p><em>Wir haben eine gro\u00dfe Auswahl an Raumdiffusoren, darunter unser brandneues Handspray <a href=\"https:\/\/www.specialscentshop.com\/de\/produkt\/nebula-raumdiffusor-wiederaufladbar\/\">Nebula<\/a>, das mit der gleichen Zerst\u00e4ubungstechnik arbeitet wie unsere Diffusoren. Eine perfekte und kosteng\u00fcnstige L\u00f6sung f\u00fcr alle, die unsere Produkte testen m\u00f6chten, bevor sie eine gr\u00f6\u00dfere Menge an Duftstoffen oder einen Spender kaufen. Das Nebula-Format besteht aus Aluminium, ist nachf\u00fcllbar und vor allem umweltfreundlich. Beim Kauf eines 0,250 g Duftes Ihrer Wahl erhalten Sie Nebula kostenlos. Ideal f\u00fcr kleine Mengen. Beim Kauf eines 0,250 g Duftes Ihrer Wahl erhalten Sie Nebula gratis dazu. Ideal f\u00fcr kleine Mengen. <\/em><\/p>\n<h2><strong>Besonders geeignet f\u00fcr: <\/strong><\/h2>\n<ul>\n<li>Schlafzimmer: Wei\u00dfes Moos hat entspannende Eigenschaften, die eine ruhige und angenehme Atmosph\u00e4re zum Schlafen schaffen k\u00f6nnen.<\/li>\n<li>Wohnzimmer: Der Duft von wei\u00dfem Moschus kann dazu beitragen, eine gem\u00fctliche und komfortable Atmosph\u00e4re zu schaffen, in der Sie sich entspannen k\u00f6nnen.<\/li>\n<li>Baden: Parf\u00fcm aus wei\u00dfem Moschus kann dazu beitragen, eine entspannende und friedliche Atmosph\u00e4re f\u00fcr ein wohltuendes Bad zu schaffen.<\/li>\n<li>Studieren: Das Parf\u00fcm aus wei\u00dfem Moschus kann dazu beitragen, eine ruhige und konzentrierte Atmosph\u00e4re zum Arbeiten oder Studieren zu schaffen.<\/li>\n<li>Meditations- oder Yogaraum: Der Duft von wei\u00dfem Moschus kann helfen, eine friedliche und entspannende Atmosph\u00e4re f\u00fcr Meditation oder Yoga zu schaffen.<\/li>\n<li>Spa\/Wellnesszentren: Das Parf\u00fcm aus wei\u00dfem Moschus kann dazu beitragen, eine entspannende und friedliche Atmosph\u00e4re f\u00fcr eine Wellness-Sitzung zu schaffen.<\/li>\n<li>Massageraum: Der Duft von wei\u00dfem Moschus kann dazu beitragen, eine entspannende und friedliche Atmosph\u00e4re f\u00fcr eine Massagesitzung zu schaffen.<\/li>\n<li>Balls\u00e4le: Das Parf\u00fcm aus wei\u00dfem Moschus kann dazu beitragen, eine romantische und sinnliche Atmosph\u00e4re f\u00fcr einen Ballabend zu schaffen.<\/li>\n<\/ul>\n<p><em><strong>Mehr lesen: <a href=\"https:\/\/www.specialscentshop.com\/de\/produkt\/leinen-raumparfuem\/\">Leinen<\/a><\/strong><\/em><\/p>\n","protected":false},"excerpt":{"rendered":"<h2><strong>Olfaktorische Noten: Basisnoten<\/strong><\/h2>\n<p>Der Duft gibt den Duft von White Musk getreu wieder. Die Basisnoten verbreiten zun\u00e4chst eine zarte Frische und enden dann in einem intensiveren Ton, der dem Ambiente einen Hauch von Eleganz verleiht. Es ist also ein Parf\u00fcm, das den Geruchssinn nicht angreift, sondern eine s\u00fc\u00dfe Erinnerung an den Ort hinterl\u00e4sst, an dem es wahrgenommen wird.<\/p>\n<p><strong>Ein besonderer Duft f\u00fcr ein einzigartiges <a href=\"https:\/\/www.specialscentshop.com\/de\/olfaktorisches-marketing\/\">olfaktorisches Marketing<\/a> <\/strong><\/p>\n","protected":false},"featured_media":48919,"template":"","meta":{"_acf_changed":false},"product_brand":[],"product_cat":[812],"product_tag":[864,766,908,767,909,768,910,769,912,913,916],"class_list":{"0":"post-43379","1":"product","2":"type-product","3":"status-publish","4":"has-post-thumbnail","6":"product_cat-raumdufte","7":"product_tag-arztpraxen-kliniken","8":"product_tag-zuhause","9":"product_tag-eigentumswohnungen","10":"product_tag-buro","11":"product_tag-umgebungen-im-freien","12":"product_tag-hotel-bb-de","13":"product_tag-messen-und-veranstaltungen","14":"product_tag-geschafte-einkaufen","15":"product_tag-hochzeiten","16":"product_tag-parfums-fur-messen","17":"product_tag-dufte-fur-arztpraxen-kliniken","19":"first","20":"instock","21":"taxable","22":"shipping-taxable","23":"purchasable","24":"product-type-variable"},"acf":[],"_links":{"self":[{"href":"https:\/\/www.specialscentshop.com\/de\/wp-json\/wp\/v2\/product\/43379","targetHints":{"allow":["GET"]}}],"collection":[{"href":"https:\/\/www.specialscentshop.com\/de\/wp-json\/wp\/v2\/product"}],"about":[{"href":"https:\/\/www.specialscentshop.com\/de\/wp-json\/wp\/v2\/types\/product"}],"wp:featuredmedia":[{"embeddable":true,"href":"https:\/\/www.specialscentshop.com\/de\/wp-json\/wp\/v2\/media\/48919"}],"wp:attachment":[{"href":"https:\/\/www.specialscentshop.com\/de\/wp-json\/wp\/v2\/media?parent=43379"}],"wp:term":[{"taxonomy":"product_brand","embeddable":true,"href":"https:\/\/www.specialscentshop.com\/de\/wp-json\/wp\/v2\/product_brand?post=43379"},{"taxonomy":"product_cat","embeddable":true,"href":"https:\/\/www.specialscentshop.com\/de\/wp-json\/wp\/v2\/product_cat?post=43379"},{"taxonomy":"product_tag","embeddable":true,"href":"https:\/\/www.specialscentshop.com\/de\/wp-json\/wp\/v2\/product_tag?post=43379"}],"curies":[{"name":"wp","href":"https:\/\/api.w.org\/{rel}","templated":true}]}}