{"id":43389,"date":"2020-06-09T15:38:49","date_gmt":"2020-06-09T13:38:49","guid":{"rendered":"https:\/\/www.specialscentshop.com\/product\/leder-und-lederzimmer-parfuem\/"},"modified":"2025-02-28T19:50:31","modified_gmt":"2025-02-28T18:50:31","slug":"leder-und-lederzimmer-parfuem","status":"publish","type":"product","link":"https:\/\/www.specialscentshop.com\/de\/produkt\/leder-und-lederzimmer-parfuem\/","title":{"rendered":"Leder und Lederzimmer Parf\u00fcm"},"content":{"rendered":"<section class=\"av_textblock_section \">\n<div class=\"avia_textblock \">\n<h2><strong>Wirkung in der Umwelt<\/strong><\/h2>\n<p><strong>Raumduft aus leather<\/strong> Essenz, die f\u00fcr alle Gesch\u00e4fte und Umgebungen entwickelt wurde, in denen Sie den Geruch von Leder und Lederwaren verst\u00e4rken m\u00f6chten, wie z.B.: Ausstellungsr\u00e4ume, Schuhboutiquen und Gesch\u00e4fte f\u00fcr Lederbekleidung. Vergessen Sie nicht, dass Geruchsmarketing heute der neue Weg ist, um Kunden zu binden und sie dazu zu bringen, wieder in Ihr Gesch\u00e4ft zu kommen.<\/p>\n<h2><strong>Eigenschaften raumduft aus leather<\/strong><\/h2>\n<p>Wahre Eleganz wohnt im Leder Nicht jeder ist sich bewusst, wie wichtig das olfaktorische Ged\u00e4chtnis f\u00fcr Kunden ist. Specialscent sorgt f\u00fcr eine Ausbeute, die Sie mit anderen Methoden nicht erreichen k\u00f6nnen. Der Geruch von Leder wird in der Regel durch Accessoires oder Kleidung getragen, w\u00e4hrend wir ihn in einem olfaktorischen Schl\u00fcssel anbieten, als einen echten Duft, den man in einem Lokal teilen kann.<br \/>\nEr vermittelt ein faszinierendes Gef\u00fchl von Eleganz, das jeden, der ihn riecht, in Erstaunen versetzt. Nicht jeder entscheidet sich f\u00fcr diese Art von Parf\u00fcm, denn es hat besonders intensive Duftnoten.<\/p>\n<p>Aber selbst die gr\u00f6\u00dften Designer sagen, dass der Geruch von Leder bei M\u00e4nnern ein Synonym f\u00fcr eine starke und selbstbewusste Pers\u00f6nlichkeit ist. Genau das m\u00f6chte Special Scent mit diesem Duft vermitteln. W\u00e4hlen Sie aus der gro\u00dfen Auswahl an Diffusoren denjenigen aus, der am besten zu Ihrer Umgebung passt, und denken Sie daran, dass unsere Mitarbeiter jederzeit f\u00fcr alle Fragen und W\u00fcnsche zur Verf\u00fcgung stehen.<\/p>\n<p><em>Wir haben eine gro\u00dfe Auswahl an Raumdiffusoren, darunter unser brandneues Handspray <a href=\"https:\/\/www.specialscentshop.com\/de\/produkt\/nebula-raumdiffusor-wiederaufladbar\/\">Nebula<\/a>, das mit der gleichen Zerst\u00e4ubungstechnik arbeitet wie unsere Diffusoren. Eine perfekte und kosteng\u00fcnstige L\u00f6sung f\u00fcr alle, die unsere Produkte testen m\u00f6chten, bevor sie eine gr\u00f6\u00dfere Menge an Duftstoffen oder einen Spender kaufen. Das Nebula-Format besteht aus Aluminium, ist nachf\u00fcllbar und vor allem umweltfreundlich. Beim Kauf eines 0,250 g Duftes Ihrer Wahl erhalten Sie Nebula kostenlos. Ideal f\u00fcr kleine Mengen. Beim Kauf eines 0,250 g Duftes Ihrer Wahl erhalten Sie Nebula gratis dazu. Ideal f\u00fcr kleine Mengen. <\/em><\/p>\n<\/div>\n<\/section>\n<h2 class=\"p1\"><b>Raumduft aus leather geeignet f\u00fcr:<\/b><\/h2>\n<ul>\n<li>Sportliche Ereignisse<\/li>\n<li>R\u00fcckzugsorte bei der Arbeit<\/li>\n<li>Wandern und Outdoor-Abenteuer<\/li>\n<li>Motorrad<\/li>\n<li>Bar- oder Kneipenabende<\/li>\n<li>Informelle Partys<\/li>\n<li>Reisen mit dem Wohnmobil<\/li>\n<li>Live-Musik-Veranstaltungen<\/li>\n<li>Verabredungen mit Freunden<\/li>\n<li>Abende in der Stadt<\/li>\n<li class=\"li1\">Restaurants, Clubs, Gesch\u00e4fte und gro\u00dfe Veranstaltungsorte<\/li>\n<\/ul>\n<p><em><strong>Lesen Sie mehr:<a href=\"https:\/\/www.specialscentshop.com\/de\/produkt\/boreko\/\"> Boreko<\/a><\/strong><\/em><\/p>\n","protected":false},"excerpt":{"rendered":"<section class=\"av_textblock_section \">\n<div class=\"avia_textblock \">\n<h2><strong>Olfaktorische Noten: Basisnoten<\/strong><\/h2>\n<p>Die allerersten Parfums aus Leder gehen fast hundert Jahre zur\u00fcck. Sie wurden aus gegerbten Lederabschnitten und Rinden hergestellt. Heute gilt dieses besondere Parf\u00fcm als eines der intensivsten und unverwechselbarsten und ist in Gesch\u00e4ften, die Leder, Leder und Herrenausstattungen anbieten, weit verbreitet. In der Parf\u00fcmerie wird sie in der Regel f\u00fcr Herrend\u00fcfte verwendet, obwohl vor kurzem eine Produktlinie f\u00fcr Frauen geschaffen wurde, die diese Duftnoten verwendet. Die Basisnoten geh\u00f6ren zu den letzten in der Duftpyramide, gerade weil sie viel l\u00e4nger in der Luft bleiben.<a href=\"https:\/\/www.specialscentshop.com\/de\/olfaktorisches-marketing\/\"> Olfaktorisches Marketing<\/a> ist ein ausgezeichneter Verb\u00fcndeter f\u00fcr Ihr Unternehmen<\/p>\n<\/div>\n<\/section>\n","protected":false},"featured_media":49019,"template":"","meta":{"_acf_changed":false},"product_brand":[],"product_cat":[812],"product_tag":[910,913,766,769],"class_list":{"0":"post-43389","1":"product","2":"type-product","3":"status-publish","4":"has-post-thumbnail","6":"product_cat-raumdufte","7":"product_tag-messen-und-veranstaltungen","8":"product_tag-parfums-fur-messen","9":"product_tag-zuhause","10":"product_tag-geschafte-einkaufen","12":"first","13":"instock","14":"taxable","15":"shipping-taxable","16":"purchasable","17":"product-type-variable"},"acf":[],"_links":{"self":[{"href":"https:\/\/www.specialscentshop.com\/de\/wp-json\/wp\/v2\/product\/43389","targetHints":{"allow":["GET"]}}],"collection":[{"href":"https:\/\/www.specialscentshop.com\/de\/wp-json\/wp\/v2\/product"}],"about":[{"href":"https:\/\/www.specialscentshop.com\/de\/wp-json\/wp\/v2\/types\/product"}],"wp:featuredmedia":[{"embeddable":true,"href":"https:\/\/www.specialscentshop.com\/de\/wp-json\/wp\/v2\/media\/49019"}],"wp:attachment":[{"href":"https:\/\/www.specialscentshop.com\/de\/wp-json\/wp\/v2\/media?parent=43389"}],"wp:term":[{"taxonomy":"product_brand","embeddable":true,"href":"https:\/\/www.specialscentshop.com\/de\/wp-json\/wp\/v2\/product_brand?post=43389"},{"taxonomy":"product_cat","embeddable":true,"href":"https:\/\/www.specialscentshop.com\/de\/wp-json\/wp\/v2\/product_cat?post=43389"},{"taxonomy":"product_tag","embeddable":true,"href":"https:\/\/www.specialscentshop.com\/de\/wp-json\/wp\/v2\/product_tag?post=43389"}],"curies":[{"name":"wp","href":"https:\/\/api.w.org\/{rel}","templated":true}]}}