{"id":43408,"date":"2022-06-24T11:35:58","date_gmt":"2022-06-24T09:35:58","guid":{"rendered":"https:\/\/www.specialscentshop.com\/product\/luxus-ambiente-parfuem\/"},"modified":"2025-07-02T15:23:18","modified_gmt":"2025-07-02T13:23:18","slug":"luxus-ambiente-parfuem","status":"publish","type":"product","link":"https:\/\/www.specialscentshop.com\/de\/produkt\/luxus-ambiente-parfuem\/","title":{"rendered":"Luxury Raumduft"},"content":{"rendered":"<h2><strong>Raumwirkung des Luxury Raumduft<\/strong><\/h2>\n<p>Sein Duft verzaubert und die kostbaren Essenzen bringen ihn in besonders luxuri\u00f6se Umgebungen: Galaveranstaltungen, Haute Couture Modeschauen, Luxushotels, Schmuckausstellungen, luxuri\u00f6se Gesch\u00e4fte, Villen, <a href=\"https:\/\/www.mondaniweb.com\/it\/promuovere-eventi\/\" target=\"_blank\" rel=\"noopener\">gesellschaftliche Veranstaltungen<\/a>, Luxushotels, wo der Aufenthalt angenehme und aufregende Empfindungen vermittelt.<\/p>\n<h2><strong>Eigenschaften<\/strong><\/h2>\n<p>Der Duft <strong>Luxury<\/strong> Fragrance ist Teil unseres Duftkatalogs Profumo ambiente Luxury Room Fragrance, der so elegant ist, dass er faszinierende Emotionen hervorruft und einen Hauch von verschleierter Sinnlichkeit erzeugt. Er l\u00f6st eine verst\u00e4rkte olfaktorische Erinnerung aus und die Erinnerung an das Erlebnis wird den Wunsch ausl\u00f6sen, zur\u00fcckzukehren, um die einzigartigen und unvergesslichen Empfindungen erneut zu erleben.<\/p>\n<p><strong><em>Wir haben eine gro\u00dfe Auswahl an Raumdiffusoren, darunter unser brandneues Handspray <a href=\"https:\/\/www.specialscentshop.com\/de\/produkt\/nebula-raumdiffusor-wiederaufladbar\/\">Nebula<\/a>, das mit der gleichen Zerst\u00e4ubungstechnik arbeitet wie unsere Diffusoren. Eine perfekte und kosteng\u00fcnstige L\u00f6sung f\u00fcr alle, die unsere Produkte testen m\u00f6chten, bevor sie eine gr\u00f6\u00dfere Menge an Duftstoffen oder einen Spender kaufen. Das Nebula-Format besteht aus Aluminium, ist nachf\u00fcllbar und vor allem umweltfreundlich. Beim Kauf eines 0,250 g Duftes Ihrer Wahl erhalten Sie Nebula kostenlos. Ideal f\u00fcr kleine Mengen. <\/em><\/strong><\/p>\n<p><em><strong>mehr lesen: <a href=\"https:\/\/www.specialscentshop.com\/de\/produkt\/boreko\/\">Boreko<\/a><\/strong><\/em><\/p>\n","protected":false},"excerpt":{"rendered":"<h3><strong>Luxury Raumduft<\/strong><\/h3>\n<p><strong>Ufi-Code: P300-00EX-G00A-HTTS<\/strong><\/p>\n<h4>Duftnoten: Herznoten &#8211; Basisnoten &#8211; Kopfnoten<\/h4>\n<p>Luxury ist ein Duft mit einer hohen Konzentration an blumigen \u00e4therischen \u00d6len wie Iris und indischem Sandelholz. Kopfnoten: Zitrone, kalabrische Bergamotte, Mandarine, Pfirsich, Aprikose Mittelnoten: Flieder, Geranie, Lavendel, Iris Basisnoten: Sandelholz, Amber, Moschus Ideal f\u00fcr die Raumbeduftung in High-Fashion-L\u00e4den und luxuri\u00f6sen Zeremonien.<\/p>\n","protected":false},"featured_media":48716,"template":"","meta":{"_acf_changed":false},"product_brand":[],"product_cat":[812],"product_tag":[908,910,766,912,768,913,769],"class_list":{"0":"post-43408","1":"product","2":"type-product","3":"status-publish","4":"has-post-thumbnail","6":"product_cat-raumdufte","7":"product_tag-eigentumswohnungen","8":"product_tag-messen-und-veranstaltungen","9":"product_tag-zuhause","10":"product_tag-hochzeiten","11":"product_tag-hotel-bb-de","12":"product_tag-parfums-fur-messen","13":"product_tag-geschafte-einkaufen","15":"first","16":"instock","17":"taxable","18":"shipping-taxable","19":"purchasable","20":"product-type-variable"},"acf":[],"_links":{"self":[{"href":"https:\/\/www.specialscentshop.com\/de\/wp-json\/wp\/v2\/product\/43408","targetHints":{"allow":["GET"]}}],"collection":[{"href":"https:\/\/www.specialscentshop.com\/de\/wp-json\/wp\/v2\/product"}],"about":[{"href":"https:\/\/www.specialscentshop.com\/de\/wp-json\/wp\/v2\/types\/product"}],"wp:featuredmedia":[{"embeddable":true,"href":"https:\/\/www.specialscentshop.com\/de\/wp-json\/wp\/v2\/media\/48716"}],"wp:attachment":[{"href":"https:\/\/www.specialscentshop.com\/de\/wp-json\/wp\/v2\/media?parent=43408"}],"wp:term":[{"taxonomy":"product_brand","embeddable":true,"href":"https:\/\/www.specialscentshop.com\/de\/wp-json\/wp\/v2\/product_brand?post=43408"},{"taxonomy":"product_cat","embeddable":true,"href":"https:\/\/www.specialscentshop.com\/de\/wp-json\/wp\/v2\/product_cat?post=43408"},{"taxonomy":"product_tag","embeddable":true,"href":"https:\/\/www.specialscentshop.com\/de\/wp-json\/wp\/v2\/product_tag?post=43408"}],"curies":[{"name":"wp","href":"https:\/\/api.w.org\/{rel}","templated":true}]}}