{"id":43427,"date":"2020-02-14T14:07:02","date_gmt":"2020-02-14T13:07:02","guid":{"rendered":"https:\/\/www.specialscentshop.com\/product\/leinen-raumparfuem\/"},"modified":"2025-07-02T16:40:08","modified_gmt":"2025-07-02T14:40:08","slug":"leinen-raumparfuem","status":"publish","type":"product","link":"https:\/\/www.specialscentshop.com\/de\/produkt\/leinen-raumparfuem\/","title":{"rendered":"Leinen Raumparf\u00fcm"},"content":{"rendered":"<h2><strong>Leinen Raumparf\u00fcm<\/strong><\/h2>\n<p>Wir empfehlen diesen Duft in Bekleidungs- und Haushaltsw\u00e4schegesch\u00e4ften, wo das Frischegef\u00fchl Ihre Besucher und Kunden umh\u00fcllt und sie sich wohlf\u00fchlen l\u00e4sst. Der W\u00e4scheduft eignet sich auch f\u00fcr Umgebungen, in denen der Empfang und der Aufenthalt eine positive Erfahrung sein sollen. Vergessen Sie nicht: Wo man gute Luft atmet, kommt man gerne wieder. Ein Erlebnis, das im olfaktorischen Ged\u00e4chtnis bleibt, erzeugt einen Abdruck, die Signatur Ihrer Marke.<br \/>\nWir wissen schon seit langem, wie wichtig Duftmarketing ist, und der Beweis daf\u00fcr ist die kontinuierliche Nachfrage, die wir erhalten. Unter den vielen L\u00f6sungen finden Sie auch den brandneuen Nebula. Ein revolution\u00e4rer Raumdiffusor, der f\u00fcr jedermann zug\u00e4nglich, mit verschiedenen D\u00fcften nachf\u00fcllbar und umweltfreundlich ist. Eine kosteng\u00fcnstige L\u00f6sung auch f\u00fcr diejenigen, die unsere Produkte erst einmal testen m\u00f6chten, bevor sie eine gr\u00f6\u00dfere Menge kaufen.<\/p>\n<h2><strong>Eigenschaften Leinen Raumparf\u00fcm<\/strong><\/h2>\n<p>Frische, Sauberkeit, Erinnerungen an in der Sonne aufgeh\u00e4ngte W\u00e4sche.<\/p>\n<p>Wenn wir davon sprechen, die Luft mit dem Duft von Leinen zu parf\u00fcmieren, bedarf es keines weiteren Adjektivs. Dank st\u00e4ndiger Forschung ist es Special Scent im Laufe der Jahre gelungen, das Geruchserlebnis zu verbessern und einzigartig zu machen, so dass es sowohl in kleinen, h\u00e4uslichen Umgebungen als auch in mittleren und gro\u00dfen wie Gesch\u00e4ften, B\u00fcros, Kaufh\u00e4usern und nicht zuletzt in der Industrie eine Art Sucht und Harmonie erzeugt. Sie k\u00f6nnen von den Eigenschaften dieses Duftes profitieren, indem Sie einen unserer Diffusoren kaufen, finden Sie die L\u00f6sung, die am besten zu Ihnen passt! Und vergessen Sie nicht, dass unsere Mitarbeiter Ihnen jederzeit f\u00fcr Fragen und W\u00fcnsche zur Verf\u00fcgung stehen.<\/p>\n<p><em>Wir haben eine gro\u00dfe Auswahl an Raumdiffusoren, darunter unser brandneues Handspray <a href=\"https:\/\/www.specialscentshop.com\/de\/produkt\/nebula-raumdiffusor-wiederaufladbar\/\">Nebula<\/a>, das mit der gleichen Zerst\u00e4ubungstechnik arbeitet wie unsere Diffusoren. Eine perfekte und kosteng\u00fcnstige L\u00f6sung f\u00fcr alle, die unsere Produkte testen m\u00f6chten, bevor sie eine gr\u00f6\u00dfere Menge an Duftstoffen oder einen Spender kaufen. Das Nebula-Format besteht aus Aluminium, ist nachf\u00fcllbar und vor allem umweltfreundlich. Beim Kauf eines 0,250 g Duftes Ihrer Wahl erhalten Sie Nebula kostenlos. Ideal f\u00fcr kleine Mengen. <\/em><\/p>\n<h2 class=\"p1\"><b>Besonders geeignet f\u00fcr:<\/b><\/h2>\n<ul>\n<li>Schlafzimmer und B\u00e4der.<\/li>\n<li>Wohn- und Esszimmer.<\/li>\n<li>Arztpraxen und Praxen.<\/li>\n<li>Studien und B\u00fcros.<\/li>\n<li>S\u00e4le f\u00fcr Veranstaltungen und Hochzeiten.<\/li>\n<li>Stoff- und M\u00f6belgesch\u00e4fte.<\/li>\n<li>W\u00e4schegesch\u00e4fte<\/li>\n<li>Konferenz- und Tagungsr\u00e4ume f\u00fcr Unternehmen.<\/li>\n<li>Restaurants, Clubs, Gesch\u00e4fte.<\/li>\n<\/ul>\n<p><em><strong>mehr lesen: <a href=\"https:\/\/www.specialscentshop.com\/de\/produkt\/jasmin-hausparfuem\/\">Jasmin Raumparf\u00fcm<\/a><\/strong><\/em><\/p>\n","protected":false},"excerpt":{"rendered":"<section class=\"av_textblock_section \">\n<div class=\"avia_textblock \">\n<h2><strong>Olfaktorische Noten: Herznoten<\/strong><\/h2>\n<p>Das Gef\u00fchl, das dieser Duft vermittelt, ist das einer gro\u00dfen Blumenwiese und gleichzeitig berauscht von dem Duft von Leinen, das in der Sonne liegt und vom Wind umspielt wird. Ein Gef\u00fchl der Frische, das alles in eine sanfte Umarmung h\u00fcllt.<br \/>\nEin einfacher und raffinierter Duft, der Ruhe und Gelassenheit schenkt. Erh\u00e4ltlich als<strong>\u00d6L und<a href=\"https:\/\/www.specialscentshop.com\/de\/produkt-kategorie\/dufte-und-gel-dufte\/\"> GEL<\/a><\/strong><\/p>\n<p><strong>UFI-Code: P300-00EX-G00A-HTTS<\/strong><\/p>\n<\/div>\n<\/section>\n","protected":false},"featured_media":48691,"template":"","meta":{"_acf_changed":false},"product_brand":[],"product_cat":[812,919],"product_tag":[864,766,912,767,913,768,916,769],"class_list":{"0":"post-43427","1":"product","2":"type-product","3":"status-publish","4":"has-post-thumbnail","6":"product_cat-raumdufte","7":"product_cat-dufte-und-gel-dufte","8":"product_tag-arztpraxen-kliniken","9":"product_tag-zuhause","10":"product_tag-hochzeiten","11":"product_tag-buro","12":"product_tag-parfums-fur-messen","13":"product_tag-hotel-bb-de","14":"product_tag-dufte-fur-arztpraxen-kliniken","15":"product_tag-geschafte-einkaufen","17":"first","18":"instock","19":"taxable","20":"shipping-taxable","21":"purchasable","22":"product-type-variable"},"acf":[],"_links":{"self":[{"href":"https:\/\/www.specialscentshop.com\/de\/wp-json\/wp\/v2\/product\/43427","targetHints":{"allow":["GET"]}}],"collection":[{"href":"https:\/\/www.specialscentshop.com\/de\/wp-json\/wp\/v2\/product"}],"about":[{"href":"https:\/\/www.specialscentshop.com\/de\/wp-json\/wp\/v2\/types\/product"}],"wp:featuredmedia":[{"embeddable":true,"href":"https:\/\/www.specialscentshop.com\/de\/wp-json\/wp\/v2\/media\/48691"}],"wp:attachment":[{"href":"https:\/\/www.specialscentshop.com\/de\/wp-json\/wp\/v2\/media?parent=43427"}],"wp:term":[{"taxonomy":"product_brand","embeddable":true,"href":"https:\/\/www.specialscentshop.com\/de\/wp-json\/wp\/v2\/product_brand?post=43427"},{"taxonomy":"product_cat","embeddable":true,"href":"https:\/\/www.specialscentshop.com\/de\/wp-json\/wp\/v2\/product_cat?post=43427"},{"taxonomy":"product_tag","embeddable":true,"href":"https:\/\/www.specialscentshop.com\/de\/wp-json\/wp\/v2\/product_tag?post=43427"}],"curies":[{"name":"wp","href":"https:\/\/api.w.org\/{rel}","templated":true}]}}