{"id":43451,"date":"2020-06-09T15:26:32","date_gmt":"2020-06-09T13:26:32","guid":{"rendered":"https:\/\/www.specialscentshop.com\/product\/raumduft-waldbeeren\/"},"modified":"2025-07-26T20:38:04","modified_gmt":"2025-07-26T18:38:04","slug":"raumduft-waldbeeren","status":"publish","type":"product","link":"https:\/\/www.specialscentshop.com\/de\/produkt\/raumduft-waldbeeren\/","title":{"rendered":"Waldbeeren"},"content":{"rendered":"<h2><strong>Wirkung in der Umwelt<\/strong><\/h2>\n<p><strong>Raumduft Waldbeeren<\/strong>\u00a0tr\u00e4gt die Seele des Unterholzes und seiner Fr\u00fcchte in sich. Seine wohltuende Wirkung wird von den ersten Noten an sp\u00fcrbar sein und verbreitet sofort angenehme Empfindungen, die nur der Kontakt mit der Natur hervorrufen kann.<br \/>\nIn einem Gesch\u00e4ft oder einem gro\u00dfen Raum verbreitet, wird es bei Ihren Kunden und Mitarbeitern ein sofortiges und angenehmes Wohlbefinden hervorrufen. Wir empfehlen dieses Parf\u00fcm in Damenbekleidungsgesch\u00e4ften, Eisdielen, Bars, Spas und Hotels. Machen Sie den Unterschied in Ihrer Branche und werten Sie Ihren Standort auf! Lassen Sie die Natur in Ihr Zuhause, dank unserer Duftdiffusoren war das noch nie so einfach.<\/p>\n<h2><strong>Eigenschaften<\/strong><\/h2>\n<p>Ein Unterholz zum Greifen nah Nicht alle D\u00fcfte sind aus einer so vielf\u00e4ltigen und einzigartigen Mischung zusammengesetzt.<br \/>\nWenn Sie die Natur lieben, k\u00f6nnen Sie nicht anders, als diesen Duft zu probieren. Tauchen Sie ein in die Natur und fangen Sie ihre Sch\u00f6nheit ein. Das Geschenk dieses Dufterlebnisses. Die D\u00fcfte der Erde, die Sie mit geschlossenen Augen genie\u00dfen k\u00f6nnen.<\/p>\n<p><em>Wir haben eine gro\u00dfe Auswahl an Raumdiffusoren, darunter unser brandneues Handspray <a href=\"https:\/\/www.specialscentshop.com\/de\/produkt\/nebula-raumdiffusor-wiederaufladbar\/\">Nebula<\/a>, das mit der gleichen Zerst\u00e4ubungstechnik arbeitet wie unsere Diffusoren. Eine perfekte und kosteng\u00fcnstige L\u00f6sung f\u00fcr alle, die unsere Produkte testen m\u00f6chten, bevor sie eine gr\u00f6\u00dfere Menge an Duftstoffen oder einen Spender kaufen. Das Nebula-Format besteht aus Aluminium, ist nachf\u00fcllbar und vor allem umweltfreundlich. Beim Kauf eines 0,250 g Duftes Ihrer Wahl erhalten Sie Nebula kostenlos. Ideal f\u00fcr kleine Mengen. <\/em><\/p>\n<h2 class=\"p1\"><b>Besonders geeignet f\u00fcr:<\/b><\/h2>\n<p>Hier ist eine Liste von Umgebungen, in denen der Duft von Waldbeeren gut passen k\u00f6nnte:<\/p>\n<ul>\n<li>Wohnzimmer: um eine gem\u00fctliche und entspannende Atmosph\u00e4re zu schaffen.<\/li>\n<li>Schlafzimmer: f\u00fcr einen zarten, frischen Duft, der Sie besser schlafen l\u00e4sst.<\/li>\n<li>Baden: um eine Atmosph\u00e4re des Wohlbefindens und der Entspannung beim Baden oder Duschen zu schaffen.<\/li>\n<li>K\u00fcche: um bei der Zubereitung von Mahlzeiten eine frische und einladende Atmosph\u00e4re zu schaffen.<\/li>\n<li>B\u00fcro: um eine frische und anregende Atmosph\u00e4re bei der Arbeit zu schaffen.<\/li>\n<li>Garten oder Terrasse: um eine k\u00fchle, entspannende Atmosph\u00e4re im Freien zu schaffen.<\/li>\n<li>Spa oder Wellness-Center: um eine Atmosph\u00e4re des Wohlbefindens und der Entspannung w\u00e4hrend der Behandlungen zu schaffen.<\/li>\n<\/ul>\n<p><em><strong>mehr lesen: <a href=\"https:\/\/www.specialscentshop.com\/de\/produkt\/zagara\/\">Zagara<\/a><\/strong><\/em><\/p>\n","protected":false},"excerpt":{"rendered":"<section class=\"av_textblock_section \">\n<div class=\"avia_textblock \">\n<h2><strong>Olfaktorische Noten: Herznoten<\/strong><\/h2>\n<p>Der <strong>Duft Fruits<\/strong> of the Forest pr\u00e4sentiert fruchtige Duftnoten dank seiner zahlreichen Fruchtmischungen. Dazu geh\u00f6ren:<br \/>\nHimbeeren, Preiselbeeren, Blaubeeren, Brombeeren, Himbeeren, Johannisbeeren und Walderdbeeren. Zusammen stellen diese Elemente den klassischen Duft mit zarten fruchtigen Herznoten dar. Ein Duft, der die weibliche Welt in all ihren Nuancen repr\u00e4sentiert.<\/p>\n<\/div>\n<\/section>\n","protected":false},"featured_media":48994,"template":"","meta":{"_acf_changed":false},"product_brand":[],"product_cat":[812],"product_tag":[766,908,767,909,768,910,769,912,770,913],"class_list":{"0":"post-43451","1":"product","2":"type-product","3":"status-publish","4":"has-post-thumbnail","6":"product_cat-raumdufte","7":"product_tag-zuhause","8":"product_tag-eigentumswohnungen","9":"product_tag-buro","10":"product_tag-umgebungen-im-freien","11":"product_tag-hotel-bb-de","12":"product_tag-messen-und-veranstaltungen","13":"product_tag-geschafte-einkaufen","14":"product_tag-hochzeiten","15":"product_tag-restaurants-bars-de","16":"product_tag-parfums-fur-messen","18":"first","19":"instock","20":"taxable","21":"shipping-taxable","22":"purchasable","23":"product-type-variable"},"acf":[],"_links":{"self":[{"href":"https:\/\/www.specialscentshop.com\/de\/wp-json\/wp\/v2\/product\/43451","targetHints":{"allow":["GET"]}}],"collection":[{"href":"https:\/\/www.specialscentshop.com\/de\/wp-json\/wp\/v2\/product"}],"about":[{"href":"https:\/\/www.specialscentshop.com\/de\/wp-json\/wp\/v2\/types\/product"}],"wp:featuredmedia":[{"embeddable":true,"href":"https:\/\/www.specialscentshop.com\/de\/wp-json\/wp\/v2\/media\/48994"}],"wp:attachment":[{"href":"https:\/\/www.specialscentshop.com\/de\/wp-json\/wp\/v2\/media?parent=43451"}],"wp:term":[{"taxonomy":"product_brand","embeddable":true,"href":"https:\/\/www.specialscentshop.com\/de\/wp-json\/wp\/v2\/product_brand?post=43451"},{"taxonomy":"product_cat","embeddable":true,"href":"https:\/\/www.specialscentshop.com\/de\/wp-json\/wp\/v2\/product_cat?post=43451"},{"taxonomy":"product_tag","embeddable":true,"href":"https:\/\/www.specialscentshop.com\/de\/wp-json\/wp\/v2\/product_tag?post=43451"}],"curies":[{"name":"wp","href":"https:\/\/api.w.org\/{rel}","templated":true}]}}