{"id":43459,"date":"2020-06-09T15:14:54","date_gmt":"2020-06-09T13:14:54","guid":{"rendered":"https:\/\/www.specialscentshop.com\/product\/meeresblume-raumparfuem\/"},"modified":"2025-07-26T21:01:24","modified_gmt":"2025-07-26T19:01:24","slug":"meeresblume-raumparfuem","status":"publish","type":"product","link":"https:\/\/www.specialscentshop.com\/de\/produkt\/meeresblume-raumparfuem\/","title":{"rendered":"Meeresblume Raumparf\u00fcm"},"content":{"rendered":"<h2><strong>Wirkung in der Umwelt<\/strong><\/h2>\n<p>Special scent k\u00fcmmert sich um seine Kunden und geht auf ihre Bed\u00fcrfnisse ein. Deshalb hat es einen Duft entwickelt, der einen zarten und einladenden Duft in <a href=\"https:\/\/www.specialscentshop.com\/de\/raumparfuem\/\">R\u00e4umen<\/a> verbreitet. Wir empfehlen die \u00fcppigen und eleganten <a href=\"https:\/\/it.wikipedia.org\/wiki\/Note_olfattive\" target=\"_blank\" rel=\"noopener\">Noten<\/a> dieses Duftes f\u00fcr Bekleidungsgesch\u00e4fte, Modeschauen, Veranstaltungen, Hochzeiten, in Messest\u00e4nden und Hallen, aber auch in minimalistischen Wohnungen, in denen Momente der Ruhe und Gelassenheit Priorit\u00e4t haben. Lassen Sie sich von dem Duft <strong>Seaside flowers<\/strong> in die hellen, ruhigen Gew\u00e4sser von Lagunen entf\u00fchren, wo nur Stille und Frieden herrschen.<\/p>\n<h2><strong>Eigenschaften <\/strong><\/h2>\n<p>Eine Hommage an das Meer und seine warmen Reflexe. Ein <strong>Duft<\/strong>, der die ganze Unermesslichkeit der K\u00fcste, ihre schillernden Farben und exotischen D\u00fcfte in sich birgt.<br \/>\nSchaffen Sie eine Erinnerung im olfaktorischen Ged\u00e4chtnis Ihrer G\u00e4ste. Die vielf\u00e4ltigen Farben der hawaiianischen Rose machen diesen Duft einzigartig und wir sind stolz darauf, dieser herrlichen Blume einen unserer beliebtesten D\u00fcfte gewidmet zu haben.<\/p>\n<p><em>Wir haben eine gro\u00dfe Auswahl an Raumdiffusoren, darunter unser neuestes Handspray Nebula, das mit der gleichen Zerst\u00e4ubungstechnik wie unsere Diffusoren arbeitet. Eine perfekte und kosteng\u00fcnstige L\u00f6sung f\u00fcr alle, die unsere Produkte testen m\u00f6chten, bevor sie eine gr\u00f6\u00dfere Menge an Duftstoffen oder einen Spender kaufen. Der <a href=\"https:\/\/www.specialscentshop.com\/de\/produkt\/nebula-raumdiffusor-wiederaufladbar\/\"><strong>Nebula ist aus Aluminium gefertigt<\/strong><\/a>ist nachf\u00fcllbar und vor allem umweltfreundlich. Beim Kauf eines 0,250 g Duftes Ihrer Wahl erhalten Sie Nebula kostenlos. Ideal f\u00fcr kleine Mengen. <\/em><\/p>\n<h2 class=\"p1\"><b>Meeresblumenduft und besonders geeignet f\u00fcr:<\/b><\/h2>\n<p>Hier ist eine Liste von Umgebungen, f\u00fcr die der Duft von Meeresblumen gut geeignet ist:<\/p>\n<ul>\n<li>Badezimmer<\/li>\n<li>Schlafzimmer<\/li>\n<li>Wohnzimmer<\/li>\n<li>B\u00fcro<\/li>\n<li>Spa<\/li>\n<li>Yoga- oder Meditationsr\u00e4ume<\/li>\n<li>R\u00e4ume f\u00fcr Sch\u00f6nheitsbehandlungen<\/li>\n<li>Massager\u00e4ume<\/li>\n<li>Schwimmb\u00e4der oder Saunas<\/li>\n<li>S\u00e4le f\u00fcr Veranstaltungen im maritimen Stil oder mit einem maritimen Thema<\/li>\n<li class=\"li1\">Restaurants, Clubs, Gesch\u00e4fte und gro\u00dfe Veranstaltungsorte<\/li>\n<\/ul>\n<p><em><strong>Mehr lesen: <a href=\"https:\/\/www.specialscentshop.com\/de\/produkt\/weisser-moschus-raumduft\/\">Wei\u00dfer Moschus Raumduft<\/a><\/strong><\/em><\/p>\n","protected":false},"excerpt":{"rendered":"<section class=\"av_textblock_section \">\n<div class=\"avia_textblock \">\n<h2><strong>Meeresblume Raumduft<\/strong><\/h2>\n<h3><strong>Femininer Raumduft<\/strong><\/h3>\n<p>Die Duftnoten des Parfums Hawaiian Rose zeichnen sich durch die Leichtigkeit und Zartheit aus, mit der sie sich in der Luft verbreiten. Wir befinden uns an der Spitze der Duftpyramide, was bedeutet, dass die Kopfnoten, also die, die wir wahrnehmen, zart und elegant sind.<\/p>\n<\/div>\n<\/section>\n","protected":false},"featured_media":48641,"template":"","meta":{"_acf_changed":false},"product_brand":[],"product_cat":[812],"product_tag":[862,766,864,767,908,768,909,769,910,912,913,916],"class_list":{"0":"post-43459","1":"product","2":"type-product","3":"status-publish","4":"has-post-thumbnail","6":"product_cat-raumdufte","7":"product_tag-spielzimmer","8":"product_tag-zuhause","9":"product_tag-arztpraxen-kliniken","10":"product_tag-buro","11":"product_tag-eigentumswohnungen","12":"product_tag-hotel-bb-de","13":"product_tag-umgebungen-im-freien","14":"product_tag-geschafte-einkaufen","15":"product_tag-messen-und-veranstaltungen","16":"product_tag-hochzeiten","17":"product_tag-parfums-fur-messen","18":"product_tag-dufte-fur-arztpraxen-kliniken","20":"first","21":"instock","22":"taxable","23":"shipping-taxable","24":"purchasable","25":"product-type-variable"},"acf":[],"_links":{"self":[{"href":"https:\/\/www.specialscentshop.com\/de\/wp-json\/wp\/v2\/product\/43459","targetHints":{"allow":["GET"]}}],"collection":[{"href":"https:\/\/www.specialscentshop.com\/de\/wp-json\/wp\/v2\/product"}],"about":[{"href":"https:\/\/www.specialscentshop.com\/de\/wp-json\/wp\/v2\/types\/product"}],"wp:featuredmedia":[{"embeddable":true,"href":"https:\/\/www.specialscentshop.com\/de\/wp-json\/wp\/v2\/media\/48641"}],"wp:attachment":[{"href":"https:\/\/www.specialscentshop.com\/de\/wp-json\/wp\/v2\/media?parent=43459"}],"wp:term":[{"taxonomy":"product_brand","embeddable":true,"href":"https:\/\/www.specialscentshop.com\/de\/wp-json\/wp\/v2\/product_brand?post=43459"},{"taxonomy":"product_cat","embeddable":true,"href":"https:\/\/www.specialscentshop.com\/de\/wp-json\/wp\/v2\/product_cat?post=43459"},{"taxonomy":"product_tag","embeddable":true,"href":"https:\/\/www.specialscentshop.com\/de\/wp-json\/wp\/v2\/product_tag?post=43459"}],"curies":[{"name":"wp","href":"https:\/\/api.w.org\/{rel}","templated":true}]}}