{"id":43488,"date":"2020-06-11T14:07:31","date_gmt":"2020-06-11T12:07:31","guid":{"rendered":"https:\/\/www.specialscentshop.com\/product\/herb-cut-raumparfuem\/"},"modified":"2025-07-26T21:28:43","modified_gmt":"2025-07-26T19:28:43","slug":"herb-cut-raumparfuem","status":"publish","type":"product","link":"https:\/\/www.specialscentshop.com\/de\/produkt\/herb-cut-raumparfuem\/","title":{"rendered":"Herb Cut Raumparf\u00fcm"},"content":{"rendered":"<h2><strong>Wirkung in der Umwelt<\/strong><\/h2>\n<p><strong>Raumduft Cut Grass<\/strong> Duft eignet sich f\u00fcr alle Umgebungen, die Entspannung und Ruhe brauchen, wie Hotels, Wellness-Zentren, Warter\u00e4ume, Spas.<br \/>\nEinrichtungen in den Bergen bevorzugen diese Art von Duft, um ihre Kunden vollst\u00e4ndig in die Natur eintauchen zu lassen. Bei B\u00e4dern, Wellness-Behandlungen, Massagen, Aromatherapie oder einfach zum Entspannen, w\u00e4hrend Sie ein Buch lesen, begleitet der Raumduft mit geschnittenem Gras sanft die l\u00e4ndliche Atmosph\u00e4re<\/p>\n<h2><strong>Eigenschaften<\/strong><\/h2>\n<p>Der Nutzen f\u00fcr uns: Eine Gruppe australischer Forscher analysiert seit einiger Zeit das Verhalten von Tausenden von Honigbienen. Indem sie diese Insekten beobachteten und mit ihnen interagierten, stellten sie fest, dass ihr Verhalten w\u00e4hrend der Zeit des Rasenm\u00e4hens viel ruhiger war.<\/p>\n<p>Die Untersuchung dieser Effekte zeigte, wie der <strong>Raumduft Cut Grass<\/strong>\u00a0 Endorphine freisetzt, die den Menschen entspannen und fr\u00f6hlicher machen. Schaffen Sie eine Erinnerung im olfaktorischen Ged\u00e4chtnis Ihrer G\u00e4ste Wecken Sie den Wunsch, zur Einfachheit der Natur zur\u00fcckzukehren Schaffen Sie ein neues olfaktorisches Erlebnis f\u00fcr alle<\/p>\n<p><em>Wir haben eine gro\u00dfe Auswahl an Raumdiffusoren, darunter unser brandneues Handspray <a href=\"https:\/\/www.specialscentshop.com\/de\/produkt\/nebula-raumdiffusor-wiederaufladbar\/\">Nebula<\/a>, das mit der gleichen Zerst\u00e4ubungstechnik arbeitet wie unsere Diffusoren. Eine perfekte und kosteng\u00fcnstige L\u00f6sung f\u00fcr alle, die unsere Produkte testen m\u00f6chten, bevor sie eine gr\u00f6\u00dfere Menge an Duftstoffen oder einen Spender kaufen. Das Nebula-Format besteht aus Aluminium, ist nachf\u00fcllbar und vor allem umweltfreundlich. Beim Kauf eines 0,250 g Duftes Ihrer Wahl erhalten Sie Nebula kostenlos. Ideal f\u00fcr kleine Mengen. <\/em><\/p>\n<h2 class=\"p1\"><b>Besonders geeignet f\u00fcr:<\/b><\/h2>\n<ul>\n<li>G\u00e4rten oder Parks<\/li>\n<li>Gartenzimmer oder Au\u00dfenterrassen<\/li>\n<li>B\u00fcros oder Besprechungsr\u00e4ume mit einer k\u00fchlen, entspannenden Atmosph\u00e4re<\/li>\n<li>Entspannungs- oder Leser\u00e4ume<\/li>\n<li>Yoga- oder Meditationsraum<\/li>\n<li>In Veranstaltungs- oder Empfangss\u00e4len kann der frische und entspannende Duft von gem\u00e4htem Gras dazu beitragen, eine entspannte und gem\u00fctliche Atmosph\u00e4re zu schaffen.<\/li>\n<li>Umgebungen im Freien, in denen Sie das Gef\u00fchl von Frische und Ruhe der Natur hervorrufen m\u00f6chten<\/li>\n<li>Schlafzimmer, um eine k\u00fchle, entspannende Atmosph\u00e4re zu schaffen<\/li>\n<\/ul>\n<p>Beachten Sie, dass dies nur Vorschl\u00e4ge sind und die Eignung des Parfums stark von Ihren pers\u00f6nlichen Vorlieben abh\u00e4ngt.<\/p>\n<p><em><strong>Mehr lesen: \u00a0<a href=\"https:\/\/www.specialscentshop.com\/de\/produkt\/pino-silvestre-raumduft\/\">Raumduft Kiefer<\/a><\/strong><\/em><\/p>\n","protected":false},"excerpt":{"rendered":"<section class=\"av_textblock_section \">\n<div class=\"avia_textblock \">\n<h2><strong>Olfaktorische Noten : Herznoten<\/strong><\/h2>\n<p>Seine Herznoten machen es zu einem ausgewogenen Parf\u00fcm. Es erinnert an den herrlichen Duft von Gras auf einer Wiese im Fr\u00fchling. Man muss kein Kind mehr sein, um sich an den Duft von Gras mit seinem unverwechselbaren, charakteristischen Geruch zu erinnern. Ob zum Spa\u00df oder zum Vergn\u00fcgen, jeder sch\u00e4tzt immer noch seinen stechenden Duft. Special Scent hat die Magie der Vergangenheit genutzt, die in Kombination mit der Gegenwart diesen einzigartigen Duft hervorgebracht hat. Ein Schl\u00fcssel, um Erinnerungen wachzurufen und in uns den Wunsch zu wecken, uns wieder mit der Natur zu verbinden, die wir im Chaos der Stadt oft vergessen und verloren haben.<\/p>\n<\/div>\n<\/section>\n","protected":false},"featured_media":48768,"template":"","meta":{"_acf_changed":false},"product_brand":[],"product_cat":[812],"product_tag":[908,909,910,768,912,769,913],"class_list":{"0":"post-43488","1":"product","2":"type-product","3":"status-publish","4":"has-post-thumbnail","6":"product_cat-raumdufte","7":"product_tag-eigentumswohnungen","8":"product_tag-umgebungen-im-freien","9":"product_tag-messen-und-veranstaltungen","10":"product_tag-hotel-bb-de","11":"product_tag-hochzeiten","12":"product_tag-geschafte-einkaufen","13":"product_tag-parfums-fur-messen","15":"first","16":"instock","17":"taxable","18":"shipping-taxable","19":"purchasable","20":"product-type-variable"},"acf":[],"_links":{"self":[{"href":"https:\/\/www.specialscentshop.com\/de\/wp-json\/wp\/v2\/product\/43488","targetHints":{"allow":["GET"]}}],"collection":[{"href":"https:\/\/www.specialscentshop.com\/de\/wp-json\/wp\/v2\/product"}],"about":[{"href":"https:\/\/www.specialscentshop.com\/de\/wp-json\/wp\/v2\/types\/product"}],"wp:featuredmedia":[{"embeddable":true,"href":"https:\/\/www.specialscentshop.com\/de\/wp-json\/wp\/v2\/media\/48768"}],"wp:attachment":[{"href":"https:\/\/www.specialscentshop.com\/de\/wp-json\/wp\/v2\/media?parent=43488"}],"wp:term":[{"taxonomy":"product_brand","embeddable":true,"href":"https:\/\/www.specialscentshop.com\/de\/wp-json\/wp\/v2\/product_brand?post=43488"},{"taxonomy":"product_cat","embeddable":true,"href":"https:\/\/www.specialscentshop.com\/de\/wp-json\/wp\/v2\/product_cat?post=43488"},{"taxonomy":"product_tag","embeddable":true,"href":"https:\/\/www.specialscentshop.com\/de\/wp-json\/wp\/v2\/product_tag?post=43488"}],"curies":[{"name":"wp","href":"https:\/\/api.w.org\/{rel}","templated":true}]}}