{"id":43540,"date":"2020-06-11T15:27:00","date_gmt":"2020-06-11T13:27:00","guid":{"rendered":"https:\/\/www.specialscentshop.com\/product\/cannabis-ambiance-parfuem\/"},"modified":"2025-07-01T09:50:16","modified_gmt":"2025-07-01T07:50:16","slug":"cannabis-ambiance-parfuem","status":"publish","type":"product","link":"https:\/\/www.specialscentshop.com\/de\/produkt\/cannabis-ambiance-parfuem\/","title":{"rendered":"Cannabis Raumduft"},"content":{"rendered":"<h2><strong>Auswirkungen auf die Umwelt<\/strong><\/h2>\n<p><strong>Cannabis-Raumduft<\/strong> In jeder Arbeitsumgebung, die etwas auf sich h\u00e4lt, ist Ruhe genauso wichtig wie die Luft, die Sie atmen, und das Einatmen eines Duftes, der den Geist erfrischt, tr\u00e4gt sicherlich zur Konzentration bei. Dieser Duft kann Kunden entspannen, aber er wirkt sich auch auf die Produktivit\u00e4t der Mitarbeiter aus.<\/p>\n<h2><strong>Eigenschaften <\/strong><\/h2>\n<p>Unser Unternehmen folgt den sich entwickelnden Trends auf dem Markt und den Bed\u00fcrfnissen seiner Kunden. Diese Art von Duft sollte nicht als Modeerscheinung betrachtet werden, sondern als eine echte Revolution, die auf das psychophysische Wohlbefinden abzielt.<br \/>\nIn einer gem\u00fctlichen Umgebung kann niemals Chaos herrschen. Die perfekte L\u00f6sung in einer chaotischen Arbeitsumgebung.<\/p>\n<p>Es gibt viele Vorteile, die der <a href=\"https:\/\/www.canapando.net\/cbd-e-benessere\/\" target=\"_blank\" rel=\"noopener\">Cannabis-Duft<\/a> bieten kann: Ein neues Geruchserlebnis Eine entspanntere Umgebung Kunden werden sich willkommen f\u00fchlen<\/p>\n<p><em>Wir haben eine gro\u00dfe Auswahl an Raumdiffusoren, darunter unser brandneues Handspray <a href=\"https:\/\/www.specialscentshop.com\/de\/produkt\/nebula-raumdiffusor-wiederaufladbar\/\"><strong>Cannabis <\/strong><\/a><\/em><em><strong>Nebula<\/strong>, das mit der gleichen Zerst\u00e4ubungstechnik wie unsere Diffusoren arbeitet. Eine perfekte und kosteng\u00fcnstige L\u00f6sung f\u00fcr alle, die unsere Produkte testen m\u00f6chten, bevor sie eine gr\u00f6\u00dfere Menge an Duftstoffen oder einen Spender kaufen. Das Nebula-Format besteht aus Aluminium, ist nachf\u00fcllbar und vor allem umweltfreundlich. Beim Kauf eines 0,250 g Duftes Ihrer Wahl erhalten Sie Nebula kostenlos. Ideal f\u00fcr kleine Mengen. <\/em><\/p>\n<h2><strong>Besonders geeignet f\u00fcr:<\/strong><\/h2>\n<ul>\n<li>Schlafzimmer, die eine entspannende und friedliche Atmosph\u00e4re schaffen<\/li>\n<li>Entspannungs- oder Leser\u00e4ume, um eine entspannte und komfortable Atmosph\u00e4re zu schaffen<\/li>\n<li>Gartenzimmer oder Au\u00dfenterrassen, um eine k\u00fchle, entspannende Atmosph\u00e4re zu schaffen<\/li>\n<li>Wohnr\u00e4ume f\u00fcr eine komfortable und gem\u00fctliche Atmosph\u00e4re<\/li>\n<li>B\u00fcros oder Konferenzr\u00e4ume f\u00fcr eine entspannte und produktive Atmosph\u00e4re<\/li>\n<li>Gesch\u00e4fte oder R\u00e4umlichkeiten<\/li>\n<\/ul>\n<p><em><strong>Weiterlesen: <\/strong><a href=\"https:\/\/www.specialscentshop.com\/de\/produkt\/marihuana-umwelt-parfuem\/\">Marijuana<\/a><\/em><\/p>\n","protected":false},"excerpt":{"rendered":"<section class=\"av_textblock_section \">\n<div class=\"avia_textblock \">\n<h2><strong>Duftnoten des Parfums Cannabis-Raumduft: Herznoten<\/strong><\/h2>\n<p>Im Gegensatz zu dem, was man denken k\u00f6nnte, verstr\u00f6mt der <strong>Cannabis-Duft<\/strong> ein zartes Aroma mit blumigen, kiefernartigen und erdigen Untert\u00f6nen, die typisch f\u00fcr Cannabis sind. Es ist ein Duft, der sich gut an eine Vielzahl von Umgebungen wie Wellness-Zentren und Spas anpasst und eine angenehme Atmosph\u00e4re schafft, ohne die Geruchsrezeptoren zu irritieren. In gewisser Hinsicht ist es ein provokantes Aroma, das eine sinnliche Alchemie erzeugt und gleichzeitig Gelassenheit und Ruhe vermittelt.<\/p>\n<p><strong><a href=\"https:\/\/www.specialscentshop.com\/de\/olfaktorisches-marketing\/\">Olfactory Marketing<\/a> wartet auf Sie!<\/strong><\/p>\n<\/div>\n<\/section>\n","protected":false},"featured_media":43541,"template":"","meta":{"_acf_changed":false},"product_brand":[],"product_cat":[812],"product_tag":[862,766,863,768,864,769,909,770,910,912,913,916],"class_list":{"0":"post-43540","1":"product","2":"type-product","3":"status-publish","4":"has-post-thumbnail","6":"product_cat-raumdufte","7":"product_tag-spielzimmer","8":"product_tag-zuhause","9":"product_tag-fitnessstudios-sport","10":"product_tag-hotel-bb-de","11":"product_tag-arztpraxen-kliniken","12":"product_tag-geschafte-einkaufen","13":"product_tag-umgebungen-im-freien","14":"product_tag-restaurants-bars-de","15":"product_tag-messen-und-veranstaltungen","16":"product_tag-hochzeiten","17":"product_tag-parfums-fur-messen","18":"product_tag-dufte-fur-arztpraxen-kliniken","20":"first","21":"instock","22":"taxable","23":"shipping-taxable","24":"purchasable","25":"product-type-variable"},"acf":[],"_links":{"self":[{"href":"https:\/\/www.specialscentshop.com\/de\/wp-json\/wp\/v2\/product\/43540","targetHints":{"allow":["GET"]}}],"collection":[{"href":"https:\/\/www.specialscentshop.com\/de\/wp-json\/wp\/v2\/product"}],"about":[{"href":"https:\/\/www.specialscentshop.com\/de\/wp-json\/wp\/v2\/types\/product"}],"wp:featuredmedia":[{"embeddable":true,"href":"https:\/\/www.specialscentshop.com\/de\/wp-json\/wp\/v2\/media\/43541"}],"wp:attachment":[{"href":"https:\/\/www.specialscentshop.com\/de\/wp-json\/wp\/v2\/media?parent=43540"}],"wp:term":[{"taxonomy":"product_brand","embeddable":true,"href":"https:\/\/www.specialscentshop.com\/de\/wp-json\/wp\/v2\/product_brand?post=43540"},{"taxonomy":"product_cat","embeddable":true,"href":"https:\/\/www.specialscentshop.com\/de\/wp-json\/wp\/v2\/product_cat?post=43540"},{"taxonomy":"product_tag","embeddable":true,"href":"https:\/\/www.specialscentshop.com\/de\/wp-json\/wp\/v2\/product_tag?post=43540"}],"curies":[{"name":"wp","href":"https:\/\/api.w.org\/{rel}","templated":true}]}}