{"id":43550,"date":"2020-06-11T15:12:12","date_gmt":"2020-06-11T13:12:12","guid":{"rendered":"https:\/\/www.specialscentshop.com\/product\/bems-ambience-parfuem\/"},"modified":"2025-07-27T09:47:04","modified_gmt":"2025-07-27T07:47:04","slug":"bems-ambience-parfuem","status":"publish","type":"product","link":"https:\/\/www.specialscentshop.com\/de\/produkt\/bems-ambience-parfuem\/","title":{"rendered":"Bems Ambience Parf\u00fcm"},"content":{"rendered":"<h2><strong>Wirkung in der Umwelt<\/strong><\/h2>\n<p><strong>Bems Raumduft<\/strong>, der intensive Holzduft ist ein beabsichtigter Effekt, um die maritimen Noten zu verst\u00e4rken, die im Gegensatz dazu frischer und zarter sind. Wir empfehlen die starken Noten dieses Duftes f\u00fcr Herrenbekleidungsgesch\u00e4fte, professionelle B\u00fcros, Hotellobbys und Konferenzr\u00e4ume. Dieses Parf\u00fcm ist in der Lage, das Konzept des Marketings v\u00f6llig umzuwerfen. Wir bieten Ihnen die besten D\u00fcfte, um Sie bei diesem Unterfangen zu unterst\u00fctzen und Ihr Gesch\u00e4ft umzusetzen.<\/p>\n<h2><strong>Eigenschaften Bems Raumduft<\/strong><\/h2>\n<p>Identifizieren Sie ein starkes und professionelles Umfeld Ideal f\u00fcr olfaktorisches Marketing Denken Sie an all die Vorteile, die Sie erzielen k\u00f6nnen, indem Sie einfach D\u00fcfte verwenden, die Erinnerungen wecken.<\/p>\n<p><em>Wir haben eine gro\u00dfe Auswahl an Raumdiffusoren, darunter unser brandneues Handspray <a href=\"https:\/\/www.specialscentshop.com\/de\/produkt\/nebula-raumdiffusor-wiederaufladbar\/\">Nebula Bems<\/a>, das mit der gleichen Zerst\u00e4ubungstechnik wie unsere Diffusoren arbeitet. Eine perfekte und kosteng\u00fcnstige L\u00f6sung f\u00fcr alle, die unsere Produkte testen m\u00f6chten, bevor sie eine gr\u00f6\u00dfere Menge an Duftstoffen oder einen Spender kaufen. Das Nebula-Format besteht aus Aluminium, ist nachf\u00fcllbar und vor allem umweltfreundlich. Beim Kauf eines 0,250 g Duftes Ihrer Wahl erhalten Sie Nebula kostenlos. Ideal f\u00fcr kleine Mengen. <\/em><\/p>\n<h2 class=\"p1\"><b>Besonders geeignet f\u00fcr:<\/b><\/h2>\n<ul>\n<li>B\u00e4der<\/li>\n<li>Schlafzimmer<\/li>\n<li>Wohnr\u00e4ume mit Holzm\u00f6beln und nat\u00fcrlichen Stoffen<\/li>\n<li>Speises\u00e4le mit rustikalem Ambiente<\/li>\n<li>Gartenzimmer oder Au\u00dfenterrassen<\/li>\n<li>B\u00fcros oder Besprechungsr\u00e4ume mit einer k\u00fchlen, entspannenden Atmosph\u00e4re<\/li>\n<li>Entspannungs- oder Leser\u00e4ume<\/li>\n<li>Yoga- oder Meditationsraum<\/li>\n<li>Parks oder Naturg\u00e4rten<\/li>\n<li>In Meeresumgebungen oder K\u00fcstengebieten kann das Aroma von Meerholz an das Meer und den Strand erinnern und eine frische und entspannende Atmosph\u00e4re schaffen.<\/li>\n<\/ul>\n<p>Beachten Sie, dass dies nur Vorschl\u00e4ge sind und die Eignung des Parfums stark von Ihren pers\u00f6nlichen Vorlieben abh\u00e4ngt.<\/p>\n<p><em><strong>mehr lesen: <a href=\"https:\/\/www.specialscentshop.com\/de\/produkt\/sublimo-ambience-parfuem\/\">Sublimo<\/a><\/strong><\/em><\/p>\n","protected":false},"excerpt":{"rendered":"<h2><strong>Olfaktorische Noten: Basisnoten <\/strong><\/h2>\n<p>Wir finden sie im unteren Teil des olfaktorischen Priamides, in den &#8216;Basisnoten&#8217;, die wir wahrnehmen, sobald der Duft freigesetzt wird, intensiver und entscheidender. Bems Ambiance ist in der Lage, einen Duft zu verbreiten, der Ihrer Umgebung einen entscheidenden Stempel aufdr\u00fcckt und sie attraktiver und professioneller macht, eine Essenz, die sich perfekt an jede Situation anpasst. Es ist die Kr\u00f6nung der maskulinen D\u00fcfte, seine holzigen Noten bilden zusammen mit den maritimen Noten eine perfekte und ausgewogene Mischung. Das Gef\u00fchl, das Sie empfinden, wenn er in die Luft entweicht, ist dasselbe, als w\u00fcrden Sie die Wellen des st\u00fcrmischen Meeres beobachten, die sich an den Felsen brechen. Ein Duft, der den ganzen Raum mit seinem unverwechselbaren Aroma umh\u00fcllt.<\/p>\n","protected":false},"featured_media":48818,"template":"","meta":{"_acf_changed":false},"product_brand":[],"product_cat":[812],"product_tag":[862,766,863,767,864,768,908,769,909,910,913,916],"class_list":{"0":"post-43550","1":"product","2":"type-product","3":"status-publish","4":"has-post-thumbnail","6":"product_cat-raumdufte","7":"product_tag-spielzimmer","8":"product_tag-zuhause","9":"product_tag-fitnessstudios-sport","10":"product_tag-buro","11":"product_tag-arztpraxen-kliniken","12":"product_tag-hotel-bb-de","13":"product_tag-eigentumswohnungen","14":"product_tag-geschafte-einkaufen","15":"product_tag-umgebungen-im-freien","16":"product_tag-messen-und-veranstaltungen","17":"product_tag-parfums-fur-messen","18":"product_tag-dufte-fur-arztpraxen-kliniken","20":"first","21":"instock","22":"taxable","23":"shipping-taxable","24":"purchasable","25":"product-type-variable"},"acf":[],"_links":{"self":[{"href":"https:\/\/www.specialscentshop.com\/de\/wp-json\/wp\/v2\/product\/43550","targetHints":{"allow":["GET"]}}],"collection":[{"href":"https:\/\/www.specialscentshop.com\/de\/wp-json\/wp\/v2\/product"}],"about":[{"href":"https:\/\/www.specialscentshop.com\/de\/wp-json\/wp\/v2\/types\/product"}],"wp:featuredmedia":[{"embeddable":true,"href":"https:\/\/www.specialscentshop.com\/de\/wp-json\/wp\/v2\/media\/48818"}],"wp:attachment":[{"href":"https:\/\/www.specialscentshop.com\/de\/wp-json\/wp\/v2\/media?parent=43550"}],"wp:term":[{"taxonomy":"product_brand","embeddable":true,"href":"https:\/\/www.specialscentshop.com\/de\/wp-json\/wp\/v2\/product_brand?post=43550"},{"taxonomy":"product_cat","embeddable":true,"href":"https:\/\/www.specialscentshop.com\/de\/wp-json\/wp\/v2\/product_cat?post=43550"},{"taxonomy":"product_tag","embeddable":true,"href":"https:\/\/www.specialscentshop.com\/de\/wp-json\/wp\/v2\/product_tag?post=43550"}],"curies":[{"name":"wp","href":"https:\/\/api.w.org\/{rel}","templated":true}]}}