{"id":43560,"date":"2022-07-31T20:06:32","date_gmt":"2022-07-31T18:06:32","guid":{"rendered":"https:\/\/www.specialscentshop.com\/product\/bamboo-ambience-parfuem\/"},"modified":"2025-06-28T21:04:59","modified_gmt":"2025-06-28T19:04:59","slug":"bamboo-ambience-parfuem","status":"publish","type":"product","link":"https:\/\/www.specialscentshop.com\/de\/produkt\/bamboo-ambience-parfuem\/","title":{"rendered":"Bamboo"},"content":{"rendered":"<h2><strong>Raumwirkung des Bambus raumduft<\/strong><\/h2>\n<p>Das \u00d6l, das aus den Bl\u00e4ttern der <a href=\"https:\/\/it.wikipedia.org\/wiki\/Bambuseae\" target=\"_blank\" rel=\"noopener\">Bambuspflanze<\/a> gewonnen wird, wird auf nat\u00fcrliche Weise behandelt und sorgt f\u00fcr Ruhe und Gelassenheit in dem Raum, in dem es verstr\u00f6mt wird. Ihr olfaktorisches Ged\u00e4chtnis wird davon profitieren und Sie in die wunderbaren, weiten \u00f6stlichen W\u00e4lder entf\u00fchren.<\/p>\n<h2><strong>Eigenschaften<\/strong><\/h2>\n<p>Gerade wegen seiner Eigenschaften empfehlen wir, diesen Duft in Umgebungen zu verwenden, in denen Ruhe und Momente der Introspektion ein Muss sind, wie z.B. in Spas, Wellness-Zentren, aber auch in Wartezimmern. Au\u00dferdem ist er perfekt f\u00fcr diejenigen, die eine besonders intime Umgebung schaffen m\u00f6chten.<\/p>\n<p><em>Wir haben eine gro\u00dfe Auswahl an Raumdiffusoren, darunter unser brandneues Handspray <a href=\"https:\/\/www.specialscentshop.com\/de\/produkt\/nebula-raumdiffusor-wiederaufladbar\/\">Nebula<\/a>, das mit der gleichen Zerst\u00e4ubungstechnik arbeitet wie unsere Diffusoren. Eine perfekte und kosteng\u00fcnstige L\u00f6sung f\u00fcr alle, die unsere Produkte testen m\u00f6chten, bevor sie eine gr\u00f6\u00dfere Menge an Duftstoffen oder einen Spender kaufen. Das Nebula-Format besteht aus Aluminium, ist nachf\u00fcllbar und vor allem umweltfreundlich. Beim Kauf eines 0,250 g Duftes Ihrer Wahl erhalten Sie Nebula kostenlos. Ideal f\u00fcr kleine Mengen. <\/em><\/p>\n<h2><strong>Besonders geeignet f\u00fcr:<\/strong><\/h2>\n<ul>\n<li>Wohnzimmer: Der Duft von Bambus kann dazu beitragen, eine frische und entspannende Atmosph\u00e4re zu schaffen, um sich zu entspannen und die Freizeit zu genie\u00dfen.<\/li>\n<li>Schlafzimmer: Der Duft von Bambus kann dazu beitragen, eine frische, entspannende Atmosph\u00e4re f\u00fcr einen erholsamen Schlaf zu schaffen.<\/li>\n<li>Baden: Der Duft von Bambus kann helfen, eine entspannende und reinigende Atmosph\u00e4re f\u00fcr ein wohltuendes Bad zu schaffen.<\/li>\n<li>Arbeitszimmer: Der Duft von Bambus kann dazu beitragen, eine frische und anregende Atmosph\u00e4re zum Arbeiten oder Lernen zu schaffen.<\/li>\n<li>Yoga-Raum: Der Duft von Bambus kann dazu beitragen, eine frische und entspannende Atmosph\u00e4re f\u00fcr die Yoga-Praxis zu schaffen.<\/li>\n<li>Spa: Der Duft von Bambus kann dazu beitragen, eine frische und entspannende Atmosph\u00e4re f\u00fcr eine Wellness-Sitzung zu schaffen.<\/li>\n<li>Garten: Der Duft von Bambus kann dazu beitragen, eine frische, nat\u00fcrliche Atmosph\u00e4re in Ihrem Garten zu schaffen.<\/li>\n<li>B\u00fcro: Der Duft von Bambus kann dazu beitragen, eine frische und anregende Atmosph\u00e4re f\u00fcr die Arbeit in einer ruhigen und angenehmen Umgebung zu schaffen.<\/li>\n<\/ul>\n<p><em><strong>mehr lesen: <a href=\"https:\/\/www.specialscentshop.com\/de\/produkt\/boreko\/\">Boreko<\/a><\/strong><\/em><\/p>\n","protected":false},"excerpt":{"rendered":"<h3><strong>Duftnoten von bambus raumduft<\/strong><\/h3>\n<p>Stellen Sie sich einen Bambuswald vor, in dem Lichtschimmer in Stille, fast unwirklich, durch Sie hindurchgehen und Sie w\u00e4rmen. Perfekt, um entspannende Gef\u00fchle zu erzeugen, die typisch f\u00fcr den Fernen Osten sind, und um sich auf eine innere, introspektive Reise zu begeben, in die Sie eintauchen und sich von den Wahrnehmungen, die aus Ihrem Inneren aufsteigen, einlullen lassen k\u00f6nnen. Perfekt f\u00fcr <a href=\"https:\/\/www.specialscentshop.com\/de\/olfaktorisches-marketing\/\">olfaktorisches Marketing<\/a><\/p>\n","protected":false},"featured_media":49069,"template":"","meta":{"_acf_changed":false},"product_brand":[],"product_cat":[812],"product_tag":[862,766,864,767,908,768,909,769,910,912,913,916],"class_list":{"0":"post-43560","1":"product","2":"type-product","3":"status-publish","4":"has-post-thumbnail","6":"product_cat-raumdufte","7":"product_tag-spielzimmer","8":"product_tag-zuhause","9":"product_tag-arztpraxen-kliniken","10":"product_tag-buro","11":"product_tag-eigentumswohnungen","12":"product_tag-hotel-bb-de","13":"product_tag-umgebungen-im-freien","14":"product_tag-geschafte-einkaufen","15":"product_tag-messen-und-veranstaltungen","16":"product_tag-hochzeiten","17":"product_tag-parfums-fur-messen","18":"product_tag-dufte-fur-arztpraxen-kliniken","20":"first","21":"instock","22":"taxable","23":"shipping-taxable","24":"purchasable","25":"product-type-variable"},"acf":[],"_links":{"self":[{"href":"https:\/\/www.specialscentshop.com\/de\/wp-json\/wp\/v2\/product\/43560","targetHints":{"allow":["GET"]}}],"collection":[{"href":"https:\/\/www.specialscentshop.com\/de\/wp-json\/wp\/v2\/product"}],"about":[{"href":"https:\/\/www.specialscentshop.com\/de\/wp-json\/wp\/v2\/types\/product"}],"wp:featuredmedia":[{"embeddable":true,"href":"https:\/\/www.specialscentshop.com\/de\/wp-json\/wp\/v2\/media\/49069"}],"wp:attachment":[{"href":"https:\/\/www.specialscentshop.com\/de\/wp-json\/wp\/v2\/media?parent=43560"}],"wp:term":[{"taxonomy":"product_brand","embeddable":true,"href":"https:\/\/www.specialscentshop.com\/de\/wp-json\/wp\/v2\/product_brand?post=43560"},{"taxonomy":"product_cat","embeddable":true,"href":"https:\/\/www.specialscentshop.com\/de\/wp-json\/wp\/v2\/product_cat?post=43560"},{"taxonomy":"product_tag","embeddable":true,"href":"https:\/\/www.specialscentshop.com\/de\/wp-json\/wp\/v2\/product_tag?post=43560"}],"curies":[{"name":"wp","href":"https:\/\/api.w.org\/{rel}","templated":true}]}}