{"id":43600,"date":"2020-06-11T13:38:00","date_gmt":"2020-06-11T11:38:00","guid":{"rendered":"https:\/\/www.specialscentshop.com\/product\/lemongrass-raumparfuem\/"},"modified":"2020-06-11T13:38:00","modified_gmt":"2020-06-11T11:38:00","slug":"lemongrass-raumparfuem","status":"publish","type":"product","link":"https:\/\/www.specialscentshop.com\/de\/produkt\/lemongrass-raumparfuem\/","title":{"rendered":"Lemongrass Raumparf\u00fcm"},"content":{"rendered":"<h2><strong>Wirkung in der Umwelt<\/strong><\/h2>\n<p>Dank seines anhaltenden Dufts durchdringt Citronella den gesamten Raum und verbreitet sein balsamisches Aroma, ohne aufdringlich zu sein, was ihn frisch und angenehm macht. Wir empfehlen diesen Duft f\u00fcr alle Orte im Freien, die von der Natur umgeben sind, wie Restaurants, Bauernh\u00f6fe, Spas, Kioske oder Bars in der N\u00e4he von Parks und Teichen. Er eignet sich auch perfekt f\u00fcr kleine, luftige R\u00e4ume und die G\u00e4rten der eigenen Wohnung.<\/p>\n<h2><strong>Eigenschaften<\/strong><\/h2>\n<p>Die Noten, die diesen Duft auszeichnen, versetzen uns zur\u00fcck in das Klima und die warmen Farben des Mittelmeers und machen die Umgebung einladender. Diese Essenz dient nicht nur der Parf\u00fcmierung der Umgebung, sondern macht sie auch angenehmer und vertreibt dank ihrer Eigenschaften alle Insekten, insbesondere M\u00fccken.<\/p>\n<p>Auf diese Weise werden die Sommerabende angenehmer, ohne von diesen l\u00e4stigen Insekten angegriffen zu werden. Schaffen Sie ein neues Dufterlebnis Vergessen Sie nicht die Vorteile, die diese Essenz nicht nur f\u00fcr Ihre Umgebung, sondern auch f\u00fcr Ihr Unternehmen haben kann.<\/p>\n<p><em>Wir haben eine gro\u00dfe Auswahl an Raumdiffusoren, darunter unser brandneues Handspray <a href=\"https:\/\/www.specialscentshop.com\/prodotto\/diffusori-per-ambienti\/nebula-erogatore-nebulizzatore-fragranze-ambienti\/\">Nebula<\/a>, das mit der gleichen Zerst\u00e4ubungstechnik arbeitet wie unsere Diffusoren. Eine perfekte und kosteng\u00fcnstige L\u00f6sung f\u00fcr alle, die unsere Produkte testen m\u00f6chten, bevor sie eine gr\u00f6\u00dfere Menge an Duftstoffen oder einen Spender kaufen. Das Nebula-Format besteht aus Aluminium, ist nachf\u00fcllbar und vor allem umweltfreundlich. Beim Kauf eines 0,250 g Duftes Ihrer Wahl erhalten Sie Nebula kostenlos. Ideal f\u00fcr kleine Mengen.   <\/em><\/p>\n<h2 class=\"p1\"><b>Besonders geeignet f\u00fcr:<\/b><\/h2>\n<p>Der Citronella-Duft passt gut in Umgebungen wie:<\/p>\n<ul>\n<li>Parks und G\u00e4rten im Freien<\/li>\n<li>Terrassen und Verandas<\/li>\n<li>Gartenzimmer<\/li>\n<li>Entspannungs- oder Leser\u00e4ume<\/li>\n<li>Yoga- oder Meditationsraum<\/li>\n<li>Umgebungen im Freien, wie Schwimmb\u00e4der und Str\u00e4nde, um eine k\u00fchle und erfrischende Atmosph\u00e4re zu schaffen<\/li>\n<li>B\u00fcros oder Besprechungsr\u00e4ume im Freien<\/li>\n<li>In Veranstaltungs- oder Empfangsr\u00e4umen kann das frische und erfrischende Aroma von Zitronengras dazu beitragen, eine k\u00fchle und einladende Atmosph\u00e4re zu schaffen.<\/li>\n<li>Schlafzimmer, um eine k\u00fchle, entspannende Atmosph\u00e4re zu schaffen<\/li>\n<li>Restaurants, Clubs, Gesch\u00e4fte und gro\u00dfe Veranstaltungsorte<\/li>\n<\/ul>\n<p>Zitronengras ist auch f\u00fcr seine insektenabweisenden Eigenschaften bekannt, so dass Sie es auch im Freien verwenden k\u00f6nnen, um Insekten fernzuhalten. Beachten Sie, dass dies nur Vorschl\u00e4ge sind und die Eignung des Parfums stark von Ihren pers\u00f6nlichen Vorlieben abh\u00e4ngt.<\/p>\n<p><em><strong>Weiterlesen: <a href=\"https:\/\/www.specialscentshop.com\/product\/profumo-ambiente-pompelmo\/\">Grapefruit Raumparf\u00fcm<\/a><\/strong><\/em><\/p>\n","protected":false},"excerpt":{"rendered":"<section class=\"av_textblock_section \">\n<div class=\"avia_textblock \">\n<h2><strong>Olfaktorische Noten: Kopfnoten<\/strong><\/h2>\n<p>Die Essenz von Citronella wird seit der R\u00f6merzeit als Mittel gegen Insektenstiche verwendet. Der Geruch ist leicht scharf und \u00e4hnelt dem der Zitrone, doch das charakteristische Aroma der Pflanze ist unverwechselbar. <\/p>\n<\/div>\n<\/section>\n","protected":false},"featured_media":43605,"template":"","meta":{"_acf_changed":false},"product_brand":[],"product_cat":[812],"product_tag":[908,909,912],"class_list":{"0":"post-43600","1":"product","2":"type-product","3":"status-publish","4":"has-post-thumbnail","6":"product_cat-raumdufte","7":"product_tag-eigentumswohnungen","8":"product_tag-umgebungen-im-freien","9":"product_tag-hochzeiten","11":"first","12":"instock","13":"taxable","14":"shipping-taxable","15":"purchasable","16":"product-type-variable"},"acf":[],"_links":{"self":[{"href":"https:\/\/www.specialscentshop.com\/de\/wp-json\/wp\/v2\/product\/43600","targetHints":{"allow":["GET"]}}],"collection":[{"href":"https:\/\/www.specialscentshop.com\/de\/wp-json\/wp\/v2\/product"}],"about":[{"href":"https:\/\/www.specialscentshop.com\/de\/wp-json\/wp\/v2\/types\/product"}],"wp:featuredmedia":[{"embeddable":true,"href":"https:\/\/www.specialscentshop.com\/de\/wp-json\/wp\/v2\/media\/43605"}],"wp:attachment":[{"href":"https:\/\/www.specialscentshop.com\/de\/wp-json\/wp\/v2\/media?parent=43600"}],"wp:term":[{"taxonomy":"product_brand","embeddable":true,"href":"https:\/\/www.specialscentshop.com\/de\/wp-json\/wp\/v2\/product_brand?post=43600"},{"taxonomy":"product_cat","embeddable":true,"href":"https:\/\/www.specialscentshop.com\/de\/wp-json\/wp\/v2\/product_cat?post=43600"},{"taxonomy":"product_tag","embeddable":true,"href":"https:\/\/www.specialscentshop.com\/de\/wp-json\/wp\/v2\/product_tag?post=43600"}],"curies":[{"name":"wp","href":"https:\/\/api.w.org\/{rel}","templated":true}]}}