{"id":43622,"date":"2020-06-11T14:25:00","date_gmt":"2020-06-11T12:25:00","guid":{"rendered":"https:\/\/www.specialscentshop.com\/product\/zedernholz-raumparfuem\/"},"modified":"2025-07-26T21:53:50","modified_gmt":"2025-07-26T19:53:50","slug":"zedernholz-raumparfuem","status":"publish","type":"product","link":"https:\/\/www.specialscentshop.com\/de\/produkt\/zedernholz-raumparfuem\/","title":{"rendered":"Zedernholz Raumparf\u00fcm"},"content":{"rendered":"<h2><strong>Wirkung in der Umwelt<\/strong><\/h2>\n<p>Dank seines frischen und starken Duftes ist das <strong>Zedernholz Duft<\/strong>\u00a0in der Lage, unangenehme Ger\u00fcche leicht zu beseitigen, was es besonders geeignet macht f\u00fcr: Umkleider\u00e4ume, Badezimmer oder Fitnessstudios.<\/p>\n<h2><strong>Eigenschaften\u00a0<\/strong><\/h2>\n<p>Dank seiner Kopfnoten ist es ein starker und entscheidender Duft, alle Zitrusliebhaber werden diese Essenz sicherlich lieben Erzeugt eine Erinnerung im<a href=\"https:\/\/it.wikipedia.org\/wiki\/Memoria\" target=\"_blank\" rel=\"noopener\">olfaktorischen Ged\u00e4chtnis<\/a> Ihrer G\u00e4ste Bringt die Einfachheit zwischenmenschlicher Beziehungen zur\u00fcck Diese Art von Duft ist ein neuer Weg, unserem K\u00f6rper zu helfen, sich besser zu f\u00fchlen, sich um uns selbst und unsere Umgebung zu k\u00fcmmern. Die Schaffung von Harmonie ist einer der Vorteile, der auch zu gro\u00dfartigen Ergebnissen in Bezug auf die Kunden f\u00fchren kann.<\/p>\n<p><em>Wir haben eine gro\u00dfe Auswahl an Raumdiffusoren, darunter unser brandneues Handspray <a href=\"https:\/\/www.specialscentshop.com\/de\/produkt\/nebula-raumdiffusor-wiederaufladbar\/\"><strong>Nebula Zeder<\/strong><\/a>, das mit der gleichen Zerst\u00e4ubungstechnik arbeitet wie unsere Diffusoren. Eine perfekte und kosteng\u00fcnstige L\u00f6sung f\u00fcr alle, die unsere Produkte testen m\u00f6chten, bevor sie eine gr\u00f6\u00dfere Menge an Duftstoffen oder einen Spender kaufen. Das Nebula-Format besteht aus Aluminium, ist nachf\u00fcllbar und vor allem umweltfreundlich. Beim Kauf eines 0,250 g Duftes Ihrer Wahl erhalten Sie Nebula kostenlos. Ideal f\u00fcr kleine Mengen. <\/em><\/p>\n<h2 class=\"p1\"><b>Besonders geeignet f\u00fcr:<\/b><\/h2>\n<ul>\n<li>Bergh\u00e4user oder Holzchalets<\/li>\n<li>B\u00e4der<\/li>\n<li>Schlafzimmer<\/li>\n<li>Wohnr\u00e4ume mit Holzm\u00f6beln und nat\u00fcrlichen Stoffen<\/li>\n<li>Speises\u00e4le mit rustikalem Ambiente<\/li>\n<li>Gartenzimmer oder Au\u00dfenterrassen<\/li>\n<li>B\u00fcros oder Besprechungsr\u00e4ume mit einer k\u00fchlen, entspannenden Atmosph\u00e4re<\/li>\n<li>Entspannungs- oder Leser\u00e4ume<\/li>\n<li>Yoga- oder Meditationsraum<\/li>\n<li>Parks oder Naturg\u00e4rten<\/li>\n<li>Restaurants, Clubs und Bars<\/li>\n<\/ul>\n<p>Der frische, holzige Duft von Zedernholz kann dazu beitragen, eine entspannende und frische Atmosph\u00e4re zu schaffen, die an Natur und Entspannung erinnert. Beachten Sie, dass dies nur Vorschl\u00e4ge sind und die Eignung des Parfums stark von Ihren pers\u00f6nlichen Vorlieben abh\u00e4ngt.<\/p>\n<p><em><strong>mehr lesen:<a href=\"https:\/\/www.specialscentshop.com\/de\/produkt\/zitrone\/\"> Zitrone<\/a><\/strong><\/em><\/p>\n","protected":false},"excerpt":{"rendered":"<section class=\"av_textblock_section \">\n<div class=\"avia_textblock \">\n<h2><strong>Zeder Raumduft, Duftnoten: Kopfnoten<\/strong><\/h2>\n<p>Wenn man den Zedernbaum betrachtet, kommt man nicht umhin, seine Erhabenheit zu bemerken. Seine warmen Farben und sein Aroma versetzen uns in das sanfte Mittelmeerklima zur\u00fcck. Die Einfachheit der Menschen und die positive Energie der Umgebung machen ihn zu einem der authentischsten D\u00fcfte.<\/p>\n<h2><strong>Erh\u00e4ltlich in \u00d6l- und <a href=\"https:\/\/www.specialscentshop.com\/de\/produkt-kategorie\/dufte-und-gel-dufte\/\">Gell\u00f6sung<\/a><\/strong><\/h2>\n<\/div>\n<\/section>\n<p><!--more--><\/p>\n","protected":false},"featured_media":48793,"template":"","meta":{"_acf_changed":false},"product_brand":[],"product_cat":[812,919],"product_tag":[863,766,908,768,909,769,770],"class_list":{"0":"post-43622","1":"product","2":"type-product","3":"status-publish","4":"has-post-thumbnail","6":"product_cat-raumdufte","7":"product_cat-dufte-und-gel-dufte","8":"product_tag-fitnessstudios-sport","9":"product_tag-zuhause","10":"product_tag-eigentumswohnungen","11":"product_tag-hotel-bb-de","12":"product_tag-umgebungen-im-freien","13":"product_tag-geschafte-einkaufen","14":"product_tag-restaurants-bars-de","16":"first","17":"instock","18":"taxable","19":"shipping-taxable","20":"purchasable","21":"product-type-variable"},"acf":[],"_links":{"self":[{"href":"https:\/\/www.specialscentshop.com\/de\/wp-json\/wp\/v2\/product\/43622","targetHints":{"allow":["GET"]}}],"collection":[{"href":"https:\/\/www.specialscentshop.com\/de\/wp-json\/wp\/v2\/product"}],"about":[{"href":"https:\/\/www.specialscentshop.com\/de\/wp-json\/wp\/v2\/types\/product"}],"wp:featuredmedia":[{"embeddable":true,"href":"https:\/\/www.specialscentshop.com\/de\/wp-json\/wp\/v2\/media\/48793"}],"wp:attachment":[{"href":"https:\/\/www.specialscentshop.com\/de\/wp-json\/wp\/v2\/media?parent=43622"}],"wp:term":[{"taxonomy":"product_brand","embeddable":true,"href":"https:\/\/www.specialscentshop.com\/de\/wp-json\/wp\/v2\/product_brand?post=43622"},{"taxonomy":"product_cat","embeddable":true,"href":"https:\/\/www.specialscentshop.com\/de\/wp-json\/wp\/v2\/product_cat?post=43622"},{"taxonomy":"product_tag","embeddable":true,"href":"https:\/\/www.specialscentshop.com\/de\/wp-json\/wp\/v2\/product_tag?post=43622"}],"curies":[{"name":"wp","href":"https:\/\/api.w.org\/{rel}","templated":true}]}}