{"id":43662,"date":"2024-01-25T11:07:39","date_gmt":"2024-01-25T10:07:39","guid":{"rendered":"https:\/\/www.specialscentshop.com\/product\/cognac-und-schokoladenorange\/"},"modified":"2025-07-02T20:45:25","modified_gmt":"2025-07-02T18:45:25","slug":"cognac-und-schokoladenorange","status":"publish","type":"product","link":"https:\/\/www.specialscentshop.com\/de\/produkt\/cognac-und-schokoladenorange\/","title":{"rendered":"Cognac und Schokoladenorange"},"content":{"rendered":"<h2><strong>Wirkung in der Umwelt<\/strong><\/h2>\n<p>Der <strong>Raumduft Cognac und Schokoladenorange<\/strong> ist ein Duft mit starken, aber gleichzeitig einladenden und nicht aufdringlichen Noten, dessen Verwendung an kalten Orten f\u00fcr warme Umgebungen empfohlen wird. Besonders empfehlenswert f\u00fcr Bergh\u00fctten, Berghotels, Souvenirl\u00e4den in den Bergen, Antiquit\u00e4tengesch\u00e4fte, Chocolatiers, Ruml\u00e4den, Autoh\u00e4user. Auch perfekt f\u00fcr die Verwendung zu Hause in R\u00e4umen, um kalte Winterabende aufzuw\u00e4rmen.<\/p>\n<h2><strong>Eigenschaften<\/strong><\/h2>\n<p>Stellen Sie sich ein Mittagessen voller K\u00f6stlichkeiten vor, drau\u00dfen ist der Himmel bleiern, die W\u00e4rme und die D\u00fcfte des Hauses tr\u00f6sten den Geist. Nach dem Essen machen wir es uns mit unseren Lieben auf dem Sofa gem\u00fctlich und lassen uns ein Glas Cognac und ein St\u00fcck nach Orangen duftende dunkle Schokolade servieren. Das Cognac and Chocolate Orange Room Parfum ist all dies, w\u00e4rmt Ihr Ambiente und macht es einzigartig und unvergesslich.<\/p>\n<p><strong><em>Wir haben eine gro\u00dfe Auswahl an <a href=\"https:\/\/www.specialscentshop.com\/de\/raumdiffusoren\/\">Raumdiffusoren<\/a>, darunter unser brandneues Handspray <a href=\"https:\/\/www.specialscentshop.com\/de\/produkt\/nebula-raumdiffusor-wiederaufladbar\/\">Nebula<\/a>, das mit der gleichen Zerst\u00e4ubungstechnik wie unsere Diffusoren arbeitet. Eine perfekte und kosteng\u00fcnstige L\u00f6sung f\u00fcr alle, die unsere Produkte testen m\u00f6chten, bevor sie eine gr\u00f6\u00dfere Menge an Duftstoffen oder einen Spender kaufen. Das Nebula-Format besteht aus Aluminium, ist nachf\u00fcllbar und vor allem umweltfreundlich. Beim Kauf eines 0,250 g Duftes Ihrer Wahl erhalten Sie Nebula kostenlos. Ideal f\u00fcr kleine Mengen. <\/em><\/strong><\/p>\n<p><em><strong>mehr lesen: \u00a0<a href=\"https:\/\/www.specialscentshop.com\/de\/produkt\/amber-und-tabak-raumparfuem\/\">Amber und Tabak<\/a><\/strong><\/em><\/p>\n","protected":false},"excerpt":{"rendered":"<h3>Raumparf\u00fcm Cognac und Schokolade-Orange<\/h3>\n<p>Geruchsfamilie: Gourmand Facette: Esperidata Sofort steigt uns der intensive, berauschende Duft von Aquavit in die Nase, der stark an wei\u00dfen Traubenwein erinnert und mit s\u00fc\u00dfen Ankl\u00e4ngen an tropische Fr\u00fcchte harmoniert. Gleichzeitig werden unsere Sinne von Noten von Bitterorange und ger\u00f6stetem Kakao umschmeichelt, w\u00e4hrend sich Nuancen von Pralin\u00e9-Mandeln mit den honigartigen Noten von Cognac und der S\u00fc\u00dfe von Vanillebeeren verbinden. Im letzten Teil der Komposition machen die \u00e4therischen Noten des Cognacs dem holzigen Gef\u00fchl des Barrique Platz und sorgen f\u00fcr ein reichhaltiges und befriedigendes Finale.<br \/>\nK <strong>opfnoten<\/strong> Bitterorange, Cognac, \u00c4therische Noten.<br \/>\nH <strong>erznote<\/strong> Wei\u00dfer Traubenwein, tropische Fr\u00fcchte, Honig, gebrannte Mandeln.<br \/>\nB <strong>asisnote<\/strong> Ger\u00f6steter Kakao, Vanillebeeren, Barrique.<\/p>\n","protected":false},"featured_media":47574,"template":"","meta":{"_acf_changed":false},"product_brand":[],"product_cat":[812,915],"product_tag":[1167],"class_list":{"0":"post-43662","1":"product","2":"type-product","3":"status-publish","4":"has-post-thumbnail","6":"product_cat-raumdufte","7":"product_cat-weihnachtsdufte","8":"product_tag-weihnachtsduefte","10":"first","11":"instock","12":"taxable","13":"shipping-taxable","14":"purchasable","15":"product-type-variable"},"acf":[],"_links":{"self":[{"href":"https:\/\/www.specialscentshop.com\/de\/wp-json\/wp\/v2\/product\/43662","targetHints":{"allow":["GET"]}}],"collection":[{"href":"https:\/\/www.specialscentshop.com\/de\/wp-json\/wp\/v2\/product"}],"about":[{"href":"https:\/\/www.specialscentshop.com\/de\/wp-json\/wp\/v2\/types\/product"}],"wp:featuredmedia":[{"embeddable":true,"href":"https:\/\/www.specialscentshop.com\/de\/wp-json\/wp\/v2\/media\/47574"}],"wp:attachment":[{"href":"https:\/\/www.specialscentshop.com\/de\/wp-json\/wp\/v2\/media?parent=43662"}],"wp:term":[{"taxonomy":"product_brand","embeddable":true,"href":"https:\/\/www.specialscentshop.com\/de\/wp-json\/wp\/v2\/product_brand?post=43662"},{"taxonomy":"product_cat","embeddable":true,"href":"https:\/\/www.specialscentshop.com\/de\/wp-json\/wp\/v2\/product_cat?post=43662"},{"taxonomy":"product_tag","embeddable":true,"href":"https:\/\/www.specialscentshop.com\/de\/wp-json\/wp\/v2\/product_tag?post=43662"}],"curies":[{"name":"wp","href":"https:\/\/api.w.org\/{rel}","templated":true}]}}