{"id":43690,"date":"2020-06-09T15:32:13","date_gmt":"2020-06-09T13:32:13","guid":{"rendered":"https:\/\/www.specialscentshop.com\/product\/aloe-raumparfuem\/"},"modified":"2025-03-07T21:22:58","modified_gmt":"2025-03-07T20:22:58","slug":"aloe-raumparfuem","status":"publish","type":"product","link":"https:\/\/www.specialscentshop.com\/de\/produkt\/aloe-raumparfuem\/","title":{"rendered":"Aloe Raumparf\u00fcm"},"content":{"rendered":"<h2><strong>Wirkung in der Umwelt<\/strong><\/h2>\n<p><strong> Aloe Vera Raumduft<\/strong>\u00a0 ist leicht, fast transparent und verweilt lange in der Umgebung, wobei er angenehme gr\u00fcne Noten freisetzt, die an die Frische der Pflanze erinnern. Er wird in der alternativen Medizin h\u00e4ufig verwendet und ist besonders f\u00fcr R\u00e4ume geeignet, in denen Pflege-, Sch\u00f6nheits- und Entspannungsbehandlungen durchgef\u00fchrt werden. Immer mehr Unternehmen verlassen sich bei der Renovierung ihrer R\u00e4ume auf Specialscent, wie z.B.: Spas, Wellness- und Massage-Zentren, Sch\u00f6nheitssalons und vieles mehr.<\/p>\n<h2><strong>Eigenschaften<\/strong><\/h2>\n<p>Schaffen Sie eine Erinnerung im olfaktorischen Ged\u00e4chtnis Ihrer G\u00e4ste, indem Sie die Endorphine stimulieren und den ganzen K\u00f6rper entspannen Der Raumduft Aloe bringt eine einzigartige Geschichte mit sich, denn sie wird seit der Antike als Heilpflanze verwendet. Seine Einfachheit ist der Schl\u00fcssel zu diesem Duft. Ihre Kunden werden angenehm \u00fcberrascht sein<\/p>\n<p><em>Wir haben eine gro\u00dfe Auswahl an Raumdiffusoren, darunter unser brandneues Handspray <a href=\"https:\/\/www.specialscentshop.com\/de\/produkt\/nebula-raumdiffusor-wiederaufladbar\/\">Nebula<\/a>, das mit der gleichen Zerst\u00e4ubungstechnik arbeitet wie unsere Diffusoren. Eine perfekte und kosteng\u00fcnstige L\u00f6sung f\u00fcr alle, die unsere Produkte testen m\u00f6chten, bevor sie eine gr\u00f6\u00dfere Menge an Duftstoffen oder einen Spender kaufen. Das Nebula-Format besteht aus Aluminium, ist nachf\u00fcllbar und vor allem umweltfreundlich. Beim Kauf eines 0,250 g Duftes Ihrer Wahl erhalten Sie Nebula kostenlos. Ideal f\u00fcr kleine Mengen. <\/em><\/p>\n<h2 class=\"p1\"><b>Besonders geeignet f\u00fcr:<\/b><\/h2>\n<p>Hier ist eine Liste von Umgebungen, f\u00fcr die Aloe-Parf\u00fcm geeignet sein k\u00f6nnte:<\/p>\n<ul>\n<li>Pools und Str\u00e4nde<\/li>\n<li>Veranstaltungsorte in den Bergen<\/li>\n<li>Umgebungen w\u00e4hrend der Sommertage<\/li>\n<li>Yoga und Meditation<\/li>\n<li>Camping<\/li>\n<li>Spas und Wellnesszentren<\/li>\n<li>Urlaub am Meer<\/li>\n<li>Gesch\u00e4fte f\u00fcr Gartenbau und Pflanzenzucht<\/li>\n<li class=\"li1\">Restaurants, Clubs, Gesch\u00e4fte und gro\u00dfe Veranstaltungsorte<\/li>\n<\/ul>\n<p><em><strong>Lesen Sie mehr: <a href=\"https:\/\/www.specialscentshop.com\/de\/produkt\/pino-silvestre-raumduft\/\">Waldkiefer<\/a><\/strong><\/em><\/p>\n","protected":false},"excerpt":{"rendered":"<section class=\"av_textblock_section \">\n<div class=\"avia_textblock \">\n<h2>Olfaktorische Noten: Kopfnoten<\/h2>\n<p>Die Aloe-Pflanze ist eine der bekanntesten und charakteristischsten Pflanzen unserer Region. Dieses Parf\u00fcm vermittelt ihre ganze Energie, wie Wasser, frisch und regenerierend.<br \/>\nSeine Duftnoten sind delikat und bleiben lange im Raum, ein Allheilmittel f\u00fcr K\u00f6rper und Geist. Eine perfekte Art, die Natur immer zur Hand zu haben<\/p>\n<\/div>\n<\/section>\n","protected":false},"featured_media":48868,"template":"","meta":{"_acf_changed":false},"product_brand":[],"product_cat":[812],"product_tag":[916,766,862,767,863,768,864,769,908,770,909,910,912,913],"class_list":{"0":"post-43690","1":"product","2":"type-product","3":"status-publish","4":"has-post-thumbnail","6":"product_cat-raumdufte","7":"product_tag-dufte-fur-arztpraxen-kliniken","8":"product_tag-zuhause","9":"product_tag-spielzimmer","10":"product_tag-buro","11":"product_tag-fitnessstudios-sport","12":"product_tag-hotel-bb-de","13":"product_tag-arztpraxen-kliniken","14":"product_tag-geschafte-einkaufen","15":"product_tag-eigentumswohnungen","16":"product_tag-restaurants-bars-de","17":"product_tag-umgebungen-im-freien","18":"product_tag-messen-und-veranstaltungen","19":"product_tag-hochzeiten","20":"product_tag-parfums-fur-messen","22":"first","23":"instock","24":"taxable","25":"shipping-taxable","26":"purchasable","27":"product-type-variable"},"acf":[],"_links":{"self":[{"href":"https:\/\/www.specialscentshop.com\/de\/wp-json\/wp\/v2\/product\/43690","targetHints":{"allow":["GET"]}}],"collection":[{"href":"https:\/\/www.specialscentshop.com\/de\/wp-json\/wp\/v2\/product"}],"about":[{"href":"https:\/\/www.specialscentshop.com\/de\/wp-json\/wp\/v2\/types\/product"}],"wp:featuredmedia":[{"embeddable":true,"href":"https:\/\/www.specialscentshop.com\/de\/wp-json\/wp\/v2\/media\/48868"}],"wp:attachment":[{"href":"https:\/\/www.specialscentshop.com\/de\/wp-json\/wp\/v2\/media?parent=43690"}],"wp:term":[{"taxonomy":"product_brand","embeddable":true,"href":"https:\/\/www.specialscentshop.com\/de\/wp-json\/wp\/v2\/product_brand?post=43690"},{"taxonomy":"product_cat","embeddable":true,"href":"https:\/\/www.specialscentshop.com\/de\/wp-json\/wp\/v2\/product_cat?post=43690"},{"taxonomy":"product_tag","embeddable":true,"href":"https:\/\/www.specialscentshop.com\/de\/wp-json\/wp\/v2\/product_tag?post=43690"}],"curies":[{"name":"wp","href":"https:\/\/api.w.org\/{rel}","templated":true}]}}