{"id":43699,"date":"2022-06-24T11:36:03","date_gmt":"2022-06-24T09:36:03","guid":{"rendered":"https:\/\/www.specialscentshop.com\/product\/amber-und-tabak-raumparfuem\/"},"modified":"2025-03-07T20:30:07","modified_gmt":"2025-03-07T19:30:07","slug":"amber-und-tabak-raumparfuem","status":"publish","type":"product","link":"https:\/\/www.specialscentshop.com\/de\/produkt\/amber-und-tabak-raumparfuem\/","title":{"rendered":"Amber und Tabak Raumparf\u00fcm"},"content":{"rendered":"<h2><strong>Wirkung in der Umwelt<\/strong><\/h2>\n<p>Der Duft f\u00fcgt sich gut in R\u00e4ume mit ethnischen Farben ein.<br \/>\nSeine intensiven Noten k\u00f6nnen in einem Ambiente verbreitet werden, in dem Holz vorherrscht, und wenn eine sanfte Beleuchtung eingeschaltet wird, um die Atmosph\u00e4re zu schaffen. Das ganze Ambiente wird verwandelt und sinnliche Noten werden verbreitet.<\/p>\n<h2><strong>Eigenschaften Raumduft aus Amber und Tabak:<\/strong><\/h2>\n<p>Der <strong>Raumduft Amber and Tobacco<\/strong> ist einzigartig. Seine Duftmischung l\u00f6st warme und einh\u00fcllende Empfindungen aus, in denen Sie sich in der D\u00e4mmerung Ihrer Seele fallen lassen k\u00f6nnen. Wo auch immer Sie sich entscheiden, diesen Duft zu verwenden, Sie werden bald feststellen, wie sehr er die Atmosph\u00e4re Ihrer R\u00e4ume ver\u00e4ndern kann. Eine neue Dufterfahrung f\u00fcr jeden.<\/p>\n<p><em>Wir haben eine gro\u00dfe Auswahl an Raumdiffusoren, darunter unser brandneues Handspray <a href=\"https:\/\/www.specialscentshop.com\/de\/produkt\/nebula-raumdiffusor-wiederaufladbar\/\">Nebula<\/a>, das mit der gleichen Zerst\u00e4ubungstechnik arbeitet wie unsere Diffusoren. Eine perfekte und kosteng\u00fcnstige L\u00f6sung f\u00fcr alle, die unsere Produkte testen m\u00f6chten, bevor sie eine gr\u00f6\u00dfere Menge an Duftstoffen oder einen Spender kaufen. Das Nebula-Format besteht aus Aluminium, ist nachf\u00fcllbar und vor allem umweltfreundlich. Beim Kauf eines 0,250 g Duftes Ihrer Wahl erhalten Sie Nebula kostenlos. Ideal f\u00fcr kleine Mengen. <\/em><\/p>\n<h2><strong>Besonders geeignet f\u00fcr:<\/strong><\/h2>\n<ul>\n<li>Schlafzimmer: Amber hat entspannende und verf\u00fchrerische Eigenschaften, die dazu beitragen k\u00f6nnen, eine warme und gem\u00fctliche Atmosph\u00e4re zum Schlafen zu schaffen. Tabak kann dazu beitragen, eine warme und rustikale Atmosph\u00e4re zu schaffen.<\/li>\n<li>Wohnzimmer: Bernstein hat warme und beruhigende Eigenschaften, die dazu beitragen k\u00f6nnen, eine gem\u00fctliche und komfortable Atmosph\u00e4re zum Entspannen zu schaffen. Tabak kann dazu beitragen, eine rustikale und warme Atmosph\u00e4re zu schaffen.<\/li>\n<li>Wohnzimmer: Bernstein hat warme und beruhigende Eigenschaften, die dazu beitragen k\u00f6nnen, eine gem\u00fctliche und komfortable Atmosph\u00e4re zum Entspannen zu schaffen. Tabak kann dazu beitragen, eine rustikale und warme Atmosph\u00e4re zu schaffen.<\/li>\n<li>Studie: Amber hat anregende und verf\u00fchrerische Eigenschaften, die dazu beitragen k\u00f6nnen, eine konzentrierte und professionelle Atmosph\u00e4re zu schaffen. Tabak kann dazu beitragen, eine rustikale und warme Atmosph\u00e4re zu schaffen.<\/li>\n<li>Bars\/Restaurants und Lounges: Amber hat einladende und verf\u00fchrerische Eigenschaften, die dazu beitragen k\u00f6nnen, eine gem\u00fctliche und einladende Atmosph\u00e4re f\u00fcr die Kunden zu schaffen. Tabak kann dazu beitragen, eine rustikale und warme Atmosph\u00e4re zu schaffen. Um eine anspruchsvolle und kultivierte Atmosph\u00e4re zu schaffen.<\/li>\n<li>Raucherzimmer: Bernstein hat verf\u00fchrerische und warme Eigenschaften, die dazu beitragen k\u00f6nnen, eine attraktive und gem\u00fctliche Atmosph\u00e4re f\u00fcr Raucher zu schaffen.<\/li>\n<li>Spas und Wellnesszentren: um eine entspannende und beruhigende Atmosph\u00e4re zu schaffen.<\/li>\n<li>Schlafzimmer: um eine romantische und intime Atmosph\u00e4re zu schaffen<\/li>\n<li>B\u00fcros und Arbeitspl\u00e4tze: um eine professionelle und anspruchsvolle Atmosph\u00e4re zu schaffen.<\/li>\n<\/ul>\n<p><em><strong>mehr lesen: <a href=\"https:\/\/www.specialscentshop.com\/de\/produkt\/besonderes-oud\/\">Oud Ambience Parf\u00fcm<\/a><\/strong><\/em><\/p>\n","protected":false},"excerpt":{"rendered":"<h3>Olfaktorische Noten: Basisnoten<\/h3>\n<p><strong>Raumduft aus Amber und Tabak<\/strong>, ein ganz besonderer Duft, der die w\u00fcrzigen D\u00fcfte des Orients mit den kr\u00e4ftigen Aromen des kubanischen Tabaks verbindet. Das Zusammentreffen zweier Welten, in denen sich die W\u00e4rme der W\u00fcste mit der Sanftheit des Tabaks verbindet, wie in einem Tanz, der mal sinnlich und mal stammesm\u00e4\u00dfig ist.<\/p>\n<p><strong>CODE UFI: RH00-H0VX-000T-THR3<\/strong><\/p>\n","protected":false},"featured_media":48843,"template":"","meta":{"_acf_changed":false},"product_brand":[],"product_cat":[812],"product_tag":[910,766,912,768,913,769,770],"class_list":{"0":"post-43699","1":"product","2":"type-product","3":"status-publish","4":"has-post-thumbnail","6":"product_cat-raumdufte","7":"product_tag-messen-und-veranstaltungen","8":"product_tag-zuhause","9":"product_tag-hochzeiten","10":"product_tag-hotel-bb-de","11":"product_tag-parfums-fur-messen","12":"product_tag-geschafte-einkaufen","13":"product_tag-restaurants-bars-de","15":"first","16":"instock","17":"taxable","18":"shipping-taxable","19":"purchasable","20":"product-type-variable"},"acf":[],"_links":{"self":[{"href":"https:\/\/www.specialscentshop.com\/de\/wp-json\/wp\/v2\/product\/43699","targetHints":{"allow":["GET"]}}],"collection":[{"href":"https:\/\/www.specialscentshop.com\/de\/wp-json\/wp\/v2\/product"}],"about":[{"href":"https:\/\/www.specialscentshop.com\/de\/wp-json\/wp\/v2\/types\/product"}],"wp:featuredmedia":[{"embeddable":true,"href":"https:\/\/www.specialscentshop.com\/de\/wp-json\/wp\/v2\/media\/48843"}],"wp:attachment":[{"href":"https:\/\/www.specialscentshop.com\/de\/wp-json\/wp\/v2\/media?parent=43699"}],"wp:term":[{"taxonomy":"product_brand","embeddable":true,"href":"https:\/\/www.specialscentshop.com\/de\/wp-json\/wp\/v2\/product_brand?post=43699"},{"taxonomy":"product_cat","embeddable":true,"href":"https:\/\/www.specialscentshop.com\/de\/wp-json\/wp\/v2\/product_cat?post=43699"},{"taxonomy":"product_tag","embeddable":true,"href":"https:\/\/www.specialscentshop.com\/de\/wp-json\/wp\/v2\/product_tag?post=43699"}],"curies":[{"name":"wp","href":"https:\/\/api.w.org\/{rel}","templated":true}]}}