{"id":43709,"date":"2022-09-02T09:14:06","date_gmt":"2022-09-02T07:14:06","guid":{"rendered":"https:\/\/www.specialscentshop.com\/product\/orange-holz-leder\/"},"modified":"2025-03-09T21:38:24","modified_gmt":"2025-03-09T20:38:24","slug":"orange-holz-leder","status":"publish","type":"product","link":"https:\/\/www.specialscentshop.com\/de\/produkt\/orange-holz-leder\/","title":{"rendered":"Orange, Holz, Leder"},"content":{"rendered":"<h2><strong>Orange, Holz, Leder, seine Auswirkungen auf die Umwelt<\/strong><\/h2>\n<p><strong>Raumduft Orange Holz Leder, <\/strong>\u00a0Zweifellos kann dieser <strong>Duft<\/strong> in Lederl\u00e4den, M\u00f6belausstellungsr\u00e4umen, Schreibwarengesch\u00e4ften und Tabakl\u00e4den verbreitet werden. Wenn Sie mit dem Duft von Orange, Leder und Holz in Ber\u00fchrung kommen, ist die Umgebung besonders fesselnd. <a href=\"https:\/\/it.wikipedia.org\/wiki\/Aroma\" target=\"_blank\" rel=\"noopener\"><strong>Das Aroma<\/strong><\/a> wenn er in Konferenzr\u00e4umen von Unternehmen verbreitet wird, verleiht er Ihrer Marke und Ihrem Namen Stil.<\/p>\n<h2><strong>Eigenschaften<\/strong><\/h2>\n<p>Im Vertrauen auf unsere Erfahrung auf dem Gebiet der Parfums und <strong>D\u00fcfte<\/strong> entscheidet sich Special Scent daf\u00fcr, Umgebungen, die haupts\u00e4chlich m\u00e4nnlich sind, aber auch dort, wo es wichtig ist, seine Handschrift zu hinterlassen, einen unausl\u00f6schlichen Stempel aufzudr\u00fccken, Stil zu verleihen. Ein einzigartiges Dufterlebnis, eine Marketingstrategie, die heute \u00fcberall einen Platz findet, wo sie angeboten wird.<\/p>\n<h2><strong>Besonders geeignet f\u00fcr:<\/strong><\/h2>\n<ul>\n<li>Wohnzimmer: Der Duft von Orange kann dazu beitragen, eine gem\u00fctliche und warme Atmosph\u00e4re zu schaffen, w\u00e4hrend Holz und Leder zu einer rustikalen und komfortablen Atmosph\u00e4re beitragen k\u00f6nnen.<\/li>\n<li>Wohnzimmer: Der Duft von Orangenholz und Leder kann dazu beitragen, eine frische und lebendige Atmosph\u00e4re zu schaffen.<\/li>\n<li>Schlafzimmer: Der Duft von Orange kann zu einer frischen und belebenden Atmosph\u00e4re beitragen, w\u00e4hrend Holz und Leder eine warme und gem\u00fctliche Atmosph\u00e4re schaffen k\u00f6nnen.<\/li>\n<li>B\u00fcro: Der Duft von Orange kann dazu beitragen, eine frische und anregende Atmosph\u00e4re zu schaffen, w\u00e4hrend Holz und Leder eine warme und professionelle Atmosph\u00e4re schaffen k\u00f6nnen.<\/li>\n<li>Bar\/Restaurant: Der Duft von Orangen kann dazu beitragen, eine frische und einladende Atmosph\u00e4re zu schaffen, w\u00e4hrend Holz und Leder zu einer warmen und gem\u00fctlichen Atmosph\u00e4re beitragen k\u00f6nnen.<\/li>\n<li>Lederwarengesch\u00e4ft: Der Duft von Orangen kann dazu beitragen, eine frische und einladende Atmosph\u00e4re zu schaffen, w\u00e4hrend Holz und Leder zu einer warmen und gem\u00fctlichen Atmosph\u00e4re beitragen k\u00f6nnen.<\/li>\n<li>Spa: Der Duft von Orangen kann dazu beitragen, eine frische und belebende Atmosph\u00e4re zu schaffen, w\u00e4hrend Holz und Leder eine warme und entspannende Atmosph\u00e4re schaffen k\u00f6nnen.<\/li>\n<li>Massageraum: Der Duft von Orangen kann dazu beitragen, eine frische und belebende Atmosph\u00e4re zu schaffen, w\u00e4hrend Holz und Leder eine warme und entspannende Atmosph\u00e4re schaffen k\u00f6nnen.<\/li>\n<\/ul>\n<p><em><strong>mehr lesen: <a href=\"https:\/\/www.specialscentshop.com\/de\/produkt\/leder-und-lederzimmer-parfuem\/\">Leder und Lederzimmer Parf\u00fcm<\/a><\/strong><\/em><\/p>\n<p><em>Wir haben eine gro\u00dfe Auswahl an <strong>Raumdiffusoren,<\/strong> einschlie\u00dflich unseres brandneuen Handsprays <a href=\"https:\/\/www.specialscentshop.com\/de\/produkt\/nebula-raumdiffusor-wiederaufladbar\/\">Nebula<\/a>, das mit der gleichen Zerst\u00e4ubungstechnik wie unsere Diffusoren arbeitet. Eine perfekte und kosteng\u00fcnstige L\u00f6sung f\u00fcr alle, die unsere Produkte testen m\u00f6chten, bevor sie eine gr\u00f6\u00dfere Menge an Duftstoffen oder einen Spender kaufen. Das Nebula-Format besteht aus Aluminium, ist nachf\u00fcllbar und vor allem umweltfreundlich. Beim Kauf eines 0,250 g Duftes Ihrer Wahl erhalten Sie Nebula kostenlos. Ideal f\u00fcr kleine Mengen.<\/em><\/p>\n","protected":false},"excerpt":{"rendered":"<h3>Parf\u00fcm Umwelt Orange Holz Leder.<\/h3>\n<p>Orange, Holz, Leder, der <strong>Raumduft<\/strong>, der die ganze Energie eines Duftes in sich birgt, der sich durch seine Pers\u00f6nlichkeit und K\u00fchnheit auszeichnet, denn es sind diejenigen, die herausragen und sich profilieren. Die Signatur einer Marke mit einer starken Wirkung ist sicherlich ihre Sph\u00e4re<\/p>\n","protected":false},"featured_media":49119,"template":"","meta":{"_acf_changed":false},"product_brand":[],"product_cat":[812],"product_tag":[910,913,769,909],"class_list":{"0":"post-43709","1":"product","2":"type-product","3":"status-publish","4":"has-post-thumbnail","6":"product_cat-raumdufte","7":"product_tag-messen-und-veranstaltungen","8":"product_tag-parfums-fur-messen","9":"product_tag-geschafte-einkaufen","10":"product_tag-umgebungen-im-freien","12":"first","13":"instock","14":"taxable","15":"shipping-taxable","16":"purchasable","17":"product-type-variable"},"acf":[],"_links":{"self":[{"href":"https:\/\/www.specialscentshop.com\/de\/wp-json\/wp\/v2\/product\/43709","targetHints":{"allow":["GET"]}}],"collection":[{"href":"https:\/\/www.specialscentshop.com\/de\/wp-json\/wp\/v2\/product"}],"about":[{"href":"https:\/\/www.specialscentshop.com\/de\/wp-json\/wp\/v2\/types\/product"}],"wp:featuredmedia":[{"embeddable":true,"href":"https:\/\/www.specialscentshop.com\/de\/wp-json\/wp\/v2\/media\/49119"}],"wp:attachment":[{"href":"https:\/\/www.specialscentshop.com\/de\/wp-json\/wp\/v2\/media?parent=43709"}],"wp:term":[{"taxonomy":"product_brand","embeddable":true,"href":"https:\/\/www.specialscentshop.com\/de\/wp-json\/wp\/v2\/product_brand?post=43709"},{"taxonomy":"product_cat","embeddable":true,"href":"https:\/\/www.specialscentshop.com\/de\/wp-json\/wp\/v2\/product_cat?post=43709"},{"taxonomy":"product_tag","embeddable":true,"href":"https:\/\/www.specialscentshop.com\/de\/wp-json\/wp\/v2\/product_tag?post=43709"}],"curies":[{"name":"wp","href":"https:\/\/api.w.org\/{rel}","templated":true}]}}