{"id":43718,"date":"2022-09-02T09:09:27","date_gmt":"2022-09-02T07:09:27","guid":{"rendered":"https:\/\/www.specialscentshop.com\/product\/neues-auto\/"},"modified":"2025-03-09T20:56:51","modified_gmt":"2025-03-09T19:56:51","slug":"neues-auto","status":"publish","type":"product","link":"https:\/\/www.specialscentshop.com\/de\/produkt\/neues-auto\/","title":{"rendered":"Neuwagen-Duft"},"content":{"rendered":"<h2><strong>Neuwagenduft Wirkung in der Umwelt<\/strong><\/h2>\n<p><strong>Neuwagen-Duft<\/strong>, in jedem Autohaus oder Wohnwagen muss ein frischer Duft herrschen. Aber auch im Inneren von Autos, Wohnwagen oder Bussen sollte es immer einen Diffusor geben, der diesen Duft verstr\u00f6mt und schlechte Ger\u00fcche wie Zigaretten oder nasse Hundehaare beseitigt.<\/p>\n<h2><strong>Eigenschaften<\/strong><\/h2>\n<p>Der neue <strong>Duft f\u00fcr das Autoambiente<\/strong> ist ein Synonym f\u00fcr Frische und kommt dem Konzept der Natur sehr nahe. Die Schaffung einer angenehmen Umgebung, insbesondere bei langen Fahrten, bei denen schon der blo\u00dfe Schwei\u00dfgeruch Unbehagen hervorruft, ist sicherlich ein nicht zu untersch\u00e4tzender Vorteil, vor allem, wenn Ihre Kunden, sobald sie in das Fahrzeug eingestiegen sind, das sie an ihr Ziel bringt, dort entspannte Stunden verbringen werden. Sie werden sich in Zukunft immer f\u00fcr Ihr Unternehmen entscheiden.<\/p>\n<h2><strong>Besonders geeignet f\u00fcr:<\/strong><\/h2>\n<ul>\n<li>Autos: Der Geruch eines neuen Autos ist haupts\u00e4chlich auf die bei der Konstruktion verwendeten Materialien und den neuen Geruch der Stoffe und Komponenten zur\u00fcckzuf\u00fchren.<\/li>\n<li>Wohnmobil \/ Wohnwagen: Auch f\u00fcr den Einsatz in Wohnmobilen und Wohnwagen bestens geeignet.<\/li>\n<li>Autoh\u00e4user: Ein Duft, der emotional und positiv auf potenzielle Kunden wirken kann.<\/li>\n<\/ul>\n<p><em><strong>Mehr lesen: <a href=\"https:\/\/www.specialscentshop.com\/de\/produkt\/orange-holz-leder\/\">Orange, Holz, Leder<\/a><\/strong><\/em><\/p>\n<p><em>Wir haben eine gro\u00dfe Auswahl an <strong>Raumdiffusoren<\/strong>, darunter unser brandneues Handspray<strong><a href=\"https:\/\/www.specialscentshop.com\/de\/produkt\/nebula-raumdiffusor-wiederaufladbar\/\"> Nebula <\/a>Neuwagen-Duft<\/strong>, das mit der gleichen Zerst\u00e4ubungstechnik wie unsere Diffusoren arbeitet. Eine perfekte und kosteng\u00fcnstige L\u00f6sung f\u00fcr alle, die unsere Produkte testen m\u00f6chten, bevor sie eine gr\u00f6\u00dfere Menge an Duftstoffen oder einen Spender kaufen. Das Nebula-Format besteht aus Aluminium, ist nachf\u00fcllbar und vor allem umweltfreundlich. Beim Kauf eines 0,250 g Duftes Ihrer Wahl erhalten Sie Nebula kostenlos. Ideal f\u00fcr kleine Mengen.<\/em><\/p>\n","protected":false},"excerpt":{"rendered":"<h3><strong>Olfaktorische Noten: Kopfnoten<\/strong><\/h3>\n<p>Der neue <strong>Raumduft f\u00fcr<\/strong> Autos wurde entwickelt, um den guten Geruch zu bewahren, den jedes Auto frisch aus dem Autohaus hat. Ein Duft mit aquatischen Noten, der perfekt ist, um schlechte Ger\u00fcche in Autos, Wohnwagen und Bussen zu beseitigen.<\/p>\n","protected":false},"featured_media":49094,"template":"","meta":{"_acf_changed":false},"product_brand":[],"product_cat":[812],"product_tag":[909,910,913,769,860],"class_list":{"0":"post-43718","1":"product","2":"type-product","3":"status-publish","4":"has-post-thumbnail","6":"product_cat-raumdufte","7":"product_tag-umgebungen-im-freien","8":"product_tag-messen-und-veranstaltungen","9":"product_tag-parfums-fur-messen","10":"product_tag-geschafte-einkaufen","11":"product_tag-autos-kraftfahrzeuge","13":"first","14":"instock","15":"taxable","16":"shipping-taxable","17":"purchasable","18":"product-type-variable"},"acf":[],"_links":{"self":[{"href":"https:\/\/www.specialscentshop.com\/de\/wp-json\/wp\/v2\/product\/43718","targetHints":{"allow":["GET"]}}],"collection":[{"href":"https:\/\/www.specialscentshop.com\/de\/wp-json\/wp\/v2\/product"}],"about":[{"href":"https:\/\/www.specialscentshop.com\/de\/wp-json\/wp\/v2\/types\/product"}],"wp:featuredmedia":[{"embeddable":true,"href":"https:\/\/www.specialscentshop.com\/de\/wp-json\/wp\/v2\/media\/49094"}],"wp:attachment":[{"href":"https:\/\/www.specialscentshop.com\/de\/wp-json\/wp\/v2\/media?parent=43718"}],"wp:term":[{"taxonomy":"product_brand","embeddable":true,"href":"https:\/\/www.specialscentshop.com\/de\/wp-json\/wp\/v2\/product_brand?post=43718"},{"taxonomy":"product_cat","embeddable":true,"href":"https:\/\/www.specialscentshop.com\/de\/wp-json\/wp\/v2\/product_cat?post=43718"},{"taxonomy":"product_tag","embeddable":true,"href":"https:\/\/www.specialscentshop.com\/de\/wp-json\/wp\/v2\/product_tag?post=43718"}],"curies":[{"name":"wp","href":"https:\/\/api.w.org\/{rel}","templated":true}]}}