{"id":43725,"date":"2022-07-31T21:48:31","date_gmt":"2022-07-31T19:48:31","guid":{"rendered":"https:\/\/www.specialscentshop.com\/product\/boreko\/"},"modified":"2025-06-29T20:35:40","modified_gmt":"2025-06-29T18:35:40","slug":"boreko","status":"publish","type":"product","link":"https:\/\/www.specialscentshop.com\/de\/produkt\/boreko\/","title":{"rendered":"Boreko"},"content":{"rendered":"<h2><strong>Wirkung auf die Umwelt <\/strong><\/h2>\n<ul>\n<li>Diese Duftmischung gilt als gutes Mittel gegen schlechte Laune, vor allem wegen der Anwesenheit von Benzoe, das gegen Migr\u00e4ne eingesetzt wird und als hervorragendes Antidepressivum gilt.<\/li>\n<li>Insgesamt sorgt dieser <a href=\"https:\/\/www.treccani.it\/vocabolario\/profumazione\/\" target=\"_blank\" rel=\"noopener\">Duft<\/a> in kurzer Zeit f\u00fcr gute Laune.<\/li>\n<\/ul>\n<h2><strong>Der Boreko Raumduft ist besonders geeignet f\u00fcr:<\/strong><\/h2>\n<ul>\n<li>Schlafzimmer: Amber hat entspannende und verf\u00fchrerische Eigenschaften, die dazu beitragen k\u00f6nnen, eine warme und gem\u00fctliche Atmosph\u00e4re zum Schlafen zu schaffen. Holz und Oud k\u00f6nnen dazu beitragen, eine rustikale und gem\u00fctliche Atmosph\u00e4re zu schaffen. Fruchtige D\u00fcfte k\u00f6nnen eine frische und lebendige Atmosph\u00e4re schaffen.<\/li>\n<li>Wohnzimmer: Bernstein hat warme und angenehme Eigenschaften, die dazu beitragen k\u00f6nnen, eine gem\u00fctliche und komfortable Atmosph\u00e4re zum Entspannen zu schaffen. Holz und Oud k\u00f6nnen dazu beitragen, eine rustikale und warme Atmosph\u00e4re zu schaffen. Fruchtige D\u00fcfte k\u00f6nnen eine frische und lebendige Atmosph\u00e4re schaffen.<\/li>\n<li>Wohnzimmer: Bernstein hat warme und angenehme Eigenschaften, die dazu beitragen k\u00f6nnen, eine gem\u00fctliche und komfortable Atmosph\u00e4re zum Entspannen zu schaffen. Holz und Oud k\u00f6nnen dazu beitragen, eine rustikale und warme Atmosph\u00e4re zu schaffen. Fruchtige D\u00fcfte k\u00f6nnen eine frische und lebendige Atmosph\u00e4re schaffen.<\/li>\n<li>Studio: Amber hat anregende und verf\u00fchrerische Eigenschaften, die dazu beitragen k\u00f6nnen, eine konzentrierte und professionelle Atmosph\u00e4re zu schaffen. Holz und Oud k\u00f6nnen dazu beitragen, eine rustikale und warme Atmosph\u00e4re zu schaffen. Fruchtige D\u00fcfte k\u00f6nnen eine frische und lebendige Atmosph\u00e4re schaffen.<\/li>\n<li>Bar\/Restaurant: Amber hat einladende und verf\u00fchrerische Eigenschaften, die dazu beitragen k\u00f6nnen, eine gem\u00fctliche und einladende Atmosph\u00e4re f\u00fcr die Kunden zu schaffen. Holz und Oud k\u00f6nnen dazu beitragen, eine rustikale und warme Atmosph\u00e4re zu schaffen. Fruchtige D\u00fcfte k\u00f6nnen f\u00fcr eine frische und lebendige Note sorgen.<\/li>\n<li>Empfangss\u00e4le: Amber hat elegante und verf\u00fchrerische Eigenschaften, die dazu beitragen k\u00f6nnen, eine fesselnde und elegante Atmosph\u00e4re f\u00fcr einen Empfang zu schaffen. Holz und Oud k\u00f6nnen dazu beitragen, eine rustikale und warme Atmosph\u00e4re zu schaffen. Fruchtige D\u00fcfte k\u00f6nnen f\u00fcr eine frische und lebendige Note sorgen.<\/li>\n<li>Gesellschaftliche Anl\u00e4sse: Amber hat verf\u00fchrerische und anregende Eigenschaften, die dazu beitragen k\u00f6nnen, eine elegante und fesselnde Atmosph\u00e4re f\u00fcr gesellschaftliche Anl\u00e4sse zu schaffen. Holz und Oud k\u00f6nnen dazu beitragen, eine rustikale und warme Atmosph\u00e4re zu schaffen. Fruchtige D\u00fcfte k\u00f6nnen die Atmosph\u00e4re auflockern.<\/li>\n<\/ul>\n<h2><strong>Eigenschaften des Boreko Raumparf\u00fcms:<\/strong><\/h2>\n<ul>\n<li>Wenn Sie auf der Suche nach Eleganz und gleichzeitig nach neuen und noch nie zuvor erlebten Duftnoten sind, ist <strong>Boreko Raumduft<\/strong> die richtige Mischung, die Sie ausprobieren sollten. Der Duft eignet sich f\u00fcr jedes raffinierte und besondere Ambiente und vermittelt schon bei den ersten Noten ein Gef\u00fchl von gro\u00dfem Wohlbefinden.<\/li>\n<li>Schaffen Sie ein neues Dufterlebnis f\u00fcr alle<\/li>\n<li><em>Wir haben eine gro\u00dfe Auswahl an <strong>Raumdiffusoren<\/strong>, einschlie\u00dflich unseres brandneuen Handsprays <a href=\"https:\/\/www.specialscentshop.com\/de\/produkt\/nebula-raumdiffusor-wiederaufladbar\/\"><strong>Nebula Boreko<\/strong><\/a>, das mit der gleichen Zerst\u00e4ubungstechnik wie unsere Diffusoren arbeitet. Eine perfekte und kosteng\u00fcnstige L\u00f6sung f\u00fcr alle, die unsere Produkte testen m\u00f6chten, bevor sie eine gr\u00f6\u00dfere Menge an Duftstoffen oder einen Spender kaufen.<\/em><\/li>\n<li><em> Das Nebula-Format besteht aus Aluminium, ist nachf\u00fcllbar und vor allem umweltfreundlich. Beim Kauf eines 0,250 g Duftes Ihrer Wahl erhalten Sie Nebula kostenlos. Ideal f\u00fcr kleine Mengen. <\/em><\/li>\n<\/ul>\n<p><em><strong>Mehr lesen: <a href=\"https:\/\/www.specialscentshop.com\/de\/produkt\/besonderes-oud\/\">Besonderes Oud<\/a><\/strong><\/em><\/p>\n","protected":false},"excerpt":{"rendered":"<section class=\"av_textblock_section \">\n<div class=\"avia_textblock \">\n<h3><strong>Boreko Raumduft<\/strong><\/h3>\n<h4>Geruchsnoten: Kopfnoten, Mittelnoten, Basisnoten<\/h4>\n<h5><span style=\"color: #333333;\">Boreko ist ein holziger Amberduft mit fruchtigen und moschusartigen Obert\u00f6nen<\/span><\/h5>\n<p>In der Duftpyramide: Kopfnoten: Tuberose, Kokosnuss Mittelnoten: Benzoe, Muskatnuss Basisnoten: Patchouli, Amber, Moschus Duft mit stark orientalischem Einschlag, kostbar, elegant und luxuri\u00f6s.<\/p>\n<p><strong>UFI CODE: SS00-10Y3-X009-TJG9<\/strong><\/p>\n<p><a href=\"https:\/\/www.specialscentshop.com\/de\/olfaktorisches-marketing\/\">Perfekt f\u00fcr Geruchsmarketing<\/a><\/p>\n<\/div>\n<\/section>\n","protected":false},"featured_media":49044,"template":"","meta":{"_acf_changed":false},"product_brand":[],"product_cat":[812],"product_tag":[862,909,766,910,768,913,769],"class_list":{"0":"post-43725","1":"product","2":"type-product","3":"status-publish","4":"has-post-thumbnail","6":"product_cat-raumdufte","7":"product_tag-spielzimmer","8":"product_tag-umgebungen-im-freien","9":"product_tag-zuhause","10":"product_tag-messen-und-veranstaltungen","11":"product_tag-hotel-bb-de","12":"product_tag-parfums-fur-messen","13":"product_tag-geschafte-einkaufen","15":"first","16":"instock","17":"taxable","18":"shipping-taxable","19":"purchasable","20":"product-type-variable"},"acf":[],"_links":{"self":[{"href":"https:\/\/www.specialscentshop.com\/de\/wp-json\/wp\/v2\/product\/43725","targetHints":{"allow":["GET"]}}],"collection":[{"href":"https:\/\/www.specialscentshop.com\/de\/wp-json\/wp\/v2\/product"}],"about":[{"href":"https:\/\/www.specialscentshop.com\/de\/wp-json\/wp\/v2\/types\/product"}],"wp:featuredmedia":[{"embeddable":true,"href":"https:\/\/www.specialscentshop.com\/de\/wp-json\/wp\/v2\/media\/49044"}],"wp:attachment":[{"href":"https:\/\/www.specialscentshop.com\/de\/wp-json\/wp\/v2\/media?parent=43725"}],"wp:term":[{"taxonomy":"product_brand","embeddable":true,"href":"https:\/\/www.specialscentshop.com\/de\/wp-json\/wp\/v2\/product_brand?post=43725"},{"taxonomy":"product_cat","embeddable":true,"href":"https:\/\/www.specialscentshop.com\/de\/wp-json\/wp\/v2\/product_cat?post=43725"},{"taxonomy":"product_tag","embeddable":true,"href":"https:\/\/www.specialscentshop.com\/de\/wp-json\/wp\/v2\/product_tag?post=43725"}],"curies":[{"name":"wp","href":"https:\/\/api.w.org\/{rel}","templated":true}]}}