{"id":43883,"date":"2022-08-01T08:18:52","date_gmt":"2022-08-01T06:18:52","guid":{"rendered":"https:\/\/www.specialscentshop.com\/product\/katalanische-creme\/"},"modified":"2025-07-02T21:12:36","modified_gmt":"2025-07-02T19:12:36","slug":"katalanische-creme","status":"publish","type":"product","link":"https:\/\/www.specialscentshop.com\/de\/produkt\/katalanische-creme\/","title":{"rendered":"Katalanische Creme"},"content":{"rendered":"<h2><strong>Wirkung in der Umwelt<\/strong><\/h2>\n<p>Wenn die Wirkung des <a href=\"https:\/\/it.wikipedia.org\/wiki\/Crema_catalana\" target=\"_blank\" rel=\"noopener\">Crema Catalana<\/a> darin besteht, sich in einer warmen Umarmung willkommen zu f\u00fchlen, verst\u00e4rken die Herznoten seine entspannenden Eigenschaften mit aphrodisierenden Ankl\u00e4ngen. Er eignet sich f\u00fcr ruhige Umgebungen, in denen Gespr\u00e4che angenehm sind. In Restaurants, wo seine S\u00fc\u00dfe das i-T\u00fcpfelchen ist, oder in Hotels und B&amp;Bs f\u00fcr entspannende Nachmittage.<\/p>\n<p>&nbsp;<\/p>\n<h2><strong> Eigenschaften Raumduft katalanische creme<\/strong><\/h2>\n<p>Die Mischung der Duftnoten macht diesen Duft zu einem der beliebtesten im Bereich der <strong>Lebensmittelparf\u00fcms.<\/strong><\/p>\n<p><em>Wir haben eine gro\u00dfe Auswahl an Raumdiffusoren, einschlie\u00dflich unseres brandneuen Handsprays <a href=\"https:\/\/www.specialscentshop.com\/de\/produkt\/nebula-raumdiffusor-wiederaufladbar\/\">Nebula<\/a>, das mit der gleichen Zerst\u00e4ubungstechnik wie unsere Diffusoren arbeitet. Eine perfekte und kosteng\u00fcnstige L\u00f6sung f\u00fcr alle, die unsere Produkte testen m\u00f6chten, bevor sie eine gr\u00f6\u00dfere Menge an Duftstoffen oder einen Spender kaufen. Das Nebula-Format besteht aus Aluminium, ist nachf\u00fcllbar und vor allem umweltfreundlich. Beim Kauf eines 0,250 g Duftes Ihrer Wahl erhalten Sie Nebula kostenlos. Ideal f\u00fcr kleine Mengen. <\/em><\/p>\n<h2 class=\"p1\"><b>Besonders geeignet f\u00fcr:<\/b><\/h2>\n<ul>\n<li class=\"p1\">Konditoreien und Eiscaf\u00e9s<\/li>\n<li class=\"p1\">Restaurants und Caf\u00e9s<\/li>\n<li>S\u00fc\u00dfwarenfabriken und Produktionsst\u00e4tten<\/li>\n<li>Gesch\u00e4fte f\u00fcr Haushaltswaren und K\u00fcchenartikel<\/li>\n<li>Messen und Ausstellungen f\u00fcr Lebensmittel und Gastronomie<\/li>\n<li>S\u00e4le f\u00fcr Veranstaltungen und Hochzeiten mit einem kulinarischen Thema<\/li>\n<li>Lebensmittell\u00e4den und Superm\u00e4rkte mit einer Abteilung f\u00fcr S\u00fc\u00dfigkeiten<\/li>\n<li class=\"li1\">Restaurants, Clubs, Gesch\u00e4fte und gro\u00dfe Veranstaltungsorte<\/li>\n<\/ul>\n<p><em><strong>Mehr lesen: <a href=\"https:\/\/www.specialscentshop.com\/de\/produkt\/kekse-und-kaffee\/\">Kekse und Kaffee\u00a0<\/a><\/strong><\/em><\/p>\n<p>&nbsp;<\/p>\n","protected":false},"excerpt":{"rendered":"<h3>Crema Catalana Raumduft<\/h3>\n<h4>Geruchsnoten: Kopfnoten &#8211; Herznoten &#8211; <strong>Basisnoten<\/strong><\/h4>\n<p>Das<strong> Ambient Catalan Cream Parfum<\/strong> reproduziert getreu das Aroma der typischen S\u00fc\u00dfigkeit Kataloniens, Spaniens, die hei\u00df genossen wird und daher ein s\u00fc\u00dfes und s\u00fcchtig machendes Aroma verstr\u00f6mt. mit seinen olfaktorischen Noten.<\/p>\n<p>Special Scent hat dieses Aroma mit seinen Duftnoten originalgetreu wiedergegeben: Kopfnote: Orange &#8211; Zitrone Mittelnote: Ylang Ylang<em>(Cananga odorata)<\/em> Basisnote: Tonkabohne &#8211; Vanille<\/p>\n","protected":false},"featured_media":47990,"template":"","meta":{"_acf_changed":false},"product_brand":[],"product_cat":[923],"product_tag":[909,910,913,766,769,770],"class_list":{"0":"post-43883","1":"product","2":"type-product","3":"status-publish","4":"has-post-thumbnail","6":"product_cat-drinkfood-raumdufte","7":"product_tag-umgebungen-im-freien","8":"product_tag-messen-und-veranstaltungen","9":"product_tag-parfums-fur-messen","10":"product_tag-zuhause","11":"product_tag-geschafte-einkaufen","12":"product_tag-restaurants-bars-de","14":"first","15":"instock","16":"taxable","17":"shipping-taxable","18":"purchasable","19":"product-type-variable"},"acf":[],"_links":{"self":[{"href":"https:\/\/www.specialscentshop.com\/de\/wp-json\/wp\/v2\/product\/43883","targetHints":{"allow":["GET"]}}],"collection":[{"href":"https:\/\/www.specialscentshop.com\/de\/wp-json\/wp\/v2\/product"}],"about":[{"href":"https:\/\/www.specialscentshop.com\/de\/wp-json\/wp\/v2\/types\/product"}],"wp:featuredmedia":[{"embeddable":true,"href":"https:\/\/www.specialscentshop.com\/de\/wp-json\/wp\/v2\/media\/47990"}],"wp:attachment":[{"href":"https:\/\/www.specialscentshop.com\/de\/wp-json\/wp\/v2\/media?parent=43883"}],"wp:term":[{"taxonomy":"product_brand","embeddable":true,"href":"https:\/\/www.specialscentshop.com\/de\/wp-json\/wp\/v2\/product_brand?post=43883"},{"taxonomy":"product_cat","embeddable":true,"href":"https:\/\/www.specialscentshop.com\/de\/wp-json\/wp\/v2\/product_cat?post=43883"},{"taxonomy":"product_tag","embeddable":true,"href":"https:\/\/www.specialscentshop.com\/de\/wp-json\/wp\/v2\/product_tag?post=43883"}],"curies":[{"name":"wp","href":"https:\/\/api.w.org\/{rel}","templated":true}]}}