{"id":43892,"date":"2022-08-01T11:13:55","date_gmt":"2022-08-01T09:13:55","guid":{"rendered":"https:\/\/www.specialscentshop.com\/product\/olivenoel\/"},"modified":"2025-07-27T20:06:20","modified_gmt":"2025-07-27T18:06:20","slug":"olivenoel","status":"publish","type":"product","link":"https:\/\/www.specialscentshop.com\/de\/produkt\/olivenoel\/","title":{"rendered":"Oliven\u00f6l"},"content":{"rendered":"<h2><strong>Wirkung in der Umwelt<\/strong><\/h2>\n<p>Der<strong> Oliven\u00f6l Raumduft<\/strong>, den Sie online in allen Formaten kaufen k\u00f6nnen, ist ideal f\u00fcr gewerbliche Aktivit\u00e4ten: Lebensmittelgesch\u00e4fte, Sandwichshops, B\u00e4ckereien und Orte, an denen sich der Duft von \u00d6l nicht mit anderen Aromen vermischt. Wir alle kennen den Geschmack eines guten Oliven\u00f6ls, das in Verbindung mit Brot einen <strong>einzigartigen Duft<\/strong> annimmt. Die gleiche Einzigartigkeit finden wir auch in diesem Duft.<\/p>\n<h2><strong>Eigenschaften<\/strong><\/h2>\n<p>Eine perfekt abgestimmte Mischung, die das Aroma von Oliven\u00f6l nachahmt. Es gibt keinen besseren Weg, um Gaumen und Geruchssinn zu befriedigen.<\/p>\n<p><em>Wir haben eine gro\u00dfe Auswahl an Raumdiffusoren, einschlie\u00dflich unseres brandneuen <a href=\"https:\/\/www.specialscentshop.com\/de\/produkt\/nebula-raumdiffusor-wiederaufladbar\/\">Handsprays Nebula<\/a>, das mit der gleichen Zerst\u00e4ubungstechnik wie unsere Diffusoren arbeitet. Eine perfekte und kosteng\u00fcnstige L\u00f6sung f\u00fcr alle, die unsere Produkte testen m\u00f6chten, bevor sie eine gr\u00f6\u00dfere Menge an Duftstoffen oder einen Spender kaufen. Das Nebula-Format besteht aus Aluminium, ist nachf\u00fcllbar und vor allem umweltfreundlich. Beim Kauf eines 0,250 g Duftes Ihrer Wahl erhalten Sie Nebula kostenlos. Ideal f\u00fcr kleine Mengen. <\/em><\/p>\n<h2 class=\"p1\"><b>Das Oliven\u00f6l Raumparf\u00fcm ist besonders geeignet f\u00fcr:<\/b><\/h2>\n<ul>\n<li>K\u00fcchen und Esszimmer<\/li>\n<li>Lebensmittell\u00e4den und Superm\u00e4rkte<\/li>\n<li>Restaurants und Caf\u00e9s<\/li>\n<li>H\u00f6hlen und Keller f\u00fcr die Lagerung und Reifung von Oliven\u00f6l<\/li>\n<li>Oliven\u00f6lfabriken und Produktionsst\u00e4tten<\/li>\n<li>Gesch\u00e4fte f\u00fcr Haushaltswaren und K\u00fcchenartikel<\/li>\n<li>Messen und Ausstellungen f\u00fcr Lebensmittel und Gastronomie<\/li>\n<li>S\u00e4le f\u00fcr Veranstaltungen und Hochzeiten mit einem kulinarischen Thema<\/li>\n<li class=\"li1\">Restaurants, Clubs, Gesch\u00e4fte und gro\u00dfe Veranstaltungsorte<\/li>\n<\/ul>\n<p><em><strong>mehr lesen:<a href=\"https:\/\/www.specialscentshop.com\/de\/produkt\/brot\/\"> Brot<\/a><\/strong><\/em><\/p>\n","protected":false},"excerpt":{"rendered":"<section class=\"av_textblock_section \">\n<div class=\"avia_textblock \">\n<h3>Oliven\u00f6l Raumduft<\/h3>\n<p>Der Oliven\u00f6l-Raumduft wurde entwickelt, um Menschen, die bestimmte R\u00e4ume betreten, mit einem einzigartigen Geruchserlebnis zu begleiten.<\/p>\n<p>Um diesen Duft zu kreieren, haben wir 3 verschiedene Arten von Duftnoten verwendet: Kopfnoten: Anisata &#8211; Gr\u00fcn &#8211; Aldeidisch Mittelnoten: Rose &#8211; Jasmin &#8211; Maigl\u00f6ckchen &#8211; W\u00fcrzig &#8211; Wei\u00dfdorn Basisnoten: Moschus &#8211; Tonkabohne &#8211; Patchouli &#8211; Vanille<\/p>\n<\/div>\n<\/section>\n","protected":false},"featured_media":47965,"template":"","meta":{"_acf_changed":false},"product_brand":[],"product_cat":[923],"product_tag":[909,910,913,766,768,770],"class_list":{"0":"post-43892","1":"product","2":"type-product","3":"status-publish","4":"has-post-thumbnail","6":"product_cat-drinkfood-raumdufte","7":"product_tag-umgebungen-im-freien","8":"product_tag-messen-und-veranstaltungen","9":"product_tag-parfums-fur-messen","10":"product_tag-zuhause","11":"product_tag-hotel-bb-de","12":"product_tag-restaurants-bars-de","14":"first","15":"instock","16":"taxable","17":"shipping-taxable","18":"purchasable","19":"product-type-variable"},"acf":[],"_links":{"self":[{"href":"https:\/\/www.specialscentshop.com\/de\/wp-json\/wp\/v2\/product\/43892","targetHints":{"allow":["GET"]}}],"collection":[{"href":"https:\/\/www.specialscentshop.com\/de\/wp-json\/wp\/v2\/product"}],"about":[{"href":"https:\/\/www.specialscentshop.com\/de\/wp-json\/wp\/v2\/types\/product"}],"wp:featuredmedia":[{"embeddable":true,"href":"https:\/\/www.specialscentshop.com\/de\/wp-json\/wp\/v2\/media\/47965"}],"wp:attachment":[{"href":"https:\/\/www.specialscentshop.com\/de\/wp-json\/wp\/v2\/media?parent=43892"}],"wp:term":[{"taxonomy":"product_brand","embeddable":true,"href":"https:\/\/www.specialscentshop.com\/de\/wp-json\/wp\/v2\/product_brand?post=43892"},{"taxonomy":"product_cat","embeddable":true,"href":"https:\/\/www.specialscentshop.com\/de\/wp-json\/wp\/v2\/product_cat?post=43892"},{"taxonomy":"product_tag","embeddable":true,"href":"https:\/\/www.specialscentshop.com\/de\/wp-json\/wp\/v2\/product_tag?post=43892"}],"curies":[{"name":"wp","href":"https:\/\/api.w.org\/{rel}","templated":true}]}}