{"id":43901,"date":"2022-06-24T11:35:58","date_gmt":"2022-06-24T09:35:58","guid":{"rendered":"https:\/\/www.specialscentshop.com\/product\/kaffee-roesten\/"},"modified":"2025-07-29T22:02:49","modified_gmt":"2025-07-29T20:02:49","slug":"kaffee-roesten","status":"publish","type":"product","link":"https:\/\/www.specialscentshop.com\/de\/produkt\/kaffee-roesten\/","title":{"rendered":"Kaffee r\u00f6sten"},"content":{"rendered":"<h2><strong>Wirkung in der Umwelt<\/strong><\/h2>\n<p><strong>Parf\u00fcm Umwelt Kaffeer\u00f6stung<\/strong>, die Verwendung dieses Aromas ist f\u00fcr jede R\u00f6sterei, jeden Coffeeshop oder jedes Pads- und Kapselgesch\u00e4ft sicherlich von Vorteil. Das Aroma wird mit Sicherheit Menschen anziehen, die nicht anders k\u00f6nnen, als den guten Kaffee des Caf\u00e9s zu genie\u00dfen.<br \/>\nEr wird auch verwendet, um<a href=\"https:\/\/famigros.migros.ch\/it\/vita-in-famiglia\/consigli-per-casa\/eliminare-gli-odori\" target=\"_blank\" rel=\"noopener\"> unangenehme Ger\u00fcche<\/a> in geschlossenen R\u00e4umen zu \u00fcberdecken. Wir empfehlen ihn auch f\u00fcr B\u00fcros, um den Aufenthalt der Kunden angenehm zu gestalten und die Arbeitsumgebung harmonisch zu gestalten.<\/p>\n<h2><strong>Eigenschaften<\/strong><\/h2>\n<p>Duftmarketing gilt heute als die beste Art, f\u00fcr seine Produkte zu werben und Kunden anzuziehen. Eine Verkaufsstrategie, die inzwischen gut etabliert ist und von vielen Gesch\u00e4ftsinhabern gesch\u00e4tzt wird.<\/p>\n<p><em>Wir haben eine gro\u00dfe Auswahl an <strong>Raumdiffusoren<\/strong><\/em><em>Dazu geh\u00f6rt auch unser brandneues Handspray <a href=\"https:\/\/www.specialscentshop.com\/de\/produkt\/nebula-raumdiffusor-wiederaufladbar\/\">Nebula<\/a>, das mit der gleichen Zerst\u00e4ubungstechnik arbeitet wie unsere Spender. Eine perfekte und kosteng\u00fcnstige L\u00f6sung f\u00fcr alle, die unsere Produkte testen m\u00f6chten, bevor sie eine gr\u00f6\u00dfere Menge an Duftstoffen oder eine Spendermaschine kaufen. Das Nebula-Format besteht aus Aluminium, ist nachf\u00fcllbar und vor allem umweltfreundlich. Beim Kauf eines 0,250er Duftes Ihrer Wahl erhalten Sie Nebula kostenlos. Ideal f\u00fcr kleine Mengen. <\/em><\/p>\n<h2 class=\"p1\"><b>Besonders geeignet f\u00fcr:<\/b><\/h2>\n<ul>\n<li>Caf\u00e9s und Bars speziell f\u00fcr den Aufenthalt im Freien<\/li>\n<li>Kaffeer\u00f6ster und -fabriken<\/li>\n<li class=\"li1\">Abdeckung f\u00fcr das Vorhandensein von Ger\u00fcchen<\/li>\n<\/ul>\n<p><em><strong>mehr lesen: <a href=\"https:\/\/www.specialscentshop.com\/de\/produkt\/kaffee\/\">Ambient Parf\u00fcm Kaffe<\/a><\/strong><\/em><\/p>\n","protected":false},"excerpt":{"rendered":"<h3>Parf\u00fcm Umwelt Kaffeer\u00f6stung<\/h3>\n<h4>Olfaktorische Noten: Basisnoten<\/h4>\n<p>Der <strong>Umgebungsduft von<\/strong> gemahlenem Kaffee ist vielleicht einer der intensivsten und am meisten gesch\u00e4tzten D\u00fcfte wegen seines intensiven und vollmundigen Aromas. Wenn wir an einer Kaffeer\u00f6sterei vorbeikommen, halten wir instinktiv inne, um den Duft zu genie\u00dfen, und treten mit ziemlicher Sicherheit ein, um ein Qualit\u00e4tsprodukt zu kaufen und wenn die Umgebung es zul\u00e4sst, einen guten Kaffee zu genie\u00dfen.<\/p>\n<p><strong>Ausgezeichneter Duft f\u00fcr <a href=\"https:\/\/www.specialscentshop.com\/de\/olfaktorisches-marketing\/\">olfaktorisches Marketing<\/a><\/strong><\/p>\n<p>&nbsp;<\/p>\n","protected":false},"featured_media":48015,"template":"","meta":{"_acf_changed":false},"product_brand":[],"product_cat":[923],"product_tag":[908,909],"class_list":{"0":"post-43901","1":"product","2":"type-product","3":"status-publish","4":"has-post-thumbnail","6":"product_cat-drinkfood-raumdufte","7":"product_tag-eigentumswohnungen","8":"product_tag-umgebungen-im-freien","10":"first","11":"instock","12":"taxable","13":"shipping-taxable","14":"purchasable","15":"product-type-variable"},"acf":[],"_links":{"self":[{"href":"https:\/\/www.specialscentshop.com\/de\/wp-json\/wp\/v2\/product\/43901","targetHints":{"allow":["GET"]}}],"collection":[{"href":"https:\/\/www.specialscentshop.com\/de\/wp-json\/wp\/v2\/product"}],"about":[{"href":"https:\/\/www.specialscentshop.com\/de\/wp-json\/wp\/v2\/types\/product"}],"wp:featuredmedia":[{"embeddable":true,"href":"https:\/\/www.specialscentshop.com\/de\/wp-json\/wp\/v2\/media\/48015"}],"wp:attachment":[{"href":"https:\/\/www.specialscentshop.com\/de\/wp-json\/wp\/v2\/media?parent=43901"}],"wp:term":[{"taxonomy":"product_brand","embeddable":true,"href":"https:\/\/www.specialscentshop.com\/de\/wp-json\/wp\/v2\/product_brand?post=43901"},{"taxonomy":"product_cat","embeddable":true,"href":"https:\/\/www.specialscentshop.com\/de\/wp-json\/wp\/v2\/product_cat?post=43901"},{"taxonomy":"product_tag","embeddable":true,"href":"https:\/\/www.specialscentshop.com\/de\/wp-json\/wp\/v2\/product_tag?post=43901"}],"curies":[{"name":"wp","href":"https:\/\/api.w.org\/{rel}","templated":true}]}}