{"id":43910,"date":"2020-06-18T15:29:23","date_gmt":"2020-06-18T13:29:23","guid":{"rendered":"https:\/\/www.specialscentshop.com\/product\/kekse-und-kaffee\/"},"modified":"2025-08-03T12:06:53","modified_gmt":"2025-08-03T10:06:53","slug":"kekse-und-kaffee","status":"publish","type":"product","link":"https:\/\/www.specialscentshop.com\/de\/produkt\/kekse-und-kaffee\/","title":{"rendered":"Kekse und Kaffee"},"content":{"rendered":"<div class=\"av-special-heading av-9pcb1-7afdfa9eb8d402da347612e95a1a511d av-special-heading-h3 custom-color-heading blockquote modern-quote avia-builder-el-32 el_before_av_textblock avia-builder-el-first av-inherit-size \">\n<h2><strong>Wirkung in der Umwelt<\/strong><\/h2>\n<p>Der Duft von <a href=\"https:\/\/www.pavesi.it\/brands\/detail\/togo\" target=\"_blank\" rel=\"noopener\">Keksen und Kaffee<\/a> ist ideal f\u00fcr viele Umgebungen.<br \/>\nWir empfehlen ihn vor allem f\u00fcr Bars, Konditoreien, Teestuben und all jene Umgebungen, in denen morgens das Fr\u00fchst\u00fcck oder nachmittags der Tee zubereitet wird. Ein Duft, der schon mit den ersten Noten die Kunden mit seinem Aroma in Ihre Umgebung zieht. Und nicht nur das, schon vor dem Eintreten werden sie von dem zarten Duft von Keksen und Kaffee angezogen.<\/p>\n<h2><strong>Eigenschaften <\/strong><\/h2>\n<p>Der <strong>Raumduft Biscuit and Coffee<\/strong> besteht aus zwei Elementen, die man einfach lieben muss und die schon am ersten Morgen Energie spenden. Er wurde speziell als ausgewogene Mischung f\u00fcr unseren Geruchssinn entwickelt und schafft ein einzigartiges Dufterlebnis.<\/p>\n<p><em>Wir haben eine gro\u00dfe Auswahl an Raumdiffusoren, einschlie\u00dflich unseres brandneuen Handsprays<a href=\"https:\/\/www.specialscentshop.com\/de\/produkt\/nebula-raumdiffusor-wiederaufladbar\/\"> Nebula<\/a>, das mit der gleichen Zerst\u00e4ubungstechnik wie unsere Diffusoren arbeitet. Eine perfekte und kosteng\u00fcnstige L\u00f6sung f\u00fcr alle, die unsere Produkte testen m\u00f6chten, bevor sie eine gr\u00f6\u00dfere Menge an Duftstoffen oder einen Spender kaufen. Das Nebula-Format besteht aus Aluminium, ist nachf\u00fcllbar und vor allem umweltfreundlich. Beim Kauf eines 0,250 g Duftes Ihrer Wahl erhalten Sie Nebula kostenlos. Ideal f\u00fcr kleine Mengen. <\/em><\/p>\n<\/div>\n<h2 class=\"p1\"><b>Besonders geeignet f\u00fcr:<\/b><\/h2>\n<p>Hier ist eine Liste von Umgebungen, in denen der Duft von <strong>Keksen und Kaffee<\/strong> angebracht sein k\u00f6nnte:<\/p>\n<ol>\n<li>Caf\u00e9s und Bars<\/li>\n<li>Konditoreien und Backshops<\/li>\n<li>Speisesaal und Teestuben<\/li>\n<li>Warter\u00e4ume und G\u00e4stezimmer<\/li>\n<li>Bibliotheken und Studienr\u00e4ume<\/li>\n<li>Konferenz- und Tagungsr\u00e4ume<\/li>\n<li>Zuhause und im B\u00fcro, um eine gem\u00fctliche und komfortable Atmosph\u00e4re zu schaffen<\/li>\n<li>Veranstaltungen zu Essen und Trinken und Kaffeemessen<\/li>\n<li>Floh- und Gew\u00fcrzm\u00e4rkte<\/li>\n<\/ol>\n<p><em><strong>Lesen Sie mehr: <a href=\"https:\/\/www.specialscentshop.com\/de\/produkt\/kaffee\/\">kaffee<\/a><\/strong><\/em><\/p>\n","protected":false},"excerpt":{"rendered":"<section class=\"av_textblock_section \">\n<div class=\"avia_textblock \">\n<h3>Kekse und Kaffee Zimmerparf\u00fcm<\/h3>\n<p>Wenn der Duft von Keksen Sie in eine andere Zeit versetzt, dann wird das Aroma von frisch gebr\u00fchtem Kaffee zu einem unvergesslichen Geruchserlebnis. Nicht umsonst nennt man sie &#8216;Herznote&#8217;, denn wenn sich Ihre Kunden Ihrem Lokal n\u00e4hern, k\u00f6nnen sie nicht anders, als einzutreten. Eine Einladung, den Geschmack und das Aroma am Morgen oder an einem Nachmittag mit Freunden zu genie\u00dfen.<\/p>\n<p><strong>Ideal f\u00fcr <a href=\"https:\/\/www.specialscentshop.com\/de\/olfaktorisches-marketing\/\">Geruchsmar<\/a>k<a href=\"https:\/\/www.specialscentshop.com\/de\/olfaktorisches-marketing\/\">eting <\/a> <\/strong><\/p>\n<\/div>\n<\/section>\n","protected":false},"featured_media":48040,"template":"","meta":{"_acf_changed":false},"product_brand":[],"product_cat":[923],"product_tag":[909,910,913,768,769,770],"class_list":{"0":"post-43910","1":"product","2":"type-product","3":"status-publish","4":"has-post-thumbnail","6":"product_cat-drinkfood-raumdufte","7":"product_tag-umgebungen-im-freien","8":"product_tag-messen-und-veranstaltungen","9":"product_tag-parfums-fur-messen","10":"product_tag-hotel-bb-de","11":"product_tag-geschafte-einkaufen","12":"product_tag-restaurants-bars-de","14":"first","15":"instock","16":"taxable","17":"shipping-taxable","18":"purchasable","19":"product-type-variable"},"acf":[],"_links":{"self":[{"href":"https:\/\/www.specialscentshop.com\/de\/wp-json\/wp\/v2\/product\/43910","targetHints":{"allow":["GET"]}}],"collection":[{"href":"https:\/\/www.specialscentshop.com\/de\/wp-json\/wp\/v2\/product"}],"about":[{"href":"https:\/\/www.specialscentshop.com\/de\/wp-json\/wp\/v2\/types\/product"}],"wp:featuredmedia":[{"embeddable":true,"href":"https:\/\/www.specialscentshop.com\/de\/wp-json\/wp\/v2\/media\/48040"}],"wp:attachment":[{"href":"https:\/\/www.specialscentshop.com\/de\/wp-json\/wp\/v2\/media?parent=43910"}],"wp:term":[{"taxonomy":"product_brand","embeddable":true,"href":"https:\/\/www.specialscentshop.com\/de\/wp-json\/wp\/v2\/product_brand?post=43910"},{"taxonomy":"product_cat","embeddable":true,"href":"https:\/\/www.specialscentshop.com\/de\/wp-json\/wp\/v2\/product_cat?post=43910"},{"taxonomy":"product_tag","embeddable":true,"href":"https:\/\/www.specialscentshop.com\/de\/wp-json\/wp\/v2\/product_tag?post=43910"}],"curies":[{"name":"wp","href":"https:\/\/api.w.org\/{rel}","templated":true}]}}