{"id":43919,"date":"2020-06-18T15:45:37","date_gmt":"2020-06-18T13:45:37","guid":{"rendered":"https:\/\/www.specialscentshop.com\/product\/cola\/"},"modified":"2025-07-02T21:00:52","modified_gmt":"2025-07-02T19:00:52","slug":"cola","status":"publish","type":"product","link":"https:\/\/www.specialscentshop.com\/de\/produkt\/cola\/","title":{"rendered":"Cola"},"content":{"rendered":"<div class=\"av-special-heading av-aoc1c-07fac9911c3699907702fe71a9b30216 av-special-heading-h3 custom-color-heading blockquote modern-quote avia-builder-el-27 el_before_av_textblock avia-builder-el-first av-inherit-size \">\n<h2><strong>Wirkung in der Umwelt<\/strong><\/h2>\n<p>D\u00fcfte wie diese sind ideal f\u00fcr Umgebungen, die von jungen Menschen frequentiert werden, aber auch f\u00fcr Umgebungen, in denen die sensorische Stimulation im Vordergrund steht, und f\u00fcr Umgebungen, die von Menschen frequentiert werden, die weniger den Geruch von Alkohol und mehr den von Nicht-Alkohol m\u00f6gen. Special Scent hat betr\u00e4chtliche Erfahrung im <strong>Duftsektor<\/strong> gesammelt und kennt den Wert einer<a href=\"https:\/\/www.specialscentshop.com\/de\/duefte-fuer-bars-baeckereien-konditoreien-pizzerien-weinstuben\/\"> einladenden Umgebung<\/a>. Wenn Sie eine Bar, eine Sandwich-Bar, einen Nachtclub oder einen Tanzsaal haben, in dem alkoholfreie Getr\u00e4nke mehr gesch\u00e4tzt werden, ist dieser <strong>Duft<\/strong> genau das Richtige f\u00fcr Sie.<\/p>\n<h2><strong>Eigenschaften<\/strong><\/h2>\n<p>Das<strong> <a href=\"https:\/\/www.coca-colaitalia.it\/\" target=\"_blank\" rel=\"noopener\">Cola <\/a>Room Perfume<\/strong> ist ein Duft, der sich an ein junges Publikum richtet. Seine Duftnoten erinnern an das klassische Aroma des beliebtesten Getr\u00e4nks aller Zeiten.<br \/>\nUnser Unternehmen ist begeistert, eine Essenz anbieten zu k\u00f6nnen, die auf einem so bekannten Produkt basiert und es in einer olfaktorischen Tonart pr\u00e4sentiert. Alle unsere D\u00fcfte sind IFRA-zertifiziert und jedes Produkt ist ausschlie\u00dflich MADE IN ITALY.<\/p>\n<p><em>Wir haben eine gro\u00dfe Auswahl an Raumdiffusoren, darunter unseren brandneuen<strong> <a href=\"https:\/\/www.specialscentshop.com\/de\/produkt\/nebula-raumdiffusor-wiederaufladbar\/\">Nebula<\/a> Handzerst\u00e4uber <\/strong>, der mit der gleichen Zerst\u00e4ubungstechnik arbeitet wie unsere Diffusoren. Eine perfekte und kosteng\u00fcnstige L\u00f6sung f\u00fcr alle, die unsere Produkte testen m\u00f6chten, bevor sie eine gr\u00f6\u00dfere Menge an Duftstoffen oder einen Spender kaufen. Das Nebula-Format besteht aus Aluminium, ist nachf\u00fcllbar und vor allem umweltfreundlich. Beim Kauf eines 0,250 g Duftes Ihrer Wahl erhalten Sie Nebula kostenlos. Ideal f\u00fcr kleine Mengen. <\/em><\/p>\n<h2 class=\"p1\"><b>Besonders geeignet f\u00fcr:<\/b><\/h2>\n<p>Hier ist eine Liste von Umgebungen, f\u00fcr die der Duft von Cola geeignet sein k\u00f6nnte:<\/p>\n<ul>\n<li>Spiele und Spielhallen<\/li>\n<li>Kinos und Kinos\u00e4le<\/li>\n<li>Themenparks<\/li>\n<li>Souvenir- und S\u00fc\u00dfwarengesch\u00e4fte<\/li>\n<li>Bars und Restaurants<\/li>\n<li>Themenpartys und Veranstaltungen<\/li>\n<li>Urlaubsorte wie Wasserparks und Vergn\u00fcgungsparks<\/li>\n<li class=\"li1\">Restaurants, Clubs, Gesch\u00e4fte und gro\u00dfe Veranstaltungsorte<\/li>\n<\/ul>\n<p><em><strong>Weiterlesen: \u00a0<a href=\"https:\/\/www.specialscentshop.com\/de\/produkt\/pina-colada\/\">Der Raumduft Pi\u00f1a Colada<\/a><\/strong><\/em><\/p>\n<\/div>\n","protected":false},"excerpt":{"rendered":"<h3>Cola Ambience Parf\u00fcm<\/h3>\n<p>Mit seinem unverwechselbaren Geschmack ist der Cola-Duft ebenso ein Geruchserlebnis. Einzigartig! Dieser Duft ist eine Neuheit auf dem Markt, insbesondere auf dem Geruchsmarkt. Ein frisches Aroma, das sich f\u00fcr jugendliche Umgebungen eignet.<\/p>\n","protected":false},"featured_media":48140,"template":"","meta":{"_acf_changed":false},"product_brand":[],"product_cat":[923],"product_tag":[862,766,908,767,909,768,910,769,913,770],"class_list":{"0":"post-43919","1":"product","2":"type-product","3":"status-publish","4":"has-post-thumbnail","6":"product_cat-drinkfood-raumdufte","7":"product_tag-spielzimmer","8":"product_tag-zuhause","9":"product_tag-eigentumswohnungen","10":"product_tag-buro","11":"product_tag-umgebungen-im-freien","12":"product_tag-hotel-bb-de","13":"product_tag-messen-und-veranstaltungen","14":"product_tag-geschafte-einkaufen","15":"product_tag-parfums-fur-messen","16":"product_tag-restaurants-bars-de","18":"first","19":"instock","20":"taxable","21":"shipping-taxable","22":"purchasable","23":"product-type-variable"},"acf":[],"_links":{"self":[{"href":"https:\/\/www.specialscentshop.com\/de\/wp-json\/wp\/v2\/product\/43919","targetHints":{"allow":["GET"]}}],"collection":[{"href":"https:\/\/www.specialscentshop.com\/de\/wp-json\/wp\/v2\/product"}],"about":[{"href":"https:\/\/www.specialscentshop.com\/de\/wp-json\/wp\/v2\/types\/product"}],"wp:featuredmedia":[{"embeddable":true,"href":"https:\/\/www.specialscentshop.com\/de\/wp-json\/wp\/v2\/media\/48140"}],"wp:attachment":[{"href":"https:\/\/www.specialscentshop.com\/de\/wp-json\/wp\/v2\/media?parent=43919"}],"wp:term":[{"taxonomy":"product_brand","embeddable":true,"href":"https:\/\/www.specialscentshop.com\/de\/wp-json\/wp\/v2\/product_brand?post=43919"},{"taxonomy":"product_cat","embeddable":true,"href":"https:\/\/www.specialscentshop.com\/de\/wp-json\/wp\/v2\/product_cat?post=43919"},{"taxonomy":"product_tag","embeddable":true,"href":"https:\/\/www.specialscentshop.com\/de\/wp-json\/wp\/v2\/product_tag?post=43919"}],"curies":[{"name":"wp","href":"https:\/\/api.w.org\/{rel}","templated":true}]}}