{"id":43929,"date":"2020-06-18T15:25:21","date_gmt":"2020-06-18T13:25:21","guid":{"rendered":"https:\/\/www.specialscentshop.com\/product\/basilikum\/"},"modified":"2025-03-10T20:53:35","modified_gmt":"2025-03-10T19:53:35","slug":"basilikum","status":"publish","type":"product","link":"https:\/\/www.specialscentshop.com\/de\/produkt\/basilikum\/","title":{"rendered":"Basilikum"},"content":{"rendered":"<h2><strong>Wirkung in der Umwelt<\/strong><\/h2>\n<p><strong>Basilikum Raumparf\u00fcm<\/strong>, dieser Duft eignet sich perfekt f\u00fcr Umgebungen wie Restaurantk\u00fcchen, Wohnk\u00fcchen, Speises\u00e4le und Hotels und ist <strong>ideal, um unangenehme Ger\u00fcche zu \u00fcberdecken.<\/strong> Special Scent hat sich auf diesem Gebiet eine Expertise angeeignet, die nur wenige erreicht haben und die alle Arten von Unternehmen, aber auch eine gro\u00dfe Anzahl von Menschen anzieht, die ihre Umgebung angenehm und duftend gestalten m\u00f6chten.<\/p>\n<h2><strong>Eigenschaften<\/strong><\/h2>\n<p>Unser Unternehmen ist stolz darauf, <a href=\"https:\/\/it.wikipedia.org\/wiki\/Ocimum_basilicum\" target=\"_blank\" rel=\"noopener\">Basilikumduft<\/a> mit der charakteristischen Farbe der gr\u00fcnen Mittelmeerh\u00fcgel anzubieten. Das Gr\u00fcn ist immer mehr pr\u00e4sent in unserem Wunsch nach Einfachheit und einer R\u00fcckkehr zur Natur. Wir k\u00fcmmern uns um die Umwelt, aber auch um uns selbst, indem wir fast vergessene D\u00fcfte einatmen.<br \/>\nSchaffen Sie eine Erinnerung im olfaktorischen Ged\u00e4chtnis Ihrer G\u00e4ste Wenn Sie das Gl\u00fcck haben, einen Club oder ein Restaurant zu besitzen und beschlossen haben, Ihrem Gesch\u00e4ft ein neues Gesicht zu geben, ist dieses Parf\u00fcm genau das Richtige f\u00fcr Sie.<strong>Geruchsmarketing<\/strong> ist heute die neue Strategie, um den Aufenthalt Ihrer Kunden angenehmer zu gestalten. Sie werden begeistert sein und Ihr Personal wird mit mehr Energie und Elan arbeiten.<\/p>\n<h2 class=\"p1\"><b>Besonders geeignet f\u00fcr:<\/b><\/h2>\n<p>Hier ist eine Liste von Umgebungen, in die der Duft von Basilikum gut passt:<\/p>\n<ul>\n<li>Kochen: Basilikum ist eines der beliebtesten Kr\u00e4uter in der K\u00fcche und wird zum W\u00fcrzen von Pasta, Pizza, Salaten und anderen Gerichten verwendet.<\/li>\n<li>Garten: Basilikum ist eine ideale Zierpflanze f\u00fcr G\u00e4rten und Terrassen, da es beim Wachsen ein angenehmes Aroma verstr\u00f6mt.<\/li>\n<li>Baden: Basilikum hat reinigende und erfrischende Eigenschaften, so dass es sich ideal als \u00e4therisches \u00d6l in Duschen und B\u00e4dern verwenden l\u00e4sst.<\/li>\n<li class=\"li1\">Restaurants, Clubs, Gesch\u00e4fte und gro\u00dfe Veranstaltungsorte<\/li>\n<\/ul>\n<p><em><strong>Mehr lesen: <a href=\"https:\/\/www.specialscentshop.com\/de\/produkt\/pizza-margherita\/\">Pizza Margherita<\/a><\/strong><\/em><\/p>\n<p><em>Wir haben eine gro\u00dfe Auswahl an Raumdiffusoren, darunter unseren brandneuen <strong> <a href=\"https:\/\/www.specialscentshop.com\/de\/produkt\/nebula-raumdiffusor-wiederaufladbar\/\">Nebula<\/a> Handzerst\u00e4uber <\/strong>, der mit der gleichen Zerst\u00e4ubungstechnik arbeitet wie unsere Diffusoren. Eine perfekte und kosteng\u00fcnstige L\u00f6sung f\u00fcr alle, die unsere Produkte testen m\u00f6chten, bevor sie eine gr\u00f6\u00dfere Menge an Duftstoffen oder einen Spender kaufen. Das Nebula-Format besteht aus Aluminium, ist nachf\u00fcllbar und vor allem umweltfreundlich. Beim Kauf eines 0,250 g Duftes Ihrer Wahl erhalten Sie Nebula kostenlos. Ideal f\u00fcr kleine Mengen.<\/em><\/p>\n","protected":false},"excerpt":{"rendered":"<h4 class=\"serp-title\">Basilikum Raumduft<\/h4>\n<p>Der <strong>Raumduft<\/strong> Basilikum hat alle Voraussetzungen, um ein hervorragender Duft f\u00fcr Ihr Zuhause oder f\u00fcr R\u00e4ume zu sein, in denen die frischen Aromen dieser Pflanze alle anderen mit Zartheit und Harmonie \u00fcberw\u00e4ltigen sollen. Mit seinem unverwechselbaren, berauschenden und balsamischen Duft ist Basilikum vielleicht die bekannteste Pflanze, die in der K\u00fcche f\u00fcr eine Vielzahl von Zubereitungen verwendet wird.<\/p>\n<p><strong>Ein hervorragender Verb\u00fcndeter f\u00fcr das <a href=\"https:\/\/www.specialscentshop.com\/de\/olfaktorisches-marketing\/\">Geruchsmarketing<\/a><\/strong><\/p>\n","protected":false},"featured_media":48065,"template":"","meta":{"_acf_changed":false},"product_brand":[],"product_cat":[923],"product_tag":[910,913,769,770,909],"class_list":{"0":"post-43929","1":"product","2":"type-product","3":"status-publish","4":"has-post-thumbnail","6":"product_cat-drinkfood-raumdufte","7":"product_tag-messen-und-veranstaltungen","8":"product_tag-parfums-fur-messen","9":"product_tag-geschafte-einkaufen","10":"product_tag-restaurants-bars-de","11":"product_tag-umgebungen-im-freien","13":"first","14":"instock","15":"taxable","16":"shipping-taxable","17":"purchasable","18":"product-type-variable"},"acf":[],"_links":{"self":[{"href":"https:\/\/www.specialscentshop.com\/de\/wp-json\/wp\/v2\/product\/43929","targetHints":{"allow":["GET"]}}],"collection":[{"href":"https:\/\/www.specialscentshop.com\/de\/wp-json\/wp\/v2\/product"}],"about":[{"href":"https:\/\/www.specialscentshop.com\/de\/wp-json\/wp\/v2\/types\/product"}],"wp:featuredmedia":[{"embeddable":true,"href":"https:\/\/www.specialscentshop.com\/de\/wp-json\/wp\/v2\/media\/48065"}],"wp:attachment":[{"href":"https:\/\/www.specialscentshop.com\/de\/wp-json\/wp\/v2\/media?parent=43929"}],"wp:term":[{"taxonomy":"product_brand","embeddable":true,"href":"https:\/\/www.specialscentshop.com\/de\/wp-json\/wp\/v2\/product_brand?post=43929"},{"taxonomy":"product_cat","embeddable":true,"href":"https:\/\/www.specialscentshop.com\/de\/wp-json\/wp\/v2\/product_cat?post=43929"},{"taxonomy":"product_tag","embeddable":true,"href":"https:\/\/www.specialscentshop.com\/de\/wp-json\/wp\/v2\/product_tag?post=43929"}],"curies":[{"name":"wp","href":"https:\/\/api.w.org\/{rel}","templated":true}]}}