{"id":43937,"date":"2020-06-18T15:17:47","date_gmt":"2020-06-18T13:17:47","guid":{"rendered":"https:\/\/www.specialscentshop.com\/product\/vanille\/"},"modified":"2026-02-27T11:23:02","modified_gmt":"2026-02-27T10:23:02","slug":"vanille","status":"publish","type":"product","link":"https:\/\/www.specialscentshop.com\/de\/produkt\/vanille\/","title":{"rendered":"Ambient Food Vanille-Duft"},"content":{"rendered":"<div class=\"av-special-heading av-special-heading-h3 custom-color-heading blockquote modern-quote avia-builder-el-26 el_before_av_textblock avia-builder-el-first av-inherit-size \">\n<h2><strong>  in der Umwelt<\/strong><\/h2>\n<p>Das Duft\u00f6l Ambient Food Vanilla, das aus den Bl\u00e4ttern der Bambuspflanze gewonnen wird, wird auf nat\u00fcrliche Art und Weise behandelt und sorgt f\u00fcr Gelassenheit und Ruhe in der Umgebung. Das olfaktorische Ged\u00e4chtnis wird davon profitieren und Sie in die wunderbaren und riesigen orientalischen W\u00e4lder entf\u00fchren. <\/p>\n<h2><strong>Eigenschaften<\/strong><\/h2>\n<p>Aufgrund seiner Eigenschaften empfehlen wir, diesen Duft in Umgebungen zu verwenden, in denen Ruhe und Momente der Introspektion ein Muss sind, wie z.B. in Spas, Wellness-Zentren, aber auch in Wartezimmern. Auch mit einer faszinierenden Seele ist er perfekt f\u00fcr diejenigen, die besonders intime Umgebungen schaffen m\u00f6chten. <\/p>\n<p><em><strong>Wir f\u00fchren eine gro\u00dfe Auswahl an Diffusoren f\u00fcr den Hausgebrauch, darunter auch unseren brandneuen Nebula Handzerst\u00e4uber, der mit der gleichen Vernebelungstechnik arbeitet wie unsere Diffusoren. Eine perfekte und kosteng\u00fcnstige L\u00f6sung f\u00fcr alle, die unsere Produkte testen m\u00f6chten, bevor sie eine gr\u00f6\u00dfere Menge an Duftstoffen oder ein Dosierger\u00e4t kaufen. Das Nebula-Format besteht aus Aluminium, ist nachf\u00fcllbar und vor allem umweltfreundlich. Beim Kauf eines 0,250 g Duftes Ihrer Wahl erhalten Sie Nebula als Geschenk. Ideal f\u00fcr kleine Mengen eines Produkts.   <\/strong><\/em><\/p>\n<p><em><strong>Erfahren Sie mehr:<a href=\"https:\/\/www.specialscentshop.com\/de\/produkt\/katalanische-creme\/\"> Crema Catalana<\/a><\/strong><\/em><\/p>\n<\/div>\n","protected":false},"excerpt":{"rendered":"<h3>Olfaktorische Noten: Basisnoten<\/h3>\n<p>Mit ihrem s\u00fc\u00dfen und aromatischen Duft wird die Vanille in verschiedenen Bereichen verwendet.<br \/>\nDer Vanilleduft hat einen s\u00fc\u00dfen und aromatischen, frischen und exotischen Duft. Seine Basisnoten bestechen durch ihre Frische. Die offene Blume und die intensiven Nuancen der getrockneten Beeren sind wichtige Elemente f\u00fcr die Kreation dieses Duftes.  <\/p>\n","protected":false},"featured_media":48316,"template":"","meta":{"_acf_changed":false},"product_brand":[],"product_cat":[812,923],"product_tag":[766,862,767,864,768,910,769,912,770,913,916],"class_list":{"0":"post-43937","1":"product","2":"type-product","3":"status-publish","4":"has-post-thumbnail","6":"product_cat-raumdufte","7":"product_cat-drinkfood-raumdufte","8":"product_tag-zuhause","9":"product_tag-spielzimmer","10":"product_tag-buro","11":"product_tag-arztpraxen-kliniken","12":"product_tag-hotel-bb-de","13":"product_tag-messen-und-veranstaltungen","14":"product_tag-geschafte-einkaufen","15":"product_tag-hochzeiten","16":"product_tag-restaurants-bars-de","17":"product_tag-parfums-fur-messen","18":"product_tag-dufte-fur-arztpraxen-kliniken","20":"first","21":"instock","22":"featured","23":"taxable","24":"shipping-taxable","25":"purchasable","26":"product-type-variable"},"acf":[],"_links":{"self":[{"href":"https:\/\/www.specialscentshop.com\/de\/wp-json\/wp\/v2\/product\/43937","targetHints":{"allow":["GET"]}}],"collection":[{"href":"https:\/\/www.specialscentshop.com\/de\/wp-json\/wp\/v2\/product"}],"about":[{"href":"https:\/\/www.specialscentshop.com\/de\/wp-json\/wp\/v2\/types\/product"}],"wp:featuredmedia":[{"embeddable":true,"href":"https:\/\/www.specialscentshop.com\/de\/wp-json\/wp\/v2\/media\/48316"}],"wp:attachment":[{"href":"https:\/\/www.specialscentshop.com\/de\/wp-json\/wp\/v2\/media?parent=43937"}],"wp:term":[{"taxonomy":"product_brand","embeddable":true,"href":"https:\/\/www.specialscentshop.com\/de\/wp-json\/wp\/v2\/product_brand?post=43937"},{"taxonomy":"product_cat","embeddable":true,"href":"https:\/\/www.specialscentshop.com\/de\/wp-json\/wp\/v2\/product_cat?post=43937"},{"taxonomy":"product_tag","embeddable":true,"href":"https:\/\/www.specialscentshop.com\/de\/wp-json\/wp\/v2\/product_tag?post=43937"}],"curies":[{"name":"wp","href":"https:\/\/api.w.org\/{rel}","templated":true}]}}