{"id":43962,"date":"2020-06-18T15:10:18","date_gmt":"2020-06-18T13:10:18","guid":{"rendered":"https:\/\/www.specialscentshop.com\/product\/pina-colada\/"},"modified":"2025-02-19T08:03:48","modified_gmt":"2025-02-19T07:03:48","slug":"pina-colada","status":"publish","type":"product","link":"https:\/\/www.specialscentshop.com\/de\/produkt\/pina-colada\/","title":{"rendered":"Pi\u00f1a Colada"},"content":{"rendered":"<h2><strong>Parf\u00fcm Effekt Pi\u00f1a Colada Umgebungen<\/strong><\/h2>\n<p>Der <strong>Pi\u00f1a Colada Raumduft<\/strong> f\u00fcr junge Umgebungen wie Diskotheken, Nachtclubs und Treffpunkte entwickelt. Wenn das Aroma au\u00dferhalb des Lokals freigesetzt wird, wird der Wunsch, einzutreten und seinen Durst mit diesem inzwischen ber\u00fchmten Getr\u00e4nk zu l\u00f6schen, fast unwiderstehlich. Drinnen ist das Gef\u00fchl das gleiche, mit dem zus\u00e4tzlichen Wunsch, sich zu unterhalten und auch andere Getr\u00e4nke zu konsumieren.<\/p>\n<h2><strong>Eigenschaften Sommerzimmer-Parf\u00fcm Pi\u00f1a Colada<\/strong><\/h2>\n<p>Der <a href=\"https:\/\/it.wikipedia.org\/wiki\/Pi%C3%B1a_Colada\" target=\"_blank\" rel=\"noopener\"><strong>Pi\u00f1a Colada Raumduft<\/strong><\/a> kann neben seiner delikaten Essenz Ihrem Ambiente eine einzigartige und moderne Note verleihen und ist somit ideal f\u00fcr das olfaktorische Getr\u00e4nkemarketing. Die Zutaten des ber\u00fchmten karibischen Getr\u00e4nks sind eine Mischung aus Fr\u00fcchten und Rum wie Ananas, Kokosnuss und Limette. Ein Duft, den Sie mit all Ihren Geruchsrezeptoren wahrnehmen k\u00f6nnen und der ein einzigartiges sensorisches Erlebnis bietet. Heute werden Gesch\u00e4fte gemacht, indem man die innovativen Regeln des Marketings befolgt &#8211; das Geruchsmarketing. Probieren Sie es aus, um es zu glauben!<\/p>\n<p><em>Wir haben eine gro\u00dfe Auswahl an Raumdiffusoren, einschlie\u00dflich unseres brandneuen Handsprays <a href=\"https:\/\/www.specialscentshop.com\/de\/produkt\/nebula-raumdiffusor-wiederaufladbar\/\">Nebula<\/a>, das mit der gleichen Zerst\u00e4ubungstechnik wie unsere Diffusoren arbeitet. Eine perfekte und kosteng\u00fcnstige L\u00f6sung f\u00fcr alle, die unsere Produkte testen m\u00f6chten, bevor sie eine gr\u00f6\u00dfere Menge an Duftstoffen oder einen Spender kaufen. Das Nebula-Format besteht aus Aluminium, ist nachf\u00fcllbar und vor allem umweltfreundlich. Beim Kauf eines 0,250 g Duftes Ihrer Wahl erhalten Sie Nebula kostenlos. Ideal f\u00fcr kleine Mengen. <\/em><\/p>\n<h2 class=\"p1\"><b>Besonders geeignet f\u00fcr:<\/b><\/h2>\n<p>Hier ist eine Liste von Umgebungen, zu denen der Duft von Pi\u00f1a Colada gut passt:<\/p>\n<ul>\n<li>Wohnzimmer: Der Duft von Pi\u00f1a Colada ist frisch, tropisch und einladend, so dass er eine gem\u00fctliche und entspannende Atmosph\u00e4re im Wohnzimmer schaffen kann.<\/li>\n<li>Schlafzimmer: Der Duft von Pi\u00f1a Colada hat entspannende und beruhigende Eigenschaften und ist daher perfekt geeignet, um eine gem\u00fctliche und komfortable Atmosph\u00e4re im Schlafzimmer zu schaffen.<\/li>\n<li>Bad: Der Duft von Pi\u00f1a Colada hat erfrischende und reinigende Eigenschaften und ist daher perfekt geeignet, um eine entspannende und erfrischende Atmosph\u00e4re im Badezimmer zu schaffen.<\/li>\n<li>Pool- und Au\u00dfenbereiche: Der Duft von Pi\u00f1a Colada ist frisch und tropisch, daher eignet er sich perfekt f\u00fcr Au\u00dfenbereiche wie Pools und G\u00e4rten.<\/li>\n<li>Tropische Bars und Restaurants: Der Geruch von Pi\u00f1a Colada wird mit Urlaub und tropischer Kultur assoziiert, daher eignet er sich perfekt f\u00fcr Bars und Restaurants, die diese Art von Ambiente und K\u00fcche anbieten.<\/li>\n<li>Spas und Wellness-Zentren: Der Duft von Pi\u00f1a Colada hat entspannende und beruhigende Eigenschaften und ist daher perfekt geeignet, um in Spas und Wellness-Zentren eine entspannte und angenehme Atmosph\u00e4re zu schaffen.<\/li>\n<li class=\"li1\">Restaurants, Clubs, Gesch\u00e4fte und gro\u00dfe Veranstaltungsorte<\/li>\n<\/ul>\n<p><em><strong>Mehr lesen:<a href=\"https:\/\/www.specialscentshop.com\/de\/produkt\/cola\/\"> Cola\u00a0<\/a><\/strong><\/em><\/p>\n","protected":false},"excerpt":{"rendered":"<section class=\"av_textblock_section \">\n<div class=\"avia_textblock \">\n<h3><\/h3>\n<h3>Pi\u00f1a Colada Raumduft<\/h3>\n<p>Olfaktorische Herznote: Der Raumduft Pi\u00f1a Colada ist ein idealer Duft f\u00fcr Momente der Zweisamkeit. Die Noten von Ananas, Kokosnuss und Rum, die sich in der Luft verteilen, verst\u00e4rken die Lust auf einen frischen, durstl\u00f6schenden Cocktail. Ideal f\u00fcr einen Abend mit Freunden, aber vor allem in jungen, trendigen Lokalen, um die Kundschaft zu vergr\u00f6\u00dfern.<\/p>\n<p><strong>Eine hervorragende L\u00f6sung f\u00fcr das Geruchsmarketing<\/strong><\/p>\n<\/div>\n<\/section>\n","protected":false},"featured_media":48090,"template":"","meta":{"_acf_changed":false},"product_brand":[],"product_cat":[923],"product_tag":[862,909,766,912,768,769,770],"class_list":{"0":"post-43962","1":"product","2":"type-product","3":"status-publish","4":"has-post-thumbnail","6":"product_cat-drinkfood-raumdufte","7":"product_tag-spielzimmer","8":"product_tag-umgebungen-im-freien","9":"product_tag-zuhause","10":"product_tag-hochzeiten","11":"product_tag-hotel-bb-de","12":"product_tag-geschafte-einkaufen","13":"product_tag-restaurants-bars-de","15":"first","16":"instock","17":"taxable","18":"shipping-taxable","19":"purchasable","20":"product-type-variable"},"acf":[],"_links":{"self":[{"href":"https:\/\/www.specialscentshop.com\/de\/wp-json\/wp\/v2\/product\/43962","targetHints":{"allow":["GET"]}}],"collection":[{"href":"https:\/\/www.specialscentshop.com\/de\/wp-json\/wp\/v2\/product"}],"about":[{"href":"https:\/\/www.specialscentshop.com\/de\/wp-json\/wp\/v2\/types\/product"}],"wp:featuredmedia":[{"embeddable":true,"href":"https:\/\/www.specialscentshop.com\/de\/wp-json\/wp\/v2\/media\/48090"}],"wp:attachment":[{"href":"https:\/\/www.specialscentshop.com\/de\/wp-json\/wp\/v2\/media?parent=43962"}],"wp:term":[{"taxonomy":"product_brand","embeddable":true,"href":"https:\/\/www.specialscentshop.com\/de\/wp-json\/wp\/v2\/product_brand?post=43962"},{"taxonomy":"product_cat","embeddable":true,"href":"https:\/\/www.specialscentshop.com\/de\/wp-json\/wp\/v2\/product_cat?post=43962"},{"taxonomy":"product_tag","embeddable":true,"href":"https:\/\/www.specialscentshop.com\/de\/wp-json\/wp\/v2\/product_tag?post=43962"}],"curies":[{"name":"wp","href":"https:\/\/api.w.org\/{rel}","templated":true}]}}